{"id":1043,"date":"2018-09-25T14:03:43","date_gmt":"2018-09-25T12:03:43","guid":{"rendered":"http:\/\/itsra.net\/wordpress\/?page_id=1043"},"modified":"2018-10-24T11:27:14","modified_gmt":"2018-10-24T09:27:14","slug":"mentions-legales","status":"publish","type":"page","link":"https:\/\/itsra.net\/wordpress\/mentions-legales\/","title":{"rendered":"Mentions l\u00e9gales"},"content":{"rendered":"<div class=\"info\">\n<h3>Editeur :<\/h3>\n<p>ITSRA &#8211; Institut de Travail Social de la R\u00e9gion Auvergne<\/p>\n<h3>Directeur de la publication :<\/h3>\n<p>Pascal CONIL, directeur de l&rsquo;ITSRA<\/p>\n<h3>Droit d&rsquo;auteur et propri\u00e9t\u00e9 intellectuelle :<\/h3>\n<p>L&rsquo;utilisation \u00e0 des fins commerciales ou publicitaires de toute information contenue dans ce site est interdite.<\/p>\n<h3>Respect de la vie priv\u00e9e :<\/h3>\n<p>Le site de l&rsquo;ITSRA est soumis au respect de la vie priv\u00e9e. Il est d\u00e9clar\u00e9 \u00e0 la CNIL (d\u00e9claration n\u00b01719149 v 0).<\/p>\n<p>Vous disposez d&rsquo;un droit d&rsquo;acc\u00e8s, de modification, de rectification et de suppression des donn\u00e9es qui vous concernent (loi \u00ab\u00a0Informatique et Libert\u00e9s\u00a0\u00bb du 6 janvier 1978).<br \/>\nPour l&rsquo;exercer, merci de contacter la direction de l&rsquo;ITSRA.<br \/>\nCependant, une fois votre dossier de candidature transmis au secr\u00e9tariat, les informations collect\u00e9es seront conserv\u00e9es durant toute le processus d&rsquo;admission puis jusqu&rsquo;\u00e0 la fin de votre formation au sein de l&rsquo;\u00e9tablissement le cas \u00e9ch\u00e9ant.<\/p>\n<h3>H\u00e9bergement et maintenance technique :<\/h3>\n<p>Ce site est h\u00e9berg\u00e9 sur un serveur de la soci\u00e9t\u00e9 OVH.<br \/>\nLe d\u00e9veloppement et la maintenance sont assur\u00e9s par l&rsquo;ITSRA.<br \/>\nLes informations collect\u00e9es sont ensuite transf\u00e9r\u00e9es sur un serveur interne de l&rsquo;ITSRA pour assurer le suivi des \u00e9tudiants.<\/p>\n<\/div>\n","protected":false},"excerpt":{"rendered":"<p>Editeur : ITSRA &#8211; Institut de Travail Social de la R\u00e9gion Auvergne Directeur de la publication : Pascal CONIL, directeur de l&rsquo;ITSRA Droit d&rsquo;auteur et propri\u00e9t\u00e9 intellectuelle : L&rsquo;utilisation \u00e0 des fins commerciales ou publicitaires de toute information contenue dans ce site est interdite. Respect de la vie priv\u00e9e : Le site de l&rsquo;ITSRA est&hellip; <br \/> <a class=\"read-more\" href=\"https:\/\/itsra.net\/wordpress\/mentions-legales\/\">Lire la suite<\/a><\/p>\n","protected":false},"author":3,"featured_media":0,"parent":0,"menu_order":0,"comment_status":"closed","ping_status":"closed","template":"","meta":{"om_disable_all_campaigns":false,"_monsterinsights_skip_tracking":false,"_monsterinsights_sitenote_active":false,"_monsterinsights_sitenote_note":"","_monsterinsights_sitenote_category":0,"_uf_show_specific_survey":0,"_uf_disable_surveys":false,"footnotes":""},"class_list":["post-1043","page","type-page","status-publish","hentry"],"aioseo_notices":[],"yoast_head":"<!-- This site is optimized with the Yoast SEO plugin v24.5 - https:\/\/yoast.com\/wordpress\/plugins\/seo\/ -->\n<title>Mentions l\u00e9gales - Institut de Travail Social de la R\u00e9gion Auvergne<\/title>\n<meta name=\"robots\" content=\"index, follow, max-snippet:-1, max-image-preview:large, max-video-preview:-1\" \/>\n<link rel=\"canonical\" href=\"https:\/\/itsra.net\/wordpress\/mentions-legales\/\" \/>\n<meta property=\"og:locale\" content=\"fr_FR\" \/>\n<meta property=\"og:type\" content=\"article\" \/>\n<meta property=\"og:title\" content=\"Mentions l\u00e9gales - Institut de Travail Social de la R\u00e9gion Auvergne\" \/>\n<meta property=\"og:description\" content=\"Editeur : ITSRA &#8211; Institut de Travail Social de la R\u00e9gion Auvergne Directeur de la publication : Pascal CONIL, directeur de l&rsquo;ITSRA Droit d&rsquo;auteur et propri\u00e9t\u00e9 intellectuelle : L&rsquo;utilisation \u00e0 des fins commerciales ou publicitaires de toute information contenue dans ce site est interdite. Respect de la vie priv\u00e9e : Le site de l&rsquo;ITSRA est&hellip; Lire la suite\" \/>\n<meta property=\"og:url\" content=\"https:\/\/itsra.net\/wordpress\/mentions-legales\/\" \/>\n<meta property=\"og:site_name\" content=\"Institut de Travail Social de la R\u00e9gion Auvergne\" \/>\n<meta property=\"article:modified_time\" content=\"2018-10-24T09:27:14+00:00\" \/>\n<meta name=\"twitter:card\" content=\"summary_large_image\" \/>\n<meta name=\"twitter:label1\" content=\"Dur\u00e9e de lecture estim\u00e9e\" \/>\n\t<meta name=\"twitter:data1\" content=\"1 minute\" \/>\n<script type=\"application\/ld+json\" class=\"yoast-schema-graph\">{\"@context\":\"https:\/\/schema.org\",\"@graph\":[{\"@type\":\"WebPage\",\"@id\":\"https:\/\/itsra.net\/wordpress\/mentions-legales\/\",\"url\":\"https:\/\/itsra.net\/wordpress\/mentions-legales\/\",\"name\":\"Mentions l\u00e9gales - Institut de Travail Social de la R\u00e9gion Auvergne\",\"isPartOf\":{\"@id\":\"https:\/\/itsra.net\/wordpress\/#website\"},\"datePublished\":\"2018-09-25T12:03:43+00:00\",\"dateModified\":\"2018-10-24T09:27:14+00:00\",\"breadcrumb\":{\"@id\":\"https:\/\/itsra.net\/wordpress\/mentions-legales\/#breadcrumb\"},\"inLanguage\":\"fr-FR\",\"potentialAction\":[{\"@type\":\"ReadAction\",\"target\":[\"https:\/\/itsra.net\/wordpress\/mentions-legales\/\"]}]},{\"@type\":\"BreadcrumbList\",\"@id\":\"https:\/\/itsra.net\/wordpress\/mentions-legales\/#breadcrumb\",\"itemListElement\":[{\"@type\":\"ListItem\",\"position\":1,\"name\":\"Accueil\",\"item\":\"https:\/\/itsra.net\/wordpress\/\"},{\"@type\":\"ListItem\",\"position\":2,\"name\":\"Mentions l\u00e9gales\"}]},{\"@type\":\"WebSite\",\"@id\":\"https:\/\/itsra.net\/wordpress\/#website\",\"url\":\"https:\/\/itsra.net\/wordpress\/\",\"name\":\"Institut de Travail Social de la R\u00e9gion Auvergne\",\"description\":\"\",\"publisher\":{\"@id\":\"https:\/\/itsra.net\/wordpress\/#organization\"},\"potentialAction\":[{\"@type\":\"SearchAction\",\"target\":{\"@type\":\"EntryPoint\",\"urlTemplate\":\"https:\/\/itsra.net\/wordpress\/?s={search_term_string}\"},\"query-input\":{\"@type\":\"PropertyValueSpecification\",\"valueRequired\":true,\"valueName\":\"search_term_string\"}}],\"inLanguage\":\"fr-FR\"},{\"@type\":\"Organization\",\"@id\":\"https:\/\/itsra.net\/wordpress\/#organization\",\"name\":\"Institut de Travail Social de la R\u00e9gion Auvergne\",\"url\":\"https:\/\/itsra.net\/wordpress\/\",\"logo\":{\"@type\":\"ImageObject\",\"inLanguage\":\"fr-FR\",\"@id\":\"https:\/\/itsra.net\/wordpress\/#\/schema\/logo\/image\/\",\"url\":\"http:\/\/itsra.net\/wordpress\/wp-content\/uploads\/2019\/01\/LogoITSRA_PNG_HD.png\",\"contentUrl\":\"http:\/\/itsra.net\/wordpress\/wp-content\/uploads\/2019\/01\/LogoITSRA_PNG_HD.png\",\"width\":1280,\"height\":346,\"caption\":\"Institut de Travail Social de la R\u00e9gion Auvergne\"},\"image\":{\"@id\":\"https:\/\/itsra.net\/wordpress\/#\/schema\/logo\/image\/\"}}]}<\/script>\n<!-- \/ Yoast SEO plugin. -->","yoast_head_json":{"title":"Mentions l\u00e9gales - Institut de Travail Social de la R\u00e9gion Auvergne","robots":{"index":"index","follow":"follow","max-snippet":"max-snippet:-1","max-image-preview":"max-image-preview:large","max-video-preview":"max-video-preview:-1"},"canonical":"https:\/\/itsra.net\/wordpress\/mentions-legales\/","og_locale":"fr_FR","og_type":"article","og_title":"Mentions l\u00e9gales - Institut de Travail Social de la R\u00e9gion Auvergne","og_description":"Editeur : ITSRA &#8211; Institut de Travail Social de la R\u00e9gion Auvergne Directeur de la publication : Pascal CONIL, directeur de l&rsquo;ITSRA Droit d&rsquo;auteur et propri\u00e9t\u00e9 intellectuelle : L&rsquo;utilisation \u00e0 des fins commerciales ou publicitaires de toute information contenue dans ce site est interdite. Respect de la vie priv\u00e9e : Le site de l&rsquo;ITSRA est&hellip; Lire la suite","og_url":"https:\/\/itsra.net\/wordpress\/mentions-legales\/","og_site_name":"Institut de Travail Social de la R\u00e9gion Auvergne","article_modified_time":"2018-10-24T09:27:14+00:00","twitter_card":"summary_large_image","twitter_misc":{"Dur\u00e9e de lecture estim\u00e9e":"1 minute"},"schema":{"@context":"https:\/\/schema.org","@graph":[{"@type":"WebPage","@id":"https:\/\/itsra.net\/wordpress\/mentions-legales\/","url":"https:\/\/itsra.net\/wordpress\/mentions-legales\/","name":"Mentions l\u00e9gales - Institut de Travail Social de la R\u00e9gion Auvergne","isPartOf":{"@id":"https:\/\/itsra.net\/wordpress\/#website"},"datePublished":"2018-09-25T12:03:43+00:00","dateModified":"2018-10-24T09:27:14+00:00","breadcrumb":{"@id":"https:\/\/itsra.net\/wordpress\/mentions-legales\/#breadcrumb"},"inLanguage":"fr-FR","potentialAction":[{"@type":"ReadAction","target":["https:\/\/itsra.net\/wordpress\/mentions-legales\/"]}]},{"@type":"BreadcrumbList","@id":"https:\/\/itsra.net\/wordpress\/mentions-legales\/#breadcrumb","itemListElement":[{"@type":"ListItem","position":1,"name":"Accueil","item":"https:\/\/itsra.net\/wordpress\/"},{"@type":"ListItem","position":2,"name":"Mentions l\u00e9gales"}]},{"@type":"WebSite","@id":"https:\/\/itsra.net\/wordpress\/#website","url":"https:\/\/itsra.net\/wordpress\/","name":"Institut de Travail Social de la R\u00e9gion Auvergne","description":"","publisher":{"@id":"https:\/\/itsra.net\/wordpress\/#organization"},"potentialAction":[{"@type":"SearchAction","target":{"@type":"EntryPoint","urlTemplate":"https:\/\/itsra.net\/wordpress\/?s={search_term_string}"},"query-input":{"@type":"PropertyValueSpecification","valueRequired":true,"valueName":"search_term_string"}}],"inLanguage":"fr-FR"},{"@type":"Organization","@id":"https:\/\/itsra.net\/wordpress\/#organization","name":"Institut de Travail Social de la R\u00e9gion Auvergne","url":"https:\/\/itsra.net\/wordpress\/","logo":{"@type":"ImageObject","inLanguage":"fr-FR","@id":"https:\/\/itsra.net\/wordpress\/#\/schema\/logo\/image\/","url":"http:\/\/itsra.net\/wordpress\/wp-content\/uploads\/2019\/01\/LogoITSRA_PNG_HD.png","contentUrl":"http:\/\/itsra.net\/wordpress\/wp-content\/uploads\/2019\/01\/LogoITSRA_PNG_HD.png","width":1280,"height":346,"caption":"Institut de Travail Social de la R\u00e9gion Auvergne"},"image":{"@id":"https:\/\/itsra.net\/wordpress\/#\/schema\/logo\/image\/"}}]}},"_links":{"self":[{"href":"https:\/\/itsra.net\/wordpress\/wp-json\/wp\/v2\/pages\/1043","targetHints":{"allow":["GET"]}}],"collection":[{"href":"https:\/\/itsra.net\/wordpress\/wp-json\/wp\/v2\/pages"}],"about":[{"href":"https:\/\/itsra.net\/wordpress\/wp-json\/wp\/v2\/types\/page"}],"author":[{"embeddable":true,"href":"https:\/\/itsra.net\/wordpress\/wp-json\/wp\/v2\/users\/3"}],"replies":[{"embeddable":true,"href":"https:\/\/itsra.net\/wordpress\/wp-json\/wp\/v2\/comments?post=1043"}],"version-history":[{"count":3,"href":"https:\/\/itsra.net\/wordpress\/wp-json\/wp\/v2\/pages\/1043\/revisions"}],"predecessor-version":[{"id":1524,"href":"https:\/\/itsra.net\/wordpress\/wp-json\/wp\/v2\/pages\/1043\/revisions\/1524"}],"wp:attachment":[{"href":"https:\/\/itsra.net\/wordpress\/wp-json\/wp\/v2\/media?parent=1043"}],"curies":[{"name":"wp","href":"https:\/\/api.w.org\/{rel}","templated":true}]}}