{"id":1075,"date":"2018-09-27T17:05:17","date_gmt":"2018-09-27T15:05:17","guid":{"rendered":"http:\/\/itsra.net\/wordpress\/?page_id=1075"},"modified":"2019-02-21T14:45:28","modified_gmt":"2019-02-21T13:45:28","slug":"analyse-des-pratiques-professionnelles-app","status":"publish","type":"page","link":"https:\/\/itsra.net\/wordpress\/analyse-des-pratiques-professionnelles-app\/","title":{"rendered":"Analyse des pratiques professionnelles (APP)"},"content":{"rendered":"<p style=\"text-align: justify;\">Cette prestation permet aux<strong> professionnels<\/strong> de b\u00e9n\u00e9ficier <strong>d\u2019un temps de parole et de r\u00e9flexion collective<\/strong> sur ses <strong>propres pratiques<\/strong> et <strong>postures professionnelles<\/strong>. Elle n\u00e9cessite g\u00e9n\u00e9ralement une d\u00e9marche de long terme s\u2019inscrivant au minimum sur <strong>une ann\u00e9e<\/strong> en alternant <strong>des s\u00e9ances de deux \u00e0 trois heures<\/strong>, sur un <strong>format mensuel ou bimensuel<\/strong>.<\/p>\n<p>&nbsp;<\/p>\n<p style=\"text-align: justify;\">Notre proposition se con\u00e7oit au sein d\u2019un dispositif fond\u00e9 sur la parole des participants dans l\u2019objectif d\u2019une <strong>prise de distance<\/strong> de leur pratique professionnelle. C\u2019est un espace de paroles autour de <strong>situations v\u00e9cues<\/strong>, de <strong>pratiques engag\u00e9es<\/strong> dans la relation aux usagers, et dans une <strong>confrontation aux r\u00e9alit\u00e9s des institutions et des services<\/strong>. Le travail porte sur les aspects de la pratique qui rel\u00e8vent du champ <strong>relationnel<\/strong> et de la dimension <strong>interpersonnelle<\/strong>. La richesse du dispositif peut \u00eatre attendue dans un cheminement de chacun au sein du collectif, \u00e0 partir de cette parole et de la r\u00e9flexion qu\u2019elle suscite.<\/p>\n<p>&nbsp;<\/p>\n<p style=\"text-align: justify;\">Au cours des s\u00e9ances, l\u2019\u00e9quipe sera invit\u00e9e \u00e0 <strong>partager un ou plusieurs v\u00e9cus professionnels<\/strong> en lien avec un th\u00e8me cibl\u00e9. L\u2019intervenant soutiendra alors l\u2019\u00e9quipe dans ses questionnements, ses r\u00e9flexions. Il ne cherchera pas \u00e0 \u00ab\u00a0analyser \u00e0 la place de\u00a0\u00bb mais \u00e0 <strong>soutenir<\/strong> les professionnels dans la <strong>construction collective<\/strong> d\u2019hypoth\u00e8ses de compr\u00e9hension et d\u2019action. Tout au long de la d\u00e9marche, l\u2019intervenant proposera de construire une <strong>m\u00e9thodologie d\u2019analyse<\/strong> en lien avec les observations quotidiennes de l\u2019\u00e9quipe, l\u2019inscription des personnes accueillies dans leur environnement familial et social, et le contexte social et environnemental d\u2019intervention. A partir des questionnements \u00e9manant de la r\u00e9flexion de l\u2019\u00e9quipe, l\u2019intervenant proposera d\u2019apporter, des \u00e9l\u00e9ments th\u00e9oriques en lien avec les th\u00e8mes qui auront \u00e9t\u00e9 \u00e9voqu\u00e9s au fil des s\u00e9ances.<\/p>\n<p style=\"text-align: left;\">\n","protected":false},"excerpt":{"rendered":"<p>Cette prestation permet aux professionnels de b\u00e9n\u00e9ficier d\u2019un temps de parole et de r\u00e9flexion collective sur ses propres pratiques et postures professionnelles. Elle n\u00e9cessite g\u00e9n\u00e9ralement une d\u00e9marche de long terme s\u2019inscrivant au minimum sur une ann\u00e9e en alternant des s\u00e9ances de deux \u00e0 trois heures, sur un format mensuel ou bimensuel. &nbsp; Notre proposition se&hellip; <br \/> <a class=\"read-more\" href=\"https:\/\/itsra.net\/wordpress\/analyse-des-pratiques-professionnelles-app\/\">Lire la suite<\/a><\/p>\n","protected":false},"author":3,"featured_media":0,"parent":0,"menu_order":0,"comment_status":"closed","ping_status":"closed","template":"","meta":{"om_disable_all_campaigns":false,"_monsterinsights_skip_tracking":false,"_monsterinsights_sitenote_active":false,"_monsterinsights_sitenote_note":"","_monsterinsights_sitenote_category":0,"_uf_show_specific_survey":0,"_uf_disable_surveys":false,"footnotes":""},"class_list":["post-1075","page","type-page","status-publish","hentry"],"aioseo_notices":[],"yoast_head":"<!-- This site is optimized with the Yoast SEO plugin v24.5 - https:\/\/yoast.com\/wordpress\/plugins\/seo\/ -->\n<title>Analyse des pratiques professionnelles (APP) - Institut de Travail Social de la R\u00e9gion Auvergne<\/title>\n<meta name=\"description\" content=\"Cette prestation permet aux professionnels de b\u00e9n\u00e9ficier d\u2019un temps de parole et de r\u00e9flexion collective sur ses propres pratiques et postures professionnelles.\" \/>\n<meta name=\"robots\" content=\"index, follow, max-snippet:-1, max-image-preview:large, max-video-preview:-1\" \/>\n<link rel=\"canonical\" href=\"https:\/\/itsra.net\/wordpress\/analyse-des-pratiques-professionnelles-app\/\" \/>\n<meta property=\"og:locale\" content=\"fr_FR\" \/>\n<meta property=\"og:type\" content=\"article\" \/>\n<meta property=\"og:title\" content=\"Analyse des pratiques professionnelles (APP) - Institut de Travail Social de la R\u00e9gion Auvergne\" \/>\n<meta property=\"og:description\" content=\"Cette prestation permet aux professionnels de b\u00e9n\u00e9ficier d\u2019un temps de parole et de r\u00e9flexion collective sur ses propres pratiques et postures professionnelles.\" \/>\n<meta property=\"og:url\" content=\"https:\/\/itsra.net\/wordpress\/analyse-des-pratiques-professionnelles-app\/\" \/>\n<meta property=\"og:site_name\" content=\"Institut de Travail Social de la R\u00e9gion Auvergne\" \/>\n<meta property=\"article:modified_time\" content=\"2019-02-21T13:45:28+00:00\" \/>\n<meta name=\"twitter:card\" content=\"summary_large_image\" \/>\n<meta name=\"twitter:label1\" content=\"Dur\u00e9e de lecture estim\u00e9e\" \/>\n\t<meta name=\"twitter:data1\" content=\"2 minutes\" \/>\n<script type=\"application\/ld+json\" class=\"yoast-schema-graph\">{\"@context\":\"https:\/\/schema.org\",\"@graph\":[{\"@type\":\"WebPage\",\"@id\":\"https:\/\/itsra.net\/wordpress\/analyse-des-pratiques-professionnelles-app\/\",\"url\":\"https:\/\/itsra.net\/wordpress\/analyse-des-pratiques-professionnelles-app\/\",\"name\":\"Analyse des pratiques professionnelles (APP) - Institut de Travail Social de la R\u00e9gion Auvergne\",\"isPartOf\":{\"@id\":\"https:\/\/itsra.net\/wordpress\/#website\"},\"datePublished\":\"2018-09-27T15:05:17+00:00\",\"dateModified\":\"2019-02-21T13:45:28+00:00\",\"description\":\"Cette prestation permet aux professionnels de b\u00e9n\u00e9ficier d\u2019un temps de parole et de r\u00e9flexion collective sur ses propres pratiques et postures professionnelles.\",\"breadcrumb\":{\"@id\":\"https:\/\/itsra.net\/wordpress\/analyse-des-pratiques-professionnelles-app\/#breadcrumb\"},\"inLanguage\":\"fr-FR\",\"potentialAction\":[{\"@type\":\"ReadAction\",\"target\":[\"https:\/\/itsra.net\/wordpress\/analyse-des-pratiques-professionnelles-app\/\"]}]},{\"@type\":\"BreadcrumbList\",\"@id\":\"https:\/\/itsra.net\/wordpress\/analyse-des-pratiques-professionnelles-app\/#breadcrumb\",\"itemListElement\":[{\"@type\":\"ListItem\",\"position\":1,\"name\":\"Accueil\",\"item\":\"https:\/\/itsra.net\/wordpress\/\"},{\"@type\":\"ListItem\",\"position\":2,\"name\":\"Analyse des pratiques professionnelles (APP)\"}]},{\"@type\":\"WebSite\",\"@id\":\"https:\/\/itsra.net\/wordpress\/#website\",\"url\":\"https:\/\/itsra.net\/wordpress\/\",\"name\":\"Institut de Travail Social de la R\u00e9gion Auvergne\",\"description\":\"\",\"publisher\":{\"@id\":\"https:\/\/itsra.net\/wordpress\/#organization\"},\"potentialAction\":[{\"@type\":\"SearchAction\",\"target\":{\"@type\":\"EntryPoint\",\"urlTemplate\":\"https:\/\/itsra.net\/wordpress\/?s={search_term_string}\"},\"query-input\":{\"@type\":\"PropertyValueSpecification\",\"valueRequired\":true,\"valueName\":\"search_term_string\"}}],\"inLanguage\":\"fr-FR\"},{\"@type\":\"Organization\",\"@id\":\"https:\/\/itsra.net\/wordpress\/#organization\",\"name\":\"Institut de Travail Social de la R\u00e9gion Auvergne\",\"url\":\"https:\/\/itsra.net\/wordpress\/\",\"logo\":{\"@type\":\"ImageObject\",\"inLanguage\":\"fr-FR\",\"@id\":\"https:\/\/itsra.net\/wordpress\/#\/schema\/logo\/image\/\",\"url\":\"http:\/\/itsra.net\/wordpress\/wp-content\/uploads\/2019\/01\/LogoITSRA_PNG_HD.png\",\"contentUrl\":\"http:\/\/itsra.net\/wordpress\/wp-content\/uploads\/2019\/01\/LogoITSRA_PNG_HD.png\",\"width\":1280,\"height\":346,\"caption\":\"Institut de Travail Social de la R\u00e9gion Auvergne\"},\"image\":{\"@id\":\"https:\/\/itsra.net\/wordpress\/#\/schema\/logo\/image\/\"}}]}<\/script>\n<!-- \/ Yoast SEO plugin. -->","yoast_head_json":{"title":"Analyse des pratiques professionnelles (APP) - Institut de Travail Social de la R\u00e9gion Auvergne","description":"Cette prestation permet aux professionnels de b\u00e9n\u00e9ficier d\u2019un temps de parole et de r\u00e9flexion collective sur ses propres pratiques et postures professionnelles.","robots":{"index":"index","follow":"follow","max-snippet":"max-snippet:-1","max-image-preview":"max-image-preview:large","max-video-preview":"max-video-preview:-1"},"canonical":"https:\/\/itsra.net\/wordpress\/analyse-des-pratiques-professionnelles-app\/","og_locale":"fr_FR","og_type":"article","og_title":"Analyse des pratiques professionnelles (APP) - Institut de Travail Social de la R\u00e9gion Auvergne","og_description":"Cette prestation permet aux professionnels de b\u00e9n\u00e9ficier d\u2019un temps de parole et de r\u00e9flexion collective sur ses propres pratiques et postures professionnelles.","og_url":"https:\/\/itsra.net\/wordpress\/analyse-des-pratiques-professionnelles-app\/","og_site_name":"Institut de Travail Social de la R\u00e9gion Auvergne","article_modified_time":"2019-02-21T13:45:28+00:00","twitter_card":"summary_large_image","twitter_misc":{"Dur\u00e9e de lecture estim\u00e9e":"2 minutes"},"schema":{"@context":"https:\/\/schema.org","@graph":[{"@type":"WebPage","@id":"https:\/\/itsra.net\/wordpress\/analyse-des-pratiques-professionnelles-app\/","url":"https:\/\/itsra.net\/wordpress\/analyse-des-pratiques-professionnelles-app\/","name":"Analyse des pratiques professionnelles (APP) - Institut de Travail Social de la R\u00e9gion Auvergne","isPartOf":{"@id":"https:\/\/itsra.net\/wordpress\/#website"},"datePublished":"2018-09-27T15:05:17+00:00","dateModified":"2019-02-21T13:45:28+00:00","description":"Cette prestation permet aux professionnels de b\u00e9n\u00e9ficier d\u2019un temps de parole et de r\u00e9flexion collective sur ses propres pratiques et postures professionnelles.","breadcrumb":{"@id":"https:\/\/itsra.net\/wordpress\/analyse-des-pratiques-professionnelles-app\/#breadcrumb"},"inLanguage":"fr-FR","potentialAction":[{"@type":"ReadAction","target":["https:\/\/itsra.net\/wordpress\/analyse-des-pratiques-professionnelles-app\/"]}]},{"@type":"BreadcrumbList","@id":"https:\/\/itsra.net\/wordpress\/analyse-des-pratiques-professionnelles-app\/#breadcrumb","itemListElement":[{"@type":"ListItem","position":1,"name":"Accueil","item":"https:\/\/itsra.net\/wordpress\/"},{"@type":"ListItem","position":2,"name":"Analyse des pratiques professionnelles (APP)"}]},{"@type":"WebSite","@id":"https:\/\/itsra.net\/wordpress\/#website","url":"https:\/\/itsra.net\/wordpress\/","name":"Institut de Travail Social de la R\u00e9gion Auvergne","description":"","publisher":{"@id":"https:\/\/itsra.net\/wordpress\/#organization"},"potentialAction":[{"@type":"SearchAction","target":{"@type":"EntryPoint","urlTemplate":"https:\/\/itsra.net\/wordpress\/?s={search_term_string}"},"query-input":{"@type":"PropertyValueSpecification","valueRequired":true,"valueName":"search_term_string"}}],"inLanguage":"fr-FR"},{"@type":"Organization","@id":"https:\/\/itsra.net\/wordpress\/#organization","name":"Institut de Travail Social de la R\u00e9gion Auvergne","url":"https:\/\/itsra.net\/wordpress\/","logo":{"@type":"ImageObject","inLanguage":"fr-FR","@id":"https:\/\/itsra.net\/wordpress\/#\/schema\/logo\/image\/","url":"http:\/\/itsra.net\/wordpress\/wp-content\/uploads\/2019\/01\/LogoITSRA_PNG_HD.png","contentUrl":"http:\/\/itsra.net\/wordpress\/wp-content\/uploads\/2019\/01\/LogoITSRA_PNG_HD.png","width":1280,"height":346,"caption":"Institut de Travail Social de la R\u00e9gion Auvergne"},"image":{"@id":"https:\/\/itsra.net\/wordpress\/#\/schema\/logo\/image\/"}}]}},"_links":{"self":[{"href":"https:\/\/itsra.net\/wordpress\/wp-json\/wp\/v2\/pages\/1075","targetHints":{"allow":["GET"]}}],"collection":[{"href":"https:\/\/itsra.net\/wordpress\/wp-json\/wp\/v2\/pages"}],"about":[{"href":"https:\/\/itsra.net\/wordpress\/wp-json\/wp\/v2\/types\/page"}],"author":[{"embeddable":true,"href":"https:\/\/itsra.net\/wordpress\/wp-json\/wp\/v2\/users\/3"}],"replies":[{"embeddable":true,"href":"https:\/\/itsra.net\/wordpress\/wp-json\/wp\/v2\/comments?post=1075"}],"version-history":[{"count":7,"href":"https:\/\/itsra.net\/wordpress\/wp-json\/wp\/v2\/pages\/1075\/revisions"}],"predecessor-version":[{"id":1231,"href":"https:\/\/itsra.net\/wordpress\/wp-json\/wp\/v2\/pages\/1075\/revisions\/1231"}],"wp:attachment":[{"href":"https:\/\/itsra.net\/wordpress\/wp-json\/wp\/v2\/media?parent=1075"}],"curies":[{"name":"wp","href":"https:\/\/api.w.org\/{rel}","templated":true}]}}