{"id":2272,"date":"2019-02-11T14:57:41","date_gmt":"2019-02-11T13:57:41","guid":{"rendered":"http:\/\/itsra.net\/wordpress\/?page_id=2272"},"modified":"2020-04-22T10:14:26","modified_gmt":"2020-04-22T08:14:26","slug":"presentation-des-formations-initiales","status":"publish","type":"page","link":"https:\/\/itsra.net\/wordpress\/presentation-des-formations-initiales\/","title":{"rendered":"Pr\u00e9sentation des formations initiales"},"content":{"rendered":"<div  id=\"features-1\" class=\"features-13 content-section content-section-spacing\" style=\"background-color: #ffffff; background-image: none;\" data-label=\"Features\" data-id=\"features--1\" data-export-id=\"features-13-card-bordered\" data-category=\"features\">\n<div  class=\"gridContainer\">\n<p  class=\"row text-center\" style=\"text-align: left;\"><span  style=\"font-weight: 400;\">L\u2019ITSRA est un \u00e9tablissement d\u2019enseignement sup\u00e9rieur et professionnel dans le secteur social et m\u00e9dico-social du territoire auvergnat. Il forme aux m\u00e9tiers du travail social et propose plus d\u2019une quinzaine de formations dipl\u00f4mantes et qualifiantes reconnues sur le march\u00e9 du travail :<\/span>\n\n<br ><br ><span  style=\"font-weight: 400;\">\n\u25cf Action sociale,<\/span>\n<br ><span  style=\"font-weight: 400;\">\n\u25cf Education et pr\u00e9vention sp\u00e9cialis\u00e9e,<\/span>\n<br ><span  style=\"font-weight: 400;\">\n\u25cf Accompagnement \u00e9ducatif et social,<\/span>\n<br ><span  style=\"font-weight: 400;\">\n\u25cf Animation sociale et territoriale,<\/span>\n<br ><span  style=\"font-weight: 400;\">\n\u25cf Protection des majeurs et des mineurs,<\/span>\n<br ><span  style=\"font-weight: 400;\">\n\u25cf Pilotage et management d\u2019\u00e9quipes, de projets et de dispositifs.<\/span><\/p>\n\n<\/div>\n<\/div><p  style=\"text-align: left;\"><\/p><p  style=\"text-align: left;\"><\/p><div  id=\"features-1\" class=\"features-13 content-section content-section-spacing\" style=\"background-color: #ffffff; background-image: none;\" data-label=\"Features\" data-id=\"features--1\" data-export-id=\"features-13-card-bordered\" data-category=\"features\">\n<div  class=\"gridContainer\">\n<div  class=\"row spaced-cols content-center-sm\" data-type=\"row\">\n<h4  class=\"\">Les m\u00e9tiers de l\u2019intervention sociale<\/h4>\n<p  class=\"card bordered y-move\" style=\"text-align: left;\" data-type=\"column\">Professionnels de l\u2019\u00e9coute, de l\u2019aide et du conseil, les acteurs de l\u2019intervention sociale interviennent aupr\u00e8s de publics en difficult\u00e9s passag\u00e8res (ch\u00f4mage, maladie, pauvret\u00e9) ou permanentes (handicap, perte d\u2019autonomie li\u00e9e \u00e0 la vieillesse\u2026).\nIls peuvent intervenir en qualit\u00e9 d\u2019animateurs aupr\u00e8s de groupes d\u2019enfants, d\u2019adolescents et d\u2019adultes pour monter des projets, organiser des activit\u00e9s, d\u00e9ployer des leviers culturels ou encore \u00eatre ing\u00e9nieurs social, experts en politiques publiques charg\u00e9 de faire participer des acteurs sociaux \u00e0 des actions pour combler les besoins d\u2019un territoire\u2026<\/p>\n\n<h4  class=\"\">L\u2019alternance au coeur de nos formations<\/h4>\n<p  class=\"card bordered y-move\" style=\"text-align: left;\" data-type=\"column\">La p\u00e9dagogie mise en oeuvre dans les formations sociales repose sur l\u2019alternance int\u00e9grative fond\u00e9e sur une compl\u00e9mentarit\u00e9 entre les savoirs th\u00e9oriques et m\u00e9thodologiques acquis en centre de formation et les situations professionnelles rencontr\u00e9es pendant les p\u00e9riodes de stages dans des sites qualifiants.\nLes p\u00e9riodes de stages constituent ainsi des temps de professionnalisation indispensables qui permettent aux apprenants d\u2019exp\u00e9rimenter leur futur exercice professionnel :\n\n<br ><br >\u25cf Plus de 50% du temps de formation pass\u00e9 sur le terrain.\n<br >\u25cf\nOp\u00e9rationnalit\u00e9, d\u00e8s la sortie de formation.\n\n<br >\u25cf Des exp\u00e9riences concr\u00e8tes aupr\u00e8s de publics divers.\n\n<br >\u25cf Des postures et savoirs-faire incontournables.<\/p>\n<p  data-type=\"column\" class=\"\"><\/p>\n\n<h4  class=\"\">Une ouverture internationale<\/h4>\n<p  class=\"card bordered y-move\" style=\"text-align: left;\" data-type=\"column\">\u25cf Pour certaines formations, les apprenants ont la possibilit\u00e9 d\u2019effectuer des stages dans l\u2019Union Europ\u00e9enne, au Canada ou encore dans des pays dans lesquels nous pouvons avoir des accords de collaboration.\n\n<br >\u25cf Cette mobilit\u00e9 europ\u00e9enne ou internationale permet d\u2019interroger ses pratiques et de d\u00e9couvrir d\u2019autres contextes et r\u00e9alit\u00e9s du travail social.<\/p>\n\n<h4  class=\"\" style=\"text-align: left;\">Pour aller plus loin sur l\u2019alternance int\u00e9grative<\/h4>\n<p  class=\"col-sm-4 col-md-12\" style=\"text-align: left;\"><a  href=\"https:\/\/itsra.net\/wordpress\/lalternance-integrative\" target=\"_self\" data-cp-link=\"1\" rel=\"noopener noreferrer\">&gt; En savoir plus sur l\u2019alternance int\u00e9grative.<\/a><\/p>\n\n<\/div>\n<\/div>\n<\/div>","protected":false},"excerpt":{"rendered":"<p>L\u2019ITSRA est un \u00e9tablissement d\u2019enseignement sup\u00e9rieur et professionnel dans le secteur social et m\u00e9dico-social du territoire auvergnat. Il forme aux m\u00e9tiers du travail social et propose plus d\u2019une quinzaine de formations dipl\u00f4mantes et qualifiantes reconnues sur le march\u00e9 du travail : \u25cf Action sociale, \u25cf Education et pr\u00e9vention sp\u00e9cialis\u00e9e, \u25cf Accompagnement \u00e9ducatif et social, \u25cf&hellip; <br \/> <a class=\"read-more\" href=\"https:\/\/itsra.net\/wordpress\/presentation-des-formations-initiales\/\">Lire la suite<\/a><\/p>\n","protected":false},"author":3,"featured_media":0,"parent":0,"menu_order":0,"comment_status":"closed","ping_status":"closed","template":"","meta":{"om_disable_all_campaigns":false,"_monsterinsights_skip_tracking":false,"_monsterinsights_sitenote_active":false,"_monsterinsights_sitenote_note":"","_monsterinsights_sitenote_category":0,"_uf_show_specific_survey":0,"_uf_disable_surveys":false,"footnotes":""},"class_list":["post-2272","page","type-page","status-publish","hentry"],"aioseo_notices":[],"yoast_head":"<!-- This site is optimized with the Yoast SEO plugin v24.5 - https:\/\/yoast.com\/wordpress\/plugins\/seo\/ -->\n<title>Pr\u00e9sentation des formations initiales - Institut de Travail Social de la R\u00e9gion Auvergne<\/title>\n<meta name=\"robots\" content=\"index, follow, max-snippet:-1, max-image-preview:large, max-video-preview:-1\" \/>\n<link rel=\"canonical\" href=\"https:\/\/itsra.net\/wordpress\/presentation-des-formations-initiales\/\" \/>\n<meta property=\"og:locale\" content=\"fr_FR\" \/>\n<meta property=\"og:type\" content=\"article\" \/>\n<meta property=\"og:title\" content=\"Pr\u00e9sentation des formations initiales - Institut de Travail Social de la R\u00e9gion Auvergne\" \/>\n<meta property=\"og:description\" content=\"L\u2019ITSRA est un \u00e9tablissement d\u2019enseignement sup\u00e9rieur et professionnel dans le secteur social et m\u00e9dico-social du territoire auvergnat. Il forme aux m\u00e9tiers du travail social et propose plus d\u2019une quinzaine de formations dipl\u00f4mantes et qualifiantes reconnues sur le march\u00e9 du travail : \u25cf Action sociale, \u25cf Education et pr\u00e9vention sp\u00e9cialis\u00e9e, \u25cf Accompagnement \u00e9ducatif et social, \u25cf&hellip; Lire la suite\" \/>\n<meta property=\"og:url\" content=\"https:\/\/itsra.net\/wordpress\/presentation-des-formations-initiales\/\" \/>\n<meta property=\"og:site_name\" content=\"Institut de Travail Social de la R\u00e9gion Auvergne\" \/>\n<meta property=\"article:modified_time\" content=\"2020-04-22T08:14:26+00:00\" \/>\n<meta name=\"twitter:card\" content=\"summary_large_image\" \/>\n<meta name=\"twitter:label1\" content=\"Dur\u00e9e de lecture estim\u00e9e\" \/>\n\t<meta name=\"twitter:data1\" content=\"2 minutes\" \/>\n<script type=\"application\/ld+json\" class=\"yoast-schema-graph\">{\"@context\":\"https:\/\/schema.org\",\"@graph\":[{\"@type\":\"WebPage\",\"@id\":\"https:\/\/itsra.net\/wordpress\/presentation-des-formations-initiales\/\",\"url\":\"https:\/\/itsra.net\/wordpress\/presentation-des-formations-initiales\/\",\"name\":\"Pr\u00e9sentation des formations initiales - Institut de Travail Social de la R\u00e9gion Auvergne\",\"isPartOf\":{\"@id\":\"https:\/\/itsra.net\/wordpress\/#website\"},\"datePublished\":\"2019-02-11T13:57:41+00:00\",\"dateModified\":\"2020-04-22T08:14:26+00:00\",\"breadcrumb\":{\"@id\":\"https:\/\/itsra.net\/wordpress\/presentation-des-formations-initiales\/#breadcrumb\"},\"inLanguage\":\"fr-FR\",\"potentialAction\":[{\"@type\":\"ReadAction\",\"target\":[\"https:\/\/itsra.net\/wordpress\/presentation-des-formations-initiales\/\"]}]},{\"@type\":\"BreadcrumbList\",\"@id\":\"https:\/\/itsra.net\/wordpress\/presentation-des-formations-initiales\/#breadcrumb\",\"itemListElement\":[{\"@type\":\"ListItem\",\"position\":1,\"name\":\"Accueil\",\"item\":\"https:\/\/itsra.net\/wordpress\/\"},{\"@type\":\"ListItem\",\"position\":2,\"name\":\"Pr\u00e9sentation des formations initiales\"}]},{\"@type\":\"WebSite\",\"@id\":\"https:\/\/itsra.net\/wordpress\/#website\",\"url\":\"https:\/\/itsra.net\/wordpress\/\",\"name\":\"Institut de Travail Social de la R\u00e9gion Auvergne\",\"description\":\"\",\"publisher\":{\"@id\":\"https:\/\/itsra.net\/wordpress\/#organization\"},\"potentialAction\":[{\"@type\":\"SearchAction\",\"target\":{\"@type\":\"EntryPoint\",\"urlTemplate\":\"https:\/\/itsra.net\/wordpress\/?s={search_term_string}\"},\"query-input\":{\"@type\":\"PropertyValueSpecification\",\"valueRequired\":true,\"valueName\":\"search_term_string\"}}],\"inLanguage\":\"fr-FR\"},{\"@type\":\"Organization\",\"@id\":\"https:\/\/itsra.net\/wordpress\/#organization\",\"name\":\"Institut de Travail Social de la R\u00e9gion Auvergne\",\"url\":\"https:\/\/itsra.net\/wordpress\/\",\"logo\":{\"@type\":\"ImageObject\",\"inLanguage\":\"fr-FR\",\"@id\":\"https:\/\/itsra.net\/wordpress\/#\/schema\/logo\/image\/\",\"url\":\"http:\/\/itsra.net\/wordpress\/wp-content\/uploads\/2019\/01\/LogoITSRA_PNG_HD.png\",\"contentUrl\":\"http:\/\/itsra.net\/wordpress\/wp-content\/uploads\/2019\/01\/LogoITSRA_PNG_HD.png\",\"width\":1280,\"height\":346,\"caption\":\"Institut de Travail Social de la R\u00e9gion Auvergne\"},\"image\":{\"@id\":\"https:\/\/itsra.net\/wordpress\/#\/schema\/logo\/image\/\"}}]}<\/script>\n<!-- \/ Yoast SEO plugin. -->","yoast_head_json":{"title":"Pr\u00e9sentation des formations initiales - Institut de Travail Social de la R\u00e9gion Auvergne","robots":{"index":"index","follow":"follow","max-snippet":"max-snippet:-1","max-image-preview":"max-image-preview:large","max-video-preview":"max-video-preview:-1"},"canonical":"https:\/\/itsra.net\/wordpress\/presentation-des-formations-initiales\/","og_locale":"fr_FR","og_type":"article","og_title":"Pr\u00e9sentation des formations initiales - Institut de Travail Social de la R\u00e9gion Auvergne","og_description":"L\u2019ITSRA est un \u00e9tablissement d\u2019enseignement sup\u00e9rieur et professionnel dans le secteur social et m\u00e9dico-social du territoire auvergnat. Il forme aux m\u00e9tiers du travail social et propose plus d\u2019une quinzaine de formations dipl\u00f4mantes et qualifiantes reconnues sur le march\u00e9 du travail : \u25cf Action sociale, \u25cf Education et pr\u00e9vention sp\u00e9cialis\u00e9e, \u25cf Accompagnement \u00e9ducatif et social, \u25cf&hellip; Lire la suite","og_url":"https:\/\/itsra.net\/wordpress\/presentation-des-formations-initiales\/","og_site_name":"Institut de Travail Social de la R\u00e9gion Auvergne","article_modified_time":"2020-04-22T08:14:26+00:00","twitter_card":"summary_large_image","twitter_misc":{"Dur\u00e9e de lecture estim\u00e9e":"2 minutes"},"schema":{"@context":"https:\/\/schema.org","@graph":[{"@type":"WebPage","@id":"https:\/\/itsra.net\/wordpress\/presentation-des-formations-initiales\/","url":"https:\/\/itsra.net\/wordpress\/presentation-des-formations-initiales\/","name":"Pr\u00e9sentation des formations initiales - Institut de Travail Social de la R\u00e9gion Auvergne","isPartOf":{"@id":"https:\/\/itsra.net\/wordpress\/#website"},"datePublished":"2019-02-11T13:57:41+00:00","dateModified":"2020-04-22T08:14:26+00:00","breadcrumb":{"@id":"https:\/\/itsra.net\/wordpress\/presentation-des-formations-initiales\/#breadcrumb"},"inLanguage":"fr-FR","potentialAction":[{"@type":"ReadAction","target":["https:\/\/itsra.net\/wordpress\/presentation-des-formations-initiales\/"]}]},{"@type":"BreadcrumbList","@id":"https:\/\/itsra.net\/wordpress\/presentation-des-formations-initiales\/#breadcrumb","itemListElement":[{"@type":"ListItem","position":1,"name":"Accueil","item":"https:\/\/itsra.net\/wordpress\/"},{"@type":"ListItem","position":2,"name":"Pr\u00e9sentation des formations initiales"}]},{"@type":"WebSite","@id":"https:\/\/itsra.net\/wordpress\/#website","url":"https:\/\/itsra.net\/wordpress\/","name":"Institut de Travail Social de la R\u00e9gion Auvergne","description":"","publisher":{"@id":"https:\/\/itsra.net\/wordpress\/#organization"},"potentialAction":[{"@type":"SearchAction","target":{"@type":"EntryPoint","urlTemplate":"https:\/\/itsra.net\/wordpress\/?s={search_term_string}"},"query-input":{"@type":"PropertyValueSpecification","valueRequired":true,"valueName":"search_term_string"}}],"inLanguage":"fr-FR"},{"@type":"Organization","@id":"https:\/\/itsra.net\/wordpress\/#organization","name":"Institut de Travail Social de la R\u00e9gion Auvergne","url":"https:\/\/itsra.net\/wordpress\/","logo":{"@type":"ImageObject","inLanguage":"fr-FR","@id":"https:\/\/itsra.net\/wordpress\/#\/schema\/logo\/image\/","url":"http:\/\/itsra.net\/wordpress\/wp-content\/uploads\/2019\/01\/LogoITSRA_PNG_HD.png","contentUrl":"http:\/\/itsra.net\/wordpress\/wp-content\/uploads\/2019\/01\/LogoITSRA_PNG_HD.png","width":1280,"height":346,"caption":"Institut de Travail Social de la R\u00e9gion Auvergne"},"image":{"@id":"https:\/\/itsra.net\/wordpress\/#\/schema\/logo\/image\/"}}]}},"_links":{"self":[{"href":"https:\/\/itsra.net\/wordpress\/wp-json\/wp\/v2\/pages\/2272","targetHints":{"allow":["GET"]}}],"collection":[{"href":"https:\/\/itsra.net\/wordpress\/wp-json\/wp\/v2\/pages"}],"about":[{"href":"https:\/\/itsra.net\/wordpress\/wp-json\/wp\/v2\/types\/page"}],"author":[{"embeddable":true,"href":"https:\/\/itsra.net\/wordpress\/wp-json\/wp\/v2\/users\/3"}],"replies":[{"embeddable":true,"href":"https:\/\/itsra.net\/wordpress\/wp-json\/wp\/v2\/comments?post=2272"}],"version-history":[{"count":14,"href":"https:\/\/itsra.net\/wordpress\/wp-json\/wp\/v2\/pages\/2272\/revisions"}],"predecessor-version":[{"id":4109,"href":"https:\/\/itsra.net\/wordpress\/wp-json\/wp\/v2\/pages\/2272\/revisions\/4109"}],"wp:attachment":[{"href":"https:\/\/itsra.net\/wordpress\/wp-json\/wp\/v2\/media?parent=2272"}],"curies":[{"name":"wp","href":"https:\/\/api.w.org\/{rel}","templated":true}]}}