{"id":2338,"date":"2019-02-11T17:01:00","date_gmt":"2019-02-11T16:01:00","guid":{"rendered":"http:\/\/itsra.net\/wordpress\/?page_id=2338"},"modified":"2019-06-26T09:43:37","modified_gmt":"2019-06-26T07:43:37","slug":"contact-secretariat-parcoursup","status":"publish","type":"page","link":"https:\/\/itsra.net\/wordpress\/contact-secretariat-parcoursup\/","title":{"rendered":"CONTACT SECR\u00c9TARIAT : PR\u00c9PA"},"content":{"rendered":"<h4 style=\"text-align: center;\">Secr\u00e9tariat Stage Pr\u00e9pa<\/h4>\n<p>&nbsp;<\/p>\n<p class=\"wpcf7-contact-form-not-found\"><strong>Erreur\u00a0:<\/strong> Formulaire de contact non trouv\u00e9\u00a0!<\/p>\n","protected":false},"excerpt":{"rendered":"<p>Secr\u00e9tariat Stage Pr\u00e9pa &nbsp;<\/p>\n","protected":false},"author":3,"featured_media":0,"parent":0,"menu_order":0,"comment_status":"closed","ping_status":"closed","template":"","meta":{"om_disable_all_campaigns":false,"_monsterinsights_skip_tracking":false,"_monsterinsights_sitenote_active":false,"_monsterinsights_sitenote_note":"","_monsterinsights_sitenote_category":0,"_uf_show_specific_survey":0,"_uf_disable_surveys":false,"footnotes":""},"class_list":["post-2338","page","type-page","status-publish","hentry"],"aioseo_notices":[],"yoast_head":"<!-- This site is optimized with the Yoast SEO plugin v24.5 - https:\/\/yoast.com\/wordpress\/plugins\/seo\/ -->\n<title>CONTACT SECR\u00c9TARIAT : PR\u00c9PA - Institut de Travail Social de la R\u00e9gion Auvergne<\/title>\n<meta name=\"robots\" content=\"index, follow, max-snippet:-1, max-image-preview:large, max-video-preview:-1\" \/>\n<link rel=\"canonical\" href=\"https:\/\/itsra.net\/wordpress\/contact-secretariat-parcoursup\/\" \/>\n<meta property=\"og:locale\" content=\"fr_FR\" \/>\n<meta property=\"og:type\" content=\"article\" \/>\n<meta property=\"og:title\" content=\"CONTACT SECR\u00c9TARIAT : PR\u00c9PA - Institut de Travail Social de la R\u00e9gion Auvergne\" \/>\n<meta property=\"og:description\" content=\"Secr\u00e9tariat Stage Pr\u00e9pa &nbsp;\" \/>\n<meta property=\"og:url\" content=\"https:\/\/itsra.net\/wordpress\/contact-secretariat-parcoursup\/\" \/>\n<meta property=\"og:site_name\" content=\"Institut de Travail Social de la R\u00e9gion Auvergne\" \/>\n<meta property=\"article:modified_time\" content=\"2019-06-26T07:43:37+00:00\" \/>\n<meta name=\"twitter:card\" content=\"summary_large_image\" \/>\n<script type=\"application\/ld+json\" class=\"yoast-schema-graph\">{\"@context\":\"https:\/\/schema.org\",\"@graph\":[{\"@type\":\"WebPage\",\"@id\":\"https:\/\/itsra.net\/wordpress\/contact-secretariat-parcoursup\/\",\"url\":\"https:\/\/itsra.net\/wordpress\/contact-secretariat-parcoursup\/\",\"name\":\"CONTACT SECR\u00c9TARIAT : PR\u00c9PA - Institut de Travail Social de la R\u00e9gion Auvergne\",\"isPartOf\":{\"@id\":\"https:\/\/itsra.net\/wordpress\/#website\"},\"datePublished\":\"2019-02-11T16:01:00+00:00\",\"dateModified\":\"2019-06-26T07:43:37+00:00\",\"breadcrumb\":{\"@id\":\"https:\/\/itsra.net\/wordpress\/contact-secretariat-parcoursup\/#breadcrumb\"},\"inLanguage\":\"fr-FR\",\"potentialAction\":[{\"@type\":\"ReadAction\",\"target\":[\"https:\/\/itsra.net\/wordpress\/contact-secretariat-parcoursup\/\"]}]},{\"@type\":\"BreadcrumbList\",\"@id\":\"https:\/\/itsra.net\/wordpress\/contact-secretariat-parcoursup\/#breadcrumb\",\"itemListElement\":[{\"@type\":\"ListItem\",\"position\":1,\"name\":\"Accueil\",\"item\":\"https:\/\/itsra.net\/wordpress\/\"},{\"@type\":\"ListItem\",\"position\":2,\"name\":\"CONTACT SECR\u00c9TARIAT : PR\u00c9PA\"}]},{\"@type\":\"WebSite\",\"@id\":\"https:\/\/itsra.net\/wordpress\/#website\",\"url\":\"https:\/\/itsra.net\/wordpress\/\",\"name\":\"Institut de Travail Social de la R\u00e9gion Auvergne\",\"description\":\"\",\"publisher\":{\"@id\":\"https:\/\/itsra.net\/wordpress\/#organization\"},\"potentialAction\":[{\"@type\":\"SearchAction\",\"target\":{\"@type\":\"EntryPoint\",\"urlTemplate\":\"https:\/\/itsra.net\/wordpress\/?s={search_term_string}\"},\"query-input\":{\"@type\":\"PropertyValueSpecification\",\"valueRequired\":true,\"valueName\":\"search_term_string\"}}],\"inLanguage\":\"fr-FR\"},{\"@type\":\"Organization\",\"@id\":\"https:\/\/itsra.net\/wordpress\/#organization\",\"name\":\"Institut de Travail Social de la R\u00e9gion Auvergne\",\"url\":\"https:\/\/itsra.net\/wordpress\/\",\"logo\":{\"@type\":\"ImageObject\",\"inLanguage\":\"fr-FR\",\"@id\":\"https:\/\/itsra.net\/wordpress\/#\/schema\/logo\/image\/\",\"url\":\"http:\/\/itsra.net\/wordpress\/wp-content\/uploads\/2019\/01\/LogoITSRA_PNG_HD.png\",\"contentUrl\":\"http:\/\/itsra.net\/wordpress\/wp-content\/uploads\/2019\/01\/LogoITSRA_PNG_HD.png\",\"width\":1280,\"height\":346,\"caption\":\"Institut de Travail Social de la R\u00e9gion Auvergne\"},\"image\":{\"@id\":\"https:\/\/itsra.net\/wordpress\/#\/schema\/logo\/image\/\"}}]}<\/script>\n<!-- \/ Yoast SEO plugin. -->","yoast_head_json":{"title":"CONTACT SECR\u00c9TARIAT : PR\u00c9PA - Institut de Travail Social de la R\u00e9gion Auvergne","robots":{"index":"index","follow":"follow","max-snippet":"max-snippet:-1","max-image-preview":"max-image-preview:large","max-video-preview":"max-video-preview:-1"},"canonical":"https:\/\/itsra.net\/wordpress\/contact-secretariat-parcoursup\/","og_locale":"fr_FR","og_type":"article","og_title":"CONTACT SECR\u00c9TARIAT : PR\u00c9PA - Institut de Travail Social de la R\u00e9gion Auvergne","og_description":"Secr\u00e9tariat Stage Pr\u00e9pa &nbsp;","og_url":"https:\/\/itsra.net\/wordpress\/contact-secretariat-parcoursup\/","og_site_name":"Institut de Travail Social de la R\u00e9gion Auvergne","article_modified_time":"2019-06-26T07:43:37+00:00","twitter_card":"summary_large_image","schema":{"@context":"https:\/\/schema.org","@graph":[{"@type":"WebPage","@id":"https:\/\/itsra.net\/wordpress\/contact-secretariat-parcoursup\/","url":"https:\/\/itsra.net\/wordpress\/contact-secretariat-parcoursup\/","name":"CONTACT SECR\u00c9TARIAT : PR\u00c9PA - Institut de Travail Social de la R\u00e9gion Auvergne","isPartOf":{"@id":"https:\/\/itsra.net\/wordpress\/#website"},"datePublished":"2019-02-11T16:01:00+00:00","dateModified":"2019-06-26T07:43:37+00:00","breadcrumb":{"@id":"https:\/\/itsra.net\/wordpress\/contact-secretariat-parcoursup\/#breadcrumb"},"inLanguage":"fr-FR","potentialAction":[{"@type":"ReadAction","target":["https:\/\/itsra.net\/wordpress\/contact-secretariat-parcoursup\/"]}]},{"@type":"BreadcrumbList","@id":"https:\/\/itsra.net\/wordpress\/contact-secretariat-parcoursup\/#breadcrumb","itemListElement":[{"@type":"ListItem","position":1,"name":"Accueil","item":"https:\/\/itsra.net\/wordpress\/"},{"@type":"ListItem","position":2,"name":"CONTACT SECR\u00c9TARIAT : PR\u00c9PA"}]},{"@type":"WebSite","@id":"https:\/\/itsra.net\/wordpress\/#website","url":"https:\/\/itsra.net\/wordpress\/","name":"Institut de Travail Social de la R\u00e9gion Auvergne","description":"","publisher":{"@id":"https:\/\/itsra.net\/wordpress\/#organization"},"potentialAction":[{"@type":"SearchAction","target":{"@type":"EntryPoint","urlTemplate":"https:\/\/itsra.net\/wordpress\/?s={search_term_string}"},"query-input":{"@type":"PropertyValueSpecification","valueRequired":true,"valueName":"search_term_string"}}],"inLanguage":"fr-FR"},{"@type":"Organization","@id":"https:\/\/itsra.net\/wordpress\/#organization","name":"Institut de Travail Social de la R\u00e9gion Auvergne","url":"https:\/\/itsra.net\/wordpress\/","logo":{"@type":"ImageObject","inLanguage":"fr-FR","@id":"https:\/\/itsra.net\/wordpress\/#\/schema\/logo\/image\/","url":"http:\/\/itsra.net\/wordpress\/wp-content\/uploads\/2019\/01\/LogoITSRA_PNG_HD.png","contentUrl":"http:\/\/itsra.net\/wordpress\/wp-content\/uploads\/2019\/01\/LogoITSRA_PNG_HD.png","width":1280,"height":346,"caption":"Institut de Travail Social de la R\u00e9gion Auvergne"},"image":{"@id":"https:\/\/itsra.net\/wordpress\/#\/schema\/logo\/image\/"}}]}},"_links":{"self":[{"href":"https:\/\/itsra.net\/wordpress\/wp-json\/wp\/v2\/pages\/2338","targetHints":{"allow":["GET"]}}],"collection":[{"href":"https:\/\/itsra.net\/wordpress\/wp-json\/wp\/v2\/pages"}],"about":[{"href":"https:\/\/itsra.net\/wordpress\/wp-json\/wp\/v2\/types\/page"}],"author":[{"embeddable":true,"href":"https:\/\/itsra.net\/wordpress\/wp-json\/wp\/v2\/users\/3"}],"replies":[{"embeddable":true,"href":"https:\/\/itsra.net\/wordpress\/wp-json\/wp\/v2\/comments?post=2338"}],"version-history":[{"count":6,"href":"https:\/\/itsra.net\/wordpress\/wp-json\/wp\/v2\/pages\/2338\/revisions"}],"predecessor-version":[{"id":3297,"href":"https:\/\/itsra.net\/wordpress\/wp-json\/wp\/v2\/pages\/2338\/revisions\/3297"}],"wp:attachment":[{"href":"https:\/\/itsra.net\/wordpress\/wp-json\/wp\/v2\/media?parent=2338"}],"curies":[{"name":"wp","href":"https:\/\/api.w.org\/{rel}","templated":true}]}}