{"id":2500,"date":"2019-02-20T09:06:49","date_gmt":"2019-02-20T08:06:49","guid":{"rendered":"http:\/\/itsra.net\/wordpress\/?page_id=2500"},"modified":"2024-02-07T08:59:35","modified_gmt":"2024-02-07T07:59:35","slug":"international","status":"publish","type":"page","link":"https:\/\/itsra.net\/wordpress\/international\/","title":{"rendered":"International"},"content":{"rendered":"<div  data-label=\"Cta\" data-id=\"cta--1\" data-export-id=\"cta-centered-bg-section\" data-category=\"cta\" data-section-ov=\"1\" class=\"cta-centered-bg-section content-section content-section-spacing-medium white-text\" data-parallax-depth=\"20\" id=\"cta-1\" style=\"background-color: rgb(230, 16, 16); background-image: none;\"><div  class=\"gridContainer\"> <div  class=\"row text-center\"><div  data-type=\"column\" class=\"\">  <p  class=\"\"><span  style=\"font-weight: 700;\">T\u00e9l\u00e9chargez la&nbsp;<a data-mce-href=\"..\/erasmus-et-la-mobilite-europeenne\/\" href=\"https:\/\/itsra.net\/wordpress\/erasmus-et-la-mobilite-europeenne\" target=\"_blank\" rel=\"noopener noreferrer\" data-mce-selected=\"inline-boundary\" data-cp-link=\"1\">Charte ERASMUS+ (FR)<\/a> \u2013 <a data-mce-href=\"..\/wp-content\/uploads\/2021\/05\/CharteE2021_2027_Sign\u00e9eEU_PC_VersEN.pdf\" href=\"..\/wp-content\/uploads\/2021\/05\/CharteE2021_2027_Sign\u00e9eEU_PC_VersEN.pdf\" target=\"_self\" data-mce-selected=\"inline-boundary\" data-cp-link=\"1\" rel=\"noopener noreferrer\" class=\"\">Charte ERASMUS+ (EN)<\/a><\/span><\/p><\/div> <\/div><\/div> <\/div><div  data-label=\"Features\" data-id=\"features--1\" data-export-id=\"features-13-card-bordered\" data-category=\"features\" class=\"features-13 content-section content-section-spacing\" id=\"features-1\" style=\"background-color: rgb(255, 255, 255);\"><div  class=\"gridContainer\"> <div  class=\"row text-center\"><div  class=\"section-title-col\" data-type=\"column\">  <\/div> <\/div> <div  class=\"row spaced-cols content-center-sm\" data-type=\"row\"> <div  class=\"col-sm-4\"> <div  class=\"card bordered y-move\" data-type=\"column\">  <h4  class=\"\"><a data-mce-href=\"..\/faire-un-stage-a-letranger\/\" href=\"https:\/\/itsra.net\/wordpress\/faire-un-stage-a-letranger\" target=\"_self\" data-mce-selected=\"inline-boundary\" data-cp-link=\"1\" rel=\"noopener noreferrer\">Faire un stage \u00e0 l\u2019\u00e9tranger<\/a><\/h4>  <\/div> <\/div> <div  class=\"col-sm-4\"> <div  class=\"card bordered y-move\" data-type=\"column\">  <h4  class=\"\"><a data-mce-href=\"..\/faire-un-stage-dans-notre-region\/\" href=\"https:\/\/itsra.net\/wordpress\/faire-un-stage-dans-notre-region\" target=\"_self\" data-mce-selected=\"inline-boundary\" data-cp-link=\"1\" rel=\"noopener noreferrer\">Faire un stage dans notre r\u00e9gion<\/a><\/h4>  <\/div> <\/div> <div  class=\"col-sm-4\"> <div  class=\"card bordered y-move\" data-type=\"column\">  <h4  class=\"\"><a href=\"https:\/\/itsra.net\/wordpress\/erasmus-et-la-mobilite-europeenne\" target=\"_blank\" rel=\"noopener noreferrer\" data-mce-href=\"..\/erasmus-et-la-mobilite-europeenne\/\" data-mce-selected=\"inline-boundary\" data-cp-link=\"1\"><\/a><a data-mce-href=\"..\/erasmus-et-la-mobilite-europeenne\/\" href=\"..\/erasmus-et-la-mobilite-europeenne\/\" target=\"_self\" data-mce-selected=\"inline-boundary\" data-cp-link=\"1\" rel=\"noopener\">\ufeffERAMUS+ et la mobilit\u00e9 europ\u00e9enne<\/a><\/h4>  <\/div> <\/div><div  class=\"col-sm-4\"> <div  class=\"card bordered y-move\" data-type=\"column\">  <h4  class=\"\"><a data-mce-href=\"..\/projet-elisse-2\/\" href=\"https:\/\/itsra.net\/wordpress\/projet-elisse-2\" target=\"_self\" data-mce-selected=\"inline-boundary\" data-cp-link=\"1\" rel=\"noopener noreferrer\">Projet ELISSE<\/a><\/h4>  <\/div> <\/div><div  class=\"col-sm-4\"> <div  class=\"card bordered y-move\" data-type=\"column\">  <h4  class=\"\"><a data-mce-href=\"..\/partenaires-2\/\" href=\"https:\/\/itsra.net\/wordpress\/partenaires-2\" target=\"_self\" data-mce-selected=\"inline-boundary\" data-cp-link=\"1\" rel=\"noopener noreferrer\">Partenaires<\/a><\/h4>  <\/div> <\/div><\/div> <\/div><\/div><div  data-label=\"Portfolio\" data-id=\"portfolio--1\" data-export-id=\"portfolio-6\" data-category=\"portfolio\" class=\"portfolio-6 content-section content-section-spacing\" id=\"portfolio-1\" style=\"background-color: rgb(255, 255, 255); background-image: none;\"><div  class=\"gridContainer\"><div  data-section-title-area=\"true\" class=\"row text-center\">   <div  class=\"section-title-col\" data-type=\"column\">                 <\/div><\/div>  <div  class=\"row space-bottom spaced-cols\" data-type=\"row\">   <div  class=\"col-xs-12 col-sm-4 text-center col-md-12 \"><div  class=\"card no-padding \"> <div  data-hover-fx=\"portfolio-5\" class=\"contentswap-effect\"><div  class=\"initial-image\"> <img decoding=\"async\"  data-size=\"500x333\" src=\"https:\/\/itsra.net\/wordpress\/wp-content\/uploads\/2022\/09\/cropped-logos-site-1.png\"><\/div> <div  class=\"overlay bg-color6\"><\/div> <div  class=\"swap-inner col-xs-12\"> <div  class=\"row full-height-row middle-xs middle-sm\"> <div  class=\"col-xs-12 text-center content-holder\"> <a href=\"#\" target=\"_self\" rel=\"noopener noreferrer\"><i  class=\"fa icon portfolio-icon fa-search big color-black\" aria-hidden=\"true\"><\/i><\/a><\/div> <\/div><\/div> <\/div> <div  class=\"space-bottom space-top col-xs-12\" data-type=\"column\">  <\/div> <\/div><\/div> <\/div> <div  class=\"row\"> <div  data-type=\"column\" class=\"col-xs-12 text-center\"> <a  class=\"button color2 y-move\" href=\"#\">View Portfolio<\/a><\/div> <\/div><\/div> <\/div>","protected":false},"excerpt":{"rendered":"<p>T\u00e9l\u00e9chargez la&nbsp;Charte ERASMUS+ (FR) \u2013 Charte ERASMUS+ (EN) Faire un stage \u00e0 l\u2019\u00e9tranger Faire un stage dans notre r\u00e9gion \ufeffERAMUS+ et la mobilit\u00e9 europ\u00e9enne Projet ELISSE Partenaires View Portfolio<\/p>\n","protected":false},"author":3,"featured_media":0,"parent":0,"menu_order":0,"comment_status":"closed","ping_status":"closed","template":"pro\/page-templates\/full-width-page.php","meta":{"om_disable_all_campaigns":false,"_monsterinsights_skip_tracking":false,"_monsterinsights_sitenote_active":false,"_monsterinsights_sitenote_note":"","_monsterinsights_sitenote_category":0,"_uf_show_specific_survey":0,"_uf_disable_surveys":false,"footnotes":""},"class_list":["post-2500","page","type-page","status-publish","hentry"],"aioseo_notices":[],"yoast_head":"<!-- This site is optimized with the Yoast SEO plugin v24.5 - https:\/\/yoast.com\/wordpress\/plugins\/seo\/ -->\n<title>International - Institut de Travail Social de la R\u00e9gion Auvergne<\/title>\n<meta name=\"robots\" content=\"index, follow, max-snippet:-1, max-image-preview:large, max-video-preview:-1\" \/>\n<link rel=\"canonical\" href=\"https:\/\/itsra.net\/wordpress\/international\/\" \/>\n<meta property=\"og:locale\" content=\"fr_FR\" \/>\n<meta property=\"og:type\" content=\"article\" \/>\n<meta property=\"og:title\" content=\"International - Institut de Travail Social de la R\u00e9gion Auvergne\" \/>\n<meta property=\"og:description\" content=\"T\u00e9l\u00e9chargez la&nbsp;Charte ERASMUS+ (FR) \u2013 Charte ERASMUS+ (EN) Faire un stage \u00e0 l\u2019\u00e9tranger Faire un stage dans notre r\u00e9gion \ufeffERAMUS+ et la mobilit\u00e9 europ\u00e9enne Projet ELISSE Partenaires View Portfolio\" \/>\n<meta property=\"og:url\" content=\"https:\/\/itsra.net\/wordpress\/international\/\" \/>\n<meta property=\"og:site_name\" content=\"Institut de Travail Social de la R\u00e9gion Auvergne\" \/>\n<meta property=\"article:modified_time\" content=\"2024-02-07T07:59:35+00:00\" \/>\n<meta property=\"og:image\" content=\"https:\/\/itsra.net\/wordpress\/wp-content\/uploads\/2022\/09\/cropped-logos-site-1.png\" \/>\n<meta name=\"twitter:card\" content=\"summary_large_image\" \/>\n<script type=\"application\/ld+json\" class=\"yoast-schema-graph\">{\"@context\":\"https:\/\/schema.org\",\"@graph\":[{\"@type\":\"WebPage\",\"@id\":\"https:\/\/itsra.net\/wordpress\/international\/\",\"url\":\"https:\/\/itsra.net\/wordpress\/international\/\",\"name\":\"International - Institut de Travail Social de la R\u00e9gion Auvergne\",\"isPartOf\":{\"@id\":\"https:\/\/itsra.net\/wordpress\/#website\"},\"primaryImageOfPage\":{\"@id\":\"https:\/\/itsra.net\/wordpress\/international\/#primaryimage\"},\"image\":{\"@id\":\"https:\/\/itsra.net\/wordpress\/international\/#primaryimage\"},\"thumbnailUrl\":\"https:\/\/itsra.net\/wordpress\/wp-content\/uploads\/2022\/09\/cropped-logos-site-1.png\",\"datePublished\":\"2019-02-20T08:06:49+00:00\",\"dateModified\":\"2024-02-07T07:59:35+00:00\",\"breadcrumb\":{\"@id\":\"https:\/\/itsra.net\/wordpress\/international\/#breadcrumb\"},\"inLanguage\":\"fr-FR\",\"potentialAction\":[{\"@type\":\"ReadAction\",\"target\":[\"https:\/\/itsra.net\/wordpress\/international\/\"]}]},{\"@type\":\"ImageObject\",\"inLanguage\":\"fr-FR\",\"@id\":\"https:\/\/itsra.net\/wordpress\/international\/#primaryimage\",\"url\":\"https:\/\/itsra.net\/wordpress\/wp-content\/uploads\/2022\/09\/cropped-logos-site-1.png\",\"contentUrl\":\"https:\/\/itsra.net\/wordpress\/wp-content\/uploads\/2022\/09\/cropped-logos-site-1.png\",\"width\":567,\"height\":151},{\"@type\":\"BreadcrumbList\",\"@id\":\"https:\/\/itsra.net\/wordpress\/international\/#breadcrumb\",\"itemListElement\":[{\"@type\":\"ListItem\",\"position\":1,\"name\":\"Accueil\",\"item\":\"https:\/\/itsra.net\/wordpress\/\"},{\"@type\":\"ListItem\",\"position\":2,\"name\":\"International\"}]},{\"@type\":\"WebSite\",\"@id\":\"https:\/\/itsra.net\/wordpress\/#website\",\"url\":\"https:\/\/itsra.net\/wordpress\/\",\"name\":\"Institut de Travail Social de la R\u00e9gion Auvergne\",\"description\":\"\",\"publisher\":{\"@id\":\"https:\/\/itsra.net\/wordpress\/#organization\"},\"potentialAction\":[{\"@type\":\"SearchAction\",\"target\":{\"@type\":\"EntryPoint\",\"urlTemplate\":\"https:\/\/itsra.net\/wordpress\/?s={search_term_string}\"},\"query-input\":{\"@type\":\"PropertyValueSpecification\",\"valueRequired\":true,\"valueName\":\"search_term_string\"}}],\"inLanguage\":\"fr-FR\"},{\"@type\":\"Organization\",\"@id\":\"https:\/\/itsra.net\/wordpress\/#organization\",\"name\":\"Institut de Travail Social de la R\u00e9gion Auvergne\",\"url\":\"https:\/\/itsra.net\/wordpress\/\",\"logo\":{\"@type\":\"ImageObject\",\"inLanguage\":\"fr-FR\",\"@id\":\"https:\/\/itsra.net\/wordpress\/#\/schema\/logo\/image\/\",\"url\":\"http:\/\/itsra.net\/wordpress\/wp-content\/uploads\/2019\/01\/LogoITSRA_PNG_HD.png\",\"contentUrl\":\"http:\/\/itsra.net\/wordpress\/wp-content\/uploads\/2019\/01\/LogoITSRA_PNG_HD.png\",\"width\":1280,\"height\":346,\"caption\":\"Institut de Travail Social de la R\u00e9gion Auvergne\"},\"image\":{\"@id\":\"https:\/\/itsra.net\/wordpress\/#\/schema\/logo\/image\/\"}}]}<\/script>\n<!-- \/ Yoast SEO plugin. -->","yoast_head_json":{"title":"International - Institut de Travail Social de la R\u00e9gion Auvergne","robots":{"index":"index","follow":"follow","max-snippet":"max-snippet:-1","max-image-preview":"max-image-preview:large","max-video-preview":"max-video-preview:-1"},"canonical":"https:\/\/itsra.net\/wordpress\/international\/","og_locale":"fr_FR","og_type":"article","og_title":"International - Institut de Travail Social de la R\u00e9gion Auvergne","og_description":"T\u00e9l\u00e9chargez la&nbsp;Charte ERASMUS+ (FR) \u2013 Charte ERASMUS+ (EN) Faire un stage \u00e0 l\u2019\u00e9tranger Faire un stage dans notre r\u00e9gion \ufeffERAMUS+ et la mobilit\u00e9 europ\u00e9enne Projet ELISSE Partenaires View Portfolio","og_url":"https:\/\/itsra.net\/wordpress\/international\/","og_site_name":"Institut de Travail Social de la R\u00e9gion Auvergne","article_modified_time":"2024-02-07T07:59:35+00:00","og_image":[{"url":"https:\/\/itsra.net\/wordpress\/wp-content\/uploads\/2022\/09\/cropped-logos-site-1.png","type":"","width":"","height":""}],"twitter_card":"summary_large_image","schema":{"@context":"https:\/\/schema.org","@graph":[{"@type":"WebPage","@id":"https:\/\/itsra.net\/wordpress\/international\/","url":"https:\/\/itsra.net\/wordpress\/international\/","name":"International - Institut de Travail Social de la R\u00e9gion Auvergne","isPartOf":{"@id":"https:\/\/itsra.net\/wordpress\/#website"},"primaryImageOfPage":{"@id":"https:\/\/itsra.net\/wordpress\/international\/#primaryimage"},"image":{"@id":"https:\/\/itsra.net\/wordpress\/international\/#primaryimage"},"thumbnailUrl":"https:\/\/itsra.net\/wordpress\/wp-content\/uploads\/2022\/09\/cropped-logos-site-1.png","datePublished":"2019-02-20T08:06:49+00:00","dateModified":"2024-02-07T07:59:35+00:00","breadcrumb":{"@id":"https:\/\/itsra.net\/wordpress\/international\/#breadcrumb"},"inLanguage":"fr-FR","potentialAction":[{"@type":"ReadAction","target":["https:\/\/itsra.net\/wordpress\/international\/"]}]},{"@type":"ImageObject","inLanguage":"fr-FR","@id":"https:\/\/itsra.net\/wordpress\/international\/#primaryimage","url":"https:\/\/itsra.net\/wordpress\/wp-content\/uploads\/2022\/09\/cropped-logos-site-1.png","contentUrl":"https:\/\/itsra.net\/wordpress\/wp-content\/uploads\/2022\/09\/cropped-logos-site-1.png","width":567,"height":151},{"@type":"BreadcrumbList","@id":"https:\/\/itsra.net\/wordpress\/international\/#breadcrumb","itemListElement":[{"@type":"ListItem","position":1,"name":"Accueil","item":"https:\/\/itsra.net\/wordpress\/"},{"@type":"ListItem","position":2,"name":"International"}]},{"@type":"WebSite","@id":"https:\/\/itsra.net\/wordpress\/#website","url":"https:\/\/itsra.net\/wordpress\/","name":"Institut de Travail Social de la R\u00e9gion Auvergne","description":"","publisher":{"@id":"https:\/\/itsra.net\/wordpress\/#organization"},"potentialAction":[{"@type":"SearchAction","target":{"@type":"EntryPoint","urlTemplate":"https:\/\/itsra.net\/wordpress\/?s={search_term_string}"},"query-input":{"@type":"PropertyValueSpecification","valueRequired":true,"valueName":"search_term_string"}}],"inLanguage":"fr-FR"},{"@type":"Organization","@id":"https:\/\/itsra.net\/wordpress\/#organization","name":"Institut de Travail Social de la R\u00e9gion Auvergne","url":"https:\/\/itsra.net\/wordpress\/","logo":{"@type":"ImageObject","inLanguage":"fr-FR","@id":"https:\/\/itsra.net\/wordpress\/#\/schema\/logo\/image\/","url":"http:\/\/itsra.net\/wordpress\/wp-content\/uploads\/2019\/01\/LogoITSRA_PNG_HD.png","contentUrl":"http:\/\/itsra.net\/wordpress\/wp-content\/uploads\/2019\/01\/LogoITSRA_PNG_HD.png","width":1280,"height":346,"caption":"Institut de Travail Social de la R\u00e9gion Auvergne"},"image":{"@id":"https:\/\/itsra.net\/wordpress\/#\/schema\/logo\/image\/"}}]}},"_links":{"self":[{"href":"https:\/\/itsra.net\/wordpress\/wp-json\/wp\/v2\/pages\/2500","targetHints":{"allow":["GET"]}}],"collection":[{"href":"https:\/\/itsra.net\/wordpress\/wp-json\/wp\/v2\/pages"}],"about":[{"href":"https:\/\/itsra.net\/wordpress\/wp-json\/wp\/v2\/types\/page"}],"author":[{"embeddable":true,"href":"https:\/\/itsra.net\/wordpress\/wp-json\/wp\/v2\/users\/3"}],"replies":[{"embeddable":true,"href":"https:\/\/itsra.net\/wordpress\/wp-json\/wp\/v2\/comments?post=2500"}],"version-history":[{"count":12,"href":"https:\/\/itsra.net\/wordpress\/wp-json\/wp\/v2\/pages\/2500\/revisions"}],"predecessor-version":[{"id":10455,"href":"https:\/\/itsra.net\/wordpress\/wp-json\/wp\/v2\/pages\/2500\/revisions\/10455"}],"wp:attachment":[{"href":"https:\/\/itsra.net\/wordpress\/wp-json\/wp\/v2\/media?parent=2500"}],"curies":[{"name":"wp","href":"https:\/\/api.w.org\/{rel}","templated":true}]}}