{"id":2515,"date":"2019-02-20T10:21:02","date_gmt":"2019-02-20T09:21:02","guid":{"rendered":"http:\/\/itsra.net\/wordpress\/?page_id=2515"},"modified":"2019-02-20T10:33:54","modified_gmt":"2019-02-20T09:33:54","slug":"lalternance-integrative","status":"publish","type":"page","link":"https:\/\/itsra.net\/wordpress\/lalternance-integrative\/","title":{"rendered":"L&rsquo;alternance int\u00e9grative"},"content":{"rendered":"<div data-label=\"Features\" data-id=\"features--1\" data-export-id=\"features-13-card-bordered\" data-category=\"features\" class=\"features-13 content-section content-section-spacing\" id=\"features-1\"  style=\"background-color: rgb(255, 255, 255); background-image: none;\"><div class=\"gridContainer\" > <div class=\"row text-center\" ><div class=\"section-title-col\" data-type=\"column\" >  <\/div> <\/div> <div class=\"row spaced-cols content-center-sm\" data-type=\"row\" > <div class=\"col-sm-4 col-md-12 \" > <div class=\"card bordered y-move\" data-type=\"column\" >  <h4 class=\"\" >En savoir plus sur l&rsquo;alternance int\u00e9grative<\/h4> <p class=\"\"  style=\"text-align: justify;\">L\u2019alternance int\u00e9grative contribue \u00e0 la professionnalisation des apprenants par l\u2019acquisition de comp\u00e9tences construites \u00e0 partir de confrontations aux r\u00e9alit\u00e9s de terrain, gr\u00e2ce \u00e0 une fertilisation crois\u00e9e entre la th\u00e9orie et la pratique. Ainsi, les formations pratiques participent au m\u00eame titre que la formation th\u00e9orique \u00e0 l\u2019apprentissage de l\u2019exercice du m\u00e9tier. C\u2019est un processus d\u2019apprentissage qui articule th\u00e9orie et pratique, dans une \u00ab continuit\u00e9 p\u00e9dagogique entre l\u2019exp\u00e9rience et la r\u00e9flexion \u00bb et qui repose sur une synergie entre tous les acteurs de la formation (formateurs, form\u00e9s et praticiens du terrain).\n<br ><br >\nElle conf\u00e8re une reconnaissance aux professionnels et au terrain professionnel comme lieu de production de savoirs pratiques. Le temps sur site, dans la relation directe avec les personnes et les groupes, est un v\u00e9ritable temps de formation. Le lieu de stage devient un \u201csite qualifiant\u201d et est le lieu charni\u00e8re dans lequel se vivent et \u00e0 partir duquel s\u2019analysent les pratiques professionnelles.\n<br ><br >\nDans ce processus d\u2019apprentissage, l\u2019apprenant fait face successivement \u00e0 des situations de travail et \u00e0 des situations de formation, l\u2019une et l\u2019autre p\u00e9dagogiquement organis\u00e9es :\nil est conduit, par des aller-retour th\u00e9orie-pratique, \u00e0 d\u00e9velopper sa capacit\u00e9 \u00e0 mobiliser son savoir pour agir, puis, en r\u00e9fl\u00e9chissant \u00e0 son action, \u00e0 transformer ses savoir-faire en exp\u00e9rience, les rendant ainsi transf\u00e9rables \u00e0 d\u2019autres situations.<\/p> <\/div> <\/div>  <\/div> <\/div><\/div>","protected":false},"excerpt":{"rendered":"<p>En savoir plus sur l&rsquo;alternance int\u00e9grative L\u2019alternance int\u00e9grative contribue \u00e0 la professionnalisation des apprenants par l\u2019acquisition de comp\u00e9tences construites \u00e0 partir de confrontations aux r\u00e9alit\u00e9s de terrain, gr\u00e2ce \u00e0 une fertilisation crois\u00e9e entre la th\u00e9orie et la pratique. Ainsi, les formations pratiques participent au m\u00eame titre que la formation th\u00e9orique \u00e0 l\u2019apprentissage de l\u2019exercice du&hellip; <br \/> <a class=\"read-more\" href=\"https:\/\/itsra.net\/wordpress\/lalternance-integrative\/\">Lire la suite<\/a><\/p>\n","protected":false},"author":3,"featured_media":0,"parent":0,"menu_order":0,"comment_status":"closed","ping_status":"closed","template":"pro\/page-templates\/full-width-page.php","meta":{"om_disable_all_campaigns":false,"_monsterinsights_skip_tracking":false,"_monsterinsights_sitenote_active":false,"_monsterinsights_sitenote_note":"","_monsterinsights_sitenote_category":0,"_uf_show_specific_survey":0,"_uf_disable_surveys":false,"footnotes":""},"class_list":["post-2515","page","type-page","status-publish","hentry"],"aioseo_notices":[],"yoast_head":"<!-- This site is optimized with the Yoast SEO plugin v24.5 - https:\/\/yoast.com\/wordpress\/plugins\/seo\/ -->\n<title>L&#039;alternance int\u00e9grative - Institut de Travail Social de la R\u00e9gion Auvergne<\/title>\n<meta name=\"robots\" content=\"index, follow, max-snippet:-1, max-image-preview:large, max-video-preview:-1\" \/>\n<link rel=\"canonical\" href=\"https:\/\/itsra.net\/wordpress\/lalternance-integrative\/\" \/>\n<meta property=\"og:locale\" content=\"fr_FR\" \/>\n<meta property=\"og:type\" content=\"article\" \/>\n<meta property=\"og:title\" content=\"L&#039;alternance int\u00e9grative - Institut de Travail Social de la R\u00e9gion Auvergne\" \/>\n<meta property=\"og:description\" content=\"En savoir plus sur l&rsquo;alternance int\u00e9grative L\u2019alternance int\u00e9grative contribue \u00e0 la professionnalisation des apprenants par l\u2019acquisition de comp\u00e9tences construites \u00e0 partir de confrontations aux r\u00e9alit\u00e9s de terrain, gr\u00e2ce \u00e0 une fertilisation crois\u00e9e entre la th\u00e9orie et la pratique. Ainsi, les formations pratiques participent au m\u00eame titre que la formation th\u00e9orique \u00e0 l\u2019apprentissage de l\u2019exercice du&hellip; Lire la suite\" \/>\n<meta property=\"og:url\" content=\"https:\/\/itsra.net\/wordpress\/lalternance-integrative\/\" \/>\n<meta property=\"og:site_name\" content=\"Institut de Travail Social de la R\u00e9gion Auvergne\" \/>\n<meta property=\"article:modified_time\" content=\"2019-02-20T09:33:54+00:00\" \/>\n<meta name=\"twitter:card\" content=\"summary_large_image\" \/>\n<meta name=\"twitter:label1\" content=\"Dur\u00e9e de lecture estim\u00e9e\" \/>\n\t<meta name=\"twitter:data1\" content=\"1 minute\" \/>\n<script type=\"application\/ld+json\" class=\"yoast-schema-graph\">{\"@context\":\"https:\/\/schema.org\",\"@graph\":[{\"@type\":\"WebPage\",\"@id\":\"https:\/\/itsra.net\/wordpress\/lalternance-integrative\/\",\"url\":\"https:\/\/itsra.net\/wordpress\/lalternance-integrative\/\",\"name\":\"L'alternance int\u00e9grative - Institut de Travail Social de la R\u00e9gion Auvergne\",\"isPartOf\":{\"@id\":\"https:\/\/itsra.net\/wordpress\/#website\"},\"datePublished\":\"2019-02-20T09:21:02+00:00\",\"dateModified\":\"2019-02-20T09:33:54+00:00\",\"breadcrumb\":{\"@id\":\"https:\/\/itsra.net\/wordpress\/lalternance-integrative\/#breadcrumb\"},\"inLanguage\":\"fr-FR\",\"potentialAction\":[{\"@type\":\"ReadAction\",\"target\":[\"https:\/\/itsra.net\/wordpress\/lalternance-integrative\/\"]}]},{\"@type\":\"BreadcrumbList\",\"@id\":\"https:\/\/itsra.net\/wordpress\/lalternance-integrative\/#breadcrumb\",\"itemListElement\":[{\"@type\":\"ListItem\",\"position\":1,\"name\":\"Accueil\",\"item\":\"https:\/\/itsra.net\/wordpress\/\"},{\"@type\":\"ListItem\",\"position\":2,\"name\":\"L&rsquo;alternance int\u00e9grative\"}]},{\"@type\":\"WebSite\",\"@id\":\"https:\/\/itsra.net\/wordpress\/#website\",\"url\":\"https:\/\/itsra.net\/wordpress\/\",\"name\":\"Institut de Travail Social de la R\u00e9gion Auvergne\",\"description\":\"\",\"publisher\":{\"@id\":\"https:\/\/itsra.net\/wordpress\/#organization\"},\"potentialAction\":[{\"@type\":\"SearchAction\",\"target\":{\"@type\":\"EntryPoint\",\"urlTemplate\":\"https:\/\/itsra.net\/wordpress\/?s={search_term_string}\"},\"query-input\":{\"@type\":\"PropertyValueSpecification\",\"valueRequired\":true,\"valueName\":\"search_term_string\"}}],\"inLanguage\":\"fr-FR\"},{\"@type\":\"Organization\",\"@id\":\"https:\/\/itsra.net\/wordpress\/#organization\",\"name\":\"Institut de Travail Social de la R\u00e9gion Auvergne\",\"url\":\"https:\/\/itsra.net\/wordpress\/\",\"logo\":{\"@type\":\"ImageObject\",\"inLanguage\":\"fr-FR\",\"@id\":\"https:\/\/itsra.net\/wordpress\/#\/schema\/logo\/image\/\",\"url\":\"http:\/\/itsra.net\/wordpress\/wp-content\/uploads\/2019\/01\/LogoITSRA_PNG_HD.png\",\"contentUrl\":\"http:\/\/itsra.net\/wordpress\/wp-content\/uploads\/2019\/01\/LogoITSRA_PNG_HD.png\",\"width\":1280,\"height\":346,\"caption\":\"Institut de Travail Social de la R\u00e9gion Auvergne\"},\"image\":{\"@id\":\"https:\/\/itsra.net\/wordpress\/#\/schema\/logo\/image\/\"}}]}<\/script>\n<!-- \/ Yoast SEO plugin. -->","yoast_head_json":{"title":"L'alternance int\u00e9grative - Institut de Travail Social de la R\u00e9gion Auvergne","robots":{"index":"index","follow":"follow","max-snippet":"max-snippet:-1","max-image-preview":"max-image-preview:large","max-video-preview":"max-video-preview:-1"},"canonical":"https:\/\/itsra.net\/wordpress\/lalternance-integrative\/","og_locale":"fr_FR","og_type":"article","og_title":"L'alternance int\u00e9grative - Institut de Travail Social de la R\u00e9gion Auvergne","og_description":"En savoir plus sur l&rsquo;alternance int\u00e9grative L\u2019alternance int\u00e9grative contribue \u00e0 la professionnalisation des apprenants par l\u2019acquisition de comp\u00e9tences construites \u00e0 partir de confrontations aux r\u00e9alit\u00e9s de terrain, gr\u00e2ce \u00e0 une fertilisation crois\u00e9e entre la th\u00e9orie et la pratique. Ainsi, les formations pratiques participent au m\u00eame titre que la formation th\u00e9orique \u00e0 l\u2019apprentissage de l\u2019exercice du&hellip; Lire la suite","og_url":"https:\/\/itsra.net\/wordpress\/lalternance-integrative\/","og_site_name":"Institut de Travail Social de la R\u00e9gion Auvergne","article_modified_time":"2019-02-20T09:33:54+00:00","twitter_card":"summary_large_image","twitter_misc":{"Dur\u00e9e de lecture estim\u00e9e":"1 minute"},"schema":{"@context":"https:\/\/schema.org","@graph":[{"@type":"WebPage","@id":"https:\/\/itsra.net\/wordpress\/lalternance-integrative\/","url":"https:\/\/itsra.net\/wordpress\/lalternance-integrative\/","name":"L'alternance int\u00e9grative - Institut de Travail Social de la R\u00e9gion Auvergne","isPartOf":{"@id":"https:\/\/itsra.net\/wordpress\/#website"},"datePublished":"2019-02-20T09:21:02+00:00","dateModified":"2019-02-20T09:33:54+00:00","breadcrumb":{"@id":"https:\/\/itsra.net\/wordpress\/lalternance-integrative\/#breadcrumb"},"inLanguage":"fr-FR","potentialAction":[{"@type":"ReadAction","target":["https:\/\/itsra.net\/wordpress\/lalternance-integrative\/"]}]},{"@type":"BreadcrumbList","@id":"https:\/\/itsra.net\/wordpress\/lalternance-integrative\/#breadcrumb","itemListElement":[{"@type":"ListItem","position":1,"name":"Accueil","item":"https:\/\/itsra.net\/wordpress\/"},{"@type":"ListItem","position":2,"name":"L&rsquo;alternance int\u00e9grative"}]},{"@type":"WebSite","@id":"https:\/\/itsra.net\/wordpress\/#website","url":"https:\/\/itsra.net\/wordpress\/","name":"Institut de Travail Social de la R\u00e9gion Auvergne","description":"","publisher":{"@id":"https:\/\/itsra.net\/wordpress\/#organization"},"potentialAction":[{"@type":"SearchAction","target":{"@type":"EntryPoint","urlTemplate":"https:\/\/itsra.net\/wordpress\/?s={search_term_string}"},"query-input":{"@type":"PropertyValueSpecification","valueRequired":true,"valueName":"search_term_string"}}],"inLanguage":"fr-FR"},{"@type":"Organization","@id":"https:\/\/itsra.net\/wordpress\/#organization","name":"Institut de Travail Social de la R\u00e9gion Auvergne","url":"https:\/\/itsra.net\/wordpress\/","logo":{"@type":"ImageObject","inLanguage":"fr-FR","@id":"https:\/\/itsra.net\/wordpress\/#\/schema\/logo\/image\/","url":"http:\/\/itsra.net\/wordpress\/wp-content\/uploads\/2019\/01\/LogoITSRA_PNG_HD.png","contentUrl":"http:\/\/itsra.net\/wordpress\/wp-content\/uploads\/2019\/01\/LogoITSRA_PNG_HD.png","width":1280,"height":346,"caption":"Institut de Travail Social de la R\u00e9gion Auvergne"},"image":{"@id":"https:\/\/itsra.net\/wordpress\/#\/schema\/logo\/image\/"}}]}},"_links":{"self":[{"href":"https:\/\/itsra.net\/wordpress\/wp-json\/wp\/v2\/pages\/2515","targetHints":{"allow":["GET"]}}],"collection":[{"href":"https:\/\/itsra.net\/wordpress\/wp-json\/wp\/v2\/pages"}],"about":[{"href":"https:\/\/itsra.net\/wordpress\/wp-json\/wp\/v2\/types\/page"}],"author":[{"embeddable":true,"href":"https:\/\/itsra.net\/wordpress\/wp-json\/wp\/v2\/users\/3"}],"replies":[{"embeddable":true,"href":"https:\/\/itsra.net\/wordpress\/wp-json\/wp\/v2\/comments?post=2515"}],"version-history":[{"count":4,"href":"https:\/\/itsra.net\/wordpress\/wp-json\/wp\/v2\/pages\/2515\/revisions"}],"predecessor-version":[{"id":2525,"href":"https:\/\/itsra.net\/wordpress\/wp-json\/wp\/v2\/pages\/2515\/revisions\/2525"}],"wp:attachment":[{"href":"https:\/\/itsra.net\/wordpress\/wp-json\/wp\/v2\/media?parent=2515"}],"curies":[{"name":"wp","href":"https:\/\/api.w.org\/{rel}","templated":true}]}}