{"id":2603,"date":"2019-02-20T16:16:20","date_gmt":"2019-02-20T15:16:20","guid":{"rendered":"http:\/\/itsra.net\/wordpress\/?page_id=2603"},"modified":"2022-10-26T14:43:23","modified_gmt":"2022-10-26T12:43:23","slug":"projet-elisse-2","status":"publish","type":"page","link":"https:\/\/itsra.net\/wordpress\/projet-elisse-2\/","title":{"rendered":"Projet ELISSE"},"content":{"rendered":"<div data-id=\"initial-content-section\" data-export-id=\"initial-content-section\" data-label=\"Initial Content\" id=\"initial-content-section\" class=\"content-section content-section-spacing\">\r\n<div class=\"gridContainer\">\r\n<div class=\"row\">\r\n<div class=\"col-xs-12 col-sm-12\">\r\n<h3 style=\"text-align: center;\"><b><span style=\"color: #ff6600;\">Projet ELISSE : une innovation internationale en formation sociale et interculturelle<\/span> <\/b><\/h3>\r\n<p style=\"text-align: justify;\">Dans un contexte g\u00e9n\u00e9ral o\u00f9, en Europe et dans le monde, la question des migrants et de leur accompagnement social fait l\u2019objet d\u2019importantes tensions, le projet ELISSE (<i>E-Learning for Intercultural Skills in Social Education) <\/i>a cr\u00e9\u00e9 une formation bilingue (fran\u00e7ais\/anglais) dispens\u00e9e en partie \u00e0 distance et destin\u00e9e principalement aux \u00e9tudiants en travail social qui interviendront en milieu multiculturel apr\u00e8s leurs \u00e9tudes.<\/p>\r\n<p style=\"text-align: justify;\">L\u2019ITSRA est \u00e0 l\u2019origine de cette aventure europ\u00e9enne de 3 ans, lanc\u00e9e en septembre 2017 et financ\u00e9e par le programme Erasmus+.\r\nEn 2018 le projet est entr\u00e9 dans sa 2\u00e8me phase : L\u2019ITSRA et ses 10 \u00e9coles et universit\u00e9s partenaires dans le monde ont poduit les 11 outils de formation du projet et les premiers \u00e9tudiants sont partis en stage dans 6 pays (Vietnam, Madagascar, C\u00f4te d\u2019Ivoire, S\u00e9n\u00e9gal, Qu\u00e9bec et Portugal).<\/p>\r\n<p style=\"text-align: justify;\">A pr\u00e9sent, les outils ELISSE sont utilis\u00e9s par les \u00e9tudiants et les formateurs et formatrices r\u00e9f\u00e9rentes internationales pour accompagner les mobilit\u00e9s hors m\u00e9tropole et \u00e0 l\u2019international sur le volet interculturel. Par ailleurs, dans certaines fili\u00e8res, les \u00e9quipes p\u00e9dagogiques se sont aussi appropri\u00e9 ces outils en les int\u00e9grant \u00e0 leur enseignement interculturel.<\/p>\r\n&nbsp;\r\n<p style=\"text-align: justify;\"><span style=\"color: #333333;\"><b>LES 11 OUTILS ELISSE :<\/b><\/span><\/p>\r\nOutil 1 : Ligne du temps personnelle\r\nOutil 2 : Auto\u00e9valuation des comp\u00e9tences interculturelles\r\nOutil 3 : Mon Iceberg, notre Iceberg\r\nOutil 4 : L\u2019autre partie de moi-m\u00eame\r\nOutil 5 : Qu\u2019est-ce que tu dis ?\r\nOutil 6 : Dilemme \u00e9thique interculturel\r\nOutil 7 : Journal de bord \u00e9crit\r\nOutil 8 : S\u00e9minaires de supervision\r\nOutil 9 : Organiser des rencontres interculturelles\r\nOutil 10 : Conscience de l\u2019interculturalit\u00e9 en soi\r\nOutil 11 : Le danger d\u2019une seule histoire\r\n<p style=\"text-align: justify;\">\u00c9labor\u00e9e \u00e0 l\u2019ITSRA de Clermont-Ferrand, avec la Haute \u00c9cole Bruxelles-Brabant, 2 \u00e9coles qu\u00e9b\u00e9coises et l\u2019appui de leurs r\u00e9seaux d\u2019ONG ou de structures locales de l\u2019action sociale, l\u2019id\u00e9e du projet est n\u00e9e en 2016 de diff\u00e9rents besoins rep\u00e9r\u00e9s\u00a0:<\/p>\r\n\r\n<ul style=\"text-align: justify;\">\r\n \t<li>Le besoin de former les travailleurs sociaux qui interviendront en milieu multiculturel apr\u00e8s leurs \u00e9tudes\u00a0;<\/li>\r\n \t<li>Le besoin d\u2019am\u00e9liorer l\u2019accompagnement p\u00e9dagogique des mobilit\u00e9s \u00e9tudiantes internationales ;<\/li>\r\n \t<li>Le besoin d\u2019am\u00e9liorer les comp\u00e9tences des \u00e9coles de travail social en mati\u00e8re de formation \u00e0 distance.<\/li>\r\n<\/ul>\r\n<p style=\"text-align: justify;\"><strong>Plus d\u2019infos sur : <a href=\"http:\/\/elisse.itsra.net\/a-propos-de\" class=\"\" target=\"_blank\" rel=\"noopener\">http:\/\/elisse.itsra.net\/<\/a>\r\n<\/strong><\/p>\r\n<p style=\"text-align: justify;\"><a href=\"http:\/\/elisse.itsra.net\/a-propos-de\" class=\"\" data-cp-link=\"1\"><\/a><strong>Contact : <a href=\"mailto:international@itsra.net\">international@itsra.net<\/a><\/strong><\/p>\r\n\r\n<\/div>\r\n<\/div>\r\n<\/div>\r\n<\/div>\r\n<div data-label=\"Clients\" data-id=\"clients--1\" data-export-id=\"clients-2\" data-category=\"clients\" class=\"clients-2 content-section content-section-spacing\" id=\"clients-1\" style=\"background-color: #ffffff; background-image: none;\">\r\n<div class=\"gridContainer\">\r\n<div class=\"row\">\r\n<div class=\"section-title-col\" data-type=\"column\"><\/div>\r\n<\/div>\r\n<div class=\"row center-xs spaced-cols padding-lr\" data-type=\"row\">\r\n<div class=\"col-xs-6 col-sm-3\"><\/div>\r\n<div class=\"col-xs-6 col-sm-3\"><img decoding=\"async\" src=\"https:\/\/itsra.net\/wordpress\/wp-content\/uploads\/2019\/01\/cropped-logo-elisse-2-6.jpg\" class=\"\" alt=\"\" title=\"cropped-logo-elisse-2-6.jpg\" \/><\/div>\r\n<div class=\"col-xs-6 col-sm-3\"><img decoding=\"async\" src=\"https:\/\/itsra.net\/wordpress\/wp-content\/uploads\/2018\/10\/cropped-erasmus-8.png\" class=\"\" alt=\"\" title=\"cropped-erasmus-8.png\" \/><\/div>\r\n<\/div>\r\n<\/div>\r\n<\/div>","protected":false},"excerpt":{"rendered":"<p>Projet ELISSE : une innovation internationale en formation sociale et interculturelle Dans un contexte g\u00e9n\u00e9ral o\u00f9, en Europe et dans le monde, la question des migrants et de leur accompagnement social fait l\u2019objet d\u2019importantes tensions, le projet ELISSE (E-Learning for Intercultural Skills in Social Education) a cr\u00e9\u00e9 une formation bilingue (fran\u00e7ais\/anglais) dispens\u00e9e en partie \u00e0&hellip; <br \/> <a class=\"read-more\" href=\"https:\/\/itsra.net\/wordpress\/projet-elisse-2\/\">Lire la suite<\/a><\/p>\n","protected":false},"author":3,"featured_media":0,"parent":0,"menu_order":0,"comment_status":"closed","ping_status":"closed","template":"pro\/page-templates\/full-width-page.php","meta":{"om_disable_all_campaigns":false,"_monsterinsights_skip_tracking":false,"_monsterinsights_sitenote_active":false,"_monsterinsights_sitenote_note":"","_monsterinsights_sitenote_category":0,"_uf_show_specific_survey":0,"_uf_disable_surveys":false,"footnotes":""},"class_list":["post-2603","page","type-page","status-publish","hentry"],"aioseo_notices":[],"yoast_head":"<!-- This site is optimized with the Yoast SEO plugin v24.5 - https:\/\/yoast.com\/wordpress\/plugins\/seo\/ -->\n<title>Projet ELISSE - Institut de Travail Social de la R\u00e9gion Auvergne<\/title>\n<meta name=\"description\" content=\"L\u2019ITSRA est \u00e0 l\u2019origine de cette aventure europ\u00e9enne de 3 ans, lanc\u00e9e en septembre 2017 et financ\u00e9e par le programme Erasmus+.\" \/>\n<meta name=\"robots\" content=\"index, follow, max-snippet:-1, max-image-preview:large, max-video-preview:-1\" \/>\n<link rel=\"canonical\" href=\"https:\/\/itsra.net\/wordpress\/projet-elisse-2\/\" \/>\n<meta property=\"og:locale\" content=\"fr_FR\" \/>\n<meta property=\"og:type\" content=\"article\" \/>\n<meta property=\"og:title\" content=\"Projet ELISSE - Institut de Travail Social de la R\u00e9gion Auvergne\" \/>\n<meta property=\"og:description\" content=\"L\u2019ITSRA est \u00e0 l\u2019origine de cette aventure europ\u00e9enne de 3 ans, lanc\u00e9e en septembre 2017 et financ\u00e9e par le programme Erasmus+.\" \/>\n<meta property=\"og:url\" content=\"https:\/\/itsra.net\/wordpress\/projet-elisse-2\/\" \/>\n<meta property=\"og:site_name\" content=\"Institut de Travail Social de la R\u00e9gion Auvergne\" \/>\n<meta property=\"article:modified_time\" content=\"2022-10-26T12:43:23+00:00\" \/>\n<meta property=\"og:image\" content=\"http:\/\/itsra.net\/wordpress\/wp-content\/uploads\/2019\/01\/cropped-logo-elisse-2-6.jpg\" \/>\n<meta name=\"twitter:card\" content=\"summary_large_image\" \/>\n<meta name=\"twitter:label1\" content=\"Dur\u00e9e de lecture estim\u00e9e\" \/>\n\t<meta name=\"twitter:data1\" content=\"3 minutes\" \/>\n<script type=\"application\/ld+json\" class=\"yoast-schema-graph\">{\"@context\":\"https:\/\/schema.org\",\"@graph\":[{\"@type\":\"WebPage\",\"@id\":\"https:\/\/itsra.net\/wordpress\/projet-elisse-2\/\",\"url\":\"https:\/\/itsra.net\/wordpress\/projet-elisse-2\/\",\"name\":\"Projet ELISSE - Institut de Travail Social de la R\u00e9gion Auvergne\",\"isPartOf\":{\"@id\":\"https:\/\/itsra.net\/wordpress\/#website\"},\"primaryImageOfPage\":{\"@id\":\"https:\/\/itsra.net\/wordpress\/projet-elisse-2\/#primaryimage\"},\"image\":{\"@id\":\"https:\/\/itsra.net\/wordpress\/projet-elisse-2\/#primaryimage\"},\"thumbnailUrl\":\"http:\/\/itsra.net\/wordpress\/wp-content\/uploads\/2019\/01\/cropped-logo-elisse-2-6.jpg\",\"datePublished\":\"2019-02-20T15:16:20+00:00\",\"dateModified\":\"2022-10-26T12:43:23+00:00\",\"description\":\"L\u2019ITSRA est \u00e0 l\u2019origine de cette aventure europ\u00e9enne de 3 ans, lanc\u00e9e en septembre 2017 et financ\u00e9e par le programme Erasmus+.\",\"breadcrumb\":{\"@id\":\"https:\/\/itsra.net\/wordpress\/projet-elisse-2\/#breadcrumb\"},\"inLanguage\":\"fr-FR\",\"potentialAction\":[{\"@type\":\"ReadAction\",\"target\":[\"https:\/\/itsra.net\/wordpress\/projet-elisse-2\/\"]}]},{\"@type\":\"ImageObject\",\"inLanguage\":\"fr-FR\",\"@id\":\"https:\/\/itsra.net\/wordpress\/projet-elisse-2\/#primaryimage\",\"url\":\"https:\/\/itsra.net\/wordpress\/wp-content\/uploads\/2019\/01\/cropped-logo-elisse-2-6.jpg\",\"contentUrl\":\"https:\/\/itsra.net\/wordpress\/wp-content\/uploads\/2019\/01\/cropped-logo-elisse-2-6.jpg\",\"width\":591,\"height\":699},{\"@type\":\"BreadcrumbList\",\"@id\":\"https:\/\/itsra.net\/wordpress\/projet-elisse-2\/#breadcrumb\",\"itemListElement\":[{\"@type\":\"ListItem\",\"position\":1,\"name\":\"Accueil\",\"item\":\"https:\/\/itsra.net\/wordpress\/\"},{\"@type\":\"ListItem\",\"position\":2,\"name\":\"Projet ELISSE\"}]},{\"@type\":\"WebSite\",\"@id\":\"https:\/\/itsra.net\/wordpress\/#website\",\"url\":\"https:\/\/itsra.net\/wordpress\/\",\"name\":\"Institut de Travail Social de la R\u00e9gion Auvergne\",\"description\":\"\",\"publisher\":{\"@id\":\"https:\/\/itsra.net\/wordpress\/#organization\"},\"potentialAction\":[{\"@type\":\"SearchAction\",\"target\":{\"@type\":\"EntryPoint\",\"urlTemplate\":\"https:\/\/itsra.net\/wordpress\/?s={search_term_string}\"},\"query-input\":{\"@type\":\"PropertyValueSpecification\",\"valueRequired\":true,\"valueName\":\"search_term_string\"}}],\"inLanguage\":\"fr-FR\"},{\"@type\":\"Organization\",\"@id\":\"https:\/\/itsra.net\/wordpress\/#organization\",\"name\":\"Institut de Travail Social de la R\u00e9gion Auvergne\",\"url\":\"https:\/\/itsra.net\/wordpress\/\",\"logo\":{\"@type\":\"ImageObject\",\"inLanguage\":\"fr-FR\",\"@id\":\"https:\/\/itsra.net\/wordpress\/#\/schema\/logo\/image\/\",\"url\":\"http:\/\/itsra.net\/wordpress\/wp-content\/uploads\/2019\/01\/LogoITSRA_PNG_HD.png\",\"contentUrl\":\"http:\/\/itsra.net\/wordpress\/wp-content\/uploads\/2019\/01\/LogoITSRA_PNG_HD.png\",\"width\":1280,\"height\":346,\"caption\":\"Institut de Travail Social de la R\u00e9gion Auvergne\"},\"image\":{\"@id\":\"https:\/\/itsra.net\/wordpress\/#\/schema\/logo\/image\/\"}}]}<\/script>\n<!-- \/ Yoast SEO plugin. -->","yoast_head_json":{"title":"Projet ELISSE - Institut de Travail Social de la R\u00e9gion Auvergne","description":"L\u2019ITSRA est \u00e0 l\u2019origine de cette aventure europ\u00e9enne de 3 ans, lanc\u00e9e en septembre 2017 et financ\u00e9e par le programme Erasmus+.","robots":{"index":"index","follow":"follow","max-snippet":"max-snippet:-1","max-image-preview":"max-image-preview:large","max-video-preview":"max-video-preview:-1"},"canonical":"https:\/\/itsra.net\/wordpress\/projet-elisse-2\/","og_locale":"fr_FR","og_type":"article","og_title":"Projet ELISSE - Institut de Travail Social de la R\u00e9gion Auvergne","og_description":"L\u2019ITSRA est \u00e0 l\u2019origine de cette aventure europ\u00e9enne de 3 ans, lanc\u00e9e en septembre 2017 et financ\u00e9e par le programme Erasmus+.","og_url":"https:\/\/itsra.net\/wordpress\/projet-elisse-2\/","og_site_name":"Institut de Travail Social de la R\u00e9gion Auvergne","article_modified_time":"2022-10-26T12:43:23+00:00","og_image":[{"url":"http:\/\/itsra.net\/wordpress\/wp-content\/uploads\/2019\/01\/cropped-logo-elisse-2-6.jpg","type":"","width":"","height":""}],"twitter_card":"summary_large_image","twitter_misc":{"Dur\u00e9e de lecture estim\u00e9e":"3 minutes"},"schema":{"@context":"https:\/\/schema.org","@graph":[{"@type":"WebPage","@id":"https:\/\/itsra.net\/wordpress\/projet-elisse-2\/","url":"https:\/\/itsra.net\/wordpress\/projet-elisse-2\/","name":"Projet ELISSE - Institut de Travail Social de la R\u00e9gion Auvergne","isPartOf":{"@id":"https:\/\/itsra.net\/wordpress\/#website"},"primaryImageOfPage":{"@id":"https:\/\/itsra.net\/wordpress\/projet-elisse-2\/#primaryimage"},"image":{"@id":"https:\/\/itsra.net\/wordpress\/projet-elisse-2\/#primaryimage"},"thumbnailUrl":"http:\/\/itsra.net\/wordpress\/wp-content\/uploads\/2019\/01\/cropped-logo-elisse-2-6.jpg","datePublished":"2019-02-20T15:16:20+00:00","dateModified":"2022-10-26T12:43:23+00:00","description":"L\u2019ITSRA est \u00e0 l\u2019origine de cette aventure europ\u00e9enne de 3 ans, lanc\u00e9e en septembre 2017 et financ\u00e9e par le programme Erasmus+.","breadcrumb":{"@id":"https:\/\/itsra.net\/wordpress\/projet-elisse-2\/#breadcrumb"},"inLanguage":"fr-FR","potentialAction":[{"@type":"ReadAction","target":["https:\/\/itsra.net\/wordpress\/projet-elisse-2\/"]}]},{"@type":"ImageObject","inLanguage":"fr-FR","@id":"https:\/\/itsra.net\/wordpress\/projet-elisse-2\/#primaryimage","url":"https:\/\/itsra.net\/wordpress\/wp-content\/uploads\/2019\/01\/cropped-logo-elisse-2-6.jpg","contentUrl":"https:\/\/itsra.net\/wordpress\/wp-content\/uploads\/2019\/01\/cropped-logo-elisse-2-6.jpg","width":591,"height":699},{"@type":"BreadcrumbList","@id":"https:\/\/itsra.net\/wordpress\/projet-elisse-2\/#breadcrumb","itemListElement":[{"@type":"ListItem","position":1,"name":"Accueil","item":"https:\/\/itsra.net\/wordpress\/"},{"@type":"ListItem","position":2,"name":"Projet ELISSE"}]},{"@type":"WebSite","@id":"https:\/\/itsra.net\/wordpress\/#website","url":"https:\/\/itsra.net\/wordpress\/","name":"Institut de Travail Social de la R\u00e9gion Auvergne","description":"","publisher":{"@id":"https:\/\/itsra.net\/wordpress\/#organization"},"potentialAction":[{"@type":"SearchAction","target":{"@type":"EntryPoint","urlTemplate":"https:\/\/itsra.net\/wordpress\/?s={search_term_string}"},"query-input":{"@type":"PropertyValueSpecification","valueRequired":true,"valueName":"search_term_string"}}],"inLanguage":"fr-FR"},{"@type":"Organization","@id":"https:\/\/itsra.net\/wordpress\/#organization","name":"Institut de Travail Social de la R\u00e9gion Auvergne","url":"https:\/\/itsra.net\/wordpress\/","logo":{"@type":"ImageObject","inLanguage":"fr-FR","@id":"https:\/\/itsra.net\/wordpress\/#\/schema\/logo\/image\/","url":"http:\/\/itsra.net\/wordpress\/wp-content\/uploads\/2019\/01\/LogoITSRA_PNG_HD.png","contentUrl":"http:\/\/itsra.net\/wordpress\/wp-content\/uploads\/2019\/01\/LogoITSRA_PNG_HD.png","width":1280,"height":346,"caption":"Institut de Travail Social de la R\u00e9gion Auvergne"},"image":{"@id":"https:\/\/itsra.net\/wordpress\/#\/schema\/logo\/image\/"}}]}},"_links":{"self":[{"href":"https:\/\/itsra.net\/wordpress\/wp-json\/wp\/v2\/pages\/2603","targetHints":{"allow":["GET"]}}],"collection":[{"href":"https:\/\/itsra.net\/wordpress\/wp-json\/wp\/v2\/pages"}],"about":[{"href":"https:\/\/itsra.net\/wordpress\/wp-json\/wp\/v2\/types\/page"}],"author":[{"embeddable":true,"href":"https:\/\/itsra.net\/wordpress\/wp-json\/wp\/v2\/users\/3"}],"replies":[{"embeddable":true,"href":"https:\/\/itsra.net\/wordpress\/wp-json\/wp\/v2\/comments?post=2603"}],"version-history":[{"count":19,"href":"https:\/\/itsra.net\/wordpress\/wp-json\/wp\/v2\/pages\/2603\/revisions"}],"predecessor-version":[{"id":7138,"href":"https:\/\/itsra.net\/wordpress\/wp-json\/wp\/v2\/pages\/2603\/revisions\/7138"}],"wp:attachment":[{"href":"https:\/\/itsra.net\/wordpress\/wp-json\/wp\/v2\/media?parent=2603"}],"curies":[{"name":"wp","href":"https:\/\/api.w.org\/{rel}","templated":true}]}}