{"id":2606,"date":"2019-02-20T16:17:59","date_gmt":"2019-02-20T15:17:59","guid":{"rendered":"http:\/\/itsra.net\/wordpress\/?page_id=2606"},"modified":"2020-05-06T15:32:43","modified_gmt":"2020-05-06T13:32:43","slug":"faire-un-stage-dans-notre-region","status":"publish","type":"page","link":"https:\/\/itsra.net\/wordpress\/faire-un-stage-dans-notre-region\/","title":{"rendered":"Faire un stage dans notre r\u00e9gion"},"content":{"rendered":"<h3 style=\"text-align: justify;\"><span style=\"color: #ff6600;\">Faire un stage dans notre r\u00e9gion ou venir \u00e9tudier \u00e0 l&rsquo;ITSRA<\/span><\/h3>\n<p style=\"text-align: justify;\"><strong>Vous \u00eates \u00e9tudiants \u00e0 l\u2019\u00e9tranger et souhaitez venir au c\u0153ur de la France pour d\u00e9couvrir nos terrains d\u2019intervention sociale, nos pratiques professionnelles et notre belle R\u00e9gion\u00a0? <\/strong><strong>Bienvenue \u00e0 vous\u00a0!<\/strong><\/p>\n<p style=\"text-align: justify;\"><img fetchpriority=\"high\" decoding=\"async\" class=\"wp-image-3119 alignright\" src=\"https:\/\/itsra.net\/wordpress\/wp-content\/uploads\/2019\/03\/puy-de-dome-parapente-min.jpg\" alt=\"\" width=\"593\" height=\"387\" srcset=\"https:\/\/itsra.net\/wordpress\/wp-content\/uploads\/2019\/03\/puy-de-dome-parapente-min.jpg 1024w, https:\/\/itsra.net\/wordpress\/wp-content\/uploads\/2019\/03\/puy-de-dome-parapente-min-300x196.jpg 300w, https:\/\/itsra.net\/wordpress\/wp-content\/uploads\/2019\/03\/puy-de-dome-parapente-min-768x501.jpg 768w\" sizes=\"(max-width: 593px) 100vw, 593px\" \/>&gt; L\u2019ITSRA accueille les \u00e9tudiants dans le cadre de mobilit\u00e9 en respectant le principe de non-discrimination et d\u2019\u00e9galit\u00e9 d\u2019acc\u00e8s aux participants mobiles de tous horizons. Tous les \u00e9tudiants \u00e9trangers ou venus des territoires outre-marins, b\u00e9n\u00e9ficient d\u2019un accompagnement individuel sur place.<\/p>\n<p style=\"text-align: justify;\">&gt; L\u2019ITSRA accueille les \u00e9tudiants \u00e9trangers ou venus des territoires outre-marins, en recherchant un terrain de stage qui correspond le plus possible \u00e0 leurs attentes, en facilitant la recherche de logement (en appartement, colocation, etc.), en vous accueillant directement \u00e0 votre arriv\u00e9e dans la r\u00e9gion.<\/p>\n<p style=\"text-align: justify;\">&gt; L\u2019ITSRA accompagne et soutient les \u00e9tudiants pendant leur p\u00e9riode de mobilit\u00e9 par l\u2019acc\u00e8s aux cours,\u00a0s\u00e9minaires et conf\u00e9rences, par des visites de stage et des rencontres au centre de formation, par des jumelages avec des \u00e9tudiants de l\u2019ITSRA.<\/p>\n<p style=\"text-align: justify;\">&gt; L\u2019ITSRA assure la pleine reconnaissance des activit\u00e9s r\u00e9alis\u00e9es de mani\u00e8re satisfaisante par les \u00e9tudiants \u00e9trangers ou venus des territoires outre-marins.<\/p>\n<p style=\"text-align: justify;\">&gt;L\u2019ITSRA n\u2019exige aucun frais aux \u00e9tudiants qui participent \u00e0 une p\u00e9riode de mobilit\u00e9, que ce soit pour l\u2019inscription, les cours, les examens ou l\u2019acc\u00e8s aux biblioth\u00e8que et centre de ressources.<\/p>\n<p>&nbsp;<\/p>\n<p style=\"text-align: justify;\"><em><u>Attention<\/u>\u00a0: il est demand\u00e9 aux \u00e9tudiants qui souhaitent venir faire un stage ou une p\u00e9riode d\u2019\u00e9tude \u00e0 l\u2019ITSRA d\u2019avoir une pratique usuelle de la langue fran\u00e7aise.<\/em><\/p>\n<p style=\"text-align: justify;\">Pour en savoir plus sur l\u2019accueil des \u00e9tudiants \u00e9trangers ou venus des territoires outre-marins\u00a0: <a href=\"https:\/\/itsra.net\/wordpress\/wp-content\/uploads\/2019\/02\/Accueil-des-\u00e9tudiantsx1.pdf\">cliquez ici<\/a><\/p>\n<p>&nbsp;<\/p>\n<p><strong>Contact : <a href=\"mailto:international@itsra.net\">international@itsra.net\u00a0<\/a><\/strong><\/p>\n<p style=\"text-align: justify;\">\n","protected":false},"excerpt":{"rendered":"<p>Faire un stage dans notre r\u00e9gion ou venir \u00e9tudier \u00e0 l&rsquo;ITSRA Vous \u00eates \u00e9tudiants \u00e0 l\u2019\u00e9tranger et souhaitez venir au c\u0153ur de la France pour d\u00e9couvrir nos terrains d\u2019intervention sociale, nos pratiques professionnelles et notre belle R\u00e9gion\u00a0? Bienvenue \u00e0 vous\u00a0! &gt; L\u2019ITSRA accueille les \u00e9tudiants dans le cadre de mobilit\u00e9 en respectant le principe de&hellip; <br \/> <a class=\"read-more\" href=\"https:\/\/itsra.net\/wordpress\/faire-un-stage-dans-notre-region\/\">Lire la suite<\/a><\/p>\n","protected":false},"author":3,"featured_media":0,"parent":0,"menu_order":0,"comment_status":"closed","ping_status":"closed","template":"","meta":{"om_disable_all_campaigns":false,"_monsterinsights_skip_tracking":false,"_monsterinsights_sitenote_active":false,"_monsterinsights_sitenote_note":"","_monsterinsights_sitenote_category":0,"_uf_show_specific_survey":0,"_uf_disable_surveys":false,"footnotes":""},"class_list":["post-2606","page","type-page","status-publish","hentry"],"aioseo_notices":[],"yoast_head":"<!-- This site is optimized with the Yoast SEO plugin v24.5 - https:\/\/yoast.com\/wordpress\/plugins\/seo\/ -->\n<title>Faire un stage dans notre r\u00e9gion - Institut de Travail Social de la R\u00e9gion Auvergne<\/title>\n<meta name=\"description\" content=\"L\u2019ITSRA accueille les \u00e9tudiants dans le cadre de mobilit\u00e9 en respectant le principe de non-discrimination et d\u2019\u00e9galit\u00e9 d\u2019acc\u00e8s aux participants mobiles de tous horizons. Tous les \u00e9tudiants \u00e9trangers ou venus des territoires outre-marins, b\u00e9n\u00e9ficient d\u2019un accompagnement individuel sur place.\" \/>\n<meta name=\"robots\" content=\"index, follow, max-snippet:-1, max-image-preview:large, max-video-preview:-1\" \/>\n<link rel=\"canonical\" href=\"https:\/\/itsra.net\/wordpress\/faire-un-stage-dans-notre-region\/\" \/>\n<meta property=\"og:locale\" content=\"fr_FR\" \/>\n<meta property=\"og:type\" content=\"article\" \/>\n<meta property=\"og:title\" content=\"Faire un stage dans notre r\u00e9gion - Institut de Travail Social de la R\u00e9gion Auvergne\" \/>\n<meta property=\"og:description\" content=\"L\u2019ITSRA accueille les \u00e9tudiants dans le cadre de mobilit\u00e9 en respectant le principe de non-discrimination et d\u2019\u00e9galit\u00e9 d\u2019acc\u00e8s aux participants mobiles de tous horizons. Tous les \u00e9tudiants \u00e9trangers ou venus des territoires outre-marins, b\u00e9n\u00e9ficient d\u2019un accompagnement individuel sur place.\" \/>\n<meta property=\"og:url\" content=\"https:\/\/itsra.net\/wordpress\/faire-un-stage-dans-notre-region\/\" \/>\n<meta property=\"og:site_name\" content=\"Institut de Travail Social de la R\u00e9gion Auvergne\" \/>\n<meta property=\"article:modified_time\" content=\"2020-05-06T13:32:43+00:00\" \/>\n<meta property=\"og:image\" content=\"http:\/\/itsra.net\/wordpress\/wp-content\/uploads\/2019\/03\/puy-de-dome-parapente-min.jpg\" \/>\n<meta name=\"twitter:card\" content=\"summary_large_image\" \/>\n<meta name=\"twitter:label1\" content=\"Dur\u00e9e de lecture estim\u00e9e\" \/>\n\t<meta name=\"twitter:data1\" content=\"1 minute\" \/>\n<script type=\"application\/ld+json\" class=\"yoast-schema-graph\">{\"@context\":\"https:\/\/schema.org\",\"@graph\":[{\"@type\":\"WebPage\",\"@id\":\"https:\/\/itsra.net\/wordpress\/faire-un-stage-dans-notre-region\/\",\"url\":\"https:\/\/itsra.net\/wordpress\/faire-un-stage-dans-notre-region\/\",\"name\":\"Faire un stage dans notre r\u00e9gion - Institut de Travail Social de la R\u00e9gion Auvergne\",\"isPartOf\":{\"@id\":\"https:\/\/itsra.net\/wordpress\/#website\"},\"primaryImageOfPage\":{\"@id\":\"https:\/\/itsra.net\/wordpress\/faire-un-stage-dans-notre-region\/#primaryimage\"},\"image\":{\"@id\":\"https:\/\/itsra.net\/wordpress\/faire-un-stage-dans-notre-region\/#primaryimage\"},\"thumbnailUrl\":\"http:\/\/itsra.net\/wordpress\/wp-content\/uploads\/2019\/03\/puy-de-dome-parapente-min.jpg\",\"datePublished\":\"2019-02-20T15:17:59+00:00\",\"dateModified\":\"2020-05-06T13:32:43+00:00\",\"description\":\"L\u2019ITSRA accueille les \u00e9tudiants dans le cadre de mobilit\u00e9 en respectant le principe de non-discrimination et d\u2019\u00e9galit\u00e9 d\u2019acc\u00e8s aux participants mobiles de tous horizons. Tous les \u00e9tudiants \u00e9trangers ou venus des territoires outre-marins, b\u00e9n\u00e9ficient d\u2019un accompagnement individuel sur place.\",\"breadcrumb\":{\"@id\":\"https:\/\/itsra.net\/wordpress\/faire-un-stage-dans-notre-region\/#breadcrumb\"},\"inLanguage\":\"fr-FR\",\"potentialAction\":[{\"@type\":\"ReadAction\",\"target\":[\"https:\/\/itsra.net\/wordpress\/faire-un-stage-dans-notre-region\/\"]}]},{\"@type\":\"ImageObject\",\"inLanguage\":\"fr-FR\",\"@id\":\"https:\/\/itsra.net\/wordpress\/faire-un-stage-dans-notre-region\/#primaryimage\",\"url\":\"http:\/\/itsra.net\/wordpress\/wp-content\/uploads\/2019\/03\/puy-de-dome-parapente-min.jpg\",\"contentUrl\":\"http:\/\/itsra.net\/wordpress\/wp-content\/uploads\/2019\/03\/puy-de-dome-parapente-min.jpg\"},{\"@type\":\"BreadcrumbList\",\"@id\":\"https:\/\/itsra.net\/wordpress\/faire-un-stage-dans-notre-region\/#breadcrumb\",\"itemListElement\":[{\"@type\":\"ListItem\",\"position\":1,\"name\":\"Accueil\",\"item\":\"https:\/\/itsra.net\/wordpress\/\"},{\"@type\":\"ListItem\",\"position\":2,\"name\":\"Faire un stage dans notre r\u00e9gion\"}]},{\"@type\":\"WebSite\",\"@id\":\"https:\/\/itsra.net\/wordpress\/#website\",\"url\":\"https:\/\/itsra.net\/wordpress\/\",\"name\":\"Institut de Travail Social de la R\u00e9gion Auvergne\",\"description\":\"\",\"publisher\":{\"@id\":\"https:\/\/itsra.net\/wordpress\/#organization\"},\"potentialAction\":[{\"@type\":\"SearchAction\",\"target\":{\"@type\":\"EntryPoint\",\"urlTemplate\":\"https:\/\/itsra.net\/wordpress\/?s={search_term_string}\"},\"query-input\":{\"@type\":\"PropertyValueSpecification\",\"valueRequired\":true,\"valueName\":\"search_term_string\"}}],\"inLanguage\":\"fr-FR\"},{\"@type\":\"Organization\",\"@id\":\"https:\/\/itsra.net\/wordpress\/#organization\",\"name\":\"Institut de Travail Social de la R\u00e9gion Auvergne\",\"url\":\"https:\/\/itsra.net\/wordpress\/\",\"logo\":{\"@type\":\"ImageObject\",\"inLanguage\":\"fr-FR\",\"@id\":\"https:\/\/itsra.net\/wordpress\/#\/schema\/logo\/image\/\",\"url\":\"http:\/\/itsra.net\/wordpress\/wp-content\/uploads\/2019\/01\/LogoITSRA_PNG_HD.png\",\"contentUrl\":\"http:\/\/itsra.net\/wordpress\/wp-content\/uploads\/2019\/01\/LogoITSRA_PNG_HD.png\",\"width\":1280,\"height\":346,\"caption\":\"Institut de Travail Social de la R\u00e9gion Auvergne\"},\"image\":{\"@id\":\"https:\/\/itsra.net\/wordpress\/#\/schema\/logo\/image\/\"}}]}<\/script>\n<!-- \/ Yoast SEO plugin. -->","yoast_head_json":{"title":"Faire un stage dans notre r\u00e9gion - Institut de Travail Social de la R\u00e9gion Auvergne","description":"L\u2019ITSRA accueille les \u00e9tudiants dans le cadre de mobilit\u00e9 en respectant le principe de non-discrimination et d\u2019\u00e9galit\u00e9 d\u2019acc\u00e8s aux participants mobiles de tous horizons. Tous les \u00e9tudiants \u00e9trangers ou venus des territoires outre-marins, b\u00e9n\u00e9ficient d\u2019un accompagnement individuel sur place.","robots":{"index":"index","follow":"follow","max-snippet":"max-snippet:-1","max-image-preview":"max-image-preview:large","max-video-preview":"max-video-preview:-1"},"canonical":"https:\/\/itsra.net\/wordpress\/faire-un-stage-dans-notre-region\/","og_locale":"fr_FR","og_type":"article","og_title":"Faire un stage dans notre r\u00e9gion - Institut de Travail Social de la R\u00e9gion Auvergne","og_description":"L\u2019ITSRA accueille les \u00e9tudiants dans le cadre de mobilit\u00e9 en respectant le principe de non-discrimination et d\u2019\u00e9galit\u00e9 d\u2019acc\u00e8s aux participants mobiles de tous horizons. Tous les \u00e9tudiants \u00e9trangers ou venus des territoires outre-marins, b\u00e9n\u00e9ficient d\u2019un accompagnement individuel sur place.","og_url":"https:\/\/itsra.net\/wordpress\/faire-un-stage-dans-notre-region\/","og_site_name":"Institut de Travail Social de la R\u00e9gion Auvergne","article_modified_time":"2020-05-06T13:32:43+00:00","og_image":[{"url":"http:\/\/itsra.net\/wordpress\/wp-content\/uploads\/2019\/03\/puy-de-dome-parapente-min.jpg","type":"","width":"","height":""}],"twitter_card":"summary_large_image","twitter_misc":{"Dur\u00e9e de lecture estim\u00e9e":"1 minute"},"schema":{"@context":"https:\/\/schema.org","@graph":[{"@type":"WebPage","@id":"https:\/\/itsra.net\/wordpress\/faire-un-stage-dans-notre-region\/","url":"https:\/\/itsra.net\/wordpress\/faire-un-stage-dans-notre-region\/","name":"Faire un stage dans notre r\u00e9gion - Institut de Travail Social de la R\u00e9gion Auvergne","isPartOf":{"@id":"https:\/\/itsra.net\/wordpress\/#website"},"primaryImageOfPage":{"@id":"https:\/\/itsra.net\/wordpress\/faire-un-stage-dans-notre-region\/#primaryimage"},"image":{"@id":"https:\/\/itsra.net\/wordpress\/faire-un-stage-dans-notre-region\/#primaryimage"},"thumbnailUrl":"http:\/\/itsra.net\/wordpress\/wp-content\/uploads\/2019\/03\/puy-de-dome-parapente-min.jpg","datePublished":"2019-02-20T15:17:59+00:00","dateModified":"2020-05-06T13:32:43+00:00","description":"L\u2019ITSRA accueille les \u00e9tudiants dans le cadre de mobilit\u00e9 en respectant le principe de non-discrimination et d\u2019\u00e9galit\u00e9 d\u2019acc\u00e8s aux participants mobiles de tous horizons. Tous les \u00e9tudiants \u00e9trangers ou venus des territoires outre-marins, b\u00e9n\u00e9ficient d\u2019un accompagnement individuel sur place.","breadcrumb":{"@id":"https:\/\/itsra.net\/wordpress\/faire-un-stage-dans-notre-region\/#breadcrumb"},"inLanguage":"fr-FR","potentialAction":[{"@type":"ReadAction","target":["https:\/\/itsra.net\/wordpress\/faire-un-stage-dans-notre-region\/"]}]},{"@type":"ImageObject","inLanguage":"fr-FR","@id":"https:\/\/itsra.net\/wordpress\/faire-un-stage-dans-notre-region\/#primaryimage","url":"http:\/\/itsra.net\/wordpress\/wp-content\/uploads\/2019\/03\/puy-de-dome-parapente-min.jpg","contentUrl":"http:\/\/itsra.net\/wordpress\/wp-content\/uploads\/2019\/03\/puy-de-dome-parapente-min.jpg"},{"@type":"BreadcrumbList","@id":"https:\/\/itsra.net\/wordpress\/faire-un-stage-dans-notre-region\/#breadcrumb","itemListElement":[{"@type":"ListItem","position":1,"name":"Accueil","item":"https:\/\/itsra.net\/wordpress\/"},{"@type":"ListItem","position":2,"name":"Faire un stage dans notre r\u00e9gion"}]},{"@type":"WebSite","@id":"https:\/\/itsra.net\/wordpress\/#website","url":"https:\/\/itsra.net\/wordpress\/","name":"Institut de Travail Social de la R\u00e9gion Auvergne","description":"","publisher":{"@id":"https:\/\/itsra.net\/wordpress\/#organization"},"potentialAction":[{"@type":"SearchAction","target":{"@type":"EntryPoint","urlTemplate":"https:\/\/itsra.net\/wordpress\/?s={search_term_string}"},"query-input":{"@type":"PropertyValueSpecification","valueRequired":true,"valueName":"search_term_string"}}],"inLanguage":"fr-FR"},{"@type":"Organization","@id":"https:\/\/itsra.net\/wordpress\/#organization","name":"Institut de Travail Social de la R\u00e9gion Auvergne","url":"https:\/\/itsra.net\/wordpress\/","logo":{"@type":"ImageObject","inLanguage":"fr-FR","@id":"https:\/\/itsra.net\/wordpress\/#\/schema\/logo\/image\/","url":"http:\/\/itsra.net\/wordpress\/wp-content\/uploads\/2019\/01\/LogoITSRA_PNG_HD.png","contentUrl":"http:\/\/itsra.net\/wordpress\/wp-content\/uploads\/2019\/01\/LogoITSRA_PNG_HD.png","width":1280,"height":346,"caption":"Institut de Travail Social de la R\u00e9gion Auvergne"},"image":{"@id":"https:\/\/itsra.net\/wordpress\/#\/schema\/logo\/image\/"}}]}},"_links":{"self":[{"href":"https:\/\/itsra.net\/wordpress\/wp-json\/wp\/v2\/pages\/2606","targetHints":{"allow":["GET"]}}],"collection":[{"href":"https:\/\/itsra.net\/wordpress\/wp-json\/wp\/v2\/pages"}],"about":[{"href":"https:\/\/itsra.net\/wordpress\/wp-json\/wp\/v2\/types\/page"}],"author":[{"embeddable":true,"href":"https:\/\/itsra.net\/wordpress\/wp-json\/wp\/v2\/users\/3"}],"replies":[{"embeddable":true,"href":"https:\/\/itsra.net\/wordpress\/wp-json\/wp\/v2\/comments?post=2606"}],"version-history":[{"count":14,"href":"https:\/\/itsra.net\/wordpress\/wp-json\/wp\/v2\/pages\/2606\/revisions"}],"predecessor-version":[{"id":4138,"href":"https:\/\/itsra.net\/wordpress\/wp-json\/wp\/v2\/pages\/2606\/revisions\/4138"}],"wp:attachment":[{"href":"https:\/\/itsra.net\/wordpress\/wp-json\/wp\/v2\/media?parent=2606"}],"curies":[{"name":"wp","href":"https:\/\/api.w.org\/{rel}","templated":true}]}}