{"id":2617,"date":"2019-02-20T16:26:49","date_gmt":"2019-02-20T15:26:49","guid":{"rendered":"http:\/\/itsra.net\/wordpress\/?page_id=2617"},"modified":"2024-03-28T15:07:14","modified_gmt":"2024-03-28T14:07:14","slug":"partenaires-2","status":"publish","type":"page","link":"https:\/\/itsra.net\/wordpress\/partenaires-2\/","title":{"rendered":"Partenaires"},"content":{"rendered":"\t\t<div data-elementor-type=\"wp-page\" data-elementor-id=\"2617\" class=\"elementor elementor-2617\">\n\t\t\t\t\t\t<section class=\"elementor-section elementor-top-section elementor-element elementor-element-f1c01c5 elementor-section-boxed elementor-section-height-default elementor-section-height-default\" data-id=\"f1c01c5\" data-element_type=\"section\">\n\t\t\t\t\t\t<div class=\"elementor-container elementor-column-gap-default\">\n\t\t\t\t\t<div class=\"elementor-column elementor-col-50 elementor-top-column elementor-element elementor-element-e383185\" data-id=\"e383185\" data-element_type=\"column\">\n\t\t\t<div class=\"elementor-widget-wrap elementor-element-populated\">\n\t\t\t\t\t\t<div class=\"elementor-element elementor-element-4b6374a elementor-widget elementor-widget-heading\" data-id=\"4b6374a\" data-element_type=\"widget\" data-widget_type=\"heading.default\">\n\t\t\t\t<div class=\"elementor-widget-container\">\n\t\t\t\t\t<h2 class=\"elementor-heading-title elementor-size-default\"><h4 style=\"margin-bottom: 16px;text-align: justify\"><span><strong>L'ITSRA a la chance de b\u00e9n\u00e9ficier de nombreux partenaires dans le Monde.<\/strong><\/span><\/h4><\/h2>\t\t\t\t<\/div>\n\t\t\t\t<\/div>\n\t\t\t\t<div class=\"elementor-element elementor-element-a59cc36 elementor-widget elementor-widget-text-editor\" data-id=\"a59cc36\" data-element_type=\"widget\" data-widget_type=\"text-editor.default\">\n\t\t\t\t<div class=\"elementor-widget-container\">\n\t\t\t\t\t\t\t\t\t<p>Au niveau p\u00e9dagogique, les partenaires de l&rsquo;ITSRA\u00a0oeuvrent le plus souvent dans <strong>l&rsquo;accueil<\/strong> de nos \u00e9tudiants pour des p\u00e9riodes de stage, pouvant aller de <strong>2 \u00e0 6 mois<\/strong> en fonction des fili\u00e8res d&rsquo;enseignement. Ces partenaires peuvent \u00eatre\u00a0:<\/p><ul><li>Des <strong>terrains de stage<\/strong> dans diff\u00e9rents champs de l&rsquo;intervention sociale et m\u00e9dico-sociale,<\/li><li>Des <strong>\u00e9coles<\/strong>,<strong> hautes-\u00e9coles<\/strong> ou <strong>universit\u00e9s<\/strong>.<\/li><\/ul><p>Ils sont situ\u00e9s en Europe et sur plusieurs continents (Am\u00e9rique du Nord, Am\u00e9rique latine, Afrique, etc.). A titre d&rsquo;exemple, nommons :<\/p><ul><li><strong>En Europe :<\/strong> l&rsquo;Allemagne, la Belgique, la Suisse, la Pologne, la Roumanie, l&rsquo;Italie, l&rsquo;Espagne, la Finlande, etc,<\/li><li><strong>A l&rsquo;international :<\/strong> le Qu\u00e9bec, Madagascar, le P\u00e9rou, le Mexique, le Maroc, etc.<\/li><\/ul><p>Ces partenaires soutiennent \u00e9galement l&rsquo;ITSRA dans la mise en oeuvre de<strong> voyages d&rsquo;\u00e9tude<\/strong> et de <strong>travaux de recherche<\/strong> li\u00e9s aux m\u00e9tiers du social et du m\u00e9dico-social.<\/p>\t\t\t\t\t\t\t\t<\/div>\n\t\t\t\t<\/div>\n\t\t\t\t\t<\/div>\n\t\t<\/div>\n\t\t\t\t<div class=\"elementor-column elementor-col-50 elementor-top-column elementor-element elementor-element-4d61e7f\" data-id=\"4d61e7f\" data-element_type=\"column\">\n\t\t\t<div class=\"elementor-widget-wrap elementor-element-populated\">\n\t\t\t\t\t\t<div class=\"elementor-element elementor-element-62d8065 elementor-widget elementor-widget-image\" data-id=\"62d8065\" data-element_type=\"widget\" data-widget_type=\"image.default\">\n\t\t\t\t<div class=\"elementor-widget-container\">\n\t\t\t\t\t\t\t\t\t\t\t\t\t\t\t<img fetchpriority=\"high\" decoding=\"async\" width=\"550\" height=\"800\" src=\"https:\/\/itsra.net\/wordpress\/wp-content\/uploads\/2024\/03\/Structures-partenaires-International-1.png\" class=\"attachment-large size-large wp-image-10673\" alt=\"Liste\" srcset=\"https:\/\/itsra.net\/wordpress\/wp-content\/uploads\/2024\/03\/Structures-partenaires-International-1.png 550w, https:\/\/itsra.net\/wordpress\/wp-content\/uploads\/2024\/03\/Structures-partenaires-International-1-206x300.png 206w\" sizes=\"(max-width: 550px) 100vw, 550px\" \/>\t\t\t\t\t\t\t\t\t\t\t\t\t\t\t<\/div>\n\t\t\t\t<\/div>\n\t\t\t\t\t<\/div>\n\t\t<\/div>\n\t\t\t\t\t<\/div>\n\t\t<\/section>\n\t\t\t\t<\/div>\n\t\t","protected":false},"excerpt":{"rendered":"<p>L&rsquo;ITSRA a la chance de b\u00e9n\u00e9ficier de nombreux partenaires dans le Monde. Au niveau p\u00e9dagogique, les partenaires de l&rsquo;ITSRA\u00a0oeuvrent le plus souvent dans l&rsquo;accueil de nos \u00e9tudiants pour des p\u00e9riodes de stage, pouvant aller de 2 \u00e0 6 mois en fonction des fili\u00e8res d&rsquo;enseignement. Ces partenaires peuvent \u00eatre\u00a0: Des terrains de stage dans diff\u00e9rents champs&hellip; <br \/> <a class=\"read-more\" href=\"https:\/\/itsra.net\/wordpress\/partenaires-2\/\">Lire la suite<\/a><\/p>\n","protected":false},"author":3,"featured_media":0,"parent":0,"menu_order":0,"comment_status":"closed","ping_status":"closed","template":"","meta":{"om_disable_all_campaigns":false,"_monsterinsights_skip_tracking":false,"_monsterinsights_sitenote_active":false,"_monsterinsights_sitenote_note":"","_monsterinsights_sitenote_category":0,"_uf_show_specific_survey":0,"_uf_disable_surveys":false,"footnotes":""},"class_list":["post-2617","page","type-page","status-publish","hentry"],"aioseo_notices":[],"yoast_head":"<!-- This site is optimized with the Yoast SEO plugin v24.5 - https:\/\/yoast.com\/wordpress\/plugins\/seo\/ -->\n<title>Partenaires - Institut de Travail Social de la R\u00e9gion Auvergne<\/title>\n<meta name=\"robots\" content=\"index, follow, max-snippet:-1, max-image-preview:large, max-video-preview:-1\" \/>\n<link rel=\"canonical\" href=\"https:\/\/itsra.net\/wordpress\/partenaires-2\/\" \/>\n<meta property=\"og:locale\" content=\"fr_FR\" \/>\n<meta property=\"og:type\" content=\"article\" \/>\n<meta property=\"og:title\" content=\"Partenaires - Institut de Travail Social de la R\u00e9gion Auvergne\" \/>\n<meta property=\"og:description\" content=\"L&rsquo;ITSRA a la chance de b\u00e9n\u00e9ficier de nombreux partenaires dans le Monde. Au niveau p\u00e9dagogique, les partenaires de l&rsquo;ITSRA\u00a0oeuvrent le plus souvent dans l&rsquo;accueil de nos \u00e9tudiants pour des p\u00e9riodes de stage, pouvant aller de 2 \u00e0 6 mois en fonction des fili\u00e8res d&rsquo;enseignement. Ces partenaires peuvent \u00eatre\u00a0: Des terrains de stage dans diff\u00e9rents champs&hellip; Lire la suite\" \/>\n<meta property=\"og:url\" content=\"https:\/\/itsra.net\/wordpress\/partenaires-2\/\" \/>\n<meta property=\"og:site_name\" content=\"Institut de Travail Social de la R\u00e9gion Auvergne\" \/>\n<meta property=\"article:modified_time\" content=\"2024-03-28T14:07:14+00:00\" \/>\n<meta property=\"og:image\" content=\"https:\/\/itsra.net\/wordpress\/wp-content\/uploads\/2024\/03\/Structures-partenaires-International-1.png\" \/>\n<meta name=\"twitter:card\" content=\"summary_large_image\" \/>\n<meta name=\"twitter:label1\" content=\"Dur\u00e9e de lecture estim\u00e9e\" \/>\n\t<meta name=\"twitter:data1\" content=\"1 minute\" \/>\n<script type=\"application\/ld+json\" class=\"yoast-schema-graph\">{\"@context\":\"https:\/\/schema.org\",\"@graph\":[{\"@type\":\"WebPage\",\"@id\":\"https:\/\/itsra.net\/wordpress\/partenaires-2\/\",\"url\":\"https:\/\/itsra.net\/wordpress\/partenaires-2\/\",\"name\":\"Partenaires - Institut de Travail Social de la R\u00e9gion Auvergne\",\"isPartOf\":{\"@id\":\"https:\/\/itsra.net\/wordpress\/#website\"},\"primaryImageOfPage\":{\"@id\":\"https:\/\/itsra.net\/wordpress\/partenaires-2\/#primaryimage\"},\"image\":{\"@id\":\"https:\/\/itsra.net\/wordpress\/partenaires-2\/#primaryimage\"},\"thumbnailUrl\":\"https:\/\/itsra.net\/wordpress\/wp-content\/uploads\/2024\/03\/Structures-partenaires-International-1.png\",\"datePublished\":\"2019-02-20T15:26:49+00:00\",\"dateModified\":\"2024-03-28T14:07:14+00:00\",\"breadcrumb\":{\"@id\":\"https:\/\/itsra.net\/wordpress\/partenaires-2\/#breadcrumb\"},\"inLanguage\":\"fr-FR\",\"potentialAction\":[{\"@type\":\"ReadAction\",\"target\":[\"https:\/\/itsra.net\/wordpress\/partenaires-2\/\"]}]},{\"@type\":\"ImageObject\",\"inLanguage\":\"fr-FR\",\"@id\":\"https:\/\/itsra.net\/wordpress\/partenaires-2\/#primaryimage\",\"url\":\"https:\/\/itsra.net\/wordpress\/wp-content\/uploads\/2024\/03\/Structures-partenaires-International-1.png\",\"contentUrl\":\"https:\/\/itsra.net\/wordpress\/wp-content\/uploads\/2024\/03\/Structures-partenaires-International-1.png\",\"width\":550,\"height\":800,\"caption\":\"Liste\"},{\"@type\":\"BreadcrumbList\",\"@id\":\"https:\/\/itsra.net\/wordpress\/partenaires-2\/#breadcrumb\",\"itemListElement\":[{\"@type\":\"ListItem\",\"position\":1,\"name\":\"Accueil\",\"item\":\"https:\/\/itsra.net\/wordpress\/\"},{\"@type\":\"ListItem\",\"position\":2,\"name\":\"Partenaires\"}]},{\"@type\":\"WebSite\",\"@id\":\"https:\/\/itsra.net\/wordpress\/#website\",\"url\":\"https:\/\/itsra.net\/wordpress\/\",\"name\":\"Institut de Travail Social de la R\u00e9gion Auvergne\",\"description\":\"\",\"publisher\":{\"@id\":\"https:\/\/itsra.net\/wordpress\/#organization\"},\"potentialAction\":[{\"@type\":\"SearchAction\",\"target\":{\"@type\":\"EntryPoint\",\"urlTemplate\":\"https:\/\/itsra.net\/wordpress\/?s={search_term_string}\"},\"query-input\":{\"@type\":\"PropertyValueSpecification\",\"valueRequired\":true,\"valueName\":\"search_term_string\"}}],\"inLanguage\":\"fr-FR\"},{\"@type\":\"Organization\",\"@id\":\"https:\/\/itsra.net\/wordpress\/#organization\",\"name\":\"Institut de Travail Social de la R\u00e9gion Auvergne\",\"url\":\"https:\/\/itsra.net\/wordpress\/\",\"logo\":{\"@type\":\"ImageObject\",\"inLanguage\":\"fr-FR\",\"@id\":\"https:\/\/itsra.net\/wordpress\/#\/schema\/logo\/image\/\",\"url\":\"http:\/\/itsra.net\/wordpress\/wp-content\/uploads\/2019\/01\/LogoITSRA_PNG_HD.png\",\"contentUrl\":\"http:\/\/itsra.net\/wordpress\/wp-content\/uploads\/2019\/01\/LogoITSRA_PNG_HD.png\",\"width\":1280,\"height\":346,\"caption\":\"Institut de Travail Social de la R\u00e9gion Auvergne\"},\"image\":{\"@id\":\"https:\/\/itsra.net\/wordpress\/#\/schema\/logo\/image\/\"}}]}<\/script>\n<!-- \/ Yoast SEO plugin. -->","yoast_head_json":{"title":"Partenaires - Institut de Travail Social de la R\u00e9gion Auvergne","robots":{"index":"index","follow":"follow","max-snippet":"max-snippet:-1","max-image-preview":"max-image-preview:large","max-video-preview":"max-video-preview:-1"},"canonical":"https:\/\/itsra.net\/wordpress\/partenaires-2\/","og_locale":"fr_FR","og_type":"article","og_title":"Partenaires - Institut de Travail Social de la R\u00e9gion Auvergne","og_description":"L&rsquo;ITSRA a la chance de b\u00e9n\u00e9ficier de nombreux partenaires dans le Monde. Au niveau p\u00e9dagogique, les partenaires de l&rsquo;ITSRA\u00a0oeuvrent le plus souvent dans l&rsquo;accueil de nos \u00e9tudiants pour des p\u00e9riodes de stage, pouvant aller de 2 \u00e0 6 mois en fonction des fili\u00e8res d&rsquo;enseignement. Ces partenaires peuvent \u00eatre\u00a0: Des terrains de stage dans diff\u00e9rents champs&hellip; Lire la suite","og_url":"https:\/\/itsra.net\/wordpress\/partenaires-2\/","og_site_name":"Institut de Travail Social de la R\u00e9gion Auvergne","article_modified_time":"2024-03-28T14:07:14+00:00","og_image":[{"url":"https:\/\/itsra.net\/wordpress\/wp-content\/uploads\/2024\/03\/Structures-partenaires-International-1.png","type":"","width":"","height":""}],"twitter_card":"summary_large_image","twitter_misc":{"Dur\u00e9e de lecture estim\u00e9e":"1 minute"},"schema":{"@context":"https:\/\/schema.org","@graph":[{"@type":"WebPage","@id":"https:\/\/itsra.net\/wordpress\/partenaires-2\/","url":"https:\/\/itsra.net\/wordpress\/partenaires-2\/","name":"Partenaires - Institut de Travail Social de la R\u00e9gion Auvergne","isPartOf":{"@id":"https:\/\/itsra.net\/wordpress\/#website"},"primaryImageOfPage":{"@id":"https:\/\/itsra.net\/wordpress\/partenaires-2\/#primaryimage"},"image":{"@id":"https:\/\/itsra.net\/wordpress\/partenaires-2\/#primaryimage"},"thumbnailUrl":"https:\/\/itsra.net\/wordpress\/wp-content\/uploads\/2024\/03\/Structures-partenaires-International-1.png","datePublished":"2019-02-20T15:26:49+00:00","dateModified":"2024-03-28T14:07:14+00:00","breadcrumb":{"@id":"https:\/\/itsra.net\/wordpress\/partenaires-2\/#breadcrumb"},"inLanguage":"fr-FR","potentialAction":[{"@type":"ReadAction","target":["https:\/\/itsra.net\/wordpress\/partenaires-2\/"]}]},{"@type":"ImageObject","inLanguage":"fr-FR","@id":"https:\/\/itsra.net\/wordpress\/partenaires-2\/#primaryimage","url":"https:\/\/itsra.net\/wordpress\/wp-content\/uploads\/2024\/03\/Structures-partenaires-International-1.png","contentUrl":"https:\/\/itsra.net\/wordpress\/wp-content\/uploads\/2024\/03\/Structures-partenaires-International-1.png","width":550,"height":800,"caption":"Liste"},{"@type":"BreadcrumbList","@id":"https:\/\/itsra.net\/wordpress\/partenaires-2\/#breadcrumb","itemListElement":[{"@type":"ListItem","position":1,"name":"Accueil","item":"https:\/\/itsra.net\/wordpress\/"},{"@type":"ListItem","position":2,"name":"Partenaires"}]},{"@type":"WebSite","@id":"https:\/\/itsra.net\/wordpress\/#website","url":"https:\/\/itsra.net\/wordpress\/","name":"Institut de Travail Social de la R\u00e9gion Auvergne","description":"","publisher":{"@id":"https:\/\/itsra.net\/wordpress\/#organization"},"potentialAction":[{"@type":"SearchAction","target":{"@type":"EntryPoint","urlTemplate":"https:\/\/itsra.net\/wordpress\/?s={search_term_string}"},"query-input":{"@type":"PropertyValueSpecification","valueRequired":true,"valueName":"search_term_string"}}],"inLanguage":"fr-FR"},{"@type":"Organization","@id":"https:\/\/itsra.net\/wordpress\/#organization","name":"Institut de Travail Social de la R\u00e9gion Auvergne","url":"https:\/\/itsra.net\/wordpress\/","logo":{"@type":"ImageObject","inLanguage":"fr-FR","@id":"https:\/\/itsra.net\/wordpress\/#\/schema\/logo\/image\/","url":"http:\/\/itsra.net\/wordpress\/wp-content\/uploads\/2019\/01\/LogoITSRA_PNG_HD.png","contentUrl":"http:\/\/itsra.net\/wordpress\/wp-content\/uploads\/2019\/01\/LogoITSRA_PNG_HD.png","width":1280,"height":346,"caption":"Institut de Travail Social de la R\u00e9gion Auvergne"},"image":{"@id":"https:\/\/itsra.net\/wordpress\/#\/schema\/logo\/image\/"}}]}},"_links":{"self":[{"href":"https:\/\/itsra.net\/wordpress\/wp-json\/wp\/v2\/pages\/2617","targetHints":{"allow":["GET"]}}],"collection":[{"href":"https:\/\/itsra.net\/wordpress\/wp-json\/wp\/v2\/pages"}],"about":[{"href":"https:\/\/itsra.net\/wordpress\/wp-json\/wp\/v2\/types\/page"}],"author":[{"embeddable":true,"href":"https:\/\/itsra.net\/wordpress\/wp-json\/wp\/v2\/users\/3"}],"replies":[{"embeddable":true,"href":"https:\/\/itsra.net\/wordpress\/wp-json\/wp\/v2\/comments?post=2617"}],"version-history":[{"count":11,"href":"https:\/\/itsra.net\/wordpress\/wp-json\/wp\/v2\/pages\/2617\/revisions"}],"predecessor-version":[{"id":10676,"href":"https:\/\/itsra.net\/wordpress\/wp-json\/wp\/v2\/pages\/2617\/revisions\/10676"}],"wp:attachment":[{"href":"https:\/\/itsra.net\/wordpress\/wp-json\/wp\/v2\/media?parent=2617"}],"curies":[{"name":"wp","href":"https:\/\/api.w.org\/{rel}","templated":true}]}}