{"id":2918,"date":"2019-03-04T14:22:19","date_gmt":"2019-03-04T13:22:19","guid":{"rendered":"http:\/\/itsra.net\/wordpress\/?page_id=2918"},"modified":"2025-09-29T11:15:59","modified_gmt":"2025-09-29T09:15:59","slug":"liens","status":"publish","type":"page","link":"https:\/\/itsra.net\/wordpress\/liens\/","title":{"rendered":"CONNEXION &#038; INSCRIPTION"},"content":{"rendered":"<div  data-label=\"Features\" data-id=\"features--2\" data-export-id=\"features-13-card-bordered\" data-category=\"features\" class=\"features-13 content-section content-section-spacing content-relative\" id=\"features-2\" style=\"background-color: rgb(255, 255, 255);\"><div  class=\"gridContainer\"><div  data-section-title-area=\"true\" class=\"row text-center\">   <div  class=\"section-title-col\" data-type=\"column\">                 <\/div><\/div>  <div  class=\"row spaced-cols content-center-sm\" data-type=\"row\"> <div  class=\"col-sm-4 col-md-6 \"> <div  class=\"card bordered y-move\" data-type=\"column\"> <i  class=\"fa icon fa-share-square-o reverse round big color10\"><\/i> <h4  class=\"\"><a  data-mce-href=\"https:\/\/itsranet.itsra.net\" href=\"https:\/\/itsranet.itsra.net\" target=\"_self\" data-mce-selected=\"inline-boundary\" data-cp-link=\"1\" class=\"\" rel=\"noopener noreferrer\">Acc\u00e8s \u00e0 ITSRANET\ufeff<\/a><\/h4>  <\/div> <\/div><div  class=\"col-sm-4 col-md-6 \"> <div  class=\"card bordered y-move\" data-type=\"column\"> <i  class=\"fa icon fa-share-square-o reverse round big color10\"><\/i> <h4  class=\"\"><a  data-mce-href=\"http:\/\/www.documents.itsra.net\/\" href=\"http:\/\/www.documents.itsra.net\" target=\"_self\" data-mce-selected=\"inline-boundary\" data-cp-link=\"1\" class=\"\" rel=\"noopener noreferrer\"><\/a><a  href=\"https:\/\/www.parcoursup.fr\" target=\"_self\" data-mce-href=\"https:\/\/www.parcoursup.fr\/\" data-mce-selected=\"inline-boundary\" data-cp-link=\"1\" class=\"\" rel=\"noopener noreferrer\">Acc\u00e8s \u00e0 Parcoursup<\/a><\/h4>  <\/div> <\/div>  <\/div> <\/div><\/div><div  data-label=\"Cta\" data-id=\"cta--2\" data-export-id=\"cta-blue-section\" data-category=\"cta\" class=\"cta-blue-section content-section content-section-spacing-medium bg-color1 white-text\" id=\"cta-2\"><div  class=\"gridContainer\"> <div  class=\"row middle-xs\"><div  class=\"col-sm-8 space-bottom-xs\" data-type=\"column\"> <h2  class=\"\">Comment s\u2019inscrire \u00e0 nos formations \n<br >hors Parcoursup (via \u00ab&nbsp;ITSRANET&nbsp;\u00bb) ?&nbsp;<\/h2> <p  class=\"\">Toutes les r\u00e9ponses \u00e0 vos questions se trouvent dans la notice explicative !<\/p><\/div> <div  class=\"col-sm-4 end-sm\" data-type=\"column\"> <a  class=\"button color2\" href=\"https:\/\/itsra.net\/wordpress\/wp-content\/uploads\/2025\/09\/M2_E_Notice-Explicative-Candidature-ITSRANET_2025_09_29_V2.pdf\" target=\"_blank\" data-cp-link=\"1\" data-icon=\"\" rel=\"noopener noreferrer\">Notice explicative<\/a><\/div> <\/div><\/div> <\/div><div  data-label=\"Cta\" data-id=\"cta--3\" data-export-id=\"cta-centered-section-grid\" data-category=\"cta\" class=\"cta-centered-section-grid content-section content-section-spacing-medium bg-color1 white-text\" id=\"cta-3\" style=\"background-image: none; background-color: rgb(255, 255, 255);\"><div  class=\"gridContainer\"> <div  class=\"row text-center\"><div  class=\"col-xs-12 col-sm-10 col-sm-offset-1 col-md-8 col-md-offset-2\" data-type=\"column\">   <\/div> <\/div><\/div> <\/div>","protected":false},"excerpt":{"rendered":"<p>Acc\u00e8s \u00e0 ITSRANET\ufeff Acc\u00e8s \u00e0 Parcoursup Comment s\u2019inscrire \u00e0 nos formations hors Parcoursup (via \u00ab&nbsp;ITSRANET&nbsp;\u00bb) ?&nbsp; Toutes les r\u00e9ponses \u00e0 vos questions se trouvent dans la notice explicative ! Notice explicative<\/p>\n","protected":false},"author":3,"featured_media":0,"parent":0,"menu_order":0,"comment_status":"closed","ping_status":"closed","template":"pro\/page-templates\/full-width-page.php","meta":{"om_disable_all_campaigns":false,"_monsterinsights_skip_tracking":false,"_monsterinsights_sitenote_active":false,"_monsterinsights_sitenote_note":"","_monsterinsights_sitenote_category":0,"_uf_show_specific_survey":0,"_uf_disable_surveys":false,"footnotes":""},"class_list":["post-2918","page","type-page","status-publish","hentry"],"aioseo_notices":[],"yoast_head":"<!-- This site is optimized with the Yoast SEO plugin v24.5 - https:\/\/yoast.com\/wordpress\/plugins\/seo\/ -->\n<title>CONNEXION &amp; INSCRIPTION - Institut de Travail Social de la R\u00e9gion Auvergne<\/title>\n<meta name=\"robots\" content=\"index, follow, max-snippet:-1, max-image-preview:large, max-video-preview:-1\" \/>\n<link rel=\"canonical\" href=\"https:\/\/itsra.net\/wordpress\/liens\/\" \/>\n<meta property=\"og:locale\" content=\"fr_FR\" \/>\n<meta property=\"og:type\" content=\"article\" \/>\n<meta property=\"og:title\" content=\"CONNEXION &amp; INSCRIPTION - Institut de Travail Social de la R\u00e9gion Auvergne\" \/>\n<meta property=\"og:description\" content=\"Acc\u00e8s \u00e0 ITSRANET\ufeff Acc\u00e8s \u00e0 Parcoursup Comment s\u2019inscrire \u00e0 nos formations hors Parcoursup (via \u00ab&nbsp;ITSRANET&nbsp;\u00bb) ?&nbsp; Toutes les r\u00e9ponses \u00e0 vos questions se trouvent dans la notice explicative ! Notice explicative\" \/>\n<meta property=\"og:url\" content=\"https:\/\/itsra.net\/wordpress\/liens\/\" \/>\n<meta property=\"og:site_name\" content=\"Institut de Travail Social de la R\u00e9gion Auvergne\" \/>\n<meta property=\"article:modified_time\" content=\"2025-09-29T09:15:59+00:00\" \/>\n<meta name=\"twitter:card\" content=\"summary_large_image\" \/>\n<script type=\"application\/ld+json\" class=\"yoast-schema-graph\">{\"@context\":\"https:\/\/schema.org\",\"@graph\":[{\"@type\":\"WebPage\",\"@id\":\"https:\/\/itsra.net\/wordpress\/liens\/\",\"url\":\"https:\/\/itsra.net\/wordpress\/liens\/\",\"name\":\"CONNEXION & INSCRIPTION - Institut de Travail Social de la R\u00e9gion Auvergne\",\"isPartOf\":{\"@id\":\"https:\/\/itsra.net\/wordpress\/#website\"},\"datePublished\":\"2019-03-04T13:22:19+00:00\",\"dateModified\":\"2025-09-29T09:15:59+00:00\",\"breadcrumb\":{\"@id\":\"https:\/\/itsra.net\/wordpress\/liens\/#breadcrumb\"},\"inLanguage\":\"fr-FR\",\"potentialAction\":[{\"@type\":\"ReadAction\",\"target\":[\"https:\/\/itsra.net\/wordpress\/liens\/\"]}]},{\"@type\":\"BreadcrumbList\",\"@id\":\"https:\/\/itsra.net\/wordpress\/liens\/#breadcrumb\",\"itemListElement\":[{\"@type\":\"ListItem\",\"position\":1,\"name\":\"Accueil\",\"item\":\"https:\/\/itsra.net\/wordpress\/\"},{\"@type\":\"ListItem\",\"position\":2,\"name\":\"CONNEXION &#038; INSCRIPTION\"}]},{\"@type\":\"WebSite\",\"@id\":\"https:\/\/itsra.net\/wordpress\/#website\",\"url\":\"https:\/\/itsra.net\/wordpress\/\",\"name\":\"Institut de Travail Social de la R\u00e9gion Auvergne\",\"description\":\"\",\"publisher\":{\"@id\":\"https:\/\/itsra.net\/wordpress\/#organization\"},\"potentialAction\":[{\"@type\":\"SearchAction\",\"target\":{\"@type\":\"EntryPoint\",\"urlTemplate\":\"https:\/\/itsra.net\/wordpress\/?s={search_term_string}\"},\"query-input\":{\"@type\":\"PropertyValueSpecification\",\"valueRequired\":true,\"valueName\":\"search_term_string\"}}],\"inLanguage\":\"fr-FR\"},{\"@type\":\"Organization\",\"@id\":\"https:\/\/itsra.net\/wordpress\/#organization\",\"name\":\"Institut de Travail Social de la R\u00e9gion Auvergne\",\"url\":\"https:\/\/itsra.net\/wordpress\/\",\"logo\":{\"@type\":\"ImageObject\",\"inLanguage\":\"fr-FR\",\"@id\":\"https:\/\/itsra.net\/wordpress\/#\/schema\/logo\/image\/\",\"url\":\"http:\/\/itsra.net\/wordpress\/wp-content\/uploads\/2019\/01\/LogoITSRA_PNG_HD.png\",\"contentUrl\":\"http:\/\/itsra.net\/wordpress\/wp-content\/uploads\/2019\/01\/LogoITSRA_PNG_HD.png\",\"width\":1280,\"height\":346,\"caption\":\"Institut de Travail Social de la R\u00e9gion Auvergne\"},\"image\":{\"@id\":\"https:\/\/itsra.net\/wordpress\/#\/schema\/logo\/image\/\"}}]}<\/script>\n<!-- \/ Yoast SEO plugin. -->","yoast_head_json":{"title":"CONNEXION & INSCRIPTION - Institut de Travail Social de la R\u00e9gion Auvergne","robots":{"index":"index","follow":"follow","max-snippet":"max-snippet:-1","max-image-preview":"max-image-preview:large","max-video-preview":"max-video-preview:-1"},"canonical":"https:\/\/itsra.net\/wordpress\/liens\/","og_locale":"fr_FR","og_type":"article","og_title":"CONNEXION & INSCRIPTION - Institut de Travail Social de la R\u00e9gion Auvergne","og_description":"Acc\u00e8s \u00e0 ITSRANET\ufeff Acc\u00e8s \u00e0 Parcoursup Comment s\u2019inscrire \u00e0 nos formations hors Parcoursup (via \u00ab&nbsp;ITSRANET&nbsp;\u00bb) ?&nbsp; Toutes les r\u00e9ponses \u00e0 vos questions se trouvent dans la notice explicative ! Notice explicative","og_url":"https:\/\/itsra.net\/wordpress\/liens\/","og_site_name":"Institut de Travail Social de la R\u00e9gion Auvergne","article_modified_time":"2025-09-29T09:15:59+00:00","twitter_card":"summary_large_image","schema":{"@context":"https:\/\/schema.org","@graph":[{"@type":"WebPage","@id":"https:\/\/itsra.net\/wordpress\/liens\/","url":"https:\/\/itsra.net\/wordpress\/liens\/","name":"CONNEXION & INSCRIPTION - Institut de Travail Social de la R\u00e9gion Auvergne","isPartOf":{"@id":"https:\/\/itsra.net\/wordpress\/#website"},"datePublished":"2019-03-04T13:22:19+00:00","dateModified":"2025-09-29T09:15:59+00:00","breadcrumb":{"@id":"https:\/\/itsra.net\/wordpress\/liens\/#breadcrumb"},"inLanguage":"fr-FR","potentialAction":[{"@type":"ReadAction","target":["https:\/\/itsra.net\/wordpress\/liens\/"]}]},{"@type":"BreadcrumbList","@id":"https:\/\/itsra.net\/wordpress\/liens\/#breadcrumb","itemListElement":[{"@type":"ListItem","position":1,"name":"Accueil","item":"https:\/\/itsra.net\/wordpress\/"},{"@type":"ListItem","position":2,"name":"CONNEXION &#038; INSCRIPTION"}]},{"@type":"WebSite","@id":"https:\/\/itsra.net\/wordpress\/#website","url":"https:\/\/itsra.net\/wordpress\/","name":"Institut de Travail Social de la R\u00e9gion Auvergne","description":"","publisher":{"@id":"https:\/\/itsra.net\/wordpress\/#organization"},"potentialAction":[{"@type":"SearchAction","target":{"@type":"EntryPoint","urlTemplate":"https:\/\/itsra.net\/wordpress\/?s={search_term_string}"},"query-input":{"@type":"PropertyValueSpecification","valueRequired":true,"valueName":"search_term_string"}}],"inLanguage":"fr-FR"},{"@type":"Organization","@id":"https:\/\/itsra.net\/wordpress\/#organization","name":"Institut de Travail Social de la R\u00e9gion Auvergne","url":"https:\/\/itsra.net\/wordpress\/","logo":{"@type":"ImageObject","inLanguage":"fr-FR","@id":"https:\/\/itsra.net\/wordpress\/#\/schema\/logo\/image\/","url":"http:\/\/itsra.net\/wordpress\/wp-content\/uploads\/2019\/01\/LogoITSRA_PNG_HD.png","contentUrl":"http:\/\/itsra.net\/wordpress\/wp-content\/uploads\/2019\/01\/LogoITSRA_PNG_HD.png","width":1280,"height":346,"caption":"Institut de Travail Social de la R\u00e9gion Auvergne"},"image":{"@id":"https:\/\/itsra.net\/wordpress\/#\/schema\/logo\/image\/"}}]}},"_links":{"self":[{"href":"https:\/\/itsra.net\/wordpress\/wp-json\/wp\/v2\/pages\/2918","targetHints":{"allow":["GET"]}}],"collection":[{"href":"https:\/\/itsra.net\/wordpress\/wp-json\/wp\/v2\/pages"}],"about":[{"href":"https:\/\/itsra.net\/wordpress\/wp-json\/wp\/v2\/types\/page"}],"author":[{"embeddable":true,"href":"https:\/\/itsra.net\/wordpress\/wp-json\/wp\/v2\/users\/3"}],"replies":[{"embeddable":true,"href":"https:\/\/itsra.net\/wordpress\/wp-json\/wp\/v2\/comments?post=2918"}],"version-history":[{"count":21,"href":"https:\/\/itsra.net\/wordpress\/wp-json\/wp\/v2\/pages\/2918\/revisions"}],"predecessor-version":[{"id":12856,"href":"https:\/\/itsra.net\/wordpress\/wp-json\/wp\/v2\/pages\/2918\/revisions\/12856"}],"wp:attachment":[{"href":"https:\/\/itsra.net\/wordpress\/wp-json\/wp\/v2\/media?parent=2918"}],"curies":[{"name":"wp","href":"https:\/\/api.w.org\/{rel}","templated":true}]}}