{"id":352,"date":"2018-07-04T16:11:35","date_gmt":"2018-07-04T14:11:35","guid":{"rendered":"http:\/\/itsra.net\/wordpress\/?page_id=352"},"modified":"2024-10-08T11:02:49","modified_gmt":"2024-10-08T09:02:49","slug":"formations-social","status":"publish","type":"page","link":"https:\/\/itsra.net\/wordpress\/formations-social\/","title":{"rendered":"FORMATIONS"},"content":{"rendered":"<div  data-label=\"Features\" data-id=\"features--1\" data-export-id=\"features-13-card-bordered\" data-category=\"features\" class=\"features-13 content-section content-section-spacing section-title-col- content-relative\" id=\"features-1\" style=\"background-color: rgb(255, 255, 255); background-image: none;\"><div  class=\"gridContainer\"> <div  class=\"row text-center\"><div  class=\"section-title-col\" data-type=\"column\"> <h2  class=\"\">D\u00e9couvrez nos formations du social et m\u00e9dico-social, \nd\u2019infra BAC \u00e0 BAC+5<\/h2> <\/div> <\/div> <div  class=\"row spaced-cols content-center-sm\" data-type=\"row\"> <div  class=\"col-sm-4 col-md-4 \"> <div  class=\"card bordered y-move\" data-type=\"column\">  <h4  class=\"\"><a href=\"https:\/\/itsra.net\/wordpress\/accompagnant-educatif-et-social-aes\" target=\"_blank\" rel=\"noopener\" data-mce-href=\"..\/accompagnant-educatif-et-social-aes\/\" data-mce-selected=\"inline-boundary\" data-cp-link=\"1\">Accompagnant Educatif et Social\ufeff<\/a>&nbsp;(AES)<\/h4>  <\/div> <\/div> <div  class=\"col-sm-4 col-md-4 \"> <div  class=\"card bordered y-move\" data-type=\"column\">  <h4  class=\"\"><a data-cp-link=\"1\" data-mce-href=\"assistant-service-social\/\" href=\"https:\/\/itsra.net\/wordpress\/formations-social\/assistant-service-social\" target=\"_self\" data-mce-selected=\"inline-boundary\" rel=\"noopener noreferrer\"><span  style=\"font-weight: 400;\">Assistant de service social<\/span><\/a>&nbsp;(ASS)<\/h4>  <\/div> <\/div> <div  class=\"col-sm-4 col-md-4 \"> <div  class=\"card bordered y-move\" data-type=\"column\">  <h4  class=\"\"><a data-cp-link=\"1\" data-mce-href=\"..\/assistant-de-soins-en-gerontologie\/\" href=\"https:\/\/itsra.net\/wordpress\/assistant-de-soins-en-gerontologie\" target=\"_self\" data-mce-selected=\"inline-boundary\" rel=\"noopener noreferrer\"><span  style=\"font-weight: 400;\">Assistant de soins en g\u00e9rontologie<\/span><\/a>&nbsp;(ASG)<\/h4>  <\/div> <\/div><div  class=\"col-sm-4 col-md-4 \"> <div  class=\"card bordered y-move\" data-type=\"column\">  <h4  class=\"\"><span  style=\"font-weight: 400;\"><a data-mce-href=\"..\/assistant-familial\/\" href=\"https:\/\/itsra.net\/wordpress\/assistant-familial\" target=\"_self\" data-mce-selected=\"inline-boundary\" data-cp-link=\"1\" rel=\"noopener noreferrer\">Assistant familial<\/a><\/span> (AF)<\/h4>  <\/div> <\/div><div  class=\"col-sm-4 col-md-4 \"> <div  class=\"card bordered y-move\" data-type=\"column\">  <h4  class=\"\"><a data-cp-link=\"1\" data-mce-href=\"..\/assistant-maternel\/\" href=\"https:\/\/itsra.net\/wordpress\/assistant-maternel\" target=\"_self\" data-mce-selected=\"inline-boundary\" rel=\"noopener noreferrer\"><span  style=\"font-weight: 400;\">Assistant maternel<\/span><\/a>&nbsp;(AM)<\/h4>  <\/div> <\/div><div  class=\"col-sm-4 col-md-4\"> <div  class=\"card bordered y-move\" data-type=\"column\">  <h4  class=\"\"><span  style=\"font-weight: 400;\"><a data-mce-href=\"..\/technicien-de-lintervention-sociale-et-familiale-tisf\/\" href=\"https:\/\/itsra.net\/wordpress\/technicien-de-lintervention-sociale-et-familiale-tisf\" target=\"_self\" data-mce-selected=\"inline-boundary\" data-cp-link=\"1\" rel=\"noopener noreferrer\">Technicien de l\u2019intervention sociale et familiale (TISF)\ufeff<\/a><\/span><\/h4>  <\/div> <\/div><div  class=\"col-sm-4 col-md-4 \"> <div  class=\"card bordered y-move\" data-type=\"column\">  <h4  class=\"\"><a data-mce-href=\"..\/cadre-et-responsable-dunite-caferuis\/\" href=\"https:\/\/itsra.net\/wordpress\/cadre-et-responsable-dunite-caferuis\" target=\"_self\" data-mce-selected=\"inline-boundary\" data-cp-link=\"1\" rel=\"noopener noreferrer\"><span  style=\"font-weight: 400;\">Cadre et responsable d\u2019unit\u00e9<\/span><\/a> (CAFERUIS)<\/h4>  <\/div> <\/div><div  class=\"col-sm-4 col-md-4 \"> <div  class=\"card bordered y-move\" data-type=\"column\">  <h4  class=\"\"><a data-mce-href=\"..\/educateur-de-jeunes-enfants\/\" href=\"https:\/\/itsra.net\/wordpress\/educateur-de-jeunes-enfants\" target=\"_self\" data-mce-selected=\"inline-boundary\" data-cp-link=\"1\" rel=\"noopener noreferrer\"><span  style=\"font-weight: 400;\">Educateur de jeunes enfants<\/span><\/a>&nbsp;(EJE)<\/h4>  <\/div> <\/div><div  class=\"col-sm-4 col-md-4 \"> <div  class=\"card bordered y-move\" data-type=\"column\">  <h4  class=\"\"><a data-mce-href=\"..\/ingenieur-social\/\" href=\"https:\/\/itsra.net\/wordpress\/ingenieur-social\" target=\"_self\" data-mce-selected=\"inline-boundary\" data-cp-link=\"1\" rel=\"noopener noreferrer\">Ing\u00e9nieur social<\/a><span  id=\"_mce_caret\" data-mce-bogus=\"1\" data-mce-type=\"format-caret\"><a data-mce-href=\"..\/ingenieur-social\/\" href=\"https:\/\/itsra.net\/wordpress\/ingenieur-social\" target=\"_self\" data-cp-link=\"1\" rel=\"noopener noreferrer\"><span  style=\"font-weight: 400;\">\ufeff<\/span><\/a><\/span> (DEIS)<\/h4>  <\/div> <\/div><div  class=\"col-sm-4 col-md-4 \"> <div  class=\"card bordered y-move\" data-type=\"column\">  <h4  class=\"\"><a data-mce-href=\"..\/moniteur-datelier\/\" href=\"https:\/\/itsra.net\/wordpress\/moniteur-datelier\" target=\"_self\" data-mce-selected=\"inline-boundary\" data-cp-link=\"1\" rel=\"noopener noreferrer\"><span  style=\"font-weight: 400;\"><\/span><\/a><a href=\"https:\/\/itsra.net\/wordpress\/titre-de-moniteur-datelier-tma\" target=\"_self\" data-mce-href=\"..\/titre-de-moniteur-datelier-tma\/\" data-cp-link=\"1\" data-mce-selected=\"inline-boundary\" rel=\"noopener noreferrer\">Moniteur d\u2019atelier (MA)<\/a><\/h4>  <\/div> <\/div><div  class=\"col-sm-4 col-md-4 \"> <div  class=\"card bordered y-move\" data-type=\"column\">  <h4  class=\"\"><a data-mce-href=\"..\/moniteur-educateur-me\/\" href=\"https:\/\/itsra.net\/wordpress\/moniteur-educateur-me\" target=\"_self\" data-mce-selected=\"inline-boundary\" data-cp-link=\"1\" rel=\"noopener noreferrer\"><span  style=\"font-weight: 400;\">\ufeff<\/span>Moniteur \u00e9ducateur&nbsp;(ME)<\/a><span  id=\"_mce_caret\" data-mce-bogus=\"1\" data-mce-type=\"format-caret\"><a data-mce-href=\"..\/moniteur-educateur-me\/\" href=\"https:\/\/itsra.net\/wordpress\/moniteur-educateur-me\" target=\"_self\" data-cp-link=\"1\" rel=\"noopener noreferrer\"><sub >\ufeff<\/sub><\/a><\/span><\/h4>  <\/div> <\/div><div  class=\"col-sm-4 col-md-4 \"> <div  class=\"card bordered y-move\" data-type=\"column\">  <h4  class=\"\"><a data-mce-href=\"..\/mandataire-judiciaire-a-la-protection-des-majeurs-mjpm\/\" href=\"https:\/\/itsra.net\/wordpress\/mandataire-judiciaire-a-la-protection-des-majeurs-mjpm\" target=\"_blank\" rel=\"noopener\" data-mce-selected=\"inline-boundary\" data-cp-link=\"1\">Madataire Judiciaire \u00e0 la Protection des Majeurs\ufeff<\/a>&nbsp;(MJPM)<\/h4>  <\/div> <\/div><div  class=\"col-sm-4 col-md-4 \"> <div  class=\"card bordered y-move\" data-type=\"column\">  <h4  class=\"\"><a data-mce-href=\"accompagnant-educatif-social\/\" href=\"https:\/\/itsra.net\/wordpress\/formations-social\/accompagnant-educatif-social\" target=\"_self\" data-mce-selected=\"inline-boundary\" data-cp-link=\"1\" rel=\"noopener noreferrer\"><span  style=\"font-weight: 400;\">\ufeff<\/span><\/a><a href=\"https:\/\/itsra.net\/wordpress\/directeur-detablissement-ou-de-service-dintervention-sociale-cafdes\" target=\"_self\" data-mce-href=\"..\/directeur-detablissement-ou-de-service-dintervention-sociale-cafdes\/\" data-cp-link=\"1\" rel=\"noopener noreferrer\">Directeur d\u2019\u00e9tablissement ou de service d\u2019intervention sociale<\/a> (CAFDES)<\/h4>  <\/div> <\/div><div  class=\"col-sm-4 col-md-4\"> <div  class=\"card bordered y-move\" data-type=\"column\">  <h4  class=\"\"><a data-mce-href=\"accompagnant-educatif-social\/\" href=\"https:\/\/itsra.net\/wordpress\/formations-social\/accompagnant-educatif-social\" target=\"_self\" data-mce-selected=\"inline-boundary\" data-cp-link=\"1\" rel=\"noopener noreferrer\"><span  style=\"font-weight: 400;\"><\/span><\/a><a data-mce-selected=\"inline-boundary\" data-cp-link=\"1\" href=\"https:\/\/itsra.net\/wordpress\/educateur-specialise-es\" target=\"_self\" data-mce-href=\"..\/educateur-specialise-es\/\" rel=\"noopener noreferrer\">Educateur sp\u00e9cialis\u00e9<\/a>&nbsp;(ES)<\/h4>  <\/div> <\/div><div  class=\"col-sm-4 col-md-4\"> <div  class=\"card bordered y-move\" data-type=\"column\">  <h4  class=\"\"><a data-mce-href=\"..\/surveillant-de-nuit-sn\/\" href=\"https:\/\/itsra.net\/wordpress\/surveillant-de-nuit-sn\" target=\"_blank\" rel=\"noopener noreferrer\" data-mce-selected=\"inline-boundary\" data-cp-link=\"1\"><span  style=\"font-weight: 400;\">Surveillant de nuit (SN)<\/span><\/a><\/h4>  <\/div> <\/div><div  class=\"col-sm-4 col-md-4\"> <div  class=\"card bordered y-move\" data-type=\"column\">  <h4  class=\"\"><a data-mce-href=\"..\/classe-preparatoire-aux-epreuves-dadmission-a-la-formation-cafdes\/\" href=\"https:\/\/itsra.net\/wordpress\/classe-preparatoire-aux-epreuves-dadmission-a-la-formation-cafdes\" target=\"_self\" data-mce-selected=\"inline-boundary\" data-cp-link=\"1\" rel=\"noopener noreferrer\"><span  style=\"font-weight: 400;\">\ufeffPr\u00e9pa CAFDES<\/span><\/a><\/h4>  <\/div> <\/div><\/div> <\/div><\/div>","protected":false},"excerpt":{"rendered":"<p>D\u00e9couvrez nos formations du social et m\u00e9dico-social, d\u2019infra BAC \u00e0 BAC+5 Accompagnant Educatif et Social\ufeff&nbsp;(AES) Assistant de service social&nbsp;(ASS) Assistant de soins en g\u00e9rontologie&nbsp;(ASG) Assistant familial (AF) Assistant maternel&nbsp;(AM) Technicien de l\u2019intervention sociale et familiale (TISF)\ufeff Cadre et responsable d\u2019unit\u00e9 (CAFERUIS) Educateur de jeunes enfants&nbsp;(EJE) Ing\u00e9nieur social\ufeff (DEIS) Moniteur d\u2019atelier (MA) \ufeffMoniteur \u00e9ducateur&nbsp;(ME)\ufeff Madataire Judiciaire&hellip; <br \/> <a class=\"read-more\" href=\"https:\/\/itsra.net\/wordpress\/formations-social\/\">Lire la suite<\/a><\/p>\n","protected":false},"author":2,"featured_media":0,"parent":0,"menu_order":0,"comment_status":"closed","ping_status":"closed","template":"pro\/page-templates\/full-width-page.php","meta":{"om_disable_all_campaigns":false,"_monsterinsights_skip_tracking":false,"_monsterinsights_sitenote_active":false,"_monsterinsights_sitenote_note":"","_monsterinsights_sitenote_category":0,"_uf_show_specific_survey":0,"_uf_disable_surveys":false,"footnotes":""},"class_list":["post-352","page","type-page","status-publish","hentry"],"aioseo_notices":[],"yoast_head":"<!-- This site is optimized with the Yoast SEO plugin v24.5 - https:\/\/yoast.com\/wordpress\/plugins\/seo\/ -->\n<title>FORMATIONS - Institut de Travail Social de la R\u00e9gion Auvergne<\/title>\n<meta name=\"description\" content=\"D\u00e9couvrez les formations du domaine du social propos\u00e9es par l&#039;Institut du Travail Social de la R\u00e9gio Auvergne : moniteur \u00e9ducateur, \u00e9ducateur sp\u00e9cialis\u00e9...\" \/>\n<meta name=\"robots\" content=\"index, follow, max-snippet:-1, max-image-preview:large, max-video-preview:-1\" \/>\n<link rel=\"canonical\" href=\"https:\/\/itsra.net\/wordpress\/formations-social\/\" \/>\n<meta property=\"og:locale\" content=\"fr_FR\" \/>\n<meta property=\"og:type\" content=\"article\" \/>\n<meta property=\"og:title\" content=\"FORMATIONS - Institut de Travail Social de la R\u00e9gion Auvergne\" \/>\n<meta property=\"og:description\" content=\"D\u00e9couvrez les formations du domaine du social propos\u00e9es par l&#039;Institut du Travail Social de la R\u00e9gio Auvergne : moniteur \u00e9ducateur, \u00e9ducateur sp\u00e9cialis\u00e9...\" \/>\n<meta property=\"og:url\" content=\"https:\/\/itsra.net\/wordpress\/formations-social\/\" \/>\n<meta property=\"og:site_name\" content=\"Institut de Travail Social de la R\u00e9gion Auvergne\" \/>\n<meta property=\"article:modified_time\" content=\"2024-10-08T09:02:49+00:00\" \/>\n<meta name=\"twitter:card\" content=\"summary_large_image\" \/>\n<meta name=\"twitter:label1\" content=\"Dur\u00e9e de lecture estim\u00e9e\" \/>\n\t<meta name=\"twitter:data1\" content=\"1 minute\" \/>\n<script type=\"application\/ld+json\" class=\"yoast-schema-graph\">{\"@context\":\"https:\/\/schema.org\",\"@graph\":[{\"@type\":\"WebPage\",\"@id\":\"https:\/\/itsra.net\/wordpress\/formations-social\/\",\"url\":\"https:\/\/itsra.net\/wordpress\/formations-social\/\",\"name\":\"FORMATIONS - Institut de Travail Social de la R\u00e9gion Auvergne\",\"isPartOf\":{\"@id\":\"https:\/\/itsra.net\/wordpress\/#website\"},\"datePublished\":\"2018-07-04T14:11:35+00:00\",\"dateModified\":\"2024-10-08T09:02:49+00:00\",\"description\":\"D\u00e9couvrez les formations du domaine du social propos\u00e9es par l'Institut du Travail Social de la R\u00e9gio Auvergne : moniteur \u00e9ducateur, \u00e9ducateur sp\u00e9cialis\u00e9...\",\"breadcrumb\":{\"@id\":\"https:\/\/itsra.net\/wordpress\/formations-social\/#breadcrumb\"},\"inLanguage\":\"fr-FR\",\"potentialAction\":[{\"@type\":\"ReadAction\",\"target\":[\"https:\/\/itsra.net\/wordpress\/formations-social\/\"]}]},{\"@type\":\"BreadcrumbList\",\"@id\":\"https:\/\/itsra.net\/wordpress\/formations-social\/#breadcrumb\",\"itemListElement\":[{\"@type\":\"ListItem\",\"position\":1,\"name\":\"Accueil\",\"item\":\"https:\/\/itsra.net\/wordpress\/\"},{\"@type\":\"ListItem\",\"position\":2,\"name\":\"FORMATIONS\"}]},{\"@type\":\"WebSite\",\"@id\":\"https:\/\/itsra.net\/wordpress\/#website\",\"url\":\"https:\/\/itsra.net\/wordpress\/\",\"name\":\"Institut de Travail Social de la R\u00e9gion Auvergne\",\"description\":\"\",\"publisher\":{\"@id\":\"https:\/\/itsra.net\/wordpress\/#organization\"},\"potentialAction\":[{\"@type\":\"SearchAction\",\"target\":{\"@type\":\"EntryPoint\",\"urlTemplate\":\"https:\/\/itsra.net\/wordpress\/?s={search_term_string}\"},\"query-input\":{\"@type\":\"PropertyValueSpecification\",\"valueRequired\":true,\"valueName\":\"search_term_string\"}}],\"inLanguage\":\"fr-FR\"},{\"@type\":\"Organization\",\"@id\":\"https:\/\/itsra.net\/wordpress\/#organization\",\"name\":\"Institut de Travail Social de la R\u00e9gion Auvergne\",\"url\":\"https:\/\/itsra.net\/wordpress\/\",\"logo\":{\"@type\":\"ImageObject\",\"inLanguage\":\"fr-FR\",\"@id\":\"https:\/\/itsra.net\/wordpress\/#\/schema\/logo\/image\/\",\"url\":\"http:\/\/itsra.net\/wordpress\/wp-content\/uploads\/2019\/01\/LogoITSRA_PNG_HD.png\",\"contentUrl\":\"http:\/\/itsra.net\/wordpress\/wp-content\/uploads\/2019\/01\/LogoITSRA_PNG_HD.png\",\"width\":1280,\"height\":346,\"caption\":\"Institut de Travail Social de la R\u00e9gion Auvergne\"},\"image\":{\"@id\":\"https:\/\/itsra.net\/wordpress\/#\/schema\/logo\/image\/\"}}]}<\/script>\n<!-- \/ Yoast SEO plugin. -->","yoast_head_json":{"title":"FORMATIONS - Institut de Travail Social de la R\u00e9gion Auvergne","description":"D\u00e9couvrez les formations du domaine du social propos\u00e9es par l'Institut du Travail Social de la R\u00e9gio Auvergne : moniteur \u00e9ducateur, \u00e9ducateur sp\u00e9cialis\u00e9...","robots":{"index":"index","follow":"follow","max-snippet":"max-snippet:-1","max-image-preview":"max-image-preview:large","max-video-preview":"max-video-preview:-1"},"canonical":"https:\/\/itsra.net\/wordpress\/formations-social\/","og_locale":"fr_FR","og_type":"article","og_title":"FORMATIONS - Institut de Travail Social de la R\u00e9gion Auvergne","og_description":"D\u00e9couvrez les formations du domaine du social propos\u00e9es par l'Institut du Travail Social de la R\u00e9gio Auvergne : moniteur \u00e9ducateur, \u00e9ducateur sp\u00e9cialis\u00e9...","og_url":"https:\/\/itsra.net\/wordpress\/formations-social\/","og_site_name":"Institut de Travail Social de la R\u00e9gion Auvergne","article_modified_time":"2024-10-08T09:02:49+00:00","twitter_card":"summary_large_image","twitter_misc":{"Dur\u00e9e de lecture estim\u00e9e":"1 minute"},"schema":{"@context":"https:\/\/schema.org","@graph":[{"@type":"WebPage","@id":"https:\/\/itsra.net\/wordpress\/formations-social\/","url":"https:\/\/itsra.net\/wordpress\/formations-social\/","name":"FORMATIONS - Institut de Travail Social de la R\u00e9gion Auvergne","isPartOf":{"@id":"https:\/\/itsra.net\/wordpress\/#website"},"datePublished":"2018-07-04T14:11:35+00:00","dateModified":"2024-10-08T09:02:49+00:00","description":"D\u00e9couvrez les formations du domaine du social propos\u00e9es par l'Institut du Travail Social de la R\u00e9gio Auvergne : moniteur \u00e9ducateur, \u00e9ducateur sp\u00e9cialis\u00e9...","breadcrumb":{"@id":"https:\/\/itsra.net\/wordpress\/formations-social\/#breadcrumb"},"inLanguage":"fr-FR","potentialAction":[{"@type":"ReadAction","target":["https:\/\/itsra.net\/wordpress\/formations-social\/"]}]},{"@type":"BreadcrumbList","@id":"https:\/\/itsra.net\/wordpress\/formations-social\/#breadcrumb","itemListElement":[{"@type":"ListItem","position":1,"name":"Accueil","item":"https:\/\/itsra.net\/wordpress\/"},{"@type":"ListItem","position":2,"name":"FORMATIONS"}]},{"@type":"WebSite","@id":"https:\/\/itsra.net\/wordpress\/#website","url":"https:\/\/itsra.net\/wordpress\/","name":"Institut de Travail Social de la R\u00e9gion Auvergne","description":"","publisher":{"@id":"https:\/\/itsra.net\/wordpress\/#organization"},"potentialAction":[{"@type":"SearchAction","target":{"@type":"EntryPoint","urlTemplate":"https:\/\/itsra.net\/wordpress\/?s={search_term_string}"},"query-input":{"@type":"PropertyValueSpecification","valueRequired":true,"valueName":"search_term_string"}}],"inLanguage":"fr-FR"},{"@type":"Organization","@id":"https:\/\/itsra.net\/wordpress\/#organization","name":"Institut de Travail Social de la R\u00e9gion Auvergne","url":"https:\/\/itsra.net\/wordpress\/","logo":{"@type":"ImageObject","inLanguage":"fr-FR","@id":"https:\/\/itsra.net\/wordpress\/#\/schema\/logo\/image\/","url":"http:\/\/itsra.net\/wordpress\/wp-content\/uploads\/2019\/01\/LogoITSRA_PNG_HD.png","contentUrl":"http:\/\/itsra.net\/wordpress\/wp-content\/uploads\/2019\/01\/LogoITSRA_PNG_HD.png","width":1280,"height":346,"caption":"Institut de Travail Social de la R\u00e9gion Auvergne"},"image":{"@id":"https:\/\/itsra.net\/wordpress\/#\/schema\/logo\/image\/"}}]}},"_links":{"self":[{"href":"https:\/\/itsra.net\/wordpress\/wp-json\/wp\/v2\/pages\/352","targetHints":{"allow":["GET"]}}],"collection":[{"href":"https:\/\/itsra.net\/wordpress\/wp-json\/wp\/v2\/pages"}],"about":[{"href":"https:\/\/itsra.net\/wordpress\/wp-json\/wp\/v2\/types\/page"}],"author":[{"embeddable":true,"href":"https:\/\/itsra.net\/wordpress\/wp-json\/wp\/v2\/users\/2"}],"replies":[{"embeddable":true,"href":"https:\/\/itsra.net\/wordpress\/wp-json\/wp\/v2\/comments?post=352"}],"version-history":[{"count":50,"href":"https:\/\/itsra.net\/wordpress\/wp-json\/wp\/v2\/pages\/352\/revisions"}],"predecessor-version":[{"id":11450,"href":"https:\/\/itsra.net\/wordpress\/wp-json\/wp\/v2\/pages\/352\/revisions\/11450"}],"wp:attachment":[{"href":"https:\/\/itsra.net\/wordpress\/wp-json\/wp\/v2\/media?parent=352"}],"curies":[{"name":"wp","href":"https:\/\/api.w.org\/{rel}","templated":true}]}}