{"id":3670,"date":"2019-12-05T15:22:20","date_gmt":"2019-12-05T14:22:20","guid":{"rendered":"http:\/\/itsra.net\/wordpress\/?page_id=3670"},"modified":"2023-07-13T16:20:34","modified_gmt":"2023-07-13T14:20:34","slug":"lapprentissage","status":"publish","type":"page","link":"https:\/\/itsra.net\/wordpress\/lapprentissage\/","title":{"rendered":"L&rsquo;apprentissage"},"content":{"rendered":"<p><span style=\"color: #ff0000;\"><strong>Qui peut b\u00e9n\u00e9ficier de l\u2019apprentissage ?<\/strong><\/span><\/p>\n<p>Jeunes \u00e2g\u00e9s de 16 \u00e0 30 ans ou personnes reconnues travailleur handicap\u00e9 sans limitation d\u2019\u00e2ge<\/p>\n<p>Des d\u00e9rogations \u00e0 ces limites d\u2019\u00e2ge sont possibles :<\/p>\n<ol>\n<li>apprentis pr\u00e9parant un dipl\u00f4me ou titre sup\u00e9rieur \u00e0 celui obtenu en apprentissage,<\/li>\n<li>personnes ayant un projet de cr\u00e9ation d\u2019entreprise ou de reprise n\u00e9cessitant le dipl\u00f4me ou titre vis\u00e9,<\/li>\n<li>Les travailleurs handicap\u00e9s auxquels, de par leur statut, la limite d\u2019\u00e2ge ne s\u2019applique pas.<\/li>\n<\/ol>\n<p>&nbsp;<\/p>\n<p><span style=\"color: #ff0000;\"><strong>Qu\u2019est-ce que l\u2019apprentissage ?<\/strong><\/span><\/p>\n<p>L&rsquo;apprentissage rel\u00e8ve de la formation initiale. Une formation en apprentissage est dispens\u00e9e en alternance chez un employeur et dans un centre de formation dans le cadre d&rsquo;un contrat de travail : tout en travaillant pour un employeur sous la conduite d\u2019un ma\u00eetre d\u2019apprentissage, l&rsquo;apprenti(e) suit alternativement des cours dans un Centre de Formation pour Apprentis, dans lequel il compl\u00e8te le savoir professionnel acquis chez son employeur par des enseignements th\u00e9oriques et m\u00e9thodologiques en vue de l&rsquo;obtention du dipl\u00f4me.<\/p>\n<p>Son objectif est de permettre \u00e0 un jeune de suivre une formation g\u00e9n\u00e9rale, th\u00e9orique et pratique, en vue d\u2019acqu\u00e9rir une qualification professionnelle sanctionn\u00e9e par un dipl\u00f4me ou un titre professionnel. Le temps de travail de l\u2019apprenti-e est identique \u00e0 celui des autres salari\u00e9s de l\u2019entreprise incluant le temps de pr\u00e9sence en contre de formation d\u2019apprentis.<\/p>\n<p><a href=\"https:\/\/itsra.net\/wordpress\/wp-content\/uploads\/2023\/03\/Charte-droits-et-devoirs-des-apprentis_2022_2023.pdf\">T\u00e9l\u00e9charger la charte \u00ab\u00a0droits et devoirs des apprentis\u00a0\u00bb.<\/a><\/p>\n<p>&nbsp;<\/p>\n<p><span style=\"color: #ff0000;\"><strong>Quelle est la nature du contrat d\u2019apprentissage\u00a0?<\/strong><\/span><\/p>\n<p>C\u2019est un contrat de travail particulier conclu entre un employeur et un salari\u00e9, qui s&rsquo;engagent mutuellement \u00e0 mener \u00e0 bien un projet professionnel. Il est r\u00e9gi par les lois, les r\u00e8glements et les conventions ou accords collectifs de travail applicables au secteur dont rel\u00e8ve l&#8217;employeur.<\/p>\n<p><span style=\"color: #ff0000;\"><strong>\u00a0<\/strong><\/span><\/p>\n<p><span style=\"color: #ff0000;\"><strong>Quelles sont les formations accessibles par l\u2019apprentissage \u00e0 l\u2019ITSRA\u00a0?<\/strong><\/span><\/p>\n<p>L\u2019ITSRA est le CFA du travail social sur le territoire auvergnat qui vous permet de pr\u00e9parer les dipl\u00f4mes suivants\u00a0:<\/p>\n<ul>\n<li>Accompagnant \u00e9ducatif et social<\/li>\n<li>Assistant de service social<\/li>\n<li>Educateur de jeunes enfants<\/li>\n<li>Educateur sp\u00e9cialis\u00e9<\/li>\n<li>Educateur technique sp\u00e9cialis\u00e9<\/li>\n<li>Moniteur \u00e9ducateur<\/li>\n<li>Technicien de l\u2019intervention sociale et familiale<\/li>\n<\/ul>\n<p>&nbsp;<\/p>\n<p><span style=\"color: #ff0000;\"><strong>Quelles sont les modalit\u00e9s d\u2019inscription\u00a0?<\/strong><\/span><\/p>\n<p>Deux cas de figure se pr\u00e9sentent :<\/p>\n<ul>\n<li>soit l\u2019employeur recrute un candidat apprenti,<\/li>\n<li>soit le candidat apprenti recherche un employeur.<\/li>\n<\/ul>\n<p>&nbsp;<\/p>\n<p><strong>Dans tous les cas<\/strong>, si vous avez un contrat d\u2019apprentissage ou une promesse de contrat ou si vous \u00eates en recherche d\u2019un employeur, vous devez contacter par mail le secr\u00e9tariat de la formation concern\u00e9e afin d\u2019obtenir des informations sur les modalit\u00e9s d\u2019inscription dans la formation souhait\u00e9e en apprentissage.<\/p>\n<ul>\n<li>L\u2019employeur adresse une promesse d\u2019embauche en apprentissage au CFA pour que le futur apprenti soit convoqu\u00e9 aux \u00e9preuves de s\u00e9lection.<\/li>\n<li>Avant de signer le contrat d\u2019apprentissage, l\u2019employeur doit v\u00e9rifier que le candidat a r\u00e9ussi les \u00e9preuves de s\u00e9lection et qu\u2019il est admis \u00e0 entrer en formation en apprentissage. Le futur apprenti est consid\u00e9r\u00e9 admis en formation au regard du courrier envoy\u00e9 par l\u2019ITSRA \u00e0 l\u2019issue des \u00e9preuves de s\u00e9lection auxquelles il a particip\u00e9.<\/li>\n<li>Pour \u00eatre inscrit d\u00e9finitivement en formation en apprentissage, les candidats admis devront justifier d\u2019un <strong>contrat d\u2019apprentissage sign\u00e9<\/strong>.<\/li>\n<\/ul>\n<p>&nbsp;<\/p>\n<p><strong><span style=\"color: #ff0000;\">Aides \u00e0 la mobilit\u00e9 en faveur de la formation :\u00a0<\/span><br \/>\n<\/strong>Afin de vous aider \u00e0 d\u00e9velopper vos comp\u00e9tences, l&rsquo;agence pour l&#8217;emploi a mis en place\u00a0<a href=\"https:\/\/www.pole-emploi.fr\/candidat\/en-formation\/les-dispositifs\/jentre-en-formation---laide-au-d.html\">l&rsquo;aide \u00e0 la mobilit\u00e9 pour la formation professionnelle<\/a>. Cette derni\u00e8re vous permettra de couvrir en partie vos frais courants. Si le lieu de votre formation est \u00e0 plus de 60 km de votre domicile et que vous \u00eates inscrit dans les registres, vos frais li\u00e9s au d\u00e9placement, \u00e0 l&rsquo;h\u00e9bergement et \u00e0 la restauration seront pris en charge. Cette aide ne d\u00e9pend pas du type de formation que vous choisissez. Pour en savoir plus sur les formations, vous pouvez vous renseigner sur ces derni\u00e8res, par exemple suivre une\u00a0<a href=\"https:\/\/walter-learning.com\/formations-graphisme-et-pao\/illustrator\">formation Illustrator<\/a>\u00a0via le site walter learning. \u00c0 noter que la prise en charge maximale de l&rsquo;aide \u00e0 la mobilit\u00e9 pour la formation professionnelle est de 5200\u2009\u20ac par ann\u00e9e de formation. Cette somme est calcul\u00e9e en prenant en compte l&rsquo;addition des aides d\u00e9j\u00e0 distribu\u00e9es et se base sur la pr\u00e9sence effective lors de la formation.<\/p>\n<p>&nbsp;<\/p>\n","protected":false},"excerpt":{"rendered":"<p>Qui peut b\u00e9n\u00e9ficier de l\u2019apprentissage ? Jeunes \u00e2g\u00e9s de 16 \u00e0 30 ans ou personnes reconnues travailleur handicap\u00e9 sans limitation d\u2019\u00e2ge Des d\u00e9rogations \u00e0 ces limites d\u2019\u00e2ge sont possibles : apprentis pr\u00e9parant un dipl\u00f4me ou titre sup\u00e9rieur \u00e0 celui obtenu en apprentissage, personnes ayant un projet de cr\u00e9ation d\u2019entreprise ou de reprise n\u00e9cessitant le dipl\u00f4me&hellip; <br \/> <a class=\"read-more\" href=\"https:\/\/itsra.net\/wordpress\/lapprentissage\/\">Lire la suite<\/a><\/p>\n","protected":false},"author":3,"featured_media":0,"parent":0,"menu_order":0,"comment_status":"closed","ping_status":"closed","template":"","meta":{"om_disable_all_campaigns":false,"_monsterinsights_skip_tracking":false,"_monsterinsights_sitenote_active":false,"_monsterinsights_sitenote_note":"","_monsterinsights_sitenote_category":0,"_uf_show_specific_survey":0,"_uf_disable_surveys":false,"footnotes":""},"class_list":["post-3670","page","type-page","status-publish","hentry"],"aioseo_notices":[],"yoast_head":"<!-- This site is optimized with the Yoast SEO plugin v24.5 - https:\/\/yoast.com\/wordpress\/plugins\/seo\/ -->\n<title>L&#039;apprentissage - Institut de Travail Social de la R\u00e9gion Auvergne<\/title>\n<meta name=\"robots\" content=\"index, follow, max-snippet:-1, max-image-preview:large, max-video-preview:-1\" \/>\n<link rel=\"canonical\" href=\"https:\/\/itsra.net\/wordpress\/lapprentissage\/\" \/>\n<meta property=\"og:locale\" content=\"fr_FR\" \/>\n<meta property=\"og:type\" content=\"article\" \/>\n<meta property=\"og:title\" content=\"L&#039;apprentissage - Institut de Travail Social de la R\u00e9gion Auvergne\" \/>\n<meta property=\"og:description\" content=\"Qui peut b\u00e9n\u00e9ficier de l\u2019apprentissage ? Jeunes \u00e2g\u00e9s de 16 \u00e0 30 ans ou personnes reconnues travailleur handicap\u00e9 sans limitation d\u2019\u00e2ge Des d\u00e9rogations \u00e0 ces limites d\u2019\u00e2ge sont possibles : apprentis pr\u00e9parant un dipl\u00f4me ou titre sup\u00e9rieur \u00e0 celui obtenu en apprentissage, personnes ayant un projet de cr\u00e9ation d\u2019entreprise ou de reprise n\u00e9cessitant le dipl\u00f4me&hellip; Lire la suite\" \/>\n<meta property=\"og:url\" content=\"https:\/\/itsra.net\/wordpress\/lapprentissage\/\" \/>\n<meta property=\"og:site_name\" content=\"Institut de Travail Social de la R\u00e9gion Auvergne\" \/>\n<meta property=\"article:modified_time\" content=\"2023-07-13T14:20:34+00:00\" \/>\n<meta name=\"twitter:card\" content=\"summary_large_image\" \/>\n<meta name=\"twitter:label1\" content=\"Dur\u00e9e de lecture estim\u00e9e\" \/>\n\t<meta name=\"twitter:data1\" content=\"4 minutes\" \/>\n<script type=\"application\/ld+json\" class=\"yoast-schema-graph\">{\"@context\":\"https:\/\/schema.org\",\"@graph\":[{\"@type\":\"WebPage\",\"@id\":\"https:\/\/itsra.net\/wordpress\/lapprentissage\/\",\"url\":\"https:\/\/itsra.net\/wordpress\/lapprentissage\/\",\"name\":\"L'apprentissage - Institut de Travail Social de la R\u00e9gion Auvergne\",\"isPartOf\":{\"@id\":\"https:\/\/itsra.net\/wordpress\/#website\"},\"datePublished\":\"2019-12-05T14:22:20+00:00\",\"dateModified\":\"2023-07-13T14:20:34+00:00\",\"breadcrumb\":{\"@id\":\"https:\/\/itsra.net\/wordpress\/lapprentissage\/#breadcrumb\"},\"inLanguage\":\"fr-FR\",\"potentialAction\":[{\"@type\":\"ReadAction\",\"target\":[\"https:\/\/itsra.net\/wordpress\/lapprentissage\/\"]}]},{\"@type\":\"BreadcrumbList\",\"@id\":\"https:\/\/itsra.net\/wordpress\/lapprentissage\/#breadcrumb\",\"itemListElement\":[{\"@type\":\"ListItem\",\"position\":1,\"name\":\"Accueil\",\"item\":\"https:\/\/itsra.net\/wordpress\/\"},{\"@type\":\"ListItem\",\"position\":2,\"name\":\"L&rsquo;apprentissage\"}]},{\"@type\":\"WebSite\",\"@id\":\"https:\/\/itsra.net\/wordpress\/#website\",\"url\":\"https:\/\/itsra.net\/wordpress\/\",\"name\":\"Institut de Travail Social de la R\u00e9gion Auvergne\",\"description\":\"\",\"publisher\":{\"@id\":\"https:\/\/itsra.net\/wordpress\/#organization\"},\"potentialAction\":[{\"@type\":\"SearchAction\",\"target\":{\"@type\":\"EntryPoint\",\"urlTemplate\":\"https:\/\/itsra.net\/wordpress\/?s={search_term_string}\"},\"query-input\":{\"@type\":\"PropertyValueSpecification\",\"valueRequired\":true,\"valueName\":\"search_term_string\"}}],\"inLanguage\":\"fr-FR\"},{\"@type\":\"Organization\",\"@id\":\"https:\/\/itsra.net\/wordpress\/#organization\",\"name\":\"Institut de Travail Social de la R\u00e9gion Auvergne\",\"url\":\"https:\/\/itsra.net\/wordpress\/\",\"logo\":{\"@type\":\"ImageObject\",\"inLanguage\":\"fr-FR\",\"@id\":\"https:\/\/itsra.net\/wordpress\/#\/schema\/logo\/image\/\",\"url\":\"http:\/\/itsra.net\/wordpress\/wp-content\/uploads\/2019\/01\/LogoITSRA_PNG_HD.png\",\"contentUrl\":\"http:\/\/itsra.net\/wordpress\/wp-content\/uploads\/2019\/01\/LogoITSRA_PNG_HD.png\",\"width\":1280,\"height\":346,\"caption\":\"Institut de Travail Social de la R\u00e9gion Auvergne\"},\"image\":{\"@id\":\"https:\/\/itsra.net\/wordpress\/#\/schema\/logo\/image\/\"}}]}<\/script>\n<!-- \/ Yoast SEO plugin. -->","yoast_head_json":{"title":"L'apprentissage - Institut de Travail Social de la R\u00e9gion Auvergne","robots":{"index":"index","follow":"follow","max-snippet":"max-snippet:-1","max-image-preview":"max-image-preview:large","max-video-preview":"max-video-preview:-1"},"canonical":"https:\/\/itsra.net\/wordpress\/lapprentissage\/","og_locale":"fr_FR","og_type":"article","og_title":"L'apprentissage - Institut de Travail Social de la R\u00e9gion Auvergne","og_description":"Qui peut b\u00e9n\u00e9ficier de l\u2019apprentissage ? Jeunes \u00e2g\u00e9s de 16 \u00e0 30 ans ou personnes reconnues travailleur handicap\u00e9 sans limitation d\u2019\u00e2ge Des d\u00e9rogations \u00e0 ces limites d\u2019\u00e2ge sont possibles : apprentis pr\u00e9parant un dipl\u00f4me ou titre sup\u00e9rieur \u00e0 celui obtenu en apprentissage, personnes ayant un projet de cr\u00e9ation d\u2019entreprise ou de reprise n\u00e9cessitant le dipl\u00f4me&hellip; Lire la suite","og_url":"https:\/\/itsra.net\/wordpress\/lapprentissage\/","og_site_name":"Institut de Travail Social de la R\u00e9gion Auvergne","article_modified_time":"2023-07-13T14:20:34+00:00","twitter_card":"summary_large_image","twitter_misc":{"Dur\u00e9e de lecture estim\u00e9e":"4 minutes"},"schema":{"@context":"https:\/\/schema.org","@graph":[{"@type":"WebPage","@id":"https:\/\/itsra.net\/wordpress\/lapprentissage\/","url":"https:\/\/itsra.net\/wordpress\/lapprentissage\/","name":"L'apprentissage - Institut de Travail Social de la R\u00e9gion Auvergne","isPartOf":{"@id":"https:\/\/itsra.net\/wordpress\/#website"},"datePublished":"2019-12-05T14:22:20+00:00","dateModified":"2023-07-13T14:20:34+00:00","breadcrumb":{"@id":"https:\/\/itsra.net\/wordpress\/lapprentissage\/#breadcrumb"},"inLanguage":"fr-FR","potentialAction":[{"@type":"ReadAction","target":["https:\/\/itsra.net\/wordpress\/lapprentissage\/"]}]},{"@type":"BreadcrumbList","@id":"https:\/\/itsra.net\/wordpress\/lapprentissage\/#breadcrumb","itemListElement":[{"@type":"ListItem","position":1,"name":"Accueil","item":"https:\/\/itsra.net\/wordpress\/"},{"@type":"ListItem","position":2,"name":"L&rsquo;apprentissage"}]},{"@type":"WebSite","@id":"https:\/\/itsra.net\/wordpress\/#website","url":"https:\/\/itsra.net\/wordpress\/","name":"Institut de Travail Social de la R\u00e9gion Auvergne","description":"","publisher":{"@id":"https:\/\/itsra.net\/wordpress\/#organization"},"potentialAction":[{"@type":"SearchAction","target":{"@type":"EntryPoint","urlTemplate":"https:\/\/itsra.net\/wordpress\/?s={search_term_string}"},"query-input":{"@type":"PropertyValueSpecification","valueRequired":true,"valueName":"search_term_string"}}],"inLanguage":"fr-FR"},{"@type":"Organization","@id":"https:\/\/itsra.net\/wordpress\/#organization","name":"Institut de Travail Social de la R\u00e9gion Auvergne","url":"https:\/\/itsra.net\/wordpress\/","logo":{"@type":"ImageObject","inLanguage":"fr-FR","@id":"https:\/\/itsra.net\/wordpress\/#\/schema\/logo\/image\/","url":"http:\/\/itsra.net\/wordpress\/wp-content\/uploads\/2019\/01\/LogoITSRA_PNG_HD.png","contentUrl":"http:\/\/itsra.net\/wordpress\/wp-content\/uploads\/2019\/01\/LogoITSRA_PNG_HD.png","width":1280,"height":346,"caption":"Institut de Travail Social de la R\u00e9gion Auvergne"},"image":{"@id":"https:\/\/itsra.net\/wordpress\/#\/schema\/logo\/image\/"}}]}},"_links":{"self":[{"href":"https:\/\/itsra.net\/wordpress\/wp-json\/wp\/v2\/pages\/3670","targetHints":{"allow":["GET"]}}],"collection":[{"href":"https:\/\/itsra.net\/wordpress\/wp-json\/wp\/v2\/pages"}],"about":[{"href":"https:\/\/itsra.net\/wordpress\/wp-json\/wp\/v2\/types\/page"}],"author":[{"embeddable":true,"href":"https:\/\/itsra.net\/wordpress\/wp-json\/wp\/v2\/users\/3"}],"replies":[{"embeddable":true,"href":"https:\/\/itsra.net\/wordpress\/wp-json\/wp\/v2\/comments?post=3670"}],"version-history":[{"count":9,"href":"https:\/\/itsra.net\/wordpress\/wp-json\/wp\/v2\/pages\/3670\/revisions"}],"predecessor-version":[{"id":9216,"href":"https:\/\/itsra.net\/wordpress\/wp-json\/wp\/v2\/pages\/3670\/revisions\/9216"}],"wp:attachment":[{"href":"https:\/\/itsra.net\/wordpress\/wp-json\/wp\/v2\/media?parent=3670"}],"curies":[{"name":"wp","href":"https:\/\/api.w.org\/{rel}","templated":true}]}}