{"id":373,"date":"2018-07-04T16:19:15","date_gmt":"2018-07-04T14:19:15","guid":{"rendered":"http:\/\/itsra.net\/wordpress\/?page_id=373"},"modified":"2024-09-24T16:26:01","modified_gmt":"2024-09-24T14:26:01","slug":"gouvernance-itsra","status":"publish","type":"page","link":"https:\/\/itsra.net\/wordpress\/linstitut\/gouvernance-itsra\/","title":{"rendered":"Gouvernance"},"content":{"rendered":"<div  id=\"features-1\" class=\"features-12-card-bordered content-section content-section-spacing\" style=\"background-color: #ffffff; background-image: none;\" data-label=\"Features\" data-id=\"features--1\" data-export-id=\"features-12-card-bordered\" data-category=\"features\">\n<div  class=\"gridContainer\">\n<div  class=\"row text-center\">\n<div  class=\"section-title-col\" data-type=\"column\">\n<h2  class=\"\">Composition du Conseil d\u2019Administration<\/h2>\n<\/div>\n<\/div>\n<div  class=\"row spaced-cols\" data-type=\"row\">\n<div  class=\"col-sm-6 col-md-12 \">\n<div  class=\"card row-card bordered y-move\">\n<div  class=\"row\">\n<div  class=\"col-sm-fit icon-column\"><\/div>\n<div  class=\"col-sm\" data-type=\"column\">\n<h5  class=\"color2\">Les membres de droit :<\/h5>\n<p  class=\"\">Un repr\u00e9sentant du Conseil R\u00e9gional Auvergne Rh\u00f4ne Alpes, un repr\u00e9sentant de la DRDJSCS, un repr\u00e9sentant du Rectorat.<\/p>\n\n<\/div>\n<\/div>\n<\/div>\n<\/div>\n<\/div>\n<\/div>\n<\/div><div  class=\"col-sm-fit icon-column\"><\/div><div ><\/div><div  id=\"features-1\" class=\"features-12-card-bordered content-section content-section-spacing\" style=\"background-color: #ffffff; background-image: none;\" data-label=\"Features\" data-id=\"features--1\" data-export-id=\"features-12-card-bordered\" data-category=\"features\">\n<div  class=\"gridContainer\">\n<div  class=\"row spaced-cols\" data-type=\"row\">\n<div  class=\"col-sm-6 col-md-12 \">\n<div  class=\"card row-card bordered y-move\">\n<div  class=\"row\">\n<div  class=\"col-sm\" data-type=\"column\">\n<h5  class=\"color2\">Les membres \u00e9lus :<\/h5>\n<p  class=\"\">\u2013\tMonsieur Michel MIOLANE \u2013 Pr\u00e9sident<br >\n\u2013\tMonsieur Jean-Louis ESCURET \u2013 Vice-Pr\u00e9sident<br >\n\u2013\tMonsieur Antoine BERTIN \u2013 Vice-Pr\u00e9sident<br >\n\u2013\tMonsieur Eric JALLAIS \u2013 Vice-Pr\u00e9sident<br >\n\u2013\tMonsieur Jean-Paul DIEF \u2013 Secr\u00e9taire<br >\n\u2013\tMonsieur David BARBAT \u2013 Secr\u00e9taire adjoint<br >\n\u2013\tMonsieur Th\u00e9ophile PETERA \u2013 Tr\u00e9sorier<br >\n\u2013\tMonsieur Pierre-Alexandre JOUANDON \u2013 Tr\u00e9sorier adjoint<br >\n\u2013\tMonsieur Jean-Paul BALLET \u2013 Administrateur (Pr\u00e9sident d\u2019honneur)<br >\n\u2013\tMonsieur Jean-Daniel GAILLE \u2013 Administrateur<br >\n\u2013\tMonsieur Michel BRANDOMIR \u2013 Administrateur<br >\n\u2013\tMonsieur Charles TAILLANDIER \u2013 Administrateur<\/p>\n\n<\/div>\n<\/div>\n<\/div>\n<\/div>\n<div  class=\"col-sm-6 col-md-12 \">\n<div  class=\"card row-card bordered y-move\">\n<div  class=\"row\">\n<div  class=\"col-sm\" data-type=\"column\">\n<h5  class=\"color2\">La composition du Bureau :<\/h5>\n<p  class=\"\">\u2013 Monsieur Michel MIOLANE \n<br >\u2013 Monsieur Jean-Louis ESCURET \n<br >\u2013 Monsieur Antoine BERTIN \n<br >\u2013 Monsieur Eric JALLAIS \n<br >\u2013 Monsieur Jean-Paul DIEF \n<br >\u2013 Monsieur David BARBAT&nbsp; \n<br >\u2013Monsieur Th\u00e9ophile PETERA \n<br >\u2013&nbsp;Monsieur Pierre-Alexandre JOUANDON<\/p>\n\n<\/div>\n<\/div>\n<\/div>\n<\/div>\n<\/div>\n<\/div>\n<\/div>","protected":false},"excerpt":{"rendered":"<p>Composition du Conseil d\u2019Administration Les membres de droit : Un repr\u00e9sentant du Conseil R\u00e9gional Auvergne Rh\u00f4ne Alpes, un repr\u00e9sentant de la DRDJSCS, un repr\u00e9sentant du Rectorat. Les membres \u00e9lus : \u2013 Monsieur Michel MIOLANE \u2013 Pr\u00e9sident \u2013 Monsieur Jean-Louis ESCURET \u2013 Vice-Pr\u00e9sident \u2013 Monsieur Antoine BERTIN \u2013 Vice-Pr\u00e9sident \u2013 Monsieur Eric JALLAIS \u2013 Vice-Pr\u00e9sident \u2013&hellip; <br \/> <a class=\"read-more\" href=\"https:\/\/itsra.net\/wordpress\/linstitut\/gouvernance-itsra\/\">Lire la suite<\/a><\/p>\n","protected":false},"author":2,"featured_media":0,"parent":350,"menu_order":0,"comment_status":"closed","ping_status":"closed","template":"","meta":{"om_disable_all_campaigns":false,"_monsterinsights_skip_tracking":false,"_monsterinsights_sitenote_active":false,"_monsterinsights_sitenote_note":"","_monsterinsights_sitenote_category":0,"_uf_show_specific_survey":0,"_uf_disable_surveys":false,"footnotes":""},"class_list":["post-373","page","type-page","status-publish","hentry"],"aioseo_notices":[],"yoast_head":"<!-- This site is optimized with the Yoast SEO plugin v24.5 - https:\/\/yoast.com\/wordpress\/plugins\/seo\/ -->\n<title>Gouvernance - Institut de Travail Social de la R\u00e9gion Auvergne<\/title>\n<meta name=\"description\" content=\"La composition de la gouvernance de l&#039;ITSRA : les membres de droits, les membres \u00e9lus, la composition du bureau et les repr\u00e9sentants des \u00e9tudiants.\" \/>\n<meta name=\"robots\" content=\"index, follow, max-snippet:-1, max-image-preview:large, max-video-preview:-1\" \/>\n<link rel=\"canonical\" href=\"https:\/\/itsra.net\/wordpress\/linstitut\/gouvernance-itsra\/\" \/>\n<meta property=\"og:locale\" content=\"fr_FR\" \/>\n<meta property=\"og:type\" content=\"article\" \/>\n<meta property=\"og:title\" content=\"Gouvernance - Institut de Travail Social de la R\u00e9gion Auvergne\" \/>\n<meta property=\"og:description\" content=\"La composition de la gouvernance de l&#039;ITSRA : les membres de droits, les membres \u00e9lus, la composition du bureau et les repr\u00e9sentants des \u00e9tudiants.\" \/>\n<meta property=\"og:url\" content=\"https:\/\/itsra.net\/wordpress\/linstitut\/gouvernance-itsra\/\" \/>\n<meta property=\"og:site_name\" content=\"Institut de Travail Social de la R\u00e9gion Auvergne\" \/>\n<meta property=\"article:modified_time\" content=\"2024-09-24T14:26:01+00:00\" \/>\n<meta name=\"twitter:card\" content=\"summary_large_image\" \/>\n<meta name=\"twitter:label1\" content=\"Dur\u00e9e de lecture estim\u00e9e\" \/>\n\t<meta name=\"twitter:data1\" content=\"1 minute\" \/>\n<script type=\"application\/ld+json\" class=\"yoast-schema-graph\">{\"@context\":\"https:\/\/schema.org\",\"@graph\":[{\"@type\":\"WebPage\",\"@id\":\"https:\/\/itsra.net\/wordpress\/linstitut\/gouvernance-itsra\/\",\"url\":\"https:\/\/itsra.net\/wordpress\/linstitut\/gouvernance-itsra\/\",\"name\":\"Gouvernance - Institut de Travail Social de la R\u00e9gion Auvergne\",\"isPartOf\":{\"@id\":\"https:\/\/itsra.net\/wordpress\/#website\"},\"datePublished\":\"2018-07-04T14:19:15+00:00\",\"dateModified\":\"2024-09-24T14:26:01+00:00\",\"description\":\"La composition de la gouvernance de l'ITSRA : les membres de droits, les membres \u00e9lus, la composition du bureau et les repr\u00e9sentants des \u00e9tudiants.\",\"breadcrumb\":{\"@id\":\"https:\/\/itsra.net\/wordpress\/linstitut\/gouvernance-itsra\/#breadcrumb\"},\"inLanguage\":\"fr-FR\",\"potentialAction\":[{\"@type\":\"ReadAction\",\"target\":[\"https:\/\/itsra.net\/wordpress\/linstitut\/gouvernance-itsra\/\"]}]},{\"@type\":\"BreadcrumbList\",\"@id\":\"https:\/\/itsra.net\/wordpress\/linstitut\/gouvernance-itsra\/#breadcrumb\",\"itemListElement\":[{\"@type\":\"ListItem\",\"position\":1,\"name\":\"Accueil\",\"item\":\"https:\/\/itsra.net\/wordpress\/\"},{\"@type\":\"ListItem\",\"position\":2,\"name\":\"L&rsquo;INSTITUT\",\"item\":\"https:\/\/itsra.net\/wordpress\/linstitut\/\"},{\"@type\":\"ListItem\",\"position\":3,\"name\":\"Gouvernance\"}]},{\"@type\":\"WebSite\",\"@id\":\"https:\/\/itsra.net\/wordpress\/#website\",\"url\":\"https:\/\/itsra.net\/wordpress\/\",\"name\":\"Institut de Travail Social de la R\u00e9gion Auvergne\",\"description\":\"\",\"publisher\":{\"@id\":\"https:\/\/itsra.net\/wordpress\/#organization\"},\"potentialAction\":[{\"@type\":\"SearchAction\",\"target\":{\"@type\":\"EntryPoint\",\"urlTemplate\":\"https:\/\/itsra.net\/wordpress\/?s={search_term_string}\"},\"query-input\":{\"@type\":\"PropertyValueSpecification\",\"valueRequired\":true,\"valueName\":\"search_term_string\"}}],\"inLanguage\":\"fr-FR\"},{\"@type\":\"Organization\",\"@id\":\"https:\/\/itsra.net\/wordpress\/#organization\",\"name\":\"Institut de Travail Social de la R\u00e9gion Auvergne\",\"url\":\"https:\/\/itsra.net\/wordpress\/\",\"logo\":{\"@type\":\"ImageObject\",\"inLanguage\":\"fr-FR\",\"@id\":\"https:\/\/itsra.net\/wordpress\/#\/schema\/logo\/image\/\",\"url\":\"http:\/\/itsra.net\/wordpress\/wp-content\/uploads\/2019\/01\/LogoITSRA_PNG_HD.png\",\"contentUrl\":\"http:\/\/itsra.net\/wordpress\/wp-content\/uploads\/2019\/01\/LogoITSRA_PNG_HD.png\",\"width\":1280,\"height\":346,\"caption\":\"Institut de Travail Social de la R\u00e9gion Auvergne\"},\"image\":{\"@id\":\"https:\/\/itsra.net\/wordpress\/#\/schema\/logo\/image\/\"}}]}<\/script>\n<!-- \/ Yoast SEO plugin. -->","yoast_head_json":{"title":"Gouvernance - Institut de Travail Social de la R\u00e9gion Auvergne","description":"La composition de la gouvernance de l'ITSRA : les membres de droits, les membres \u00e9lus, la composition du bureau et les repr\u00e9sentants des \u00e9tudiants.","robots":{"index":"index","follow":"follow","max-snippet":"max-snippet:-1","max-image-preview":"max-image-preview:large","max-video-preview":"max-video-preview:-1"},"canonical":"https:\/\/itsra.net\/wordpress\/linstitut\/gouvernance-itsra\/","og_locale":"fr_FR","og_type":"article","og_title":"Gouvernance - Institut de Travail Social de la R\u00e9gion Auvergne","og_description":"La composition de la gouvernance de l'ITSRA : les membres de droits, les membres \u00e9lus, la composition du bureau et les repr\u00e9sentants des \u00e9tudiants.","og_url":"https:\/\/itsra.net\/wordpress\/linstitut\/gouvernance-itsra\/","og_site_name":"Institut de Travail Social de la R\u00e9gion Auvergne","article_modified_time":"2024-09-24T14:26:01+00:00","twitter_card":"summary_large_image","twitter_misc":{"Dur\u00e9e de lecture estim\u00e9e":"1 minute"},"schema":{"@context":"https:\/\/schema.org","@graph":[{"@type":"WebPage","@id":"https:\/\/itsra.net\/wordpress\/linstitut\/gouvernance-itsra\/","url":"https:\/\/itsra.net\/wordpress\/linstitut\/gouvernance-itsra\/","name":"Gouvernance - Institut de Travail Social de la R\u00e9gion Auvergne","isPartOf":{"@id":"https:\/\/itsra.net\/wordpress\/#website"},"datePublished":"2018-07-04T14:19:15+00:00","dateModified":"2024-09-24T14:26:01+00:00","description":"La composition de la gouvernance de l'ITSRA : les membres de droits, les membres \u00e9lus, la composition du bureau et les repr\u00e9sentants des \u00e9tudiants.","breadcrumb":{"@id":"https:\/\/itsra.net\/wordpress\/linstitut\/gouvernance-itsra\/#breadcrumb"},"inLanguage":"fr-FR","potentialAction":[{"@type":"ReadAction","target":["https:\/\/itsra.net\/wordpress\/linstitut\/gouvernance-itsra\/"]}]},{"@type":"BreadcrumbList","@id":"https:\/\/itsra.net\/wordpress\/linstitut\/gouvernance-itsra\/#breadcrumb","itemListElement":[{"@type":"ListItem","position":1,"name":"Accueil","item":"https:\/\/itsra.net\/wordpress\/"},{"@type":"ListItem","position":2,"name":"L&rsquo;INSTITUT","item":"https:\/\/itsra.net\/wordpress\/linstitut\/"},{"@type":"ListItem","position":3,"name":"Gouvernance"}]},{"@type":"WebSite","@id":"https:\/\/itsra.net\/wordpress\/#website","url":"https:\/\/itsra.net\/wordpress\/","name":"Institut de Travail Social de la R\u00e9gion Auvergne","description":"","publisher":{"@id":"https:\/\/itsra.net\/wordpress\/#organization"},"potentialAction":[{"@type":"SearchAction","target":{"@type":"EntryPoint","urlTemplate":"https:\/\/itsra.net\/wordpress\/?s={search_term_string}"},"query-input":{"@type":"PropertyValueSpecification","valueRequired":true,"valueName":"search_term_string"}}],"inLanguage":"fr-FR"},{"@type":"Organization","@id":"https:\/\/itsra.net\/wordpress\/#organization","name":"Institut de Travail Social de la R\u00e9gion Auvergne","url":"https:\/\/itsra.net\/wordpress\/","logo":{"@type":"ImageObject","inLanguage":"fr-FR","@id":"https:\/\/itsra.net\/wordpress\/#\/schema\/logo\/image\/","url":"http:\/\/itsra.net\/wordpress\/wp-content\/uploads\/2019\/01\/LogoITSRA_PNG_HD.png","contentUrl":"http:\/\/itsra.net\/wordpress\/wp-content\/uploads\/2019\/01\/LogoITSRA_PNG_HD.png","width":1280,"height":346,"caption":"Institut de Travail Social de la R\u00e9gion Auvergne"},"image":{"@id":"https:\/\/itsra.net\/wordpress\/#\/schema\/logo\/image\/"}}]}},"_links":{"self":[{"href":"https:\/\/itsra.net\/wordpress\/wp-json\/wp\/v2\/pages\/373","targetHints":{"allow":["GET"]}}],"collection":[{"href":"https:\/\/itsra.net\/wordpress\/wp-json\/wp\/v2\/pages"}],"about":[{"href":"https:\/\/itsra.net\/wordpress\/wp-json\/wp\/v2\/types\/page"}],"author":[{"embeddable":true,"href":"https:\/\/itsra.net\/wordpress\/wp-json\/wp\/v2\/users\/2"}],"replies":[{"embeddable":true,"href":"https:\/\/itsra.net\/wordpress\/wp-json\/wp\/v2\/comments?post=373"}],"version-history":[{"count":35,"href":"https:\/\/itsra.net\/wordpress\/wp-json\/wp\/v2\/pages\/373\/revisions"}],"predecessor-version":[{"id":11167,"href":"https:\/\/itsra.net\/wordpress\/wp-json\/wp\/v2\/pages\/373\/revisions\/11167"}],"up":[{"embeddable":true,"href":"https:\/\/itsra.net\/wordpress\/wp-json\/wp\/v2\/pages\/350"}],"wp:attachment":[{"href":"https:\/\/itsra.net\/wordpress\/wp-json\/wp\/v2\/media?parent=373"}],"curies":[{"name":"wp","href":"https:\/\/api.w.org\/{rel}","templated":true}]}}