{"id":375,"date":"2018-07-04T16:19:30","date_gmt":"2018-07-04T14:19:30","guid":{"rendered":"http:\/\/itsra.net\/wordpress\/?page_id=375"},"modified":"2025-03-18T10:12:00","modified_gmt":"2025-03-18T09:12:00","slug":"organigramme-itsra","status":"publish","type":"page","link":"https:\/\/itsra.net\/wordpress\/organigramme-itsra\/","title":{"rendered":"Organigramme"},"content":{"rendered":"\t\t<div data-elementor-type=\"wp-page\" data-elementor-id=\"375\" class=\"elementor elementor-375\">\n\t\t\t\t\t\t<section class=\"elementor-section elementor-top-section elementor-element elementor-element-448cfd0 elementor-section-boxed elementor-section-height-default elementor-section-height-default\" data-id=\"448cfd0\" data-element_type=\"section\">\n\t\t\t\t\t\t<div class=\"elementor-container elementor-column-gap-default\">\n\t\t\t\t\t<div class=\"elementor-column elementor-col-100 elementor-top-column elementor-element elementor-element-10c5666\" data-id=\"10c5666\" data-element_type=\"column\">\n\t\t\t<div class=\"elementor-widget-wrap elementor-element-populated\">\n\t\t\t\t\t\t<div class=\"elementor-element elementor-element-1133bad elementor-widget elementor-widget-image\" data-id=\"1133bad\" data-element_type=\"widget\" data-settings=\"{&quot;_animation&quot;:&quot;none&quot;}\" data-widget_type=\"image.default\">\n\t\t\t\t<div class=\"elementor-widget-container\">\n\t\t\t\t\t\t\t\t\t\t\t\t\t\t\t<img fetchpriority=\"high\" decoding=\"async\" width=\"1024\" height=\"725\" src=\"https:\/\/itsra.net\/wordpress\/wp-content\/uploads\/2025\/03\/Organigramme-fonctionnel_ITSRA_2025_03_11_Plan-de-travail-1-1024x725.png\" class=\"attachment-large size-large wp-image-12408\" alt=\"\" srcset=\"https:\/\/itsra.net\/wordpress\/wp-content\/uploads\/2025\/03\/Organigramme-fonctionnel_ITSRA_2025_03_11_Plan-de-travail-1-1024x725.png 1024w, https:\/\/itsra.net\/wordpress\/wp-content\/uploads\/2025\/03\/Organigramme-fonctionnel_ITSRA_2025_03_11_Plan-de-travail-1-300x212.png 300w, https:\/\/itsra.net\/wordpress\/wp-content\/uploads\/2025\/03\/Organigramme-fonctionnel_ITSRA_2025_03_11_Plan-de-travail-1-768x543.png 768w, https:\/\/itsra.net\/wordpress\/wp-content\/uploads\/2025\/03\/Organigramme-fonctionnel_ITSRA_2025_03_11_Plan-de-travail-1-1536x1087.png 1536w, https:\/\/itsra.net\/wordpress\/wp-content\/uploads\/2025\/03\/Organigramme-fonctionnel_ITSRA_2025_03_11_Plan-de-travail-1-1526x1080.png 1526w, https:\/\/itsra.net\/wordpress\/wp-content\/uploads\/2025\/03\/Organigramme-fonctionnel_ITSRA_2025_03_11_Plan-de-travail-1.png 1754w\" sizes=\"(max-width: 1024px) 100vw, 1024px\" \/>\t\t\t\t\t\t\t\t\t\t\t\t\t\t\t<\/div>\n\t\t\t\t<\/div>\n\t\t\t\t\t<\/div>\n\t\t<\/div>\n\t\t\t\t\t<\/div>\n\t\t<\/section>\n\t\t\t\t<\/div>\n\t\t","protected":false},"excerpt":{"rendered":"","protected":false},"author":2,"featured_media":0,"parent":0,"menu_order":0,"comment_status":"closed","ping_status":"closed","template":"","meta":{"om_disable_all_campaigns":false,"_monsterinsights_skip_tracking":false,"_monsterinsights_sitenote_active":false,"_monsterinsights_sitenote_note":"","_monsterinsights_sitenote_category":0,"_uf_show_specific_survey":0,"_uf_disable_surveys":false,"footnotes":""},"class_list":["post-375","page","type-page","status-publish","hentry"],"aioseo_notices":[],"yoast_head":"<!-- This site is optimized with the Yoast SEO plugin v24.5 - https:\/\/yoast.com\/wordpress\/plugins\/seo\/ -->\n<title>Organigramme - Institut de Travail Social de la R\u00e9gion Auvergne<\/title>\n<meta name=\"description\" content=\"Organigramme de l&#039;institut de formation dans le social et m\u00e9dico-social bas\u00e9 \u00e0 Clermont-Ferrand (Auvergne-Rh\u00f4ne-Alpes)\" \/>\n<meta name=\"robots\" content=\"index, follow, max-snippet:-1, max-image-preview:large, max-video-preview:-1\" \/>\n<link rel=\"canonical\" href=\"https:\/\/itsra.net\/wordpress\/organigramme-itsra\/\" \/>\n<meta property=\"og:locale\" content=\"fr_FR\" \/>\n<meta property=\"og:type\" content=\"article\" \/>\n<meta property=\"og:title\" content=\"Organigramme - Institut de Travail Social de la R\u00e9gion Auvergne\" \/>\n<meta property=\"og:description\" content=\"Organigramme de l&#039;institut de formation dans le social et m\u00e9dico-social bas\u00e9 \u00e0 Clermont-Ferrand (Auvergne-Rh\u00f4ne-Alpes)\" \/>\n<meta property=\"og:url\" content=\"https:\/\/itsra.net\/wordpress\/organigramme-itsra\/\" \/>\n<meta property=\"og:site_name\" content=\"Institut de Travail Social de la R\u00e9gion Auvergne\" \/>\n<meta property=\"article:modified_time\" content=\"2025-03-18T09:12:00+00:00\" \/>\n<meta property=\"og:image\" content=\"https:\/\/itsra.net\/wordpress\/wp-content\/uploads\/2025\/03\/Organigramme-fonctionnel_ITSRA_2025_03_11_Plan-de-travail-1.png\" \/>\n\t<meta property=\"og:image:width\" content=\"1754\" \/>\n\t<meta property=\"og:image:height\" content=\"1241\" \/>\n\t<meta property=\"og:image:type\" content=\"image\/png\" \/>\n<meta name=\"twitter:card\" content=\"summary_large_image\" \/>\n<meta name=\"twitter:label1\" content=\"Dur\u00e9e de lecture estim\u00e9e\" \/>\n\t<meta name=\"twitter:data1\" content=\"1 minute\" \/>\n<script type=\"application\/ld+json\" class=\"yoast-schema-graph\">{\"@context\":\"https:\/\/schema.org\",\"@graph\":[{\"@type\":\"WebPage\",\"@id\":\"https:\/\/itsra.net\/wordpress\/organigramme-itsra\/\",\"url\":\"https:\/\/itsra.net\/wordpress\/organigramme-itsra\/\",\"name\":\"Organigramme - Institut de Travail Social de la R\u00e9gion Auvergne\",\"isPartOf\":{\"@id\":\"https:\/\/itsra.net\/wordpress\/#website\"},\"primaryImageOfPage\":{\"@id\":\"https:\/\/itsra.net\/wordpress\/organigramme-itsra\/#primaryimage\"},\"image\":{\"@id\":\"https:\/\/itsra.net\/wordpress\/organigramme-itsra\/#primaryimage\"},\"thumbnailUrl\":\"https:\/\/itsra.net\/wordpress\/wp-content\/uploads\/2025\/03\/Organigramme-fonctionnel_ITSRA_2025_03_11_Plan-de-travail-1-1024x725.png\",\"datePublished\":\"2018-07-04T14:19:30+00:00\",\"dateModified\":\"2025-03-18T09:12:00+00:00\",\"description\":\"Organigramme de l'institut de formation dans le social et m\u00e9dico-social bas\u00e9 \u00e0 Clermont-Ferrand (Auvergne-Rh\u00f4ne-Alpes)\",\"breadcrumb\":{\"@id\":\"https:\/\/itsra.net\/wordpress\/organigramme-itsra\/#breadcrumb\"},\"inLanguage\":\"fr-FR\",\"potentialAction\":[{\"@type\":\"ReadAction\",\"target\":[\"https:\/\/itsra.net\/wordpress\/organigramme-itsra\/\"]}]},{\"@type\":\"ImageObject\",\"inLanguage\":\"fr-FR\",\"@id\":\"https:\/\/itsra.net\/wordpress\/organigramme-itsra\/#primaryimage\",\"url\":\"https:\/\/itsra.net\/wordpress\/wp-content\/uploads\/2025\/03\/Organigramme-fonctionnel_ITSRA_2025_03_11_Plan-de-travail-1.png\",\"contentUrl\":\"https:\/\/itsra.net\/wordpress\/wp-content\/uploads\/2025\/03\/Organigramme-fonctionnel_ITSRA_2025_03_11_Plan-de-travail-1.png\",\"width\":1754,\"height\":1241},{\"@type\":\"BreadcrumbList\",\"@id\":\"https:\/\/itsra.net\/wordpress\/organigramme-itsra\/#breadcrumb\",\"itemListElement\":[{\"@type\":\"ListItem\",\"position\":1,\"name\":\"Accueil\",\"item\":\"https:\/\/itsra.net\/wordpress\/\"},{\"@type\":\"ListItem\",\"position\":2,\"name\":\"Organigramme\"}]},{\"@type\":\"WebSite\",\"@id\":\"https:\/\/itsra.net\/wordpress\/#website\",\"url\":\"https:\/\/itsra.net\/wordpress\/\",\"name\":\"Institut de Travail Social de la R\u00e9gion Auvergne\",\"description\":\"\",\"publisher\":{\"@id\":\"https:\/\/itsra.net\/wordpress\/#organization\"},\"potentialAction\":[{\"@type\":\"SearchAction\",\"target\":{\"@type\":\"EntryPoint\",\"urlTemplate\":\"https:\/\/itsra.net\/wordpress\/?s={search_term_string}\"},\"query-input\":{\"@type\":\"PropertyValueSpecification\",\"valueRequired\":true,\"valueName\":\"search_term_string\"}}],\"inLanguage\":\"fr-FR\"},{\"@type\":\"Organization\",\"@id\":\"https:\/\/itsra.net\/wordpress\/#organization\",\"name\":\"Institut de Travail Social de la R\u00e9gion Auvergne\",\"url\":\"https:\/\/itsra.net\/wordpress\/\",\"logo\":{\"@type\":\"ImageObject\",\"inLanguage\":\"fr-FR\",\"@id\":\"https:\/\/itsra.net\/wordpress\/#\/schema\/logo\/image\/\",\"url\":\"http:\/\/itsra.net\/wordpress\/wp-content\/uploads\/2019\/01\/LogoITSRA_PNG_HD.png\",\"contentUrl\":\"http:\/\/itsra.net\/wordpress\/wp-content\/uploads\/2019\/01\/LogoITSRA_PNG_HD.png\",\"width\":1280,\"height\":346,\"caption\":\"Institut de Travail Social de la R\u00e9gion Auvergne\"},\"image\":{\"@id\":\"https:\/\/itsra.net\/wordpress\/#\/schema\/logo\/image\/\"}}]}<\/script>\n<!-- \/ Yoast SEO plugin. -->","yoast_head_json":{"title":"Organigramme - Institut de Travail Social de la R\u00e9gion Auvergne","description":"Organigramme de l'institut de formation dans le social et m\u00e9dico-social bas\u00e9 \u00e0 Clermont-Ferrand (Auvergne-Rh\u00f4ne-Alpes)","robots":{"index":"index","follow":"follow","max-snippet":"max-snippet:-1","max-image-preview":"max-image-preview:large","max-video-preview":"max-video-preview:-1"},"canonical":"https:\/\/itsra.net\/wordpress\/organigramme-itsra\/","og_locale":"fr_FR","og_type":"article","og_title":"Organigramme - Institut de Travail Social de la R\u00e9gion Auvergne","og_description":"Organigramme de l'institut de formation dans le social et m\u00e9dico-social bas\u00e9 \u00e0 Clermont-Ferrand (Auvergne-Rh\u00f4ne-Alpes)","og_url":"https:\/\/itsra.net\/wordpress\/organigramme-itsra\/","og_site_name":"Institut de Travail Social de la R\u00e9gion Auvergne","article_modified_time":"2025-03-18T09:12:00+00:00","og_image":[{"width":1754,"height":1241,"url":"https:\/\/itsra.net\/wordpress\/wp-content\/uploads\/2025\/03\/Organigramme-fonctionnel_ITSRA_2025_03_11_Plan-de-travail-1.png","type":"image\/png"}],"twitter_card":"summary_large_image","twitter_misc":{"Dur\u00e9e de lecture estim\u00e9e":"1 minute"},"schema":{"@context":"https:\/\/schema.org","@graph":[{"@type":"WebPage","@id":"https:\/\/itsra.net\/wordpress\/organigramme-itsra\/","url":"https:\/\/itsra.net\/wordpress\/organigramme-itsra\/","name":"Organigramme - Institut de Travail Social de la R\u00e9gion Auvergne","isPartOf":{"@id":"https:\/\/itsra.net\/wordpress\/#website"},"primaryImageOfPage":{"@id":"https:\/\/itsra.net\/wordpress\/organigramme-itsra\/#primaryimage"},"image":{"@id":"https:\/\/itsra.net\/wordpress\/organigramme-itsra\/#primaryimage"},"thumbnailUrl":"https:\/\/itsra.net\/wordpress\/wp-content\/uploads\/2025\/03\/Organigramme-fonctionnel_ITSRA_2025_03_11_Plan-de-travail-1-1024x725.png","datePublished":"2018-07-04T14:19:30+00:00","dateModified":"2025-03-18T09:12:00+00:00","description":"Organigramme de l'institut de formation dans le social et m\u00e9dico-social bas\u00e9 \u00e0 Clermont-Ferrand (Auvergne-Rh\u00f4ne-Alpes)","breadcrumb":{"@id":"https:\/\/itsra.net\/wordpress\/organigramme-itsra\/#breadcrumb"},"inLanguage":"fr-FR","potentialAction":[{"@type":"ReadAction","target":["https:\/\/itsra.net\/wordpress\/organigramme-itsra\/"]}]},{"@type":"ImageObject","inLanguage":"fr-FR","@id":"https:\/\/itsra.net\/wordpress\/organigramme-itsra\/#primaryimage","url":"https:\/\/itsra.net\/wordpress\/wp-content\/uploads\/2025\/03\/Organigramme-fonctionnel_ITSRA_2025_03_11_Plan-de-travail-1.png","contentUrl":"https:\/\/itsra.net\/wordpress\/wp-content\/uploads\/2025\/03\/Organigramme-fonctionnel_ITSRA_2025_03_11_Plan-de-travail-1.png","width":1754,"height":1241},{"@type":"BreadcrumbList","@id":"https:\/\/itsra.net\/wordpress\/organigramme-itsra\/#breadcrumb","itemListElement":[{"@type":"ListItem","position":1,"name":"Accueil","item":"https:\/\/itsra.net\/wordpress\/"},{"@type":"ListItem","position":2,"name":"Organigramme"}]},{"@type":"WebSite","@id":"https:\/\/itsra.net\/wordpress\/#website","url":"https:\/\/itsra.net\/wordpress\/","name":"Institut de Travail Social de la R\u00e9gion Auvergne","description":"","publisher":{"@id":"https:\/\/itsra.net\/wordpress\/#organization"},"potentialAction":[{"@type":"SearchAction","target":{"@type":"EntryPoint","urlTemplate":"https:\/\/itsra.net\/wordpress\/?s={search_term_string}"},"query-input":{"@type":"PropertyValueSpecification","valueRequired":true,"valueName":"search_term_string"}}],"inLanguage":"fr-FR"},{"@type":"Organization","@id":"https:\/\/itsra.net\/wordpress\/#organization","name":"Institut de Travail Social de la R\u00e9gion Auvergne","url":"https:\/\/itsra.net\/wordpress\/","logo":{"@type":"ImageObject","inLanguage":"fr-FR","@id":"https:\/\/itsra.net\/wordpress\/#\/schema\/logo\/image\/","url":"http:\/\/itsra.net\/wordpress\/wp-content\/uploads\/2019\/01\/LogoITSRA_PNG_HD.png","contentUrl":"http:\/\/itsra.net\/wordpress\/wp-content\/uploads\/2019\/01\/LogoITSRA_PNG_HD.png","width":1280,"height":346,"caption":"Institut de Travail Social de la R\u00e9gion Auvergne"},"image":{"@id":"https:\/\/itsra.net\/wordpress\/#\/schema\/logo\/image\/"}}]}},"_links":{"self":[{"href":"https:\/\/itsra.net\/wordpress\/wp-json\/wp\/v2\/pages\/375","targetHints":{"allow":["GET"]}}],"collection":[{"href":"https:\/\/itsra.net\/wordpress\/wp-json\/wp\/v2\/pages"}],"about":[{"href":"https:\/\/itsra.net\/wordpress\/wp-json\/wp\/v2\/types\/page"}],"author":[{"embeddable":true,"href":"https:\/\/itsra.net\/wordpress\/wp-json\/wp\/v2\/users\/2"}],"replies":[{"embeddable":true,"href":"https:\/\/itsra.net\/wordpress\/wp-json\/wp\/v2\/comments?post=375"}],"version-history":[{"count":17,"href":"https:\/\/itsra.net\/wordpress\/wp-json\/wp\/v2\/pages\/375\/revisions"}],"predecessor-version":[{"id":12411,"href":"https:\/\/itsra.net\/wordpress\/wp-json\/wp\/v2\/pages\/375\/revisions\/12411"}],"wp:attachment":[{"href":"https:\/\/itsra.net\/wordpress\/wp-json\/wp\/v2\/media?parent=375"}],"curies":[{"name":"wp","href":"https:\/\/api.w.org\/{rel}","templated":true}]}}