{"id":383,"date":"2018-07-04T16:22:05","date_gmt":"2018-07-04T14:22:05","guid":{"rendered":"http:\/\/itsra.net\/wordpress\/?page_id=383"},"modified":"2025-01-22T09:55:30","modified_gmt":"2025-01-22T08:55:30","slug":"le-service-formation-continue","status":"publish","type":"page","link":"https:\/\/itsra.net\/wordpress\/le-service-formation-continue\/","title":{"rendered":"Le service formation continue"},"content":{"rendered":"<p style=\"text-align: justify;\"><span style=\"color: #000000;\"><strong>La formation continue est \u00e0 l&rsquo;\u00e9vidence, devenue au fil du temps, un enjeu majeur du champ social et m\u00e9dico-social.<\/strong><\/span><br \/>\n<span style=\"color: #000000;\"><strong>Les \u00e9quipes de l\u2019ITSRA, mettent donc \u00e0 votre service toutes leurs comp\u00e9tences pour vous accompagner \u00e0 poursuivre des actions de formation continue.<\/strong><\/span><\/p>\n<p>&nbsp;<\/p>\n<p style=\"text-align: justify;\"><span style=\"color: #000000;\">La formation continue est un <strong>droit<\/strong>, mais aussi une <strong>n\u00e9cessit\u00e9<\/strong> pour tout salari\u00e9. Il est de moins en moins envisageable, de consid\u00e9rer que les comp\u00e9tences issues de la formation initiale puissent \u00eatre suffisantes pour toute une vie professionnelle.<\/span><br \/>\n<span style=\"color: #000000;\">La formation professionnelle continue repr\u00e9sente ainsi un <strong>champ de comp\u00e9tences crois\u00e9es<\/strong> qui constitue un <strong>enjeu essentiel pour l&rsquo;\u00e9volution du secteur<\/strong> en permettant :<\/span><\/p>\n<ul style=\"text-align: justify;\">\n<li><span style=\"color: #000000;\">l&rsquo;adaptation \u00e0 l&#8217;emploi, l&rsquo;\u00e9volution continue des comp\u00e9tences tout au long de la vie professionnelle,<\/span><\/li>\n<\/ul>\n<ul style=\"text-align: justify;\">\n<li><span style=\"color: #000000;\">la promotion, l&rsquo;\u00e9l\u00e9vation du niveau de qualification et la mobilit\u00e9 des salari\u00e9s,<\/span><\/li>\n<\/ul>\n<ul style=\"text-align: justify;\">\n<li><span style=\"color: #000000;\">l&rsquo;acc\u00e8s \u00e0 des formations dipl\u00f4mantes pour des personnes entr\u00e9es dans le secteur par l&#8217;emploi sans formation sp\u00e9cifique,<\/span><\/li>\n<\/ul>\n<ul style=\"text-align: justify;\">\n<li><span style=\"color: #000000;\">l&rsquo;\u00e9volution structurelle du secteur, de ses capacit\u00e9s d&rsquo;organisation, de gestion de dispositifs, de management d&rsquo;\u00e9quipes \u00a0\u00bb pluri-professionnelles.\u00a0\u00bb<\/span><\/li>\n<\/ul>\n<p style=\"text-align: justify;\"><span style=\"color: #000000;\">Quelle que soit la formation nous avons le souci de toujours mettre en perspective l\u2019\u00e9laboration d\u2019outils et de m\u00e9thodes avec un questionnement sur ce qui fait sens.<\/span><\/p>\n<p>&nbsp;<\/p>\n<p style=\"text-align: justify;\"><span style=\"color: #000000;\"><strong>Pour chaque intervention :<\/strong><\/span><\/p>\n<p style=\"text-align: justify;\"><span style=\"color: #000000;\">&#8211; Votre demande est \u00e9tudi\u00e9e avec attention,<\/span><br \/>\n<span style=\"color: #000000;\">&#8211; Un premier contact permet de pr\u00e9ciser votre cahier des charges et d\u2019adapter notre r\u00e9ponse,<\/span><br \/>\n<span style=\"color: #000000;\">&#8211; Une proposition est \u00e9labor\u00e9e pr\u00e9cisant les objectifs p\u00e9dagogiques, les contenus, les m\u00e9thodes, les modalit\u00e9s pratiques et le tarif,<\/span><br \/>\n<span style=\"color: #000000;\">&#8211; Tout au long de la formation, des ajustements sont possibles en fonction des \u00e9valuations des formateurs et de vos propres remarques,<\/span><br \/>\n<span style=\"color: #000000;\">&#8211; En fin d\u2019intervention, une \u00e9valuation formelle est men\u00e9e \u00e0 l\u2019aide d\u2019un questionnaire et d\u2019un bilan oral.<\/span><\/p>\n<p style=\"text-align: justify;\"><span style=\"color: #000000;\">Pour r\u00e9pondre \u00e0 la diversit\u00e9 des th\u00e8mes, nous faisons appel \u00e0 notre \u00e9quipe pluridisciplinaire de formateurs et \u00e0 un important r\u00e9seau de formateurs associ\u00e9s, universitaires et professionnels, sp\u00e9cialis\u00e9s dans leur domaine de comp\u00e9tence et proches des r\u00e9alit\u00e9s du terrain.<\/span><\/p>\n<p>&nbsp;<\/p>\n<p style=\"text-align: justify;\"><span style=\"color: #000000;\"><strong>Une d\u00e9marche de formation vous int\u00e9resse ? Vous souhaitez en compl\u00e9ter le contenu ou modifier la dur\u00e9e ?<\/strong><\/span><\/p>\n<p style=\"text-align: justify;\"><span style=\"color: #000000;\">Contactez nous, nous identifierons ensemble le besoin et tenterons de r\u00e9pondre au plus pr\u00e8s des effets attendus :<\/span><\/p>\n<ul>\n<li style=\"text-align: justify;\"><span style=\"color: #000000;\">Secr\u00e9tariat p\u00e9dagogique : Rabia SAGLAM : 04 63 05 03 73,<\/span> <a href=\"mailto:rabia.saglam@itsra.net\">rabia.saglam@itsra.net<\/a><\/li>\n<li style=\"text-align: justify;\"><span style=\"color: #000000;\">Responsable de la formation continue : Brice DEBARGE, 04 73 69 99 19,<\/span> <a href=\"mailto:brice.debarge@itsra.net\">brice.debarge@itsra.net<\/a><\/li>\n<\/ul>\n","protected":false},"excerpt":{"rendered":"<p>La formation continue est \u00e0 l&rsquo;\u00e9vidence, devenue au fil du temps, un enjeu majeur du champ social et m\u00e9dico-social. Les \u00e9quipes de l\u2019ITSRA, mettent donc \u00e0 votre service toutes leurs comp\u00e9tences pour vous accompagner \u00e0 poursuivre des actions de formation continue. &nbsp; La formation continue est un droit, mais aussi une n\u00e9cessit\u00e9 pour tout salari\u00e9.&hellip; <br \/> <a class=\"read-more\" href=\"https:\/\/itsra.net\/wordpress\/le-service-formation-continue\/\">Lire la suite<\/a><\/p>\n","protected":false},"author":2,"featured_media":0,"parent":0,"menu_order":0,"comment_status":"closed","ping_status":"closed","template":"","meta":{"om_disable_all_campaigns":false,"_monsterinsights_skip_tracking":false,"_monsterinsights_sitenote_active":false,"_monsterinsights_sitenote_note":"","_monsterinsights_sitenote_category":0,"_uf_show_specific_survey":0,"_uf_disable_surveys":false,"footnotes":""},"class_list":["post-383","page","type-page","status-publish","hentry"],"aioseo_notices":[],"yoast_head":"<!-- This site is optimized with the Yoast SEO plugin v24.5 - https:\/\/yoast.com\/wordpress\/plugins\/seo\/ -->\n<title>Le service formation continue - Institut de Travail Social de la R\u00e9gion Auvergne<\/title>\n<meta name=\"description\" content=\"L&#039;ITSRA propose des formations continues dans les secteurs du social afin de d\u00e9velopper les comp\u00e9tences de chacun. D\u00e9couvrez notre catalogue\" \/>\n<meta name=\"robots\" content=\"index, follow, max-snippet:-1, max-image-preview:large, max-video-preview:-1\" \/>\n<link rel=\"canonical\" href=\"https:\/\/itsra.net\/wordpress\/le-service-formation-continue\/\" \/>\n<meta property=\"og:locale\" content=\"fr_FR\" \/>\n<meta property=\"og:type\" content=\"article\" \/>\n<meta property=\"og:title\" content=\"Le service formation continue - Institut de Travail Social de la R\u00e9gion Auvergne\" \/>\n<meta property=\"og:description\" content=\"L&#039;ITSRA propose des formations continues dans les secteurs du social afin de d\u00e9velopper les comp\u00e9tences de chacun. D\u00e9couvrez notre catalogue\" \/>\n<meta property=\"og:url\" content=\"https:\/\/itsra.net\/wordpress\/le-service-formation-continue\/\" \/>\n<meta property=\"og:site_name\" content=\"Institut de Travail Social de la R\u00e9gion Auvergne\" \/>\n<meta property=\"article:modified_time\" content=\"2025-01-22T08:55:30+00:00\" \/>\n<meta name=\"twitter:card\" content=\"summary_large_image\" \/>\n<meta name=\"twitter:label1\" content=\"Dur\u00e9e de lecture estim\u00e9e\" \/>\n\t<meta name=\"twitter:data1\" content=\"2 minutes\" \/>\n<script type=\"application\/ld+json\" class=\"yoast-schema-graph\">{\"@context\":\"https:\/\/schema.org\",\"@graph\":[{\"@type\":\"WebPage\",\"@id\":\"https:\/\/itsra.net\/wordpress\/le-service-formation-continue\/\",\"url\":\"https:\/\/itsra.net\/wordpress\/le-service-formation-continue\/\",\"name\":\"Le service formation continue - Institut de Travail Social de la R\u00e9gion Auvergne\",\"isPartOf\":{\"@id\":\"https:\/\/itsra.net\/wordpress\/#website\"},\"datePublished\":\"2018-07-04T14:22:05+00:00\",\"dateModified\":\"2025-01-22T08:55:30+00:00\",\"description\":\"L'ITSRA propose des formations continues dans les secteurs du social afin de d\u00e9velopper les comp\u00e9tences de chacun. D\u00e9couvrez notre catalogue\",\"breadcrumb\":{\"@id\":\"https:\/\/itsra.net\/wordpress\/le-service-formation-continue\/#breadcrumb\"},\"inLanguage\":\"fr-FR\",\"potentialAction\":[{\"@type\":\"ReadAction\",\"target\":[\"https:\/\/itsra.net\/wordpress\/le-service-formation-continue\/\"]}]},{\"@type\":\"BreadcrumbList\",\"@id\":\"https:\/\/itsra.net\/wordpress\/le-service-formation-continue\/#breadcrumb\",\"itemListElement\":[{\"@type\":\"ListItem\",\"position\":1,\"name\":\"Accueil\",\"item\":\"https:\/\/itsra.net\/wordpress\/\"},{\"@type\":\"ListItem\",\"position\":2,\"name\":\"Le service formation continue\"}]},{\"@type\":\"WebSite\",\"@id\":\"https:\/\/itsra.net\/wordpress\/#website\",\"url\":\"https:\/\/itsra.net\/wordpress\/\",\"name\":\"Institut de Travail Social de la R\u00e9gion Auvergne\",\"description\":\"\",\"publisher\":{\"@id\":\"https:\/\/itsra.net\/wordpress\/#organization\"},\"potentialAction\":[{\"@type\":\"SearchAction\",\"target\":{\"@type\":\"EntryPoint\",\"urlTemplate\":\"https:\/\/itsra.net\/wordpress\/?s={search_term_string}\"},\"query-input\":{\"@type\":\"PropertyValueSpecification\",\"valueRequired\":true,\"valueName\":\"search_term_string\"}}],\"inLanguage\":\"fr-FR\"},{\"@type\":\"Organization\",\"@id\":\"https:\/\/itsra.net\/wordpress\/#organization\",\"name\":\"Institut de Travail Social de la R\u00e9gion Auvergne\",\"url\":\"https:\/\/itsra.net\/wordpress\/\",\"logo\":{\"@type\":\"ImageObject\",\"inLanguage\":\"fr-FR\",\"@id\":\"https:\/\/itsra.net\/wordpress\/#\/schema\/logo\/image\/\",\"url\":\"http:\/\/itsra.net\/wordpress\/wp-content\/uploads\/2019\/01\/LogoITSRA_PNG_HD.png\",\"contentUrl\":\"http:\/\/itsra.net\/wordpress\/wp-content\/uploads\/2019\/01\/LogoITSRA_PNG_HD.png\",\"width\":1280,\"height\":346,\"caption\":\"Institut de Travail Social de la R\u00e9gion Auvergne\"},\"image\":{\"@id\":\"https:\/\/itsra.net\/wordpress\/#\/schema\/logo\/image\/\"}}]}<\/script>\n<!-- \/ Yoast SEO plugin. -->","yoast_head_json":{"title":"Le service formation continue - Institut de Travail Social de la R\u00e9gion Auvergne","description":"L'ITSRA propose des formations continues dans les secteurs du social afin de d\u00e9velopper les comp\u00e9tences de chacun. D\u00e9couvrez notre catalogue","robots":{"index":"index","follow":"follow","max-snippet":"max-snippet:-1","max-image-preview":"max-image-preview:large","max-video-preview":"max-video-preview:-1"},"canonical":"https:\/\/itsra.net\/wordpress\/le-service-formation-continue\/","og_locale":"fr_FR","og_type":"article","og_title":"Le service formation continue - Institut de Travail Social de la R\u00e9gion Auvergne","og_description":"L'ITSRA propose des formations continues dans les secteurs du social afin de d\u00e9velopper les comp\u00e9tences de chacun. D\u00e9couvrez notre catalogue","og_url":"https:\/\/itsra.net\/wordpress\/le-service-formation-continue\/","og_site_name":"Institut de Travail Social de la R\u00e9gion Auvergne","article_modified_time":"2025-01-22T08:55:30+00:00","twitter_card":"summary_large_image","twitter_misc":{"Dur\u00e9e de lecture estim\u00e9e":"2 minutes"},"schema":{"@context":"https:\/\/schema.org","@graph":[{"@type":"WebPage","@id":"https:\/\/itsra.net\/wordpress\/le-service-formation-continue\/","url":"https:\/\/itsra.net\/wordpress\/le-service-formation-continue\/","name":"Le service formation continue - Institut de Travail Social de la R\u00e9gion Auvergne","isPartOf":{"@id":"https:\/\/itsra.net\/wordpress\/#website"},"datePublished":"2018-07-04T14:22:05+00:00","dateModified":"2025-01-22T08:55:30+00:00","description":"L'ITSRA propose des formations continues dans les secteurs du social afin de d\u00e9velopper les comp\u00e9tences de chacun. D\u00e9couvrez notre catalogue","breadcrumb":{"@id":"https:\/\/itsra.net\/wordpress\/le-service-formation-continue\/#breadcrumb"},"inLanguage":"fr-FR","potentialAction":[{"@type":"ReadAction","target":["https:\/\/itsra.net\/wordpress\/le-service-formation-continue\/"]}]},{"@type":"BreadcrumbList","@id":"https:\/\/itsra.net\/wordpress\/le-service-formation-continue\/#breadcrumb","itemListElement":[{"@type":"ListItem","position":1,"name":"Accueil","item":"https:\/\/itsra.net\/wordpress\/"},{"@type":"ListItem","position":2,"name":"Le service formation continue"}]},{"@type":"WebSite","@id":"https:\/\/itsra.net\/wordpress\/#website","url":"https:\/\/itsra.net\/wordpress\/","name":"Institut de Travail Social de la R\u00e9gion Auvergne","description":"","publisher":{"@id":"https:\/\/itsra.net\/wordpress\/#organization"},"potentialAction":[{"@type":"SearchAction","target":{"@type":"EntryPoint","urlTemplate":"https:\/\/itsra.net\/wordpress\/?s={search_term_string}"},"query-input":{"@type":"PropertyValueSpecification","valueRequired":true,"valueName":"search_term_string"}}],"inLanguage":"fr-FR"},{"@type":"Organization","@id":"https:\/\/itsra.net\/wordpress\/#organization","name":"Institut de Travail Social de la R\u00e9gion Auvergne","url":"https:\/\/itsra.net\/wordpress\/","logo":{"@type":"ImageObject","inLanguage":"fr-FR","@id":"https:\/\/itsra.net\/wordpress\/#\/schema\/logo\/image\/","url":"http:\/\/itsra.net\/wordpress\/wp-content\/uploads\/2019\/01\/LogoITSRA_PNG_HD.png","contentUrl":"http:\/\/itsra.net\/wordpress\/wp-content\/uploads\/2019\/01\/LogoITSRA_PNG_HD.png","width":1280,"height":346,"caption":"Institut de Travail Social de la R\u00e9gion Auvergne"},"image":{"@id":"https:\/\/itsra.net\/wordpress\/#\/schema\/logo\/image\/"}}]}},"_links":{"self":[{"href":"https:\/\/itsra.net\/wordpress\/wp-json\/wp\/v2\/pages\/383","targetHints":{"allow":["GET"]}}],"collection":[{"href":"https:\/\/itsra.net\/wordpress\/wp-json\/wp\/v2\/pages"}],"about":[{"href":"https:\/\/itsra.net\/wordpress\/wp-json\/wp\/v2\/types\/page"}],"author":[{"embeddable":true,"href":"https:\/\/itsra.net\/wordpress\/wp-json\/wp\/v2\/users\/2"}],"replies":[{"embeddable":true,"href":"https:\/\/itsra.net\/wordpress\/wp-json\/wp\/v2\/comments?post=383"}],"version-history":[{"count":17,"href":"https:\/\/itsra.net\/wordpress\/wp-json\/wp\/v2\/pages\/383\/revisions"}],"predecessor-version":[{"id":11918,"href":"https:\/\/itsra.net\/wordpress\/wp-json\/wp\/v2\/pages\/383\/revisions\/11918"}],"wp:attachment":[{"href":"https:\/\/itsra.net\/wordpress\/wp-json\/wp\/v2\/media?parent=383"}],"curies":[{"name":"wp","href":"https:\/\/api.w.org\/{rel}","templated":true}]}}