{"id":387,"date":"2018-07-04T16:22:39","date_gmt":"2018-07-04T14:22:39","guid":{"rendered":"http:\/\/itsra.net\/wordpress\/?page_id=387"},"modified":"2019-02-21T14:45:16","modified_gmt":"2019-02-21T13:45:16","slug":"formations-sur-mesure","status":"publish","type":"page","link":"https:\/\/itsra.net\/wordpress\/formations-sur-mesure\/","title":{"rendered":"Formations intra : sur-mesure"},"content":{"rendered":"<h2 style=\"text-align: justify;\"><strong>L&rsquo;ITSRA propose des formations sur mesure<br \/>\n<\/strong><\/h2>\n<p style=\"text-align: justify;\">L\u2019ITSRA propose des formations sur mesure <strong>aupr\u00e8s des professionnels de votre \u00e9tablissement<\/strong>, <strong>en fonction de vos attentes<\/strong> et en s\u2019appuyant sur :<\/p>\n<ul style=\"text-align: justify;\">\n<li>une analyse de vos besoins en formation et de son articulation avec votre politique institutionnelle,<\/li>\n<li>des contenus, des objectifs et une d\u00e9marche p\u00e9dagogique de qualit\u00e9,<\/li>\n<li>des comp\u00e9tences et l\u2019exp\u00e9rience d\u2019une \u00e9quipe de formateurs sp\u00e9cialis\u00e9s dans les probl\u00e9matiques du secteur m\u00e9dico-social,<\/li>\n<li>une offre adapt\u00e9e \u00e0 la sp\u00e9cificit\u00e9 de votre public, votre contexte professionnel, votre organisation,<\/li>\n<li>une \u00e9valuation de l\u2019action.<\/li>\n<\/ul>\n<p>&nbsp;<\/p>\n<p style=\"text-align: justify;\"><strong>Nous intervenons sur site ou bien dans les locaux de notre \u00e9cole \u00e0 votre demande, dans tous les domaines du travail social, pour :<\/strong><\/p>\n<ul style=\"text-align: justify;\">\n<li>renforcer la qualit\u00e9 des prestations aux usagers,<\/li>\n<li>actualiser et d\u00e9velopper des connaissances,<\/li>\n<li>favoriser les adaptations des \u00e9quipes et des structures,<\/li>\n<li>accompagner les changements,<\/li>\n<li>favoriser les \u00e9changes de pratiques et de savoirs.<\/li>\n<\/ul>\n<p>&nbsp;<\/p>\n<p style=\"text-align: justify;\"><strong>Nos formations, construites \u00e0 partir de cahiers des charges, donnent lieu \u00e0 l\u2019\u00e9tablissement de devis faisant appara\u00eetre pr\u00e9cis\u00e9ment :<\/strong><\/p>\n<ul style=\"text-align: justify;\">\n<li>les objectifs de formation,<\/li>\n<li>le programme,<\/li>\n<li>les m\u00e9thodes p\u00e9dagogiques,<\/li>\n<li>le volume horaire,<\/li>\n<li>les dates d\u2019interventions,<\/li>\n<li>les intervenants<\/li>\n<li>les modalit\u00e9s d\u2019\u00e9valuation,<\/li>\n<li>le tarif p\u00e9dagogique de nos prestations.<\/li>\n<\/ul>\n<p>&nbsp;<\/p>\n<p style=\"text-align: justify;\"><strong>A titre d\u2019exemple, quelques th\u00e9matiques sur lesquelles nous intervenons :<\/strong><\/p>\n<p style=\"text-align: justify;\">\u2502Les dynamiques de groupe \u2502\u00a0 La gestion des conflits \u2502 La gestion d\u2019\u00e9quipe \u2502Le comportement sexuel des enfants \u2502 Les troubles comportementaux de l\u2019enfant \u2502L\u2019adolescence et les conduites \u00e0 risques \u2502 Les troubles de l\u2019attachement \u2502Les partenariats entre les institutions scolaires et les familles \u2502 Autorit\u00e9 et \u00e9ducation \u2502La communication et la transmission entre parents et professionnels \u2502La fonction de coordination des \u00e9ducateurs \u2502 Gestes et postures dans la mobilisation des personnes\u2502Animer une r\u00e9union avec un PowerPoint \u2502 Animer un groupe de parole \u2502Hygi\u00e8ne de vie et estime de soi \u2502Atelier de la pratique alimentaire \u2502 Les bases du m\u00e9tier d\u2019aide \u00e0 domicile\u2502Les nouvelles technologies \u2502 Animation territoriale et partenariat \u2502<\/p>\n<p style=\"text-align: justify;\">\n","protected":false},"excerpt":{"rendered":"<p>L&rsquo;ITSRA propose des formations sur mesure L\u2019ITSRA propose des formations sur mesure aupr\u00e8s des professionnels de votre \u00e9tablissement, en fonction de vos attentes et en s\u2019appuyant sur : une analyse de vos besoins en formation et de son articulation avec votre politique institutionnelle, des contenus, des objectifs et une d\u00e9marche p\u00e9dagogique de qualit\u00e9, des comp\u00e9tences&hellip; <br \/> <a class=\"read-more\" href=\"https:\/\/itsra.net\/wordpress\/formations-sur-mesure\/\">Lire la suite<\/a><\/p>\n","protected":false},"author":2,"featured_media":0,"parent":0,"menu_order":0,"comment_status":"closed","ping_status":"closed","template":"","meta":{"om_disable_all_campaigns":false,"_monsterinsights_skip_tracking":false,"_monsterinsights_sitenote_active":false,"_monsterinsights_sitenote_note":"","_monsterinsights_sitenote_category":0,"_uf_show_specific_survey":0,"_uf_disable_surveys":false,"footnotes":""},"class_list":["post-387","page","type-page","status-publish","hentry"],"aioseo_notices":[],"yoast_head":"<!-- This site is optimized with the Yoast SEO plugin v24.5 - https:\/\/yoast.com\/wordpress\/plugins\/seo\/ -->\n<title>Formations intra : sur-mesure - Institut de Travail Social de la R\u00e9gion Auvergne<\/title>\n<meta name=\"robots\" content=\"index, follow, max-snippet:-1, max-image-preview:large, max-video-preview:-1\" \/>\n<link rel=\"canonical\" href=\"https:\/\/itsra.net\/wordpress\/formations-sur-mesure\/\" \/>\n<meta property=\"og:locale\" content=\"fr_FR\" \/>\n<meta property=\"og:type\" content=\"article\" \/>\n<meta property=\"og:title\" content=\"Formations intra : sur-mesure - Institut de Travail Social de la R\u00e9gion Auvergne\" \/>\n<meta property=\"og:description\" content=\"L&rsquo;ITSRA propose des formations sur mesure L\u2019ITSRA propose des formations sur mesure aupr\u00e8s des professionnels de votre \u00e9tablissement, en fonction de vos attentes et en s\u2019appuyant sur : une analyse de vos besoins en formation et de son articulation avec votre politique institutionnelle, des contenus, des objectifs et une d\u00e9marche p\u00e9dagogique de qualit\u00e9, des comp\u00e9tences&hellip; Lire la suite\" \/>\n<meta property=\"og:url\" content=\"https:\/\/itsra.net\/wordpress\/formations-sur-mesure\/\" \/>\n<meta property=\"og:site_name\" content=\"Institut de Travail Social de la R\u00e9gion Auvergne\" \/>\n<meta property=\"article:modified_time\" content=\"2019-02-21T13:45:16+00:00\" \/>\n<meta name=\"twitter:card\" content=\"summary_large_image\" \/>\n<meta name=\"twitter:label1\" content=\"Dur\u00e9e de lecture estim\u00e9e\" \/>\n\t<meta name=\"twitter:data1\" content=\"2 minutes\" \/>\n<script type=\"application\/ld+json\" class=\"yoast-schema-graph\">{\"@context\":\"https:\/\/schema.org\",\"@graph\":[{\"@type\":\"WebPage\",\"@id\":\"https:\/\/itsra.net\/wordpress\/formations-sur-mesure\/\",\"url\":\"https:\/\/itsra.net\/wordpress\/formations-sur-mesure\/\",\"name\":\"Formations intra : sur-mesure - Institut de Travail Social de la R\u00e9gion Auvergne\",\"isPartOf\":{\"@id\":\"https:\/\/itsra.net\/wordpress\/#website\"},\"datePublished\":\"2018-07-04T14:22:39+00:00\",\"dateModified\":\"2019-02-21T13:45:16+00:00\",\"breadcrumb\":{\"@id\":\"https:\/\/itsra.net\/wordpress\/formations-sur-mesure\/#breadcrumb\"},\"inLanguage\":\"fr-FR\",\"potentialAction\":[{\"@type\":\"ReadAction\",\"target\":[\"https:\/\/itsra.net\/wordpress\/formations-sur-mesure\/\"]}]},{\"@type\":\"BreadcrumbList\",\"@id\":\"https:\/\/itsra.net\/wordpress\/formations-sur-mesure\/#breadcrumb\",\"itemListElement\":[{\"@type\":\"ListItem\",\"position\":1,\"name\":\"Accueil\",\"item\":\"https:\/\/itsra.net\/wordpress\/\"},{\"@type\":\"ListItem\",\"position\":2,\"name\":\"Formations intra : sur-mesure\"}]},{\"@type\":\"WebSite\",\"@id\":\"https:\/\/itsra.net\/wordpress\/#website\",\"url\":\"https:\/\/itsra.net\/wordpress\/\",\"name\":\"Institut de Travail Social de la R\u00e9gion Auvergne\",\"description\":\"\",\"publisher\":{\"@id\":\"https:\/\/itsra.net\/wordpress\/#organization\"},\"potentialAction\":[{\"@type\":\"SearchAction\",\"target\":{\"@type\":\"EntryPoint\",\"urlTemplate\":\"https:\/\/itsra.net\/wordpress\/?s={search_term_string}\"},\"query-input\":{\"@type\":\"PropertyValueSpecification\",\"valueRequired\":true,\"valueName\":\"search_term_string\"}}],\"inLanguage\":\"fr-FR\"},{\"@type\":\"Organization\",\"@id\":\"https:\/\/itsra.net\/wordpress\/#organization\",\"name\":\"Institut de Travail Social de la R\u00e9gion Auvergne\",\"url\":\"https:\/\/itsra.net\/wordpress\/\",\"logo\":{\"@type\":\"ImageObject\",\"inLanguage\":\"fr-FR\",\"@id\":\"https:\/\/itsra.net\/wordpress\/#\/schema\/logo\/image\/\",\"url\":\"http:\/\/itsra.net\/wordpress\/wp-content\/uploads\/2019\/01\/LogoITSRA_PNG_HD.png\",\"contentUrl\":\"http:\/\/itsra.net\/wordpress\/wp-content\/uploads\/2019\/01\/LogoITSRA_PNG_HD.png\",\"width\":1280,\"height\":346,\"caption\":\"Institut de Travail Social de la R\u00e9gion Auvergne\"},\"image\":{\"@id\":\"https:\/\/itsra.net\/wordpress\/#\/schema\/logo\/image\/\"}}]}<\/script>\n<!-- \/ Yoast SEO plugin. -->","yoast_head_json":{"title":"Formations intra : sur-mesure - Institut de Travail Social de la R\u00e9gion Auvergne","robots":{"index":"index","follow":"follow","max-snippet":"max-snippet:-1","max-image-preview":"max-image-preview:large","max-video-preview":"max-video-preview:-1"},"canonical":"https:\/\/itsra.net\/wordpress\/formations-sur-mesure\/","og_locale":"fr_FR","og_type":"article","og_title":"Formations intra : sur-mesure - Institut de Travail Social de la R\u00e9gion Auvergne","og_description":"L&rsquo;ITSRA propose des formations sur mesure L\u2019ITSRA propose des formations sur mesure aupr\u00e8s des professionnels de votre \u00e9tablissement, en fonction de vos attentes et en s\u2019appuyant sur : une analyse de vos besoins en formation et de son articulation avec votre politique institutionnelle, des contenus, des objectifs et une d\u00e9marche p\u00e9dagogique de qualit\u00e9, des comp\u00e9tences&hellip; Lire la suite","og_url":"https:\/\/itsra.net\/wordpress\/formations-sur-mesure\/","og_site_name":"Institut de Travail Social de la R\u00e9gion Auvergne","article_modified_time":"2019-02-21T13:45:16+00:00","twitter_card":"summary_large_image","twitter_misc":{"Dur\u00e9e de lecture estim\u00e9e":"2 minutes"},"schema":{"@context":"https:\/\/schema.org","@graph":[{"@type":"WebPage","@id":"https:\/\/itsra.net\/wordpress\/formations-sur-mesure\/","url":"https:\/\/itsra.net\/wordpress\/formations-sur-mesure\/","name":"Formations intra : sur-mesure - Institut de Travail Social de la R\u00e9gion Auvergne","isPartOf":{"@id":"https:\/\/itsra.net\/wordpress\/#website"},"datePublished":"2018-07-04T14:22:39+00:00","dateModified":"2019-02-21T13:45:16+00:00","breadcrumb":{"@id":"https:\/\/itsra.net\/wordpress\/formations-sur-mesure\/#breadcrumb"},"inLanguage":"fr-FR","potentialAction":[{"@type":"ReadAction","target":["https:\/\/itsra.net\/wordpress\/formations-sur-mesure\/"]}]},{"@type":"BreadcrumbList","@id":"https:\/\/itsra.net\/wordpress\/formations-sur-mesure\/#breadcrumb","itemListElement":[{"@type":"ListItem","position":1,"name":"Accueil","item":"https:\/\/itsra.net\/wordpress\/"},{"@type":"ListItem","position":2,"name":"Formations intra : sur-mesure"}]},{"@type":"WebSite","@id":"https:\/\/itsra.net\/wordpress\/#website","url":"https:\/\/itsra.net\/wordpress\/","name":"Institut de Travail Social de la R\u00e9gion Auvergne","description":"","publisher":{"@id":"https:\/\/itsra.net\/wordpress\/#organization"},"potentialAction":[{"@type":"SearchAction","target":{"@type":"EntryPoint","urlTemplate":"https:\/\/itsra.net\/wordpress\/?s={search_term_string}"},"query-input":{"@type":"PropertyValueSpecification","valueRequired":true,"valueName":"search_term_string"}}],"inLanguage":"fr-FR"},{"@type":"Organization","@id":"https:\/\/itsra.net\/wordpress\/#organization","name":"Institut de Travail Social de la R\u00e9gion Auvergne","url":"https:\/\/itsra.net\/wordpress\/","logo":{"@type":"ImageObject","inLanguage":"fr-FR","@id":"https:\/\/itsra.net\/wordpress\/#\/schema\/logo\/image\/","url":"http:\/\/itsra.net\/wordpress\/wp-content\/uploads\/2019\/01\/LogoITSRA_PNG_HD.png","contentUrl":"http:\/\/itsra.net\/wordpress\/wp-content\/uploads\/2019\/01\/LogoITSRA_PNG_HD.png","width":1280,"height":346,"caption":"Institut de Travail Social de la R\u00e9gion Auvergne"},"image":{"@id":"https:\/\/itsra.net\/wordpress\/#\/schema\/logo\/image\/"}}]}},"_links":{"self":[{"href":"https:\/\/itsra.net\/wordpress\/wp-json\/wp\/v2\/pages\/387","targetHints":{"allow":["GET"]}}],"collection":[{"href":"https:\/\/itsra.net\/wordpress\/wp-json\/wp\/v2\/pages"}],"about":[{"href":"https:\/\/itsra.net\/wordpress\/wp-json\/wp\/v2\/types\/page"}],"author":[{"embeddable":true,"href":"https:\/\/itsra.net\/wordpress\/wp-json\/wp\/v2\/users\/2"}],"replies":[{"embeddable":true,"href":"https:\/\/itsra.net\/wordpress\/wp-json\/wp\/v2\/comments?post=387"}],"version-history":[{"count":14,"href":"https:\/\/itsra.net\/wordpress\/wp-json\/wp\/v2\/pages\/387\/revisions"}],"predecessor-version":[{"id":2844,"href":"https:\/\/itsra.net\/wordpress\/wp-json\/wp\/v2\/pages\/387\/revisions\/2844"}],"wp:attachment":[{"href":"https:\/\/itsra.net\/wordpress\/wp-json\/wp\/v2\/media?parent=387"}],"curies":[{"name":"wp","href":"https:\/\/api.w.org\/{rel}","templated":true}]}}