{"id":393,"date":"2018-07-04T16:24:25","date_gmt":"2018-07-04T14:24:25","guid":{"rendered":"http:\/\/itsra.net\/wordpress\/?page_id=393"},"modified":"2026-02-11T16:17:08","modified_gmt":"2026-02-11T15:17:08","slug":"centre-de-documentation","status":"publish","type":"page","link":"https:\/\/itsra.net\/wordpress\/centre-de-documentation\/","title":{"rendered":"Centre de ressources documentaires"},"content":{"rendered":"\t\t<div data-elementor-type=\"wp-page\" data-elementor-id=\"393\" class=\"elementor elementor-393\">\n\t\t\t\t\t\t<section class=\"elementor-section elementor-top-section elementor-element elementor-element-9ef920e elementor-section-boxed elementor-section-height-default elementor-section-height-default\" data-id=\"9ef920e\" data-element_type=\"section\">\n\t\t\t\t\t\t<div class=\"elementor-container elementor-column-gap-default\">\n\t\t\t\t\t<div class=\"elementor-column elementor-col-100 elementor-top-column elementor-element elementor-element-e38247c\" data-id=\"e38247c\" data-element_type=\"column\">\n\t\t\t<div class=\"elementor-widget-wrap elementor-element-populated\">\n\t\t\t\t\t\t\t<\/div>\n\t\t<\/div>\n\t\t\t\t\t<\/div>\n\t\t<\/section>\n\t\t\t\t<section class=\"elementor-section elementor-top-section elementor-element elementor-element-2908ded elementor-section-boxed elementor-section-height-default elementor-section-height-default\" data-id=\"2908ded\" data-element_type=\"section\">\n\t\t\t\t\t\t<div class=\"elementor-container elementor-column-gap-default\">\n\t\t\t\t\t<div class=\"elementor-column elementor-col-100 elementor-top-column elementor-element elementor-element-845dcbd\" data-id=\"845dcbd\" data-element_type=\"column\">\n\t\t\t<div class=\"elementor-widget-wrap elementor-element-populated\">\n\t\t\t\t\t\t<div class=\"elementor-element elementor-element-7e2c013 elementor-widget elementor-widget-text-editor\" data-id=\"7e2c013\" data-element_type=\"widget\" data-widget_type=\"text-editor.default\">\n\t\t\t\t<div class=\"elementor-widget-container\">\n\t\t\t\t\t\t\t\t\t<h3><span style=\"color: #cc1212;\"><strong>Le Centre de Ressources Documentaires dispose d&rsquo;une base de donn\u00e9es :<\/strong><\/span><\/h3><h4><img fetchpriority=\"high\" decoding=\"async\" class=\"alignnone size-medium wp-image-508 alignleft\" src=\"https:\/\/itsra.net\/wordpress\/wp-content\/uploads\/2018\/07\/image-biblio-300x207.jpg\" alt=\"\" width=\"300\" height=\"207\" srcset=\"https:\/\/itsra.net\/wordpress\/wp-content\/uploads\/2018\/07\/image-biblio-300x207.jpg 300w, https:\/\/itsra.net\/wordpress\/wp-content\/uploads\/2018\/07\/image-biblio-768x531.jpg 768w, https:\/\/itsra.net\/wordpress\/wp-content\/uploads\/2018\/07\/image-biblio.jpg 926w\" sizes=\"(max-width: 300px) 100vw, 300px\" \/><\/h4><ul><li style=\"text-align: justify;\"><span style=\"color: #333333;\">Plus de 50 000 r\u00e9f\u00e9rences,<\/span><\/li><li style=\"text-align: justify;\"><span style=\"color: #333333;\">Accessible sur place ou \u00e0 distance,<\/span><\/li><li style=\"text-align: justify;\"><span style=\"color: #333333;\">Int\u00e9grant des exemples de recherche pas \u00e0 pas,<\/span><\/li><li style=\"text-align: justify;\"><span style=\"color: #333333;\">Comprenant des types de documents vari\u00e9s (livres, revues, \u00e9crits d&rsquo;\u00e9tudiants, textes l\u00e9gislatifs, rapports en ligne, documents audios et audiovisuels.)<\/span><br \/><span style=\"color: #333333;\">Acc\u00e9dez d\u00e8s maintenant \u00e0 notre\u00a0<\/span><a href=\"https:\/\/itsra.bibli.fr\/\" target=\"_blank\" rel=\"noopener\"><strong><span style=\"color: #333333;\">base de donn\u00e9es en ligne : <a href=\"https:\/\/itsra.bibli.fr\/\">Catalogue en ligne (bibli.fr)<\/a><\/span><\/strong><\/a><\/li><\/ul>\t\t\t\t\t\t\t\t<\/div>\n\t\t\t\t<\/div>\n\t\t\t\t<div class=\"elementor-element elementor-element-98af241 elementor-widget elementor-widget-spacer\" data-id=\"98af241\" data-element_type=\"widget\" data-widget_type=\"spacer.default\">\n\t\t\t\t<div class=\"elementor-widget-container\">\n\t\t\t\t\t\t\t<div class=\"elementor-spacer\">\n\t\t\t<div class=\"elementor-spacer-inner\"><\/div>\n\t\t<\/div>\n\t\t\t\t\t\t<\/div>\n\t\t\t\t<\/div>\n\t\t\t\t\t<\/div>\n\t\t<\/div>\n\t\t\t\t\t<\/div>\n\t\t<\/section>\n\t\t\t\t<section class=\"elementor-section elementor-top-section elementor-element elementor-element-29b8b9c elementor-section-boxed elementor-section-height-default elementor-section-height-default\" data-id=\"29b8b9c\" data-element_type=\"section\">\n\t\t\t\t\t\t<div class=\"elementor-container elementor-column-gap-default\">\n\t\t\t\t\t<div class=\"elementor-column elementor-col-50 elementor-top-column elementor-element elementor-element-b7dda0a\" data-id=\"b7dda0a\" data-element_type=\"column\">\n\t\t\t<div class=\"elementor-widget-wrap elementor-element-populated\">\n\t\t\t\t\t\t<div class=\"elementor-element elementor-element-4500ec7 elementor-widget elementor-widget-text-editor\" data-id=\"4500ec7\" data-element_type=\"widget\" data-widget_type=\"text-editor.default\">\n\t\t\t\t<div class=\"elementor-widget-container\">\n\t\t\t\t\t\t\t\t\t<h3><span style=\"color: #cc1212;\">Le <strong>centre de ressources documentaires de l&rsquo;ITSRA est accessible :<\/strong><\/span><\/h3>\n<p><span style=\"color: #333333;\">Du<strong> lundi au jeudi<\/strong> de <strong>8h \u00e0 17h30.<br><\/strong>Le <strong>vendredi<\/strong> de<strong> 8h \u00e0 17h00.<\/strong><\/span><\/p>\n<ul>\n<li><span style=\"color: #333333;\">au personnel de l&rsquo;ITSRA,<\/span><\/li>\n<li><span style=\"color: #333333;\">aux \u00e9tudiants, stagiaires en formation et vacataires, apr\u00e8s versement d&rsquo;une caution,<\/span><\/li>\n<li><span style=\"color: #333333;\">aux personnes ext\u00e9rieures \u00e0 l&rsquo;\u00e9tablissement sous r\u00e9serve d&rsquo;une adh\u00e9sion et d&rsquo;une caution.<\/span><\/li>\n<\/ul>\n<p><span style=\"color: #333333;\">&nbsp;<\/span><\/p>\n<h3><span style=\"color: #cc1212;\"><strong>Condition de pr\u00eat<\/strong><\/span><\/h3>\n<p><span style=\"color: #333333;\">Il est possible aux adh\u00e9rents d&#8217;emprunter un maximum de <strong>6 livres et\/ou \u00e9crits<\/strong> d&rsquo;\u00e9tudiants (dur\u00e9e de l&#8217;emprunt : 1 mois), les autres documents sont \u00e0 consulter sur place.<\/span><\/p>\n<p><span style=\"color: #333333;\">La r\u00e9servation de documents est possible <strong>sur place<\/strong>, ou \u00e0 <strong>distance<\/strong> (1 seule r\u00e9servation) sous r\u00e9serve que le document ne soit pas disponible dans les rayons.<\/span><\/p>\t\t\t\t\t\t\t\t<\/div>\n\t\t\t\t<\/div>\n\t\t\t\t\t<\/div>\n\t\t<\/div>\n\t\t\t\t<div class=\"elementor-column elementor-col-50 elementor-top-column elementor-element elementor-element-980e436\" data-id=\"980e436\" data-element_type=\"column\">\n\t\t\t<div class=\"elementor-widget-wrap elementor-element-populated\">\n\t\t\t\t\t\t<div class=\"elementor-element elementor-element-063346a elementor-widget elementor-widget-text-editor\" data-id=\"063346a\" data-element_type=\"widget\" data-widget_type=\"text-editor.default\">\n\t\t\t\t<div class=\"elementor-widget-container\">\n\t\t\t\t\t\t\t\t\t<h3><span style=\"color: #cc1212;\"><strong>Formation \u00e0 la recherche documentaire<\/strong><\/span><\/h3><p><span style=\"color: #333333;\"><strong>Toutes les promotions entrantes \u00e0 l&rsquo;ITSRA b\u00e9n\u00e9ficient d&rsquo;une formation avec les documentalistes :<\/strong> pr\u00e9sentation des services disponibles au CRD, travaux pratiques sur l&rsquo;utilisation de la base de donn\u00e9es.<\/span><\/p>\t\t\t\t\t\t\t\t<\/div>\n\t\t\t\t<\/div>\n\t\t\t\t<div class=\"elementor-element elementor-element-343ad4d elementor-widget elementor-widget-image\" data-id=\"343ad4d\" data-element_type=\"widget\" data-widget_type=\"image.default\">\n\t\t\t\t<div class=\"elementor-widget-container\">\n\t\t\t\t\t\t\t\t\t\t\t\t\t\t\t<img decoding=\"async\" width=\"1024\" height=\"768\" src=\"https:\/\/itsra.net\/wordpress\/wp-content\/uploads\/2023\/05\/20230411_140216-01-1024x768.jpeg\" class=\"attachment-large size-large wp-image-7602\" alt=\"\" srcset=\"https:\/\/itsra.net\/wordpress\/wp-content\/uploads\/2023\/05\/20230411_140216-01-1024x768.jpeg 1024w, https:\/\/itsra.net\/wordpress\/wp-content\/uploads\/2023\/05\/20230411_140216-01-300x225.jpeg 300w, https:\/\/itsra.net\/wordpress\/wp-content\/uploads\/2023\/05\/20230411_140216-01-768x576.jpeg 768w, https:\/\/itsra.net\/wordpress\/wp-content\/uploads\/2023\/05\/20230411_140216-01-1536x1152.jpeg 1536w, https:\/\/itsra.net\/wordpress\/wp-content\/uploads\/2023\/05\/20230411_140216-01-2048x1536.jpeg 2048w, https:\/\/itsra.net\/wordpress\/wp-content\/uploads\/2023\/05\/20230411_140216-01-1440x1080.jpeg 1440w\" sizes=\"(max-width: 1024px) 100vw, 1024px\" \/>\t\t\t\t\t\t\t\t\t\t\t\t\t\t\t<\/div>\n\t\t\t\t<\/div>\n\t\t\t\t\t<\/div>\n\t\t<\/div>\n\t\t\t\t\t<\/div>\n\t\t<\/section>\n\t\t\t\t<section class=\"elementor-section elementor-top-section elementor-element elementor-element-012c616 elementor-section-boxed elementor-section-height-default elementor-section-height-default\" data-id=\"012c616\" data-element_type=\"section\">\n\t\t\t\t\t\t<div class=\"elementor-container elementor-column-gap-default\">\n\t\t\t\t\t<div class=\"elementor-column elementor-col-100 elementor-top-column elementor-element elementor-element-dd896bb\" data-id=\"dd896bb\" data-element_type=\"column\">\n\t\t\t<div class=\"elementor-widget-wrap elementor-element-populated\">\n\t\t\t\t\t\t<div class=\"elementor-element elementor-element-e7ccaa9 elementor-widget elementor-widget-spacer\" data-id=\"e7ccaa9\" data-element_type=\"widget\" data-widget_type=\"spacer.default\">\n\t\t\t\t<div class=\"elementor-widget-container\">\n\t\t\t\t\t\t\t<div class=\"elementor-spacer\">\n\t\t\t<div class=\"elementor-spacer-inner\"><\/div>\n\t\t<\/div>\n\t\t\t\t\t\t<\/div>\n\t\t\t\t<\/div>\n\t\t\t\t<div class=\"elementor-element elementor-element-d633210 elementor-widget elementor-widget-text-editor\" data-id=\"d633210\" data-element_type=\"widget\" data-widget_type=\"text-editor.default\">\n\t\t\t\t<div class=\"elementor-widget-container\">\n\t\t\t\t\t\t\t\t\t<h3 style=\"text-align: justify;\"><strong><span style=\"color: #cc1212;\">Partenariat<\/span><span style=\"color: #333333;\"><br><\/span><\/strong><\/h3>\n<p style=\"text-align: justify;\"><span style=\"color: #333333;\"><strong>Le centre de ressources <\/strong>documentaires adh\u00e8re au&nbsp;<a style=\"color: #333333;\" href=\"http:\/\/www.documentation-sociale.org\/prisme\/\" target=\"_blank\" rel=\"noopener noreferrer\">r\u00e9seau PRISME<\/a>, r\u00e9seau documentaire national du secteur social et m\u00e9dico-social, ce qui permet :<strong><br><\/strong><\/span><\/p>\n<ul style=\"text-align: justify;\">\n<li><span style=\"color: #333333;\">de disposer sur place d&rsquo;un acc\u00e8s en ligne \u00e0 certaines revues via la base de donn\u00e9es CAIRN<\/span><\/li>\n<li><span style=\"color: #333333;\">de consulter les produits documentaires r\u00e9alis\u00e9s par le r\u00e9seau (bulletin l\u00e9gislatif, bulletin des rapports, annuaire des sites, &#8230;)<\/span><\/li>\n<\/ul>\n<p style=\"text-align: justify;\"><span style=\"color: #333333;\"><strong><img decoding=\"async\" class=\"wp-image-3136 alignright\" src=\"https:\/\/itsra.net\/wordpress\/wp-content\/uploads\/2019\/03\/logo_prisme.png\" alt=\"\" width=\"364\" height=\"105\" srcset=\"https:\/\/itsra.net\/wordpress\/wp-content\/uploads\/2019\/03\/logo_prisme.png 418w, https:\/\/itsra.net\/wordpress\/wp-content\/uploads\/2019\/03\/logo_prisme-300x86.png 300w\" sizes=\"(max-width: 364px) 100vw, 364px\" \/><\/strong><\/span><\/p><p style=\"text-align: justify;\"><span style=\"color: #333333;\"><strong><br><\/strong><\/span><\/p>\n<p style=\"text-align: justify;\"><span style=\"color: #333333;\"><strong>La collection de p\u00e9riodiques du centre de ressources documentaires<\/strong>&nbsp;est signal\u00e9e dans le r\u00e9seau&nbsp;<a style=\"color: #333333;\" href=\"http:\/\/www.sudoc.abes.fr\/\" target=\"_blank\" rel=\"noopener noreferrer\">Sudoc<\/a>&nbsp;(syst\u00e8me universitaire de documentation) avec lequel une convention a \u00e9t\u00e9 sign\u00e9e en 2013.<\/span><\/p>\n<div><strong><span style=\"color: #cc1212;\">&nbsp;<\/span><\/strong><\/div>\t\t\t\t\t\t\t\t<\/div>\n\t\t\t\t<\/div>\n\t\t\t\t\t<\/div>\n\t\t<\/div>\n\t\t\t\t\t<\/div>\n\t\t<\/section>\n\t\t\t\t<section class=\"elementor-section elementor-top-section elementor-element elementor-element-93203b0 elementor-section-boxed elementor-section-height-default elementor-section-height-default\" data-id=\"93203b0\" data-element_type=\"section\">\n\t\t\t\t\t\t<div class=\"elementor-container elementor-column-gap-default\">\n\t\t\t\t\t<div class=\"elementor-column elementor-col-100 elementor-top-column elementor-element elementor-element-026ae67\" data-id=\"026ae67\" data-element_type=\"column\">\n\t\t\t<div class=\"elementor-widget-wrap elementor-element-populated\">\n\t\t\t\t\t\t<div class=\"elementor-element elementor-element-d6cf72f elementor-widget elementor-widget-spacer\" data-id=\"d6cf72f\" data-element_type=\"widget\" data-widget_type=\"spacer.default\">\n\t\t\t\t<div class=\"elementor-widget-container\">\n\t\t\t\t\t\t\t<div class=\"elementor-spacer\">\n\t\t\t<div class=\"elementor-spacer-inner\"><\/div>\n\t\t<\/div>\n\t\t\t\t\t\t<\/div>\n\t\t\t\t<\/div>\n\t\t\t\t\t<\/div>\n\t\t<\/div>\n\t\t\t\t\t<\/div>\n\t\t<\/section>\n\t\t\t\t<section class=\"elementor-section elementor-top-section elementor-element elementor-element-6da8127 elementor-section-boxed elementor-section-height-default elementor-section-height-default\" data-id=\"6da8127\" data-element_type=\"section\">\n\t\t\t\t\t\t<div class=\"elementor-container elementor-column-gap-default\">\n\t\t\t\t\t<div class=\"elementor-column elementor-col-100 elementor-top-column elementor-element elementor-element-d17f7b4\" data-id=\"d17f7b4\" data-element_type=\"column\">\n\t\t\t<div class=\"elementor-widget-wrap elementor-element-populated\">\n\t\t\t\t\t\t<div class=\"elementor-element elementor-element-85988fe elementor-widget elementor-widget-heading\" data-id=\"85988fe\" data-element_type=\"widget\" data-widget_type=\"heading.default\">\n\t\t\t\t<div class=\"elementor-widget-container\">\n\t\t\t\t\t<h2 class=\"elementor-heading-title elementor-size-default\">Taux de satisfaction des apprenants concernant le CRD<\/h2>\t\t\t\t<\/div>\n\t\t\t\t<\/div>\n\t\t\t\t<div class=\"elementor-element elementor-element-aee65f2 elementor-widget elementor-widget-text-editor\" data-id=\"aee65f2\" data-element_type=\"widget\" data-widget_type=\"text-editor.default\">\n\t\t\t\t<div class=\"elementor-widget-container\">\n\t\t\t\t\t\t\t\t\t<p>Une <a href=\"https:\/\/itsra.net\/wordpress\/wp-content\/uploads\/2023\/05\/Recap-Extraction-Enquete-Satisfaction-CRD-printemps-2023.pdf\" target=\"_blank\" rel=\"noopener\"><strong>enqu\u00eate<\/strong> <\/a>a \u00e9t\u00e9 men\u00e9e aupr\u00e8s des apprenants en <strong>mars\/avril<\/strong> <strong>2023<\/strong> pour <strong>conna\u00eetre leur taux de satisfaction concernant le CRD.<\/strong><\/p><p><strong>94,4%<\/strong> des apprenants ayant r\u00e9pondu \u00e0 l&rsquo;enqu\u00eate se condi\u00e8rent <strong>satisfaits ou tr\u00e8s satisfaits<\/strong> sur Centre de Ressources Documentaires.<\/p>\t\t\t\t\t\t\t\t<\/div>\n\t\t\t\t<\/div>\n\t\t\t\t<div class=\"elementor-element elementor-element-fda53b9 elementor-widget elementor-widget-progress\" data-id=\"fda53b9\" data-element_type=\"widget\" data-widget_type=\"progress.default\">\n\t\t\t\t<div class=\"elementor-widget-container\">\n\t\t\t\t\t\n\t\t<div class=\"elementor-progress-wrapper\" role=\"progressbar\" aria-valuemin=\"0\" aria-valuemax=\"100\" aria-valuenow=\"94.4\">\n\t\t\t<div class=\"elementor-progress-bar\" data-max=\"94.4\">\n\t\t\t\t<span class=\"elementor-progress-text\"><\/span>\n\t\t\t\t\t\t\t\t\t<span class=\"elementor-progress-percentage\">94.4%<\/span>\n\t\t\t\t\t\t\t<\/div>\n\t\t<\/div>\n\t\t\t\t\t\t<\/div>\n\t\t\t\t<\/div>\n\t\t\t\t\t<\/div>\n\t\t<\/div>\n\t\t\t\t\t<\/div>\n\t\t<\/section>\n\t\t\t\t<\/div>\n\t\t","protected":false},"excerpt":{"rendered":"<p>Le Centre de Ressources Documentaires dispose d&rsquo;une base de donn\u00e9es : Plus de 50 000 r\u00e9f\u00e9rences, Accessible sur place ou \u00e0 distance, Int\u00e9grant des exemples de recherche pas \u00e0 pas, Comprenant des types de documents vari\u00e9s (livres, revues, \u00e9crits d&rsquo;\u00e9tudiants, textes l\u00e9gislatifs, rapports en ligne, documents audios et audiovisuels.)Acc\u00e9dez d\u00e8s maintenant \u00e0 notre\u00a0base de donn\u00e9es&hellip; <br \/> <a class=\"read-more\" href=\"https:\/\/itsra.net\/wordpress\/centre-de-documentation\/\">Lire la suite<\/a><\/p>\n","protected":false},"author":2,"featured_media":507,"parent":0,"menu_order":0,"comment_status":"closed","ping_status":"closed","template":"","meta":{"om_disable_all_campaigns":false,"_monsterinsights_skip_tracking":false,"_monsterinsights_sitenote_active":false,"_monsterinsights_sitenote_note":"","_monsterinsights_sitenote_category":0,"_uf_show_specific_survey":0,"_uf_disable_surveys":false,"footnotes":""},"class_list":["post-393","page","type-page","status-publish","has-post-thumbnail","hentry"],"aioseo_notices":[],"yoast_head":"<!-- This site is optimized with the Yoast SEO plugin v24.5 - https:\/\/yoast.com\/wordpress\/plugins\/seo\/ -->\n<title>Centre de ressources documentaires - Institut de Travail Social de la R\u00e9gion Auvergne<\/title>\n<meta name=\"description\" content=\"Le Centre de Ressources Documentaires de &#039;lITSRA dispose d&#039;une base de donn\u00e9es tr\u00e8s large permettant \u00e0 tous les apprenants de d\u00e9velopper leurs connaissances.\" \/>\n<meta name=\"robots\" content=\"index, follow, max-snippet:-1, max-image-preview:large, max-video-preview:-1\" \/>\n<link rel=\"canonical\" href=\"https:\/\/itsra.net\/wordpress\/centre-de-documentation\/\" \/>\n<meta property=\"og:locale\" content=\"fr_FR\" \/>\n<meta property=\"og:type\" content=\"article\" \/>\n<meta property=\"og:title\" content=\"Centre de ressources documentaires - Institut de Travail Social de la R\u00e9gion Auvergne\" \/>\n<meta property=\"og:description\" content=\"Le Centre de Ressources Documentaires de &#039;lITSRA dispose d&#039;une base de donn\u00e9es tr\u00e8s large permettant \u00e0 tous les apprenants de d\u00e9velopper leurs connaissances.\" \/>\n<meta property=\"og:url\" content=\"https:\/\/itsra.net\/wordpress\/centre-de-documentation\/\" \/>\n<meta property=\"og:site_name\" content=\"Institut de Travail Social de la R\u00e9gion Auvergne\" \/>\n<meta property=\"article:modified_time\" content=\"2026-02-11T15:17:08+00:00\" \/>\n<meta property=\"og:image\" content=\"https:\/\/itsra.net\/wordpress\/wp-content\/uploads\/2018\/07\/biblio-1-1.jpg\" \/>\n\t<meta property=\"og:image:width\" content=\"908\" \/>\n\t<meta property=\"og:image:height\" content=\"640\" \/>\n\t<meta property=\"og:image:type\" content=\"image\/jpeg\" \/>\n<meta name=\"twitter:card\" content=\"summary_large_image\" \/>\n<meta name=\"twitter:label1\" content=\"Dur\u00e9e de lecture estim\u00e9e\" \/>\n\t<meta name=\"twitter:data1\" content=\"3 minutes\" \/>\n<script type=\"application\/ld+json\" class=\"yoast-schema-graph\">{\"@context\":\"https:\/\/schema.org\",\"@graph\":[{\"@type\":\"WebPage\",\"@id\":\"https:\/\/itsra.net\/wordpress\/centre-de-documentation\/\",\"url\":\"https:\/\/itsra.net\/wordpress\/centre-de-documentation\/\",\"name\":\"Centre de ressources documentaires - Institut de Travail Social de la R\u00e9gion Auvergne\",\"isPartOf\":{\"@id\":\"https:\/\/itsra.net\/wordpress\/#website\"},\"primaryImageOfPage\":{\"@id\":\"https:\/\/itsra.net\/wordpress\/centre-de-documentation\/#primaryimage\"},\"image\":{\"@id\":\"https:\/\/itsra.net\/wordpress\/centre-de-documentation\/#primaryimage\"},\"thumbnailUrl\":\"https:\/\/itsra.net\/wordpress\/wp-content\/uploads\/2018\/07\/biblio-1-1.jpg\",\"datePublished\":\"2018-07-04T14:24:25+00:00\",\"dateModified\":\"2026-02-11T15:17:08+00:00\",\"description\":\"Le Centre de Ressources Documentaires de 'lITSRA dispose d'une base de donn\u00e9es tr\u00e8s large permettant \u00e0 tous les apprenants de d\u00e9velopper leurs connaissances.\",\"breadcrumb\":{\"@id\":\"https:\/\/itsra.net\/wordpress\/centre-de-documentation\/#breadcrumb\"},\"inLanguage\":\"fr-FR\",\"potentialAction\":[{\"@type\":\"ReadAction\",\"target\":[\"https:\/\/itsra.net\/wordpress\/centre-de-documentation\/\"]}]},{\"@type\":\"ImageObject\",\"inLanguage\":\"fr-FR\",\"@id\":\"https:\/\/itsra.net\/wordpress\/centre-de-documentation\/#primaryimage\",\"url\":\"https:\/\/itsra.net\/wordpress\/wp-content\/uploads\/2018\/07\/biblio-1-1.jpg\",\"contentUrl\":\"https:\/\/itsra.net\/wordpress\/wp-content\/uploads\/2018\/07\/biblio-1-1.jpg\",\"width\":908,\"height\":640},{\"@type\":\"BreadcrumbList\",\"@id\":\"https:\/\/itsra.net\/wordpress\/centre-de-documentation\/#breadcrumb\",\"itemListElement\":[{\"@type\":\"ListItem\",\"position\":1,\"name\":\"Accueil\",\"item\":\"https:\/\/itsra.net\/wordpress\/\"},{\"@type\":\"ListItem\",\"position\":2,\"name\":\"Centre de ressources documentaires\"}]},{\"@type\":\"WebSite\",\"@id\":\"https:\/\/itsra.net\/wordpress\/#website\",\"url\":\"https:\/\/itsra.net\/wordpress\/\",\"name\":\"Institut de Travail Social de la R\u00e9gion Auvergne\",\"description\":\"\",\"publisher\":{\"@id\":\"https:\/\/itsra.net\/wordpress\/#organization\"},\"potentialAction\":[{\"@type\":\"SearchAction\",\"target\":{\"@type\":\"EntryPoint\",\"urlTemplate\":\"https:\/\/itsra.net\/wordpress\/?s={search_term_string}\"},\"query-input\":{\"@type\":\"PropertyValueSpecification\",\"valueRequired\":true,\"valueName\":\"search_term_string\"}}],\"inLanguage\":\"fr-FR\"},{\"@type\":\"Organization\",\"@id\":\"https:\/\/itsra.net\/wordpress\/#organization\",\"name\":\"Institut de Travail Social de la R\u00e9gion Auvergne\",\"url\":\"https:\/\/itsra.net\/wordpress\/\",\"logo\":{\"@type\":\"ImageObject\",\"inLanguage\":\"fr-FR\",\"@id\":\"https:\/\/itsra.net\/wordpress\/#\/schema\/logo\/image\/\",\"url\":\"http:\/\/itsra.net\/wordpress\/wp-content\/uploads\/2019\/01\/LogoITSRA_PNG_HD.png\",\"contentUrl\":\"http:\/\/itsra.net\/wordpress\/wp-content\/uploads\/2019\/01\/LogoITSRA_PNG_HD.png\",\"width\":1280,\"height\":346,\"caption\":\"Institut de Travail Social de la R\u00e9gion Auvergne\"},\"image\":{\"@id\":\"https:\/\/itsra.net\/wordpress\/#\/schema\/logo\/image\/\"}}]}<\/script>\n<!-- \/ Yoast SEO plugin. -->","yoast_head_json":{"title":"Centre de ressources documentaires - Institut de Travail Social de la R\u00e9gion Auvergne","description":"Le Centre de Ressources Documentaires de 'lITSRA dispose d'une base de donn\u00e9es tr\u00e8s large permettant \u00e0 tous les apprenants de d\u00e9velopper leurs connaissances.","robots":{"index":"index","follow":"follow","max-snippet":"max-snippet:-1","max-image-preview":"max-image-preview:large","max-video-preview":"max-video-preview:-1"},"canonical":"https:\/\/itsra.net\/wordpress\/centre-de-documentation\/","og_locale":"fr_FR","og_type":"article","og_title":"Centre de ressources documentaires - Institut de Travail Social de la R\u00e9gion Auvergne","og_description":"Le Centre de Ressources Documentaires de 'lITSRA dispose d'une base de donn\u00e9es tr\u00e8s large permettant \u00e0 tous les apprenants de d\u00e9velopper leurs connaissances.","og_url":"https:\/\/itsra.net\/wordpress\/centre-de-documentation\/","og_site_name":"Institut de Travail Social de la R\u00e9gion Auvergne","article_modified_time":"2026-02-11T15:17:08+00:00","og_image":[{"width":908,"height":640,"url":"https:\/\/itsra.net\/wordpress\/wp-content\/uploads\/2018\/07\/biblio-1-1.jpg","type":"image\/jpeg"}],"twitter_card":"summary_large_image","twitter_misc":{"Dur\u00e9e de lecture estim\u00e9e":"3 minutes"},"schema":{"@context":"https:\/\/schema.org","@graph":[{"@type":"WebPage","@id":"https:\/\/itsra.net\/wordpress\/centre-de-documentation\/","url":"https:\/\/itsra.net\/wordpress\/centre-de-documentation\/","name":"Centre de ressources documentaires - Institut de Travail Social de la R\u00e9gion Auvergne","isPartOf":{"@id":"https:\/\/itsra.net\/wordpress\/#website"},"primaryImageOfPage":{"@id":"https:\/\/itsra.net\/wordpress\/centre-de-documentation\/#primaryimage"},"image":{"@id":"https:\/\/itsra.net\/wordpress\/centre-de-documentation\/#primaryimage"},"thumbnailUrl":"https:\/\/itsra.net\/wordpress\/wp-content\/uploads\/2018\/07\/biblio-1-1.jpg","datePublished":"2018-07-04T14:24:25+00:00","dateModified":"2026-02-11T15:17:08+00:00","description":"Le Centre de Ressources Documentaires de 'lITSRA dispose d'une base de donn\u00e9es tr\u00e8s large permettant \u00e0 tous les apprenants de d\u00e9velopper leurs connaissances.","breadcrumb":{"@id":"https:\/\/itsra.net\/wordpress\/centre-de-documentation\/#breadcrumb"},"inLanguage":"fr-FR","potentialAction":[{"@type":"ReadAction","target":["https:\/\/itsra.net\/wordpress\/centre-de-documentation\/"]}]},{"@type":"ImageObject","inLanguage":"fr-FR","@id":"https:\/\/itsra.net\/wordpress\/centre-de-documentation\/#primaryimage","url":"https:\/\/itsra.net\/wordpress\/wp-content\/uploads\/2018\/07\/biblio-1-1.jpg","contentUrl":"https:\/\/itsra.net\/wordpress\/wp-content\/uploads\/2018\/07\/biblio-1-1.jpg","width":908,"height":640},{"@type":"BreadcrumbList","@id":"https:\/\/itsra.net\/wordpress\/centre-de-documentation\/#breadcrumb","itemListElement":[{"@type":"ListItem","position":1,"name":"Accueil","item":"https:\/\/itsra.net\/wordpress\/"},{"@type":"ListItem","position":2,"name":"Centre de ressources documentaires"}]},{"@type":"WebSite","@id":"https:\/\/itsra.net\/wordpress\/#website","url":"https:\/\/itsra.net\/wordpress\/","name":"Institut de Travail Social de la R\u00e9gion Auvergne","description":"","publisher":{"@id":"https:\/\/itsra.net\/wordpress\/#organization"},"potentialAction":[{"@type":"SearchAction","target":{"@type":"EntryPoint","urlTemplate":"https:\/\/itsra.net\/wordpress\/?s={search_term_string}"},"query-input":{"@type":"PropertyValueSpecification","valueRequired":true,"valueName":"search_term_string"}}],"inLanguage":"fr-FR"},{"@type":"Organization","@id":"https:\/\/itsra.net\/wordpress\/#organization","name":"Institut de Travail Social de la R\u00e9gion Auvergne","url":"https:\/\/itsra.net\/wordpress\/","logo":{"@type":"ImageObject","inLanguage":"fr-FR","@id":"https:\/\/itsra.net\/wordpress\/#\/schema\/logo\/image\/","url":"http:\/\/itsra.net\/wordpress\/wp-content\/uploads\/2019\/01\/LogoITSRA_PNG_HD.png","contentUrl":"http:\/\/itsra.net\/wordpress\/wp-content\/uploads\/2019\/01\/LogoITSRA_PNG_HD.png","width":1280,"height":346,"caption":"Institut de Travail Social de la R\u00e9gion Auvergne"},"image":{"@id":"https:\/\/itsra.net\/wordpress\/#\/schema\/logo\/image\/"}}]}},"_links":{"self":[{"href":"https:\/\/itsra.net\/wordpress\/wp-json\/wp\/v2\/pages\/393","targetHints":{"allow":["GET"]}}],"collection":[{"href":"https:\/\/itsra.net\/wordpress\/wp-json\/wp\/v2\/pages"}],"about":[{"href":"https:\/\/itsra.net\/wordpress\/wp-json\/wp\/v2\/types\/page"}],"author":[{"embeddable":true,"href":"https:\/\/itsra.net\/wordpress\/wp-json\/wp\/v2\/users\/2"}],"replies":[{"embeddable":true,"href":"https:\/\/itsra.net\/wordpress\/wp-json\/wp\/v2\/comments?post=393"}],"version-history":[{"count":52,"href":"https:\/\/itsra.net\/wordpress\/wp-json\/wp\/v2\/pages\/393\/revisions"}],"predecessor-version":[{"id":13337,"href":"https:\/\/itsra.net\/wordpress\/wp-json\/wp\/v2\/pages\/393\/revisions\/13337"}],"wp:featuredmedia":[{"embeddable":true,"href":"https:\/\/itsra.net\/wordpress\/wp-json\/wp\/v2\/media\/507"}],"wp:attachment":[{"href":"https:\/\/itsra.net\/wordpress\/wp-json\/wp\/v2\/media?parent=393"}],"curies":[{"name":"wp","href":"https:\/\/api.w.org\/{rel}","templated":true}]}}