{"id":397,"date":"2018-07-04T16:24:52","date_gmt":"2018-07-04T14:24:52","guid":{"rendered":"http:\/\/itsra.net\/wordpress\/?page_id=397"},"modified":"2026-04-10T16:26:56","modified_gmt":"2026-04-10T14:26:56","slug":"logement","status":"publish","type":"page","link":"https:\/\/itsra.net\/wordpress\/logement\/","title":{"rendered":"Logement"},"content":{"rendered":"<div  data-id=\"initial-content-section\" data-export-id=\"initial-content-section\" data-label=\"Initial Content\" id=\"initial-content-section\" class=\"content-section content-section-spacing\">\n   <div  class=\"gridContainer\">\n     <div  class=\"row\">\n\n        <div  class=\"col-xs-12 col-sm-12\">                <h3  style=\"text-align: center;\"><strong ><span  style=\"color: #f09700;\">Vous cherchez un h\u00e9bergement<br >\nou un lieu de restauration ?<\/span> <\/strong><\/h3>\n<p >&nbsp;<\/p>\n<p  style=\"text-align: left;\"><a  href=\"https:\/\/www.afpa.fr\" class=\"\" data-mce-selected=\"inline-boundary\" data-cp-link=\"1\">Agence nationale pour la formation professionnelle des adultes<\/a> met \u00e0 disposition ses 14 h\u00e9bergements et ses 13 restaurants r\u00e9partis sur la r\u00e9gion.<\/p>\n<p  style=\"text-align: left;\"><strong >Les publics concern\u00e9s :<\/strong><br >\nStagiaires demandeurs d\u2019emploi majeurs b\u00e9n\u00e9ficiant d\u2019une formation le Conseil r\u00e9gional Auvergne-Rh\u00f4ne-Alpes, dans le cadre du Service Public R\u00e9gional de Formation.<\/p>\n<p  style=\"text-align: left;\">&nbsp;T\u00e9l\u00e9chargez <strong ><a  href=\"https:\/\/itsra.net\/wordpress\/wp-content\/uploads\/2018\/10\/Offre-HR-Afpa-Aura.pdf\" class=\"\">la plaquette de pr\u00e9sentation des offres de l\u2019AFPA&nbsp;<\/a>et de<a  href=\"https:\/\/itsra.net\/wordpress\/wp-content\/uploads\/2021\/07\/FORMTOIT-Flyer-d\u00e9c-2020.pdf\" class=\"\"> FORM\u2019TOIT.<\/a><\/strong><\/p>\n<p >&nbsp;<\/p>\n<p  style=\"text-align: left;\"><strong >Cliquez sur les photos suivantes pour en savoir plus !<\/strong><\/p>\n<p  style=\"text-align: left;\"><a  href=\"https:\/\/itsra.net\/wordpress\/logement\/afpa2\"><img fetchpriority=\"high\" fetchpriority=\"high\"  decoding=\"async\" class=\"wp-image-1344 aligncenter\" src=\"https:\/\/itsra.net\/wordpress\/wp-content\/uploads\/2018\/10\/afpa2-300x225.png\" alt=\"\" width=\"357\" height=\"268\" srcset=\"https:\/\/itsra.net\/wordpress\/wp-content\/uploads\/2018\/10\/afpa2-300x225.png 300w, https:\/\/itsra.net\/wordpress\/wp-content\/uploads\/2018\/10\/afpa2-768x576.png 768w, https:\/\/itsra.net\/wordpress\/wp-content\/uploads\/2018\/10\/afpa2.png 960w\" sizes=\"(max-width: 357px) 100vw, 357px\"><\/a><\/p>\n<p  style=\"text-align: left;\"><a  href=\"https:\/\/itsra.net\/wordpress\/logement\/afpa\"><img  decoding=\"async\" class=\"wp-image-1343 aligncenter\" src=\"https:\/\/itsra.net\/wordpress\/wp-content\/uploads\/2018\/10\/afpa-300x225.png\" alt=\"\" width=\"356\" height=\"267\" srcset=\"https:\/\/itsra.net\/wordpress\/wp-content\/uploads\/2018\/10\/afpa-300x225.png 300w, https:\/\/itsra.net\/wordpress\/wp-content\/uploads\/2018\/10\/afpa-768x576.png 768w, https:\/\/itsra.net\/wordpress\/wp-content\/uploads\/2018\/10\/afpa.png 960w\" sizes=\"(max-width: 356px) 100vw, 356px\"><\/a><\/p>\n<p ><strong >Les aides aux logements disponibles pour les \u00e9tudiants :&nbsp;<\/strong><\/p>\n<p >Lors de votre recherche de logement, vous pourrez b\u00e9n\u00e9ficier de diff\u00e9rentes aides au logement. Les principales sont les aides de la CAF avec les APL, les aides du Crous \u00e0 travers notamment les r\u00e9sidences universitaires mais aussi les aides d\u2019Action Logement. Cette entit\u00e9 met \u00e0 disposition une s\u00e9rie d\u2019aides pour les \u00e9tudiants en fonction de votre situation.&nbsp;<a  href=\"https:\/\/www.visale.fr\" class=\"\" data-cp-link=\"1\">La plus utilis\u00e9e est l\u2019aide Visale<\/a>&nbsp;(ex Caution Locative \u00e9tudiante). Il s\u2019agit d\u2019une aide qui va se porter garante pour les loyers lors de la mise en place du contrat de bail, pour justifier d\u2019un garant aupr\u00e8s du futur propri\u00e9taire. A noter toutefois que certaines d\u00e9marches relatives \u00e0 l\u2019habitation restent \u00e0 votre charge compl\u00e8te, comme l\u2019assurance du logement pour les \u00e9ventuels sinistres.&nbsp;\n<br ><br >\n<br >Souscrire une assurance habitation est indispensable pour les \u00e9tudiants. Voici quelques conseils :<br >\n\u2022\t\u00c9valuez vos besoins sp\u00e9cifiques, en tenant compte des petits espaces souvent occup\u00e9s par les \u00e9tudiants.<br >\n\u2022\tAssurez-vous de couvrir les risques classiques : incendie, d\u00e9g\u00e2ts des eaux, vol, et responsabilit\u00e9 civile.<br >\n\u2022\tComparez les diff\u00e9rentes offres sur le march\u00e9 pour trouver celle qui correspond \u00e0 votre budget, en utilisant des comparateurs en ligne.<br >\n\u2022\tEn colocation, optez pour une assurance qui couvre tous les colocataires.<br >\n\u2022\tV\u00e9rifiez les options suppl\u00e9mentaires disponibles, telles que le d\u00e9pannage d\u2019urgence et l\u2019assistance juridique.<br >\n\u2022\tPrivil\u00e9giez une assurance flexible, permettant des r\u00e9siliations ou des changements de logement, avec une gestion en ligne.<br >\n\u2022\tRenseignez-vous sur les aides financi\u00e8res disponibles, comme les bourses et les APL, pour r\u00e9duire le co\u00fbt de l\u2019assurance.<br >\nPlus d\u2019informations sur : <a  href=\"https:\/\/www.assurances-etudiants.com\/fr\/5311-assurance-logement-etudiant-tarifs-garanties.html\" target=\"_blank\" rel=\"noopener\" data-mce-href=\"https:\/\/www.assurances-etudiants.com\/fr\/5311-assurance-logement-etudiant-tarifs-garanties.html\" data-cp-link=\"1\" class=\"\">www.assurances-etudiants.com<\/a><br ><br >Rappel Visale : Le dispositif ne contient ni se substitue \u00e0 l\u2019assurance habitation de votre logement. M\u00eame en tant qu\u2019\u00e9tudiant, la souscription \u00e0 une assurance habitation est une obligation l\u00e9gale d\u00e8s lors que l\u2019on loue un logement, qu\u2019il soit meubl\u00e9 ou non. Rendez-vous sur le site de <a data-mce-href=\"https:\/\/www.smeno.com\/assurances\/assurance-habitation\" href=\"https:\/\/www.smeno.com\/assurances\/assurance-habitation\" target=\"_blank\" rel=\"noopener\" data-mce-selected=\"inline-boundary\"  data-cp-link=\"1\">SMENO<\/a> pour y souscrire. Cette assurance prot\u00e8ge \u00e0 la fois le locataire et le propri\u00e9taire en couvrant les dommages \u00e9ventuels, comme un incendie, un d\u00e9g\u00e2t des eaux ou un vol. Sans cette assurance, en cas de sinistre, l\u2019\u00e9tudiant serait personnellement responsable des frais. Il est donc essentiel de se prot\u00e9ger, d\u2019autant plus que des offres adapt\u00e9es aux budgets \u00e9tudiants existent pour simplifier cette d\u00e9marche.<\/p>\n<p  style=\"text-align: justify;\"><strong >Aide \u00e0 la mobilit\u00e9 pour la formation :<\/strong>&nbsp;Dans le but de faciliter l\u2019am\u00e9lioration de vos comp\u00e9tences, l\u2019agence pour l\u2019emploi propose&nbsp;<a  href=\"https:\/\/www.actuformation.pole-emploi.org\/sujets\/aide-a-la-mobilite\" class=\"\" data-cp-link=\"1\">une assistance financi\u00e8re<\/a>&nbsp;pour vos d\u00e9placements li\u00e9s \u00e0 la formation. Si vous \u00eates inscrit dans les registres et que votre lieu de formation se situe \u00e0 plus de 60 km de votre domicile, vous avez la possibilit\u00e9 de recevoir une prise en charge pour les frais de d\u00e9placement, d\u2019h\u00e9bergement et de restauration. Pour obtenir davantage d\u2019informations sur les formations disponibles, vous pouvez vous renseigner aupr\u00e8s de l\u2019agence ou consulter les d\u00e9tails sp\u00e9cifiques du programme de formation dans le domaine de la sant\u00e9, m\u00e9decin g\u00e9n\u00e9raliste&nbsp;<a  href=\"https:\/\/walter-learning.com\/sante\/formation-medecin-generaliste\" class=\"\" data-cp-link=\"1\">sur le site Walter Learning<\/a>. Il est important de noter que le montant maximal de l\u2019aide \u00e0 la mobilit\u00e9 pour la formation professionnelle s\u2019\u00e9l\u00e8ve \u00e0 5200 \u20ac par ann\u00e9e de formation. Ce montant est calcul\u00e9 en tenant compte des aides d\u00e9j\u00e0 octroy\u00e9es et est bas\u00e9 sur votre pr\u00e9sence effective lors des sessions de formation.<br ><\/p>\n<p >&nbsp;<\/p>\n\n          <\/div>\n      <\/div>\n  <\/div>\n<\/div>","protected":false},"excerpt":{"rendered":"<p>Vous cherchez un h\u00e9bergement ou un lieu de restauration ? &nbsp; Agence nationale pour la formation professionnelle des adultes met \u00e0 disposition ses 14 h\u00e9bergements et ses 13 restaurants r\u00e9partis sur la r\u00e9gion. Les publics concern\u00e9s : Stagiaires demandeurs d\u2019emploi majeurs b\u00e9n\u00e9ficiant d\u2019une formation le Conseil r\u00e9gional Auvergne-Rh\u00f4ne-Alpes, dans le cadre du Service Public R\u00e9gional&hellip; <br \/> <a class=\"read-more\" href=\"https:\/\/itsra.net\/wordpress\/logement\/\">Lire la suite<\/a><\/p>\n","protected":false},"author":2,"featured_media":0,"parent":0,"menu_order":0,"comment_status":"closed","ping_status":"closed","template":"pro\/page-templates\/full-width-page.php","meta":{"om_disable_all_campaigns":false,"_monsterinsights_skip_tracking":false,"_monsterinsights_sitenote_active":false,"_monsterinsights_sitenote_note":"","_monsterinsights_sitenote_category":0,"_uf_show_specific_survey":0,"_uf_disable_surveys":false,"footnotes":""},"class_list":["post-397","page","type-page","status-publish","hentry"],"aioseo_notices":[],"yoast_head":"<!-- This site is optimized with the Yoast SEO plugin v24.5 - https:\/\/yoast.com\/wordpress\/plugins\/seo\/ -->\n<title>Logement - Institut de Travail Social de la R\u00e9gion Auvergne<\/title>\n<meta name=\"robots\" content=\"index, follow, max-snippet:-1, max-image-preview:large, max-video-preview:-1\" \/>\n<link rel=\"canonical\" href=\"https:\/\/itsra.net\/wordpress\/logement\/\" \/>\n<meta property=\"og:locale\" content=\"fr_FR\" \/>\n<meta property=\"og:type\" content=\"article\" \/>\n<meta property=\"og:title\" content=\"Logement - Institut de Travail Social de la R\u00e9gion Auvergne\" \/>\n<meta property=\"og:description\" content=\"Vous cherchez un h\u00e9bergement ou un lieu de restauration ? &nbsp; Agence nationale pour la formation professionnelle des adultes met \u00e0 disposition ses 14 h\u00e9bergements et ses 13 restaurants r\u00e9partis sur la r\u00e9gion. Les publics concern\u00e9s : Stagiaires demandeurs d\u2019emploi majeurs b\u00e9n\u00e9ficiant d\u2019une formation le Conseil r\u00e9gional Auvergne-Rh\u00f4ne-Alpes, dans le cadre du Service Public R\u00e9gional&hellip; Lire la suite\" \/>\n<meta property=\"og:url\" content=\"https:\/\/itsra.net\/wordpress\/logement\/\" \/>\n<meta property=\"og:site_name\" content=\"Institut de Travail Social de la R\u00e9gion Auvergne\" \/>\n<meta property=\"article:modified_time\" content=\"2026-04-10T14:26:56+00:00\" \/>\n<meta property=\"og:image\" content=\"https:\/\/itsra.net\/wordpress\/wp-content\/uploads\/2018\/10\/afpa2.png\" \/>\n\t<meta property=\"og:image:width\" content=\"960\" \/>\n\t<meta property=\"og:image:height\" content=\"720\" \/>\n\t<meta property=\"og:image:type\" content=\"image\/png\" \/>\n<meta name=\"twitter:card\" content=\"summary_large_image\" \/>\n<meta name=\"twitter:label1\" content=\"Dur\u00e9e de lecture estim\u00e9e\" \/>\n\t<meta name=\"twitter:data1\" content=\"4 minutes\" \/>\n<script type=\"application\/ld+json\" class=\"yoast-schema-graph\">{\"@context\":\"https:\/\/schema.org\",\"@graph\":[{\"@type\":\"WebPage\",\"@id\":\"https:\/\/itsra.net\/wordpress\/logement\/\",\"url\":\"https:\/\/itsra.net\/wordpress\/logement\/\",\"name\":\"Logement - Institut de Travail Social de la R\u00e9gion Auvergne\",\"isPartOf\":{\"@id\":\"https:\/\/itsra.net\/wordpress\/#website\"},\"primaryImageOfPage\":{\"@id\":\"https:\/\/itsra.net\/wordpress\/logement\/#primaryimage\"},\"image\":{\"@id\":\"https:\/\/itsra.net\/wordpress\/logement\/#primaryimage\"},\"thumbnailUrl\":\"https:\/\/itsra.net\/wordpress\/wp-content\/uploads\/2018\/10\/afpa2-300x225.png\",\"datePublished\":\"2018-07-04T14:24:52+00:00\",\"dateModified\":\"2026-04-10T14:26:56+00:00\",\"breadcrumb\":{\"@id\":\"https:\/\/itsra.net\/wordpress\/logement\/#breadcrumb\"},\"inLanguage\":\"fr-FR\",\"potentialAction\":[{\"@type\":\"ReadAction\",\"target\":[\"https:\/\/itsra.net\/wordpress\/logement\/\"]}]},{\"@type\":\"ImageObject\",\"inLanguage\":\"fr-FR\",\"@id\":\"https:\/\/itsra.net\/wordpress\/logement\/#primaryimage\",\"url\":\"https:\/\/itsra.net\/wordpress\/wp-content\/uploads\/2018\/10\/afpa2.png\",\"contentUrl\":\"https:\/\/itsra.net\/wordpress\/wp-content\/uploads\/2018\/10\/afpa2.png\",\"width\":960,\"height\":720},{\"@type\":\"BreadcrumbList\",\"@id\":\"https:\/\/itsra.net\/wordpress\/logement\/#breadcrumb\",\"itemListElement\":[{\"@type\":\"ListItem\",\"position\":1,\"name\":\"Accueil\",\"item\":\"https:\/\/itsra.net\/wordpress\/\"},{\"@type\":\"ListItem\",\"position\":2,\"name\":\"Logement\"}]},{\"@type\":\"WebSite\",\"@id\":\"https:\/\/itsra.net\/wordpress\/#website\",\"url\":\"https:\/\/itsra.net\/wordpress\/\",\"name\":\"Institut de Travail Social de la R\u00e9gion Auvergne\",\"description\":\"\",\"publisher\":{\"@id\":\"https:\/\/itsra.net\/wordpress\/#organization\"},\"potentialAction\":[{\"@type\":\"SearchAction\",\"target\":{\"@type\":\"EntryPoint\",\"urlTemplate\":\"https:\/\/itsra.net\/wordpress\/?s={search_term_string}\"},\"query-input\":{\"@type\":\"PropertyValueSpecification\",\"valueRequired\":true,\"valueName\":\"search_term_string\"}}],\"inLanguage\":\"fr-FR\"},{\"@type\":\"Organization\",\"@id\":\"https:\/\/itsra.net\/wordpress\/#organization\",\"name\":\"Institut de Travail Social de la R\u00e9gion Auvergne\",\"url\":\"https:\/\/itsra.net\/wordpress\/\",\"logo\":{\"@type\":\"ImageObject\",\"inLanguage\":\"fr-FR\",\"@id\":\"https:\/\/itsra.net\/wordpress\/#\/schema\/logo\/image\/\",\"url\":\"http:\/\/itsra.net\/wordpress\/wp-content\/uploads\/2019\/01\/LogoITSRA_PNG_HD.png\",\"contentUrl\":\"http:\/\/itsra.net\/wordpress\/wp-content\/uploads\/2019\/01\/LogoITSRA_PNG_HD.png\",\"width\":1280,\"height\":346,\"caption\":\"Institut de Travail Social de la R\u00e9gion Auvergne\"},\"image\":{\"@id\":\"https:\/\/itsra.net\/wordpress\/#\/schema\/logo\/image\/\"}}]}<\/script>\n<!-- \/ Yoast SEO plugin. -->","yoast_head_json":{"title":"Logement - Institut de Travail Social de la R\u00e9gion Auvergne","robots":{"index":"index","follow":"follow","max-snippet":"max-snippet:-1","max-image-preview":"max-image-preview:large","max-video-preview":"max-video-preview:-1"},"canonical":"https:\/\/itsra.net\/wordpress\/logement\/","og_locale":"fr_FR","og_type":"article","og_title":"Logement - Institut de Travail Social de la R\u00e9gion Auvergne","og_description":"Vous cherchez un h\u00e9bergement ou un lieu de restauration ? &nbsp; Agence nationale pour la formation professionnelle des adultes met \u00e0 disposition ses 14 h\u00e9bergements et ses 13 restaurants r\u00e9partis sur la r\u00e9gion. Les publics concern\u00e9s : Stagiaires demandeurs d\u2019emploi majeurs b\u00e9n\u00e9ficiant d\u2019une formation le Conseil r\u00e9gional Auvergne-Rh\u00f4ne-Alpes, dans le cadre du Service Public R\u00e9gional&hellip; Lire la suite","og_url":"https:\/\/itsra.net\/wordpress\/logement\/","og_site_name":"Institut de Travail Social de la R\u00e9gion Auvergne","article_modified_time":"2026-04-10T14:26:56+00:00","og_image":[{"width":960,"height":720,"url":"https:\/\/itsra.net\/wordpress\/wp-content\/uploads\/2018\/10\/afpa2.png","type":"image\/png"}],"twitter_card":"summary_large_image","twitter_misc":{"Dur\u00e9e de lecture estim\u00e9e":"4 minutes"},"schema":{"@context":"https:\/\/schema.org","@graph":[{"@type":"WebPage","@id":"https:\/\/itsra.net\/wordpress\/logement\/","url":"https:\/\/itsra.net\/wordpress\/logement\/","name":"Logement - Institut de Travail Social de la R\u00e9gion Auvergne","isPartOf":{"@id":"https:\/\/itsra.net\/wordpress\/#website"},"primaryImageOfPage":{"@id":"https:\/\/itsra.net\/wordpress\/logement\/#primaryimage"},"image":{"@id":"https:\/\/itsra.net\/wordpress\/logement\/#primaryimage"},"thumbnailUrl":"https:\/\/itsra.net\/wordpress\/wp-content\/uploads\/2018\/10\/afpa2-300x225.png","datePublished":"2018-07-04T14:24:52+00:00","dateModified":"2026-04-10T14:26:56+00:00","breadcrumb":{"@id":"https:\/\/itsra.net\/wordpress\/logement\/#breadcrumb"},"inLanguage":"fr-FR","potentialAction":[{"@type":"ReadAction","target":["https:\/\/itsra.net\/wordpress\/logement\/"]}]},{"@type":"ImageObject","inLanguage":"fr-FR","@id":"https:\/\/itsra.net\/wordpress\/logement\/#primaryimage","url":"https:\/\/itsra.net\/wordpress\/wp-content\/uploads\/2018\/10\/afpa2.png","contentUrl":"https:\/\/itsra.net\/wordpress\/wp-content\/uploads\/2018\/10\/afpa2.png","width":960,"height":720},{"@type":"BreadcrumbList","@id":"https:\/\/itsra.net\/wordpress\/logement\/#breadcrumb","itemListElement":[{"@type":"ListItem","position":1,"name":"Accueil","item":"https:\/\/itsra.net\/wordpress\/"},{"@type":"ListItem","position":2,"name":"Logement"}]},{"@type":"WebSite","@id":"https:\/\/itsra.net\/wordpress\/#website","url":"https:\/\/itsra.net\/wordpress\/","name":"Institut de Travail Social de la R\u00e9gion Auvergne","description":"","publisher":{"@id":"https:\/\/itsra.net\/wordpress\/#organization"},"potentialAction":[{"@type":"SearchAction","target":{"@type":"EntryPoint","urlTemplate":"https:\/\/itsra.net\/wordpress\/?s={search_term_string}"},"query-input":{"@type":"PropertyValueSpecification","valueRequired":true,"valueName":"search_term_string"}}],"inLanguage":"fr-FR"},{"@type":"Organization","@id":"https:\/\/itsra.net\/wordpress\/#organization","name":"Institut de Travail Social de la R\u00e9gion Auvergne","url":"https:\/\/itsra.net\/wordpress\/","logo":{"@type":"ImageObject","inLanguage":"fr-FR","@id":"https:\/\/itsra.net\/wordpress\/#\/schema\/logo\/image\/","url":"http:\/\/itsra.net\/wordpress\/wp-content\/uploads\/2019\/01\/LogoITSRA_PNG_HD.png","contentUrl":"http:\/\/itsra.net\/wordpress\/wp-content\/uploads\/2019\/01\/LogoITSRA_PNG_HD.png","width":1280,"height":346,"caption":"Institut de Travail Social de la R\u00e9gion Auvergne"},"image":{"@id":"https:\/\/itsra.net\/wordpress\/#\/schema\/logo\/image\/"}}]}},"_links":{"self":[{"href":"https:\/\/itsra.net\/wordpress\/wp-json\/wp\/v2\/pages\/397","targetHints":{"allow":["GET"]}}],"collection":[{"href":"https:\/\/itsra.net\/wordpress\/wp-json\/wp\/v2\/pages"}],"about":[{"href":"https:\/\/itsra.net\/wordpress\/wp-json\/wp\/v2\/types\/page"}],"author":[{"embeddable":true,"href":"https:\/\/itsra.net\/wordpress\/wp-json\/wp\/v2\/users\/2"}],"replies":[{"embeddable":true,"href":"https:\/\/itsra.net\/wordpress\/wp-json\/wp\/v2\/comments?post=397"}],"version-history":[{"count":27,"href":"https:\/\/itsra.net\/wordpress\/wp-json\/wp\/v2\/pages\/397\/revisions"}],"predecessor-version":[{"id":13441,"href":"https:\/\/itsra.net\/wordpress\/wp-json\/wp\/v2\/pages\/397\/revisions\/13441"}],"wp:attachment":[{"href":"https:\/\/itsra.net\/wordpress\/wp-json\/wp\/v2\/media?parent=397"}],"curies":[{"name":"wp","href":"https:\/\/api.w.org\/{rel}","templated":true}]}}