{"id":4241,"date":"2020-07-07T10:40:56","date_gmt":"2020-07-07T08:40:56","guid":{"rendered":"http:\/\/itsra.net\/wordpress\/?page_id=4241"},"modified":"2024-06-24T16:14:30","modified_gmt":"2024-06-24T14:14:30","slug":"erasmus-et-la-mobilite-europeenne","status":"publish","type":"page","link":"https:\/\/itsra.net\/wordpress\/erasmus-et-la-mobilite-europeenne\/","title":{"rendered":"Erasmus + et la mobilit\u00e9 UE\/hors UE"},"content":{"rendered":"<div  data-label=\"Cta\" data-id=\"cta--1\" data-export-id=\"cta-blue-section\" data-category=\"cta\" class=\"cta-blue-section content-section content-section-spacing-medium bg-color1 white-text\" id=\"cta-1\" style=\"background-image: none; background-color: rgb(173, 4, 4);\"><div  class=\"gridContainer\"> <div  class=\"row middle-xs\"><div  class=\"col-sm-8 space-bottom-xs\" data-type=\"column\"><p  class=\"\" style=\"text-align: center;\"><b >T\u00e9l\u00e9chargez la&nbsp;<a data-mce-href=\"..\/wp-content\/uploads\/2021\/01\/CharteE2021_2027_Sign\u00e9e-2.pdf\" href=\"..\/wp-content\/uploads\/2021\/01\/CharteE2021_2027_Sign\u00e9e-2.pdf\" target=\"lightbox\" data-mce-selected=\"inline-boundary\" data-cp-link=\"1\" rel=\"noopener noreferrer\" class=\"\">Charte ERASMUS+ (FR)<\/a>&nbsp;\u2013&nbsp;<a data-mce-href=\"..\/wp-content\/uploads\/2021\/05\/CharteE2021_2027_Sign\u00e9eEU_PC_VersEN.pdf\" href=\"..\/wp-content\/uploads\/2021\/05\/CharteE2021_2027_Sign\u00e9eEU_PC_VersEN.pdf\" target=\"_self\" data-mce-selected=\"inline-boundary\" data-cp-link=\"1\" rel=\"noopener noreferrer\" class=\"\">Charte ERASMUS+ (EN)<\/a><\/b><\/p>  <\/div> <div  class=\"col-sm-4 end-sm\" data-type=\"column\"> <\/div> <\/div><\/div> <\/div><div  data-label=\"Features\" data-id=\"features--1\" data-export-id=\"features-12\" data-category=\"features\" class=\"features-12 content-section content-section-spacing\" id=\"features-1\" style=\"background-color: rgba(255, 255, 255, 0.886); background-image: none;\"><div  class=\"gridContainer\"> <div  class=\"row text-center\"><div  class=\"section-title-col\" data-type=\"column\">  <\/div> <\/div> <div  class=\"row spaced-cols\" data-type=\"row\"> <div  class=\"col-sm-6 col-md-12 \"> <div  class=\"row space-bottom\"> <div  class=\"col-sm-fit icon-column\"> <i  class=\"fa icon fa-align-justify bordered round color2\"><\/i> <\/div> <div  class=\"col-sm\" data-type=\"column\"> <h5  class=\"color2\">ERASMUS+ et les programmes de mobilit\u00e9 europ\u00e9enne :<\/h5> <p  class=\"\">Gr\u00e2ce au soutien de l\u2019Agence Europe-Education-Formation France (2E2F), l\u2019ITSRA participe, \u00e0 son niveau, \u00e0 la construction d\u2019une \u00ab action sociale europ\u00e9enne \u00bb en investissant les programmes europ\u00e9ens d\u2019\u00e9change et d\u2019aide \u00e0 la mobilit\u00e9. Ces programmes permettent d\u2019apporter et de recevoir des connaissances sur les pratiques professionnelles du social dans un espace de plus en plus commun : celui de l\u2019Europe.\n<br ><br ><span  style=\"font-weight: 700;\">L\u2019ITSRA propose diff\u00e9rents types de projets dans le cadre du dispositif Erasmus+ et des actions soutenues par d\u2019autres organismes :\n<\/span><br >\u2013&nbsp;Mobilit\u00e9s individuelles \u00e9tudiantes (entrantes et sortantes),\n<br >\u2013&nbsp;Mobilit\u00e9s d\u2019enseignement.\n<br ><br >L\u2019ITSRA porte \u00e9galement des projets de l\u2019enseignement sup\u00e9rieur et de la formation professionnelle et est titulaire de la Charte Universitaire ERASMUS+ Enseignement sup\u00e9rieur F CLERMON42.\n<br ><br >La charte ERASMUS+ ouvre les portes \u00e0 toutes les formes de mobilit\u00e9s pr\u00e9vues dans les programmes ERASMUS+ (mobilit\u00e9s \u00e9tudiantes entrantes et sortantes, cours th\u00e9oriques et stages, mobilit\u00e9s enseignantes, etc.).<br ><br >\n<br ><span  style=\"text-decoration: underline;\"><span  style=\"font-weight: 700;\">Pour les mobilit\u00e9s \u00e9tudiantes :<\/span><\/span><br >ERASMUS+ et renforcement linguistique :<br >\nERASMUS+ propose une plateforme de renforcement linguistique \u00ab EU ACADEMY \u00bb qui permet aux \u00e9tudiants partant en mobilit\u00e9 l\u2019apprentissage cibl\u00e9 d\u2019une langue en fonction du pays de destination.<br >\nDes cours d\u2019anglais sont dispens\u00e9s \u00e0 tous les \u00e9tudiants au cours de leur cursus de formation.<\/p><\/div> <\/div><\/div>  <div  class=\"col-sm-6 col-md-12 \"><div  class=\"row space-bottom\"> <div  class=\"col-sm-fit icon-column\"><i  class=\"fa icon fa-align-justify bordered round color2\"><\/i><\/div> <div  class=\"col-sm\" data-type=\"column\"><h5  class=\"color2\">ERASMUS+ :<\/h5> <p  class=\"\">Le programme Erasmus+ est le grand programme europ\u00e9en qui favorise les actions de mobilit\u00e9 en Europe pour :\n<br >\u2013&nbsp;Les \u00e9tudiants (p\u00e9riodes d\u2019\u00e9tude ou de stage),\n<br >\u2013&nbsp;Le personnel enseignant (mission d\u2019enseignement),\n<br >\u2013 L\u2019ensemble des personnels des \u00e9tablissements d\u2019enseignement sup\u00e9rieur (p\u00e9riodes de formation).<br >\n<br >Ces \u00e9changes vont dans les deux sens : de l\u2019ITSRA vers un pays d\u2019Europe et d\u2019un pays d\u2019Europe vers l\u2019ITSRA. L\u2019ITSRA et ses partenaires se sont lanc\u00e9s dans un ambitieux projet dit de \u00ab Partenariats Strat\u00e9giques \u00bb dans le cadre du programme Erasmus+\/Enseignement sup\u00e9rieur (Action Cl\u00e9 2) : le projet ELISSE (<span  style=\"font-weight: 700;\"><a data-mce-href=\"..\/projet-elisse-2\/\" href=\"https:\/\/itsra.net\/wordpress\/projet-elisse-2\" target=\"_blank\" rel=\"noopener\" data-mce-selected=\"inline-boundary\" data-cp-link=\"1\">E-Learning for Intercultural Skills in Social Education<\/a><\/span>\ufeff), qui rassemble 11 \u00e9coles et universit\u00e9s en Europe et dans le monde. Il permet aux acteurs des formations sociales (\u00e9tudiants, enseignants\/formateurs, milieux de stage, etc.) de contribuer \u00e0 l\u2019am\u00e9lioration des comp\u00e9tences interculturelles n\u00e9cessaires aux futurs intervenants et travailleurs sociaux Erasmus +.<br >\n<br >La bourse Erasmus + est r\u00e9serv\u00e9e aux \u00e9tudiants voulant effectuer une p\u00e9riode \u00e0 l\u2019\u00e9tranger que ce soit pour un stage ou un \u00e9change universitaire. Elle permet \u00e9galement de cofinancer les mobilit\u00e9s enseignantes.<br ><br ><span  style=\"text-decoration: underline;\"><span  style=\"font-weight: 700;\">Pour les mobilit\u00e9s \u00e9tudiantes :<\/span><\/span><br ><span  style=\"font-weight: 400;\">D\u00e9claration en mati\u00e8re de strat\u00e9gie ERASMUS+&nbsp;<span  style=\"color: rgb(142, 170, 174);\">&nbsp;et respect de la charte :&nbsp;<span  style=\"font-weight: 700;\"><a href=\"https:\/\/itsra.net\/wordpress\/wp-content\/uploads\/2024\/02\/CharteE2021_2027_Signee-pr-com\u00b0.pdf\" target=\"_self\" data-mce-href=\"..\/wp-content\/uploads\/2024\/02\/CharteE2021_2027_Signee-pr-com\u00b0.pdf\" data-mce-selected=\"inline-boundary\" data-cp-link=\"1\" rel=\"noopener\" class=\"\">Version FR<\/a>&nbsp;\u2013 <a data-mce-href=\"..\/wp-content\/uploads\/2024\/02\/CharteE2021_2027_SigneeEU_PC_VersEN.pdf\" href=\"..\/wp-content\/uploads\/2024\/02\/CharteE2021_2027_SigneeEU_PC_VersEN.pdf\" target=\"_self\" data-mce-selected=\"inline-boundary\" data-cp-link=\"1\" rel=\"noopener\" class=\"\"><span  style=\"font-weight: 700;\">Ver<\/span>sion EN\ufeff<\/a><\/span><\/span><\/span><\/p><\/div> <\/div><\/div> <div  class=\"col-sm-6 col-md-12\"> <div  class=\"row space-bottom\"> <div  class=\"col-sm-fit icon-column\"> <i  class=\"fa icon fa-align-justify bordered round color2\"><\/i> <\/div> <div  class=\"col-sm\" data-type=\"column\"> <h5  class=\"color2\">Le soutien de la R\u00e9gion et autres programmes de financement<\/h5> <p  class=\"\"><span style=\"font-weight: 700;\" >Soutien de la R\u00e9gion Auvergne-Rh\u00f4ne-Alpes :&nbsp;\n<\/span><br >Au del\u00e0 des financements ERASMUS, les \u00e9tudiants b\u00e9n\u00e9ficient \u00e9galement du soutien de la R\u00e9gion Auvergne-Rh\u00f4ne-Alpes \u00e0 travers la <span style=\"font-weight: 700;\" >BRMIE<\/span> qui permet \u00e0 des \u00e9tudiants de profiter de l&rsquo;exp\u00e9rience d&rsquo;une mobilit\u00e9 \u00e0 travers le monde.\n<br ><br ><span style=\"font-weight: 700;\" >Autres programmes :\n<br ><span style=\"font-weight: 400;\" >&#8211; Bourses du CROUS,<\/span><br ><span style=\"font-weight: 400;\" >&#8211; Bourses li\u00e9es aux jumelages de Clermont-Ferrand : pour plus d&rsquo;informations sur les jumelages, cliquez <a data-mce-href=\"https:\/\/envrai.tv\/top-7-des-villes-jumelees-a-clermont-ferrand\/\" href=\"https:\/\/envrai.tv\/top-7-des-villes-jumelees-a-clermont-ferrand\/\" target=\"_blank\" rel=\"noopener\" data-mce-selected=\"inline-boundary\" data-cp-link=\"1\">ici<\/a> et <a data-mce-href=\"http:\/\/auvergne-centrefrance.com\/jumelage.htm#:~:text=Cela%20se%20traduit%20par%20des,U).\" href=\"http:\/\/auvergne-centrefrance.com\/jumelage.htm#:~:text=Cela%20se%20traduit%20par%20des,U).\" target=\"_blank\" rel=\"noopener\" data-mce-selected=\"inline-boundary\" data-cp-link=\"1\">ici<\/a>.<\/span><\/span><\/p><\/div> <\/div><\/div><div  class=\"col-sm-6 col-md-12 \"><div  class=\"row space-bottom\"> <div  class=\"col-sm-fit icon-column\"><i  class=\"fa icon fa-align-justify bordered round color2\"><\/i><\/div> <div  class=\"col-sm\" data-type=\"column\"><h5  class=\"color2\">Politique linguistique de l\u2019ITSRA :<\/h5> <p  class=\"\">Pour les \u00e9tudiants europ\u00e9ens qui souhaitent venir \u00e0 l\u2019ITSRA : Attention : il est demand\u00e9 aux \u00e9tudiants qui souhaitent venir faire un stage ou une p\u00e9riode d\u2019\u00e9tude \u00e0 l\u2019ITSRA d\u2019avoir une pratique usuelle de la langue fran\u00e7aise. Une fois sur place, si besoin, nous proposerons aux \u00e9tudiants d\u2019\u00eatre jumel\u00e9s \u00e0 un ou plusieurs \u00e9tudiants de l\u2019ITSRA pour pratiquer la langue fran\u00e7aise. La langue d\u2019enseignement \u00e0 l\u2019ITSRA est le fran\u00e7ais.<\/p><p  class=\"\"><span  style=\"font-weight: 700;\">Contact : Joseph DIOP :&nbsp;<a data-mce-href=\"mailto:international@itsra.net\" href=\"mailto:international@itsra.net\" target=\"_self\" data-mce-selected=\"inline-boundary\" data-cp-link=\"1\" rel=\"noopener\">international@itsra.net<\/a><\/span><\/p><\/div> <\/div><\/div> <\/div><\/div> <\/div>","protected":false},"excerpt":{"rendered":"<p>T\u00e9l\u00e9chargez la&nbsp;Charte ERASMUS+ (FR)&nbsp;\u2013&nbsp;Charte ERASMUS+ (EN) ERASMUS+ et les programmes de mobilit\u00e9 europ\u00e9enne : Gr\u00e2ce au soutien de l\u2019Agence Europe-Education-Formation France (2E2F), l\u2019ITSRA participe, \u00e0 son niveau, \u00e0 la construction d\u2019une \u00ab action sociale europ\u00e9enne \u00bb en investissant les programmes europ\u00e9ens d\u2019\u00e9change et d\u2019aide \u00e0 la mobilit\u00e9. Ces programmes permettent d\u2019apporter et de recevoir des&hellip; <br \/> <a class=\"read-more\" href=\"https:\/\/itsra.net\/wordpress\/erasmus-et-la-mobilite-europeenne\/\">Lire la suite<\/a><\/p>\n","protected":false},"author":3,"featured_media":0,"parent":0,"menu_order":0,"comment_status":"closed","ping_status":"closed","template":"pro\/page-templates\/full-width-page.php","meta":{"om_disable_all_campaigns":false,"_monsterinsights_skip_tracking":false,"_monsterinsights_sitenote_active":false,"_monsterinsights_sitenote_note":"","_monsterinsights_sitenote_category":0,"_uf_show_specific_survey":0,"_uf_disable_surveys":false,"footnotes":""},"class_list":["post-4241","page","type-page","status-publish","hentry"],"aioseo_notices":[],"yoast_head":"<!-- This site is optimized with the Yoast SEO plugin v24.5 - https:\/\/yoast.com\/wordpress\/plugins\/seo\/ -->\n<title>Erasmus + et la mobilit\u00e9 UE\/hors UE - Institut de Travail Social de la R\u00e9gion Auvergne<\/title>\n<meta name=\"robots\" content=\"index, follow, max-snippet:-1, max-image-preview:large, max-video-preview:-1\" \/>\n<link rel=\"canonical\" href=\"https:\/\/itsra.net\/wordpress\/erasmus-et-la-mobilite-europeenne\/\" \/>\n<meta property=\"og:locale\" content=\"fr_FR\" \/>\n<meta property=\"og:type\" content=\"article\" \/>\n<meta property=\"og:title\" content=\"Erasmus + et la mobilit\u00e9 UE\/hors UE - Institut de Travail Social de la R\u00e9gion Auvergne\" \/>\n<meta property=\"og:description\" content=\"T\u00e9l\u00e9chargez la&nbsp;Charte ERASMUS+ (FR)&nbsp;\u2013&nbsp;Charte ERASMUS+ (EN) ERASMUS+ et les programmes de mobilit\u00e9 europ\u00e9enne : Gr\u00e2ce au soutien de l\u2019Agence Europe-Education-Formation France (2E2F), l\u2019ITSRA participe, \u00e0 son niveau, \u00e0 la construction d\u2019une \u00ab action sociale europ\u00e9enne \u00bb en investissant les programmes europ\u00e9ens d\u2019\u00e9change et d\u2019aide \u00e0 la mobilit\u00e9. Ces programmes permettent d\u2019apporter et de recevoir des&hellip; Lire la suite\" \/>\n<meta property=\"og:url\" content=\"https:\/\/itsra.net\/wordpress\/erasmus-et-la-mobilite-europeenne\/\" \/>\n<meta property=\"og:site_name\" content=\"Institut de Travail Social de la R\u00e9gion Auvergne\" \/>\n<meta property=\"article:modified_time\" content=\"2024-06-24T14:14:30+00:00\" \/>\n<meta name=\"twitter:card\" content=\"summary_large_image\" \/>\n<meta name=\"twitter:label1\" content=\"Dur\u00e9e de lecture estim\u00e9e\" \/>\n\t<meta name=\"twitter:data1\" content=\"3 minutes\" \/>\n<script type=\"application\/ld+json\" class=\"yoast-schema-graph\">{\"@context\":\"https:\/\/schema.org\",\"@graph\":[{\"@type\":\"WebPage\",\"@id\":\"https:\/\/itsra.net\/wordpress\/erasmus-et-la-mobilite-europeenne\/\",\"url\":\"https:\/\/itsra.net\/wordpress\/erasmus-et-la-mobilite-europeenne\/\",\"name\":\"Erasmus + et la mobilit\u00e9 UE\/hors UE - Institut de Travail Social de la R\u00e9gion Auvergne\",\"isPartOf\":{\"@id\":\"https:\/\/itsra.net\/wordpress\/#website\"},\"datePublished\":\"2020-07-07T08:40:56+00:00\",\"dateModified\":\"2024-06-24T14:14:30+00:00\",\"breadcrumb\":{\"@id\":\"https:\/\/itsra.net\/wordpress\/erasmus-et-la-mobilite-europeenne\/#breadcrumb\"},\"inLanguage\":\"fr-FR\",\"potentialAction\":[{\"@type\":\"ReadAction\",\"target\":[\"https:\/\/itsra.net\/wordpress\/erasmus-et-la-mobilite-europeenne\/\"]}]},{\"@type\":\"BreadcrumbList\",\"@id\":\"https:\/\/itsra.net\/wordpress\/erasmus-et-la-mobilite-europeenne\/#breadcrumb\",\"itemListElement\":[{\"@type\":\"ListItem\",\"position\":1,\"name\":\"Accueil\",\"item\":\"https:\/\/itsra.net\/wordpress\/\"},{\"@type\":\"ListItem\",\"position\":2,\"name\":\"Erasmus + et la mobilit\u00e9 UE\/hors UE\"}]},{\"@type\":\"WebSite\",\"@id\":\"https:\/\/itsra.net\/wordpress\/#website\",\"url\":\"https:\/\/itsra.net\/wordpress\/\",\"name\":\"Institut de Travail Social de la R\u00e9gion Auvergne\",\"description\":\"\",\"publisher\":{\"@id\":\"https:\/\/itsra.net\/wordpress\/#organization\"},\"potentialAction\":[{\"@type\":\"SearchAction\",\"target\":{\"@type\":\"EntryPoint\",\"urlTemplate\":\"https:\/\/itsra.net\/wordpress\/?s={search_term_string}\"},\"query-input\":{\"@type\":\"PropertyValueSpecification\",\"valueRequired\":true,\"valueName\":\"search_term_string\"}}],\"inLanguage\":\"fr-FR\"},{\"@type\":\"Organization\",\"@id\":\"https:\/\/itsra.net\/wordpress\/#organization\",\"name\":\"Institut de Travail Social de la R\u00e9gion Auvergne\",\"url\":\"https:\/\/itsra.net\/wordpress\/\",\"logo\":{\"@type\":\"ImageObject\",\"inLanguage\":\"fr-FR\",\"@id\":\"https:\/\/itsra.net\/wordpress\/#\/schema\/logo\/image\/\",\"url\":\"http:\/\/itsra.net\/wordpress\/wp-content\/uploads\/2019\/01\/LogoITSRA_PNG_HD.png\",\"contentUrl\":\"http:\/\/itsra.net\/wordpress\/wp-content\/uploads\/2019\/01\/LogoITSRA_PNG_HD.png\",\"width\":1280,\"height\":346,\"caption\":\"Institut de Travail Social de la R\u00e9gion Auvergne\"},\"image\":{\"@id\":\"https:\/\/itsra.net\/wordpress\/#\/schema\/logo\/image\/\"}}]}<\/script>\n<!-- \/ Yoast SEO plugin. -->","yoast_head_json":{"title":"Erasmus + et la mobilit\u00e9 UE\/hors UE - Institut de Travail Social de la R\u00e9gion Auvergne","robots":{"index":"index","follow":"follow","max-snippet":"max-snippet:-1","max-image-preview":"max-image-preview:large","max-video-preview":"max-video-preview:-1"},"canonical":"https:\/\/itsra.net\/wordpress\/erasmus-et-la-mobilite-europeenne\/","og_locale":"fr_FR","og_type":"article","og_title":"Erasmus + et la mobilit\u00e9 UE\/hors UE - Institut de Travail Social de la R\u00e9gion Auvergne","og_description":"T\u00e9l\u00e9chargez la&nbsp;Charte ERASMUS+ (FR)&nbsp;\u2013&nbsp;Charte ERASMUS+ (EN) ERASMUS+ et les programmes de mobilit\u00e9 europ\u00e9enne : Gr\u00e2ce au soutien de l\u2019Agence Europe-Education-Formation France (2E2F), l\u2019ITSRA participe, \u00e0 son niveau, \u00e0 la construction d\u2019une \u00ab action sociale europ\u00e9enne \u00bb en investissant les programmes europ\u00e9ens d\u2019\u00e9change et d\u2019aide \u00e0 la mobilit\u00e9. Ces programmes permettent d\u2019apporter et de recevoir des&hellip; Lire la suite","og_url":"https:\/\/itsra.net\/wordpress\/erasmus-et-la-mobilite-europeenne\/","og_site_name":"Institut de Travail Social de la R\u00e9gion Auvergne","article_modified_time":"2024-06-24T14:14:30+00:00","twitter_card":"summary_large_image","twitter_misc":{"Dur\u00e9e de lecture estim\u00e9e":"3 minutes"},"schema":{"@context":"https:\/\/schema.org","@graph":[{"@type":"WebPage","@id":"https:\/\/itsra.net\/wordpress\/erasmus-et-la-mobilite-europeenne\/","url":"https:\/\/itsra.net\/wordpress\/erasmus-et-la-mobilite-europeenne\/","name":"Erasmus + et la mobilit\u00e9 UE\/hors UE - Institut de Travail Social de la R\u00e9gion Auvergne","isPartOf":{"@id":"https:\/\/itsra.net\/wordpress\/#website"},"datePublished":"2020-07-07T08:40:56+00:00","dateModified":"2024-06-24T14:14:30+00:00","breadcrumb":{"@id":"https:\/\/itsra.net\/wordpress\/erasmus-et-la-mobilite-europeenne\/#breadcrumb"},"inLanguage":"fr-FR","potentialAction":[{"@type":"ReadAction","target":["https:\/\/itsra.net\/wordpress\/erasmus-et-la-mobilite-europeenne\/"]}]},{"@type":"BreadcrumbList","@id":"https:\/\/itsra.net\/wordpress\/erasmus-et-la-mobilite-europeenne\/#breadcrumb","itemListElement":[{"@type":"ListItem","position":1,"name":"Accueil","item":"https:\/\/itsra.net\/wordpress\/"},{"@type":"ListItem","position":2,"name":"Erasmus + et la mobilit\u00e9 UE\/hors UE"}]},{"@type":"WebSite","@id":"https:\/\/itsra.net\/wordpress\/#website","url":"https:\/\/itsra.net\/wordpress\/","name":"Institut de Travail Social de la R\u00e9gion Auvergne","description":"","publisher":{"@id":"https:\/\/itsra.net\/wordpress\/#organization"},"potentialAction":[{"@type":"SearchAction","target":{"@type":"EntryPoint","urlTemplate":"https:\/\/itsra.net\/wordpress\/?s={search_term_string}"},"query-input":{"@type":"PropertyValueSpecification","valueRequired":true,"valueName":"search_term_string"}}],"inLanguage":"fr-FR"},{"@type":"Organization","@id":"https:\/\/itsra.net\/wordpress\/#organization","name":"Institut de Travail Social de la R\u00e9gion Auvergne","url":"https:\/\/itsra.net\/wordpress\/","logo":{"@type":"ImageObject","inLanguage":"fr-FR","@id":"https:\/\/itsra.net\/wordpress\/#\/schema\/logo\/image\/","url":"http:\/\/itsra.net\/wordpress\/wp-content\/uploads\/2019\/01\/LogoITSRA_PNG_HD.png","contentUrl":"http:\/\/itsra.net\/wordpress\/wp-content\/uploads\/2019\/01\/LogoITSRA_PNG_HD.png","width":1280,"height":346,"caption":"Institut de Travail Social de la R\u00e9gion Auvergne"},"image":{"@id":"https:\/\/itsra.net\/wordpress\/#\/schema\/logo\/image\/"}}]}},"_links":{"self":[{"href":"https:\/\/itsra.net\/wordpress\/wp-json\/wp\/v2\/pages\/4241","targetHints":{"allow":["GET"]}}],"collection":[{"href":"https:\/\/itsra.net\/wordpress\/wp-json\/wp\/v2\/pages"}],"about":[{"href":"https:\/\/itsra.net\/wordpress\/wp-json\/wp\/v2\/types\/page"}],"author":[{"embeddable":true,"href":"https:\/\/itsra.net\/wordpress\/wp-json\/wp\/v2\/users\/3"}],"replies":[{"embeddable":true,"href":"https:\/\/itsra.net\/wordpress\/wp-json\/wp\/v2\/comments?post=4241"}],"version-history":[{"count":26,"href":"https:\/\/itsra.net\/wordpress\/wp-json\/wp\/v2\/pages\/4241\/revisions"}],"predecessor-version":[{"id":10834,"href":"https:\/\/itsra.net\/wordpress\/wp-json\/wp\/v2\/pages\/4241\/revisions\/10834"}],"wp:attachment":[{"href":"https:\/\/itsra.net\/wordpress\/wp-json\/wp\/v2\/media?parent=4241"}],"curies":[{"name":"wp","href":"https:\/\/api.w.org\/{rel}","templated":true}]}}