{"id":4422,"date":"2020-11-18T12:16:18","date_gmt":"2020-11-18T11:16:18","guid":{"rendered":"http:\/\/itsra.net\/wordpress\/?page_id=4422"},"modified":"2020-11-20T10:50:28","modified_gmt":"2020-11-20T09:50:28","slug":"guide-zoom-pour-les-participants-a-la-jpo-du-28-novembre-2020","status":"publish","type":"page","link":"https:\/\/itsra.net\/wordpress\/guide-zoom-pour-les-participants-a-la-jpo-du-28-novembre-2020\/","title":{"rendered":"Guide Zoom pour les participants \u00e0 la JPO du 28 novembre 2020"},"content":{"rendered":"<h4 style=\"text-align: center;\"><strong><span style=\"color: #d42020;\">T\u00e9l\u00e9chargez le <a style=\"color: #d42020;\" href=\"https:\/\/itsra.net\/wordpress\/wp-content\/uploads\/2020\/11\/Guide-ZOOM_JPO_-pour-les-participants.pdf\" target=\"_blank\" rel=\"noopener noreferrer\">\u00ab\u00a0GUIDE ZOOM\u00a0\u00bb <\/a>afin d&rsquo;avoir toutes les informations concernant l&rsquo;utilisation de cet outil de visioconf\u00e9rence.<\/span><\/strong><\/h4>\n","protected":false},"excerpt":{"rendered":"<p>T\u00e9l\u00e9chargez le \u00ab\u00a0GUIDE ZOOM\u00a0\u00bb afin d&rsquo;avoir toutes les informations concernant l&rsquo;utilisation de cet outil de visioconf\u00e9rence.<\/p>\n","protected":false},"author":3,"featured_media":0,"parent":0,"menu_order":0,"comment_status":"closed","ping_status":"closed","template":"","meta":{"om_disable_all_campaigns":false,"_monsterinsights_skip_tracking":false,"_monsterinsights_sitenote_active":false,"_monsterinsights_sitenote_note":"","_monsterinsights_sitenote_category":0,"_uf_show_specific_survey":0,"_uf_disable_surveys":false,"footnotes":""},"class_list":["post-4422","page","type-page","status-publish","hentry"],"aioseo_notices":[],"yoast_head":"<!-- This site is optimized with the Yoast SEO plugin v24.5 - https:\/\/yoast.com\/wordpress\/plugins\/seo\/ -->\n<title>Guide Zoom pour les participants \u00e0 la JPO du 28 novembre 2020 - Institut de Travail Social de la R\u00e9gion Auvergne<\/title>\n<meta name=\"robots\" content=\"index, follow, max-snippet:-1, max-image-preview:large, max-video-preview:-1\" \/>\n<link rel=\"canonical\" href=\"https:\/\/itsra.net\/wordpress\/guide-zoom-pour-les-participants-a-la-jpo-du-28-novembre-2020\/\" \/>\n<meta property=\"og:locale\" content=\"fr_FR\" \/>\n<meta property=\"og:type\" content=\"article\" \/>\n<meta property=\"og:title\" content=\"Guide Zoom pour les participants \u00e0 la JPO du 28 novembre 2020 - Institut de Travail Social de la R\u00e9gion Auvergne\" \/>\n<meta property=\"og:description\" content=\"T\u00e9l\u00e9chargez le \u00ab\u00a0GUIDE ZOOM\u00a0\u00bb afin d&rsquo;avoir toutes les informations concernant l&rsquo;utilisation de cet outil de visioconf\u00e9rence.\" \/>\n<meta property=\"og:url\" content=\"https:\/\/itsra.net\/wordpress\/guide-zoom-pour-les-participants-a-la-jpo-du-28-novembre-2020\/\" \/>\n<meta property=\"og:site_name\" content=\"Institut de Travail Social de la R\u00e9gion Auvergne\" \/>\n<meta property=\"article:modified_time\" content=\"2020-11-20T09:50:28+00:00\" \/>\n<meta name=\"twitter:card\" content=\"summary_large_image\" \/>\n<script type=\"application\/ld+json\" class=\"yoast-schema-graph\">{\"@context\":\"https:\/\/schema.org\",\"@graph\":[{\"@type\":\"WebPage\",\"@id\":\"https:\/\/itsra.net\/wordpress\/guide-zoom-pour-les-participants-a-la-jpo-du-28-novembre-2020\/\",\"url\":\"https:\/\/itsra.net\/wordpress\/guide-zoom-pour-les-participants-a-la-jpo-du-28-novembre-2020\/\",\"name\":\"Guide Zoom pour les participants \u00e0 la JPO du 28 novembre 2020 - Institut de Travail Social de la R\u00e9gion Auvergne\",\"isPartOf\":{\"@id\":\"https:\/\/itsra.net\/wordpress\/#website\"},\"datePublished\":\"2020-11-18T11:16:18+00:00\",\"dateModified\":\"2020-11-20T09:50:28+00:00\",\"breadcrumb\":{\"@id\":\"https:\/\/itsra.net\/wordpress\/guide-zoom-pour-les-participants-a-la-jpo-du-28-novembre-2020\/#breadcrumb\"},\"inLanguage\":\"fr-FR\",\"potentialAction\":[{\"@type\":\"ReadAction\",\"target\":[\"https:\/\/itsra.net\/wordpress\/guide-zoom-pour-les-participants-a-la-jpo-du-28-novembre-2020\/\"]}]},{\"@type\":\"BreadcrumbList\",\"@id\":\"https:\/\/itsra.net\/wordpress\/guide-zoom-pour-les-participants-a-la-jpo-du-28-novembre-2020\/#breadcrumb\",\"itemListElement\":[{\"@type\":\"ListItem\",\"position\":1,\"name\":\"Accueil\",\"item\":\"https:\/\/itsra.net\/wordpress\/\"},{\"@type\":\"ListItem\",\"position\":2,\"name\":\"Guide Zoom pour les participants \u00e0 la JPO du 28 novembre 2020\"}]},{\"@type\":\"WebSite\",\"@id\":\"https:\/\/itsra.net\/wordpress\/#website\",\"url\":\"https:\/\/itsra.net\/wordpress\/\",\"name\":\"Institut de Travail Social de la R\u00e9gion Auvergne\",\"description\":\"\",\"publisher\":{\"@id\":\"https:\/\/itsra.net\/wordpress\/#organization\"},\"potentialAction\":[{\"@type\":\"SearchAction\",\"target\":{\"@type\":\"EntryPoint\",\"urlTemplate\":\"https:\/\/itsra.net\/wordpress\/?s={search_term_string}\"},\"query-input\":{\"@type\":\"PropertyValueSpecification\",\"valueRequired\":true,\"valueName\":\"search_term_string\"}}],\"inLanguage\":\"fr-FR\"},{\"@type\":\"Organization\",\"@id\":\"https:\/\/itsra.net\/wordpress\/#organization\",\"name\":\"Institut de Travail Social de la R\u00e9gion Auvergne\",\"url\":\"https:\/\/itsra.net\/wordpress\/\",\"logo\":{\"@type\":\"ImageObject\",\"inLanguage\":\"fr-FR\",\"@id\":\"https:\/\/itsra.net\/wordpress\/#\/schema\/logo\/image\/\",\"url\":\"http:\/\/itsra.net\/wordpress\/wp-content\/uploads\/2019\/01\/LogoITSRA_PNG_HD.png\",\"contentUrl\":\"http:\/\/itsra.net\/wordpress\/wp-content\/uploads\/2019\/01\/LogoITSRA_PNG_HD.png\",\"width\":1280,\"height\":346,\"caption\":\"Institut de Travail Social de la R\u00e9gion Auvergne\"},\"image\":{\"@id\":\"https:\/\/itsra.net\/wordpress\/#\/schema\/logo\/image\/\"}}]}<\/script>\n<!-- \/ Yoast SEO plugin. -->","yoast_head_json":{"title":"Guide Zoom pour les participants \u00e0 la JPO du 28 novembre 2020 - Institut de Travail Social de la R\u00e9gion Auvergne","robots":{"index":"index","follow":"follow","max-snippet":"max-snippet:-1","max-image-preview":"max-image-preview:large","max-video-preview":"max-video-preview:-1"},"canonical":"https:\/\/itsra.net\/wordpress\/guide-zoom-pour-les-participants-a-la-jpo-du-28-novembre-2020\/","og_locale":"fr_FR","og_type":"article","og_title":"Guide Zoom pour les participants \u00e0 la JPO du 28 novembre 2020 - Institut de Travail Social de la R\u00e9gion Auvergne","og_description":"T\u00e9l\u00e9chargez le \u00ab\u00a0GUIDE ZOOM\u00a0\u00bb afin d&rsquo;avoir toutes les informations concernant l&rsquo;utilisation de cet outil de visioconf\u00e9rence.","og_url":"https:\/\/itsra.net\/wordpress\/guide-zoom-pour-les-participants-a-la-jpo-du-28-novembre-2020\/","og_site_name":"Institut de Travail Social de la R\u00e9gion Auvergne","article_modified_time":"2020-11-20T09:50:28+00:00","twitter_card":"summary_large_image","schema":{"@context":"https:\/\/schema.org","@graph":[{"@type":"WebPage","@id":"https:\/\/itsra.net\/wordpress\/guide-zoom-pour-les-participants-a-la-jpo-du-28-novembre-2020\/","url":"https:\/\/itsra.net\/wordpress\/guide-zoom-pour-les-participants-a-la-jpo-du-28-novembre-2020\/","name":"Guide Zoom pour les participants \u00e0 la JPO du 28 novembre 2020 - Institut de Travail Social de la R\u00e9gion Auvergne","isPartOf":{"@id":"https:\/\/itsra.net\/wordpress\/#website"},"datePublished":"2020-11-18T11:16:18+00:00","dateModified":"2020-11-20T09:50:28+00:00","breadcrumb":{"@id":"https:\/\/itsra.net\/wordpress\/guide-zoom-pour-les-participants-a-la-jpo-du-28-novembre-2020\/#breadcrumb"},"inLanguage":"fr-FR","potentialAction":[{"@type":"ReadAction","target":["https:\/\/itsra.net\/wordpress\/guide-zoom-pour-les-participants-a-la-jpo-du-28-novembre-2020\/"]}]},{"@type":"BreadcrumbList","@id":"https:\/\/itsra.net\/wordpress\/guide-zoom-pour-les-participants-a-la-jpo-du-28-novembre-2020\/#breadcrumb","itemListElement":[{"@type":"ListItem","position":1,"name":"Accueil","item":"https:\/\/itsra.net\/wordpress\/"},{"@type":"ListItem","position":2,"name":"Guide Zoom pour les participants \u00e0 la JPO du 28 novembre 2020"}]},{"@type":"WebSite","@id":"https:\/\/itsra.net\/wordpress\/#website","url":"https:\/\/itsra.net\/wordpress\/","name":"Institut de Travail Social de la R\u00e9gion Auvergne","description":"","publisher":{"@id":"https:\/\/itsra.net\/wordpress\/#organization"},"potentialAction":[{"@type":"SearchAction","target":{"@type":"EntryPoint","urlTemplate":"https:\/\/itsra.net\/wordpress\/?s={search_term_string}"},"query-input":{"@type":"PropertyValueSpecification","valueRequired":true,"valueName":"search_term_string"}}],"inLanguage":"fr-FR"},{"@type":"Organization","@id":"https:\/\/itsra.net\/wordpress\/#organization","name":"Institut de Travail Social de la R\u00e9gion Auvergne","url":"https:\/\/itsra.net\/wordpress\/","logo":{"@type":"ImageObject","inLanguage":"fr-FR","@id":"https:\/\/itsra.net\/wordpress\/#\/schema\/logo\/image\/","url":"http:\/\/itsra.net\/wordpress\/wp-content\/uploads\/2019\/01\/LogoITSRA_PNG_HD.png","contentUrl":"http:\/\/itsra.net\/wordpress\/wp-content\/uploads\/2019\/01\/LogoITSRA_PNG_HD.png","width":1280,"height":346,"caption":"Institut de Travail Social de la R\u00e9gion Auvergne"},"image":{"@id":"https:\/\/itsra.net\/wordpress\/#\/schema\/logo\/image\/"}}]}},"_links":{"self":[{"href":"https:\/\/itsra.net\/wordpress\/wp-json\/wp\/v2\/pages\/4422","targetHints":{"allow":["GET"]}}],"collection":[{"href":"https:\/\/itsra.net\/wordpress\/wp-json\/wp\/v2\/pages"}],"about":[{"href":"https:\/\/itsra.net\/wordpress\/wp-json\/wp\/v2\/types\/page"}],"author":[{"embeddable":true,"href":"https:\/\/itsra.net\/wordpress\/wp-json\/wp\/v2\/users\/3"}],"replies":[{"embeddable":true,"href":"https:\/\/itsra.net\/wordpress\/wp-json\/wp\/v2\/comments?post=4422"}],"version-history":[{"count":4,"href":"https:\/\/itsra.net\/wordpress\/wp-json\/wp\/v2\/pages\/4422\/revisions"}],"predecessor-version":[{"id":4471,"href":"https:\/\/itsra.net\/wordpress\/wp-json\/wp\/v2\/pages\/4422\/revisions\/4471"}],"wp:attachment":[{"href":"https:\/\/itsra.net\/wordpress\/wp-json\/wp\/v2\/media?parent=4422"}],"curies":[{"name":"wp","href":"https:\/\/api.w.org\/{rel}","templated":true}]}}