{"id":5363,"date":"2021-05-10T10:56:57","date_gmt":"2021-05-10T08:56:57","guid":{"rendered":"http:\/\/itsra.net\/wordpress\/?page_id=5363"},"modified":"2021-10-11T13:40:44","modified_gmt":"2021-10-11T11:40:44","slug":"certifications-unaforis","status":"publish","type":"page","link":"https:\/\/itsra.net\/wordpress\/certifications-unaforis\/","title":{"rendered":"Certifications UNAFORIS"},"content":{"rendered":"<div  data-label=\"Overlappable\" data-id=\"overlappable--1\" data-export-id=\"overlappable-5\" data-category=\"overlappable\" class=\"overlappable-5 content-section content-section-spacing\" data-overlap=\"true\" id=\"overlappable-1\" style=\"background-color: rgb(255, 255, 255);\"><div  class=\"gridContainer\"> <div  data-type=\"row\" class=\"row shadow-medium bg-color-white\">   <div  class=\"col-xs-12 col-sm-4 col-padding col-padding-xs bg-color-white col-md-12\"> <div  class=\"row middle-sm\"><div  class=\"col-xs-12 col-sm-fit icon-column\" data-preview-empty=\"1\"> <\/div> <div  data-type=\"column\" class=\"col-xs-12 col-sm v-spacing\"><h5  class=\"\">L\u2019ITSRA, l\u2019Institut Saint-Laurent, l\u2019ADEA et Ocellia proposent des formations pr\u00e9paratoires aux certifications UNAFORIS :<\/h5><\/div> <\/div> <div  class=\"row\"> <div  class=\"col-xs-12 col-sm-12\" data-type=\"column\"> <p  class=\"\">\u2013 Accueillir et accompagner dans des espaces digitalis\u00e9s,<br >\u2013 Engager des dynamiques de projet de d\u00e9veloppement social avec les acteurs d\u2019un territoire,<br >\u2013 Exercer une mission de r\u00e9f\u00e9rent de parcours sant\u00e9 social,<br >\u2013 Intervenir aupr\u00e8s des personnes avec troubles du spectre de l\u2019autisme.\n<br ><br >\n<span  style=\"font-weight: 700;\">Des parcours certifiants pour votre r\u00e9ussite professionnelle :<\/span><br >\n&gt; adapt\u00e9s \u00e0 vos besoins et vos disponibilit\u00e9s,<br >\n&gt; \u00e9ligibles CPF (Mon compte formation),<br >\n&gt; et sur mesure.<\/p> <\/div> <\/div><\/div><\/div><\/div> <\/div><div  data-label=\"Gallery\" data-id=\"gallery--1\" data-export-id=\"gallery-1\" data-category=\"gallery\" class=\"gallery-1 content-section content-section-spacing\" id=\"gallery-1\" style=\"background-color: rgb(255, 255, 255); background-image: none;\"><div  class=\"gridContainer\"> <div  class=\"row\"><div  class=\"section-title-col\" data-type=\"column\"> <h2  class=\"\">Accueillir et accompagner dans un espace digitalis\u00e9 (ACCED) :<\/h2> <\/div> <\/div> <div  class=\"row text-center\"> <div  class=\"col-xs-12\" data-editable=\"true\" data-content-shortcode=\"mesmerize_gallery id=&quot;mesmerize-gallery-1&quot; columns=&quot;4&quot; ids=&quot;5897,5898&quot; lb=&quot;1&quot; masonry=&quot;1&quot; size=&quot;large&quot; link=&quot;file&quot; \"><div id='mesmerize-gallery-1' class='gallery-wrapper'><style type=\"text\/css\">\n                    @media only screen and (min-width: 768px) {\n                    [data-unique-id='mesmerize-gallery-1-6a0902b12ad6a'] dl {\n                        float: left;\n                        width: 25% !important;\n                        max-width:  25% !important;\n                        min-width:  25% !important;\n                    }\n\n                    [data-unique-id='mesmerize-gallery-1-6a0902b12ad6a'] dl:nth-of-type(4n +1 ) {\n                      clear: both;\n                      }\n                    }\n                <\/style><\/div><\/div><\/div> <\/div><\/div><div  data-label=\"Gallery\" data-id=\"gallery--2\" data-export-id=\"gallery-1\" data-category=\"gallery\" class=\"gallery-1 content-section content-section-spacing\" id=\"gallery-2\" style=\"background-color: rgb(255, 255, 255); background-image: none;\"><div  class=\"gridContainer\"> <div  class=\"row\"><div  class=\"section-title-col\" data-type=\"column\"> <h2  class=\"\">Engager des dynamiques de projet de d\u00e9veloppement social avec les acteurs d\u2019un territoire (DSL) :<\/h2> <\/div> <\/div> <div  class=\"row text-center\"> <div  class=\"col-xs-12\" data-editable=\"true\" data-content-shortcode=\"mesmerize_gallery id=&quot;mesmerize-gallery-1&quot; columns=&quot;4&quot; ids=&quot;5890,5956&quot; lb=&quot;1&quot; masonry=&quot;1&quot; size=&quot;large&quot; link=&quot;file&quot; \"><div id='mesmerize-gallery-1' class='gallery-wrapper'><style type=\"text\/css\">\n                    @media only screen and (min-width: 768px) {\n                    [data-unique-id='mesmerize-gallery-1-6a0902b12b0af'] dl {\n                        float: left;\n                        width: 25% !important;\n                        max-width:  25% !important;\n                        min-width:  25% !important;\n                    }\n\n                    [data-unique-id='mesmerize-gallery-1-6a0902b12b0af'] dl:nth-of-type(4n +1 ) {\n                      clear: both;\n                      }\n                    }\n                <\/style><div id='mesmerize-gallery-1' class='mesmerize-gallery-1-dls-wrapper gallery-items-wrapper materialis-gallery' data-unique-id='mesmerize-gallery-1-6a0902b12b0af'><dl class='gallery-item'>\n\t\t\t<dt class='gallery-icon portrait'>\n\t\t\t\t<a data-fancybox=\"mesmerize-gallery-1-group\" href='https:\/\/itsra.net\/wordpress\/wp-content\/uploads\/2021\/10\/Fiche_DSL2-1.jpg'><img fetchpriority=\"high\" decoding=\"async\"  width=\"722\" height=\"1024\" src=\"https:\/\/itsra.net\/wordpress\/wp-content\/uploads\/2021\/10\/Fiche_DSL2-1-722x1024.jpg\"  class='mesmerize-gallery-1-image' alt=\"\" srcset=\"https:\/\/itsra.net\/wordpress\/wp-content\/uploads\/2021\/10\/Fiche_DSL2-1-722x1024.jpg 722w, https:\/\/itsra.net\/wordpress\/wp-content\/uploads\/2021\/10\/Fiche_DSL2-1-211x300.jpg 211w, https:\/\/itsra.net\/wordpress\/wp-content\/uploads\/2021\/10\/Fiche_DSL2-1-768x1090.jpg 768w, https:\/\/itsra.net\/wordpress\/wp-content\/uploads\/2021\/10\/Fiche_DSL2-1-1024x1453.jpg 1024w, https:\/\/itsra.net\/wordpress\/wp-content\/uploads\/2021\/10\/Fiche_DSL2-1-761x1080.jpg 761w, https:\/\/itsra.net\/wordpress\/wp-content\/uploads\/2021\/10\/Fiche_DSL2-1.jpg 1748w\" sizes=\"(max-width: 722px) 100vw, 722px\" \/><\/a>\n\t\t\t<\/dt><\/dl>\n\t\t\t\n\t\t<\/div>\n<script>(function($){window.MaterialisCaptionsGallery && window.MaterialisCaptionsGallery($('[data-unique-id=\"mesmerize-gallery-1-6a0902b12b0af\"]'))})(jQuery)<\/script><\/div><\/div><\/div> <\/div><\/div><div  data-label=\"Cta\" data-id=\"cta--1\" data-export-id=\"cta-centered-bg-section\" data-category=\"cta\" data-section-ov=\"1\" class=\"cta-centered-bg-section content-section content-section-spacing-medium white-text\" data-parallax-depth=\"20\" id=\"cta-1\" style=\"background-color: rgb(245, 250, 253);\"><div  class=\"gridContainer\"> <div  class=\"row text-center\"><div  data-type=\"column\" class=\"\">  <a class=\"button color2\" href=\"https:\/\/lnkd.in\/dfaPTuT\" target=\"_self\" data-cp-link=\"1\" data-icon=\"\" rel=\"noopener noreferrer\">PRE-INSCRIPTION AUX CERTIFICATIONS<\/a><\/div> <\/div><\/div> <\/div><div  data-label=\"Features\" data-id=\"features--2\" data-export-id=\"features-12\" data-category=\"features\" class=\"features-12 content-section content-section-spacing\" id=\"features-2\" style=\"background-color: rgb(255, 255, 255); background-image: none;\"><div  class=\"gridContainer\"> <div  class=\"row text-center\"><div  class=\"section-title-col\" data-type=\"column\">  <p  class=\"lead\"><iframe  width=\"560\" height=\"315\" src=\"https:\/\/www.youtube.com\/embed\/5CUiEy6d1AM\" title=\"YouTube video player\" frameborder=\"0\" allow=\"accelerometer; autoplay; clipboard-write; encrypted-media; gyroscope; picture-in-picture\" allowfullscreen=\"\"><\/iframe><\/p><\/div> <\/div> <div  class=\"row spaced-cols\" data-type=\"row\"> <div  class=\"col-sm-6\"> <div  class=\"row space-bottom\"> <div  class=\"col-sm-fit icon-column\" data-preview-empty=\"1\">  <\/div> <div  class=\"col-sm\" data-type=\"column\">  <\/div> <\/div><\/div>    <\/div><\/div> <\/div><div  data-label=\"Clients\" data-id=\"clients--1\" data-export-id=\"clients-4\" data-category=\"clients\" class=\"clients-4 content-section content-section-spacing-small\" id=\"clients-1\" style=\"background-color: rgb(255, 255, 255); background-image: none;\"><div  class=\"gridContainer\"> <div  class=\"row\"><div  data-type=\"column\" class=\"section-title-col\">  <\/div> <\/div> <div  data-type=\"row\" class=\"row spaced-cols middle-xs center-xs space-bottom padding-lr\"> <div  class=\"col-xs-6 col-sm-2\"> <a data-cp-link=\"1\" href=\"https:\/\/www.adea-formation.com\" class=\"\" target=\"_blank\" rel=\"noopener noreferrer\"><img decoding=\"async\"  src=\"https:\/\/itsra.net\/wordpress\/wp-content\/uploads\/2021\/05\/cropped-logo-ADEA-e1484566506268.png\" class=\"\" alt=\"\" title=\"cropped-logo-ADEA-e1484566506268.png\"><\/a><\/div> <div  class=\"col-xs-6 col-sm-2\"> <a data-cp-link=\"1\" href=\"https:\/\/institutsaintlaurent.org\" class=\"\" target=\"_blank\" rel=\"noopener noreferrer\"><img decoding=\"async\"  src=\"https:\/\/itsra.net\/wordpress\/wp-content\/uploads\/2021\/05\/cropped-logo-ISL.png\" class=\"\" alt=\"\" title=\"cropped-logo-ISL.png\"><\/a><\/div> <div  class=\"col-xs-6 col-sm-2\"> <a data-cp-link=\"1\" href=\"https:\/\/www.ocellia.fr\" class=\"\" target=\"_blank\" rel=\"noopener noreferrer\"><img decoding=\"async\"  src=\"https:\/\/itsra.net\/wordpress\/wp-content\/uploads\/2021\/05\/logo-ocellia-site.png\" class=\"\" alt=\"\" title=\"OCELLIA\"><\/a><\/div>    <\/div><\/div> <\/div><div  data-label=\"Cta\" data-id=\"cta--2\" data-export-id=\"cta-blue-section\" data-category=\"cta\" class=\"cta-blue-section content-section content-section-spacing-medium bg-color1 white-text\" id=\"cta-2\" style=\"background-image: none; background-color: rgb(255, 255, 255);\"><div  class=\"gridContainer\"> <div  class=\"row middle-xs\"><div  class=\"col-sm-8 space-bottom-xs\" data-type=\"column\"><p  class=\"\" style=\"text-align: left;\"><span  style=\"color: rgb(179, 179, 179);\">10\/2021<\/span><\/p>  <\/div> <div  class=\"col-sm-4 end-sm\" data-type=\"column\"> <\/div> <\/div><\/div> <\/div>","protected":false},"excerpt":{"rendered":"<p>L\u2019ITSRA, l\u2019Institut Saint-Laurent, l\u2019ADEA et Ocellia proposent des formations pr\u00e9paratoires aux certifications UNAFORIS : \u2013 Accueillir et accompagner dans des espaces digitalis\u00e9s,\u2013 Engager des dynamiques de projet de d\u00e9veloppement social avec les acteurs d\u2019un territoire,\u2013 Exercer une mission de r\u00e9f\u00e9rent de parcours sant\u00e9 social,\u2013 Intervenir aupr\u00e8s des personnes avec troubles du spectre de l\u2019autisme. Des&hellip; <br \/> <a class=\"read-more\" href=\"https:\/\/itsra.net\/wordpress\/certifications-unaforis\/\">Lire la suite<\/a><\/p>\n","protected":false},"author":3,"featured_media":0,"parent":0,"menu_order":0,"comment_status":"closed","ping_status":"closed","template":"pro\/page-templates\/full-width-page.php","meta":{"om_disable_all_campaigns":false,"_monsterinsights_skip_tracking":false,"_monsterinsights_sitenote_active":false,"_monsterinsights_sitenote_note":"","_monsterinsights_sitenote_category":0,"_uf_show_specific_survey":0,"_uf_disable_surveys":false,"footnotes":""},"class_list":["post-5363","page","type-page","status-publish","hentry"],"aioseo_notices":[],"yoast_head":"<!-- This site is optimized with the Yoast SEO plugin v24.5 - https:\/\/yoast.com\/wordpress\/plugins\/seo\/ -->\n<title>Certifications UNAFORIS - Institut de Travail Social de la R\u00e9gion Auvergne<\/title>\n<meta name=\"robots\" content=\"index, follow, max-snippet:-1, max-image-preview:large, max-video-preview:-1\" \/>\n<link rel=\"canonical\" href=\"https:\/\/itsra.net\/wordpress\/certifications-unaforis\/\" \/>\n<meta property=\"og:locale\" content=\"fr_FR\" \/>\n<meta property=\"og:type\" content=\"article\" \/>\n<meta property=\"og:title\" content=\"Certifications UNAFORIS - Institut de Travail Social de la R\u00e9gion Auvergne\" \/>\n<meta property=\"og:description\" content=\"L\u2019ITSRA, l\u2019Institut Saint-Laurent, l\u2019ADEA et Ocellia proposent des formations pr\u00e9paratoires aux certifications UNAFORIS : \u2013 Accueillir et accompagner dans des espaces digitalis\u00e9s,\u2013 Engager des dynamiques de projet de d\u00e9veloppement social avec les acteurs d\u2019un territoire,\u2013 Exercer une mission de r\u00e9f\u00e9rent de parcours sant\u00e9 social,\u2013 Intervenir aupr\u00e8s des personnes avec troubles du spectre de l\u2019autisme. Des&hellip; Lire la suite\" \/>\n<meta property=\"og:url\" content=\"https:\/\/itsra.net\/wordpress\/certifications-unaforis\/\" \/>\n<meta property=\"og:site_name\" content=\"Institut de Travail Social de la R\u00e9gion Auvergne\" \/>\n<meta property=\"article:modified_time\" content=\"2021-10-11T11:40:44+00:00\" \/>\n<meta property=\"og:image\" content=\"http:\/\/itsra.net\/wordpress\/wp-content\/uploads\/2021\/05\/cropped-logo-ADEA-e1484566506268.png\" \/>\n<meta name=\"twitter:card\" content=\"summary_large_image\" \/>\n<meta name=\"twitter:label1\" content=\"Dur\u00e9e de lecture estim\u00e9e\" \/>\n\t<meta name=\"twitter:data1\" content=\"1 minute\" \/>\n<script type=\"application\/ld+json\" class=\"yoast-schema-graph\">{\"@context\":\"https:\/\/schema.org\",\"@graph\":[{\"@type\":\"WebPage\",\"@id\":\"https:\/\/itsra.net\/wordpress\/certifications-unaforis\/\",\"url\":\"https:\/\/itsra.net\/wordpress\/certifications-unaforis\/\",\"name\":\"Certifications UNAFORIS - Institut de Travail Social de la R\u00e9gion Auvergne\",\"isPartOf\":{\"@id\":\"https:\/\/itsra.net\/wordpress\/#website\"},\"primaryImageOfPage\":{\"@id\":\"https:\/\/itsra.net\/wordpress\/certifications-unaforis\/#primaryimage\"},\"image\":{\"@id\":\"https:\/\/itsra.net\/wordpress\/certifications-unaforis\/#primaryimage\"},\"thumbnailUrl\":\"http:\/\/itsra.net\/wordpress\/wp-content\/uploads\/2021\/05\/cropped-logo-ADEA-e1484566506268.png\",\"datePublished\":\"2021-05-10T08:56:57+00:00\",\"dateModified\":\"2021-10-11T11:40:44+00:00\",\"breadcrumb\":{\"@id\":\"https:\/\/itsra.net\/wordpress\/certifications-unaforis\/#breadcrumb\"},\"inLanguage\":\"fr-FR\",\"potentialAction\":[{\"@type\":\"ReadAction\",\"target\":[\"https:\/\/itsra.net\/wordpress\/certifications-unaforis\/\"]}]},{\"@type\":\"ImageObject\",\"inLanguage\":\"fr-FR\",\"@id\":\"https:\/\/itsra.net\/wordpress\/certifications-unaforis\/#primaryimage\",\"url\":\"http:\/\/itsra.net\/wordpress\/wp-content\/uploads\/2021\/05\/cropped-logo-ADEA-e1484566506268.png\",\"contentUrl\":\"http:\/\/itsra.net\/wordpress\/wp-content\/uploads\/2021\/05\/cropped-logo-ADEA-e1484566506268.png\"},{\"@type\":\"BreadcrumbList\",\"@id\":\"https:\/\/itsra.net\/wordpress\/certifications-unaforis\/#breadcrumb\",\"itemListElement\":[{\"@type\":\"ListItem\",\"position\":1,\"name\":\"Accueil\",\"item\":\"https:\/\/itsra.net\/wordpress\/\"},{\"@type\":\"ListItem\",\"position\":2,\"name\":\"Certifications UNAFORIS\"}]},{\"@type\":\"WebSite\",\"@id\":\"https:\/\/itsra.net\/wordpress\/#website\",\"url\":\"https:\/\/itsra.net\/wordpress\/\",\"name\":\"Institut de Travail Social de la R\u00e9gion Auvergne\",\"description\":\"\",\"publisher\":{\"@id\":\"https:\/\/itsra.net\/wordpress\/#organization\"},\"potentialAction\":[{\"@type\":\"SearchAction\",\"target\":{\"@type\":\"EntryPoint\",\"urlTemplate\":\"https:\/\/itsra.net\/wordpress\/?s={search_term_string}\"},\"query-input\":{\"@type\":\"PropertyValueSpecification\",\"valueRequired\":true,\"valueName\":\"search_term_string\"}}],\"inLanguage\":\"fr-FR\"},{\"@type\":\"Organization\",\"@id\":\"https:\/\/itsra.net\/wordpress\/#organization\",\"name\":\"Institut de Travail Social de la R\u00e9gion Auvergne\",\"url\":\"https:\/\/itsra.net\/wordpress\/\",\"logo\":{\"@type\":\"ImageObject\",\"inLanguage\":\"fr-FR\",\"@id\":\"https:\/\/itsra.net\/wordpress\/#\/schema\/logo\/image\/\",\"url\":\"http:\/\/itsra.net\/wordpress\/wp-content\/uploads\/2019\/01\/LogoITSRA_PNG_HD.png\",\"contentUrl\":\"http:\/\/itsra.net\/wordpress\/wp-content\/uploads\/2019\/01\/LogoITSRA_PNG_HD.png\",\"width\":1280,\"height\":346,\"caption\":\"Institut de Travail Social de la R\u00e9gion Auvergne\"},\"image\":{\"@id\":\"https:\/\/itsra.net\/wordpress\/#\/schema\/logo\/image\/\"}}]}<\/script>\n<!-- \/ Yoast SEO plugin. -->","yoast_head_json":{"title":"Certifications UNAFORIS - Institut de Travail Social de la R\u00e9gion Auvergne","robots":{"index":"index","follow":"follow","max-snippet":"max-snippet:-1","max-image-preview":"max-image-preview:large","max-video-preview":"max-video-preview:-1"},"canonical":"https:\/\/itsra.net\/wordpress\/certifications-unaforis\/","og_locale":"fr_FR","og_type":"article","og_title":"Certifications UNAFORIS - Institut de Travail Social de la R\u00e9gion Auvergne","og_description":"L\u2019ITSRA, l\u2019Institut Saint-Laurent, l\u2019ADEA et Ocellia proposent des formations pr\u00e9paratoires aux certifications UNAFORIS : \u2013 Accueillir et accompagner dans des espaces digitalis\u00e9s,\u2013 Engager des dynamiques de projet de d\u00e9veloppement social avec les acteurs d\u2019un territoire,\u2013 Exercer une mission de r\u00e9f\u00e9rent de parcours sant\u00e9 social,\u2013 Intervenir aupr\u00e8s des personnes avec troubles du spectre de l\u2019autisme. Des&hellip; Lire la suite","og_url":"https:\/\/itsra.net\/wordpress\/certifications-unaforis\/","og_site_name":"Institut de Travail Social de la R\u00e9gion Auvergne","article_modified_time":"2021-10-11T11:40:44+00:00","og_image":[{"url":"http:\/\/itsra.net\/wordpress\/wp-content\/uploads\/2021\/05\/cropped-logo-ADEA-e1484566506268.png","type":"","width":"","height":""}],"twitter_card":"summary_large_image","twitter_misc":{"Dur\u00e9e de lecture estim\u00e9e":"1 minute"},"schema":{"@context":"https:\/\/schema.org","@graph":[{"@type":"WebPage","@id":"https:\/\/itsra.net\/wordpress\/certifications-unaforis\/","url":"https:\/\/itsra.net\/wordpress\/certifications-unaforis\/","name":"Certifications UNAFORIS - Institut de Travail Social de la R\u00e9gion Auvergne","isPartOf":{"@id":"https:\/\/itsra.net\/wordpress\/#website"},"primaryImageOfPage":{"@id":"https:\/\/itsra.net\/wordpress\/certifications-unaforis\/#primaryimage"},"image":{"@id":"https:\/\/itsra.net\/wordpress\/certifications-unaforis\/#primaryimage"},"thumbnailUrl":"http:\/\/itsra.net\/wordpress\/wp-content\/uploads\/2021\/05\/cropped-logo-ADEA-e1484566506268.png","datePublished":"2021-05-10T08:56:57+00:00","dateModified":"2021-10-11T11:40:44+00:00","breadcrumb":{"@id":"https:\/\/itsra.net\/wordpress\/certifications-unaforis\/#breadcrumb"},"inLanguage":"fr-FR","potentialAction":[{"@type":"ReadAction","target":["https:\/\/itsra.net\/wordpress\/certifications-unaforis\/"]}]},{"@type":"ImageObject","inLanguage":"fr-FR","@id":"https:\/\/itsra.net\/wordpress\/certifications-unaforis\/#primaryimage","url":"http:\/\/itsra.net\/wordpress\/wp-content\/uploads\/2021\/05\/cropped-logo-ADEA-e1484566506268.png","contentUrl":"http:\/\/itsra.net\/wordpress\/wp-content\/uploads\/2021\/05\/cropped-logo-ADEA-e1484566506268.png"},{"@type":"BreadcrumbList","@id":"https:\/\/itsra.net\/wordpress\/certifications-unaforis\/#breadcrumb","itemListElement":[{"@type":"ListItem","position":1,"name":"Accueil","item":"https:\/\/itsra.net\/wordpress\/"},{"@type":"ListItem","position":2,"name":"Certifications UNAFORIS"}]},{"@type":"WebSite","@id":"https:\/\/itsra.net\/wordpress\/#website","url":"https:\/\/itsra.net\/wordpress\/","name":"Institut de Travail Social de la R\u00e9gion Auvergne","description":"","publisher":{"@id":"https:\/\/itsra.net\/wordpress\/#organization"},"potentialAction":[{"@type":"SearchAction","target":{"@type":"EntryPoint","urlTemplate":"https:\/\/itsra.net\/wordpress\/?s={search_term_string}"},"query-input":{"@type":"PropertyValueSpecification","valueRequired":true,"valueName":"search_term_string"}}],"inLanguage":"fr-FR"},{"@type":"Organization","@id":"https:\/\/itsra.net\/wordpress\/#organization","name":"Institut de Travail Social de la R\u00e9gion Auvergne","url":"https:\/\/itsra.net\/wordpress\/","logo":{"@type":"ImageObject","inLanguage":"fr-FR","@id":"https:\/\/itsra.net\/wordpress\/#\/schema\/logo\/image\/","url":"http:\/\/itsra.net\/wordpress\/wp-content\/uploads\/2019\/01\/LogoITSRA_PNG_HD.png","contentUrl":"http:\/\/itsra.net\/wordpress\/wp-content\/uploads\/2019\/01\/LogoITSRA_PNG_HD.png","width":1280,"height":346,"caption":"Institut de Travail Social de la R\u00e9gion Auvergne"},"image":{"@id":"https:\/\/itsra.net\/wordpress\/#\/schema\/logo\/image\/"}}]}},"_links":{"self":[{"href":"https:\/\/itsra.net\/wordpress\/wp-json\/wp\/v2\/pages\/5363","targetHints":{"allow":["GET"]}}],"collection":[{"href":"https:\/\/itsra.net\/wordpress\/wp-json\/wp\/v2\/pages"}],"about":[{"href":"https:\/\/itsra.net\/wordpress\/wp-json\/wp\/v2\/types\/page"}],"author":[{"embeddable":true,"href":"https:\/\/itsra.net\/wordpress\/wp-json\/wp\/v2\/users\/3"}],"replies":[{"embeddable":true,"href":"https:\/\/itsra.net\/wordpress\/wp-json\/wp\/v2\/comments?post=5363"}],"version-history":[{"count":16,"href":"https:\/\/itsra.net\/wordpress\/wp-json\/wp\/v2\/pages\/5363\/revisions"}],"predecessor-version":[{"id":6025,"href":"https:\/\/itsra.net\/wordpress\/wp-json\/wp\/v2\/pages\/5363\/revisions\/6025"}],"wp:attachment":[{"href":"https:\/\/itsra.net\/wordpress\/wp-json\/wp\/v2\/media?parent=5363"}],"curies":[{"name":"wp","href":"https:\/\/api.w.org\/{rel}","templated":true}]}}