{"id":5477,"date":"2021-07-01T11:24:52","date_gmt":"2021-07-01T09:24:52","guid":{"rendered":"http:\/\/itsra.net\/wordpress\/?page_id=5477"},"modified":"2025-09-12T10:59:36","modified_gmt":"2025-09-12T08:59:36","slug":"livret-daccueil-apprenants","status":"publish","type":"page","link":"https:\/\/itsra.net\/wordpress\/livret-daccueil-apprenants\/","title":{"rendered":"Livret d&rsquo;accueil &#8211; Apprenants"},"content":{"rendered":"<div  data-label=\"Features\" data-id=\"features--1\" data-export-id=\"features-13-card-bordered\" data-category=\"features\" class=\"features-13 content-section content-section-spacing\" id=\"features-1\" style=\"background-color: rgb(255, 255, 255);\"><div  class=\"gridContainer\"> <div  class=\"row text-center\"><div  class=\"section-title-col\" data-type=\"column\"> <h2  class=\"\">Prenez connaissance de votre livret d\u2019accueil\n<br >compos\u00e9 de 6 th\u00e9matiques :<\/h2> <p  class=\"lead\">Ann\u00e9e 2025-2026<\/p><\/div> <\/div> <div  class=\"row spaced-cols content-center-sm\" data-type=\"row\"> <div  class=\"col-sm-4\"> <div  class=\"card bordered y-move\" data-type=\"column\"> <i  class=\"fa icon fa-book reverse round big color1\"><\/i> <h4  class=\"\">1. Livret \u00ab&nbsp;Informations g\u00e9n\u00e9rales&nbsp;\u00bb<\/h4> <p  class=\"\" style=\"text-align: left;\">1. Les missions de l\u2019ITSRA&nbsp;<br >\n2. Le panorama des \u00e9tablissements du secteur social&nbsp;<br >\n3. La d\u00e9marche qualit\u00e9&nbsp;<br >\n4. le plan d\u2019acc\u00e8s&nbsp;<br >\n5. Les parkings&nbsp;<\/p> <a  class=\"button y-move small color2\" href=\"https:\/\/itsra.net\/wordpress\/wp-content\/uploads\/2025\/09\/1.-Livret-daccueil_informations-generales_2025_2026.pdf\" target=\"_blank\" data-cp-link=\"1\" data-icon=\"\" rel=\"noopener noreferrer\">T\u00e9l\u00e9charger<\/a><\/div> <\/div> <div  class=\"col-sm-4\"> <div  class=\"card bordered y-move\" data-type=\"column\"> <i  class=\"fa icon fa-book reverse round big color1\"><\/i> <h4  class=\"\">2. Livret \u00ab&nbsp;Informations pratiques&nbsp;\u00bb<\/h4> <p  class=\"\" style=\"text-align: left;\">1. Les salles disponibles&nbsp;<br >\n2. Le Centre de Ressources Documentaires<br >\n3. Les panneaux d\u2019affichage&nbsp;<br >\n4. La restauration sur place&nbsp;<br >\n5. Les consignes de s\u00e9curit\u00e9&nbsp;<br >\n6. La charte internet&nbsp;<br >\n7. L\u2019acc\u00e8s WI-FI&nbsp;<\/p> <a  class=\"button y-move small color2\" href=\"https:\/\/itsra.net\/wordpress\/wp-content\/uploads\/2025\/09\/2.-Livret-daccueil_informations_pratiques-_2025_2026.pdf\" target=\"_blank\" data-cp-link=\"1\" data-icon=\"\" rel=\"noopener noreferrer\">T\u00e9l\u00e9charger<\/a><\/div> <\/div> <div  class=\"col-sm-4\"> <div  class=\"card bordered y-move\" data-type=\"column\"> <i  class=\"fa icon fa-book reverse round big color1\"><\/i> <h4  class=\"\">3. Livret \u00ab&nbsp;Formations&nbsp;\u00bb<\/h4> <p  class=\"\" style=\"text-align: left;\">1. La liste des formations&nbsp;<br >\n2. Les contacts p\u00e9dagogiques et administratifs&nbsp;<br >\n3. Le principe de l\u2019alternance&nbsp;<br >\n4. Le stage en milieu professionnel&nbsp;<br >\n5. La gratification des stages&nbsp;<br >\n6. Les stages \u00e0 l\u2019\u00e9tranger<\/p><a  class=\"button y-move small color2\" href=\"https:\/\/itsra.net\/wordpress\/wp-content\/uploads\/2025\/09\/3.-Livret-daccueil_formations-_2025_2026.pdf\" style=\"position: relative; top: 0px; left: 0px;\" target=\"_blank\" data-cp-link=\"1\" data-icon=\"\" rel=\"noopener noreferrer\">T\u00e9l\u00e9charger<\/a> <\/div> <\/div><div  class=\"col-sm-4\"> <div  class=\"card bordered y-move\" data-type=\"column\"> <i  class=\"fa icon fa-book reverse round big color1\"><\/i> <h4  class=\"\">4. Livret \u00ab&nbsp;Financements&nbsp;\u00bb<\/h4> <p  class=\"\" style=\"text-align: left;\">1. Les diff\u00e9rents statuts :<br >&nbsp; &nbsp; \u2013 La formation initiale&nbsp;<br >&nbsp; &nbsp; \u2013 La formation professionnelle continue&nbsp;<br >\n2. Les aides financi\u00e8res&nbsp;<\/p> <a  class=\"button y-move small color2\" href=\"https:\/\/itsra.net\/wordpress\/wp-content\/uploads\/2025\/09\/4.-Livret-daccueil_financements-_2025_2026.pdf\" target=\"_blank\" data-cp-link=\"1\" data-icon=\"\" rel=\"noopener noreferrer\">T\u00e9l\u00e9charger<\/a><\/div> <\/div><div  class=\"col-sm-4\"> <div  class=\"card bordered y-move\" data-type=\"column\"> <i  class=\"fa icon fa-book reverse round big color1\"><\/i> <h4  class=\"\">5. Livret \u00ab La vie apprenante \u00bb<\/h4> <p  class=\"\" style=\"text-align: left;\">1. L\u2019assiduit\u00e9 aux formations<br >\n2. Le r\u00e8glement int\u00e9rieur<br >\n3. La repr\u00e9sentation des apprenants<br >\n4. La  Contribution Vie Etudiante et Campus (C.V.E.C)<br >\n5. Les services du CROUS<br >\n6. La s\u00e9curit\u00e9 sociale<br >\n7. Le handicap<\/p> <a  class=\"button y-move small color2\" href=\"https:\/\/itsra.net\/wordpress\/wp-content\/uploads\/2025\/09\/5.-Livret-daccueil_-la-vie-apprenante-_2025_2026.pdf\" target=\"_blank\" data-cp-link=\"1\" data-icon=\"\" rel=\"noopener noreferrer\">T\u00e9l\u00e9charger<\/a><\/div> <\/div><div  class=\"col-sm-4\"> <div  class=\"card bordered y-move\" data-type=\"column\"> <i  class=\"fa icon fa-book reverse round big color1\"><\/i> <h4  class=\"\">6. Livret \u00ab&nbsp;Pour aller plus loin \u00bb<\/h4> <p  class=\"\" style=\"text-align: left;\">1. La restauration \u00e0 proximit\u00e9<br >\n2. Les adresses utiles pour le logement<br >\n3. Les adresses utiles pour la vie associative<\/p> <a  class=\"button y-move small color2\" href=\"https:\/\/itsra.net\/wordpress\/wp-content\/uploads\/2025\/09\/6.-Livret-daccueil_pour-aller-plus-loin-_2025_2026.pdf\" target=\"_blank\" data-cp-link=\"1\" data-icon=\"\" rel=\"noopener noreferrer\">T\u00e9l\u00e9charger<\/a><\/div> <\/div><\/div> <\/div><\/div>","protected":false},"excerpt":{"rendered":"<p>Prenez connaissance de votre livret d\u2019accueil compos\u00e9 de 6 th\u00e9matiques : Ann\u00e9e 2025-2026 1. Livret \u00ab&nbsp;Informations g\u00e9n\u00e9rales&nbsp;\u00bb 1. Les missions de l\u2019ITSRA&nbsp; 2. Le panorama des \u00e9tablissements du secteur social&nbsp; 3. La d\u00e9marche qualit\u00e9&nbsp; 4. le plan d\u2019acc\u00e8s&nbsp; 5. Les parkings&nbsp; T\u00e9l\u00e9charger 2. Livret \u00ab&nbsp;Informations pratiques&nbsp;\u00bb 1. Les salles disponibles&nbsp; 2. Le Centre de Ressources&hellip; <br \/> <a class=\"read-more\" href=\"https:\/\/itsra.net\/wordpress\/livret-daccueil-apprenants\/\">Lire la suite<\/a><\/p>\n","protected":false},"author":3,"featured_media":0,"parent":0,"menu_order":0,"comment_status":"closed","ping_status":"closed","template":"pro\/page-templates\/full-width-page.php","meta":{"om_disable_all_campaigns":false,"_monsterinsights_skip_tracking":false,"_monsterinsights_sitenote_active":false,"_monsterinsights_sitenote_note":"","_monsterinsights_sitenote_category":0,"_uf_show_specific_survey":0,"_uf_disable_surveys":false,"footnotes":""},"class_list":["post-5477","page","type-page","status-publish","hentry"],"aioseo_notices":[],"yoast_head":"<!-- This site is optimized with the Yoast SEO plugin v24.5 - https:\/\/yoast.com\/wordpress\/plugins\/seo\/ -->\n<title>Livret d&#039;accueil - Apprenants - Institut de Travail Social de la R\u00e9gion Auvergne<\/title>\n<meta name=\"robots\" content=\"index, follow, max-snippet:-1, max-image-preview:large, max-video-preview:-1\" \/>\n<link rel=\"canonical\" href=\"https:\/\/itsra.net\/wordpress\/livret-daccueil-apprenants\/\" \/>\n<meta property=\"og:locale\" content=\"fr_FR\" \/>\n<meta property=\"og:type\" content=\"article\" \/>\n<meta property=\"og:title\" content=\"Livret d&#039;accueil - Apprenants - Institut de Travail Social de la R\u00e9gion Auvergne\" \/>\n<meta property=\"og:description\" content=\"Prenez connaissance de votre livret d\u2019accueil compos\u00e9 de 6 th\u00e9matiques : Ann\u00e9e 2025-2026 1. Livret \u00ab&nbsp;Informations g\u00e9n\u00e9rales&nbsp;\u00bb 1. Les missions de l\u2019ITSRA&nbsp; 2. Le panorama des \u00e9tablissements du secteur social&nbsp; 3. La d\u00e9marche qualit\u00e9&nbsp; 4. le plan d\u2019acc\u00e8s&nbsp; 5. Les parkings&nbsp; T\u00e9l\u00e9charger 2. Livret \u00ab&nbsp;Informations pratiques&nbsp;\u00bb 1. Les salles disponibles&nbsp; 2. Le Centre de Ressources&hellip; Lire la suite\" \/>\n<meta property=\"og:url\" content=\"https:\/\/itsra.net\/wordpress\/livret-daccueil-apprenants\/\" \/>\n<meta property=\"og:site_name\" content=\"Institut de Travail Social de la R\u00e9gion Auvergne\" \/>\n<meta property=\"article:modified_time\" content=\"2025-09-12T08:59:36+00:00\" \/>\n<meta name=\"twitter:card\" content=\"summary_large_image\" \/>\n<meta name=\"twitter:label1\" content=\"Dur\u00e9e de lecture estim\u00e9e\" \/>\n\t<meta name=\"twitter:data1\" content=\"1 minute\" \/>\n<script type=\"application\/ld+json\" class=\"yoast-schema-graph\">{\"@context\":\"https:\/\/schema.org\",\"@graph\":[{\"@type\":\"WebPage\",\"@id\":\"https:\/\/itsra.net\/wordpress\/livret-daccueil-apprenants\/\",\"url\":\"https:\/\/itsra.net\/wordpress\/livret-daccueil-apprenants\/\",\"name\":\"Livret d'accueil - Apprenants - Institut de Travail Social de la R\u00e9gion Auvergne\",\"isPartOf\":{\"@id\":\"https:\/\/itsra.net\/wordpress\/#website\"},\"datePublished\":\"2021-07-01T09:24:52+00:00\",\"dateModified\":\"2025-09-12T08:59:36+00:00\",\"breadcrumb\":{\"@id\":\"https:\/\/itsra.net\/wordpress\/livret-daccueil-apprenants\/#breadcrumb\"},\"inLanguage\":\"fr-FR\",\"potentialAction\":[{\"@type\":\"ReadAction\",\"target\":[\"https:\/\/itsra.net\/wordpress\/livret-daccueil-apprenants\/\"]}]},{\"@type\":\"BreadcrumbList\",\"@id\":\"https:\/\/itsra.net\/wordpress\/livret-daccueil-apprenants\/#breadcrumb\",\"itemListElement\":[{\"@type\":\"ListItem\",\"position\":1,\"name\":\"Accueil\",\"item\":\"https:\/\/itsra.net\/wordpress\/\"},{\"@type\":\"ListItem\",\"position\":2,\"name\":\"Livret d&rsquo;accueil &#8211; Apprenants\"}]},{\"@type\":\"WebSite\",\"@id\":\"https:\/\/itsra.net\/wordpress\/#website\",\"url\":\"https:\/\/itsra.net\/wordpress\/\",\"name\":\"Institut de Travail Social de la R\u00e9gion Auvergne\",\"description\":\"\",\"publisher\":{\"@id\":\"https:\/\/itsra.net\/wordpress\/#organization\"},\"potentialAction\":[{\"@type\":\"SearchAction\",\"target\":{\"@type\":\"EntryPoint\",\"urlTemplate\":\"https:\/\/itsra.net\/wordpress\/?s={search_term_string}\"},\"query-input\":{\"@type\":\"PropertyValueSpecification\",\"valueRequired\":true,\"valueName\":\"search_term_string\"}}],\"inLanguage\":\"fr-FR\"},{\"@type\":\"Organization\",\"@id\":\"https:\/\/itsra.net\/wordpress\/#organization\",\"name\":\"Institut de Travail Social de la R\u00e9gion Auvergne\",\"url\":\"https:\/\/itsra.net\/wordpress\/\",\"logo\":{\"@type\":\"ImageObject\",\"inLanguage\":\"fr-FR\",\"@id\":\"https:\/\/itsra.net\/wordpress\/#\/schema\/logo\/image\/\",\"url\":\"http:\/\/itsra.net\/wordpress\/wp-content\/uploads\/2019\/01\/LogoITSRA_PNG_HD.png\",\"contentUrl\":\"http:\/\/itsra.net\/wordpress\/wp-content\/uploads\/2019\/01\/LogoITSRA_PNG_HD.png\",\"width\":1280,\"height\":346,\"caption\":\"Institut de Travail Social de la R\u00e9gion Auvergne\"},\"image\":{\"@id\":\"https:\/\/itsra.net\/wordpress\/#\/schema\/logo\/image\/\"}}]}<\/script>\n<!-- \/ Yoast SEO plugin. -->","yoast_head_json":{"title":"Livret d'accueil - Apprenants - Institut de Travail Social de la R\u00e9gion Auvergne","robots":{"index":"index","follow":"follow","max-snippet":"max-snippet:-1","max-image-preview":"max-image-preview:large","max-video-preview":"max-video-preview:-1"},"canonical":"https:\/\/itsra.net\/wordpress\/livret-daccueil-apprenants\/","og_locale":"fr_FR","og_type":"article","og_title":"Livret d'accueil - Apprenants - Institut de Travail Social de la R\u00e9gion Auvergne","og_description":"Prenez connaissance de votre livret d\u2019accueil compos\u00e9 de 6 th\u00e9matiques : Ann\u00e9e 2025-2026 1. Livret \u00ab&nbsp;Informations g\u00e9n\u00e9rales&nbsp;\u00bb 1. Les missions de l\u2019ITSRA&nbsp; 2. Le panorama des \u00e9tablissements du secteur social&nbsp; 3. La d\u00e9marche qualit\u00e9&nbsp; 4. le plan d\u2019acc\u00e8s&nbsp; 5. Les parkings&nbsp; T\u00e9l\u00e9charger 2. Livret \u00ab&nbsp;Informations pratiques&nbsp;\u00bb 1. Les salles disponibles&nbsp; 2. Le Centre de Ressources&hellip; Lire la suite","og_url":"https:\/\/itsra.net\/wordpress\/livret-daccueil-apprenants\/","og_site_name":"Institut de Travail Social de la R\u00e9gion Auvergne","article_modified_time":"2025-09-12T08:59:36+00:00","twitter_card":"summary_large_image","twitter_misc":{"Dur\u00e9e de lecture estim\u00e9e":"1 minute"},"schema":{"@context":"https:\/\/schema.org","@graph":[{"@type":"WebPage","@id":"https:\/\/itsra.net\/wordpress\/livret-daccueil-apprenants\/","url":"https:\/\/itsra.net\/wordpress\/livret-daccueil-apprenants\/","name":"Livret d'accueil - Apprenants - Institut de Travail Social de la R\u00e9gion Auvergne","isPartOf":{"@id":"https:\/\/itsra.net\/wordpress\/#website"},"datePublished":"2021-07-01T09:24:52+00:00","dateModified":"2025-09-12T08:59:36+00:00","breadcrumb":{"@id":"https:\/\/itsra.net\/wordpress\/livret-daccueil-apprenants\/#breadcrumb"},"inLanguage":"fr-FR","potentialAction":[{"@type":"ReadAction","target":["https:\/\/itsra.net\/wordpress\/livret-daccueil-apprenants\/"]}]},{"@type":"BreadcrumbList","@id":"https:\/\/itsra.net\/wordpress\/livret-daccueil-apprenants\/#breadcrumb","itemListElement":[{"@type":"ListItem","position":1,"name":"Accueil","item":"https:\/\/itsra.net\/wordpress\/"},{"@type":"ListItem","position":2,"name":"Livret d&rsquo;accueil &#8211; Apprenants"}]},{"@type":"WebSite","@id":"https:\/\/itsra.net\/wordpress\/#website","url":"https:\/\/itsra.net\/wordpress\/","name":"Institut de Travail Social de la R\u00e9gion Auvergne","description":"","publisher":{"@id":"https:\/\/itsra.net\/wordpress\/#organization"},"potentialAction":[{"@type":"SearchAction","target":{"@type":"EntryPoint","urlTemplate":"https:\/\/itsra.net\/wordpress\/?s={search_term_string}"},"query-input":{"@type":"PropertyValueSpecification","valueRequired":true,"valueName":"search_term_string"}}],"inLanguage":"fr-FR"},{"@type":"Organization","@id":"https:\/\/itsra.net\/wordpress\/#organization","name":"Institut de Travail Social de la R\u00e9gion Auvergne","url":"https:\/\/itsra.net\/wordpress\/","logo":{"@type":"ImageObject","inLanguage":"fr-FR","@id":"https:\/\/itsra.net\/wordpress\/#\/schema\/logo\/image\/","url":"http:\/\/itsra.net\/wordpress\/wp-content\/uploads\/2019\/01\/LogoITSRA_PNG_HD.png","contentUrl":"http:\/\/itsra.net\/wordpress\/wp-content\/uploads\/2019\/01\/LogoITSRA_PNG_HD.png","width":1280,"height":346,"caption":"Institut de Travail Social de la R\u00e9gion Auvergne"},"image":{"@id":"https:\/\/itsra.net\/wordpress\/#\/schema\/logo\/image\/"}}]}},"_links":{"self":[{"href":"https:\/\/itsra.net\/wordpress\/wp-json\/wp\/v2\/pages\/5477","targetHints":{"allow":["GET"]}}],"collection":[{"href":"https:\/\/itsra.net\/wordpress\/wp-json\/wp\/v2\/pages"}],"about":[{"href":"https:\/\/itsra.net\/wordpress\/wp-json\/wp\/v2\/types\/page"}],"author":[{"embeddable":true,"href":"https:\/\/itsra.net\/wordpress\/wp-json\/wp\/v2\/users\/3"}],"replies":[{"embeddable":true,"href":"https:\/\/itsra.net\/wordpress\/wp-json\/wp\/v2\/comments?post=5477"}],"version-history":[{"count":22,"href":"https:\/\/itsra.net\/wordpress\/wp-json\/wp\/v2\/pages\/5477\/revisions"}],"predecessor-version":[{"id":12812,"href":"https:\/\/itsra.net\/wordpress\/wp-json\/wp\/v2\/pages\/5477\/revisions\/12812"}],"wp:attachment":[{"href":"https:\/\/itsra.net\/wordpress\/wp-json\/wp\/v2\/media?parent=5477"}],"curies":[{"name":"wp","href":"https:\/\/api.w.org\/{rel}","templated":true}]}}