{"id":5643,"date":"2021-09-21T10:52:09","date_gmt":"2021-09-21T08:52:09","guid":{"rendered":"http:\/\/itsra.net\/wordpress\/?page_id=5643"},"modified":"2025-02-19T11:07:17","modified_gmt":"2025-02-19T10:07:17","slug":"qualite-2","status":"publish","type":"page","link":"https:\/\/itsra.net\/wordpress\/qualite-2\/","title":{"rendered":"Le service qualit\u00e9"},"content":{"rendered":"<div  data-id=\"initial-content-section\" data-export-id=\"initial-content-section\" data-label=\"Initial Content\" id=\"initial-content-section\" class=\"content-section content-section-spacing\">\n   <div  class=\"gridContainer\">\n     <div  class=\"row\">\n\n        <div  class=\"col-xs-12 col-sm-12\">                <h3  style=\"text-align: center;\"><span  style=\"color: #37913c;\"><\/span><\/h3>\n<p >&nbsp;<\/p>\n<h4 ><\/h4>\n<h4  style=\"text-align: center;\">L\u2019ITSRA est en veille permanente pour am\u00e9liorer la qualit\u00e9 de nos produits de formation, le fonctionnement de nos services, et surtout le niveau de satisfaction de nos apprenants et partenaires.<\/h4>\n<h4  style=\"text-align: center;\">Soucieux de r\u00e9pondre au mieux aux attentes de chacun, le service qualit\u00e9\/am\u00e9lioration continue est \u00e0 votre disposition.<\/h4>\n<h4  style=\"text-align: center;\">N\u2019h\u00e9sitez pas \u00e0 nous laisser un message \u00e0 l\u2019aide du formulaire en ligne ci-dessous (suggestion, r\u00e9clamation\u2026)<\/h4>\n<h4  style=\"text-align: center;\">Merci de votre confiance et de votre participation.<\/h4>\n<p >&nbsp;<\/p>\n<h4  style=\"text-align: center;\"><\/h4>\n<p  style=\"text-align: center;\">\n<\/p>\n<br >\n<em >L\u2019adresse mail collect\u00e9e \u00e0 l\u2019occasion de cette r\u00e9clamation ne sera utilis\u00e9e que dans le cadre du traitement de votre demande.<\/em>\n<p  style=\"text-align: center;\"><img decoding=\"async\"  class=\"wp-image-9863 alignleft\" src=\"https:\/\/itsra.net\/wordpress\/wp-content\/uploads\/2023\/09\/Logo-Qualiopi-1.png\" alt=\"\" width=\"142\" height=\"57\"><img decoding=\"async\"  class=\"wp-image-5647 alignleft\" src=\"https:\/\/itsra.net\/wordpress\/wp-content\/uploads\/2021\/09\/ISO_9001-2015-300x149.gif\" alt=\"\" width=\"135\" height=\"67\" srcset=\"https:\/\/itsra.net\/wordpress\/wp-content\/uploads\/2021\/09\/ISO_9001-2015-300x149.gif 300w, https:\/\/itsra.net\/wordpress\/wp-content\/uploads\/2021\/09\/ISO_9001-2015-768x382.gif 768w, https:\/\/itsra.net\/wordpress\/wp-content\/uploads\/2021\/09\/ISO_9001-2015-1024x509.gif 1024w\" sizes=\"(max-width: 135px) 100vw, 135px\"><\/p>\n<p >&nbsp;<\/p>\n\n          <\/div>\n      <\/div>\n  <\/div>\n<\/div>","protected":false},"excerpt":{"rendered":"<p>&nbsp; L\u2019ITSRA est en veille permanente pour am\u00e9liorer la qualit\u00e9 de nos produits de formation, le fonctionnement de nos services, et surtout le niveau de satisfaction de nos apprenants et partenaires. Soucieux de r\u00e9pondre au mieux aux attentes de chacun, le service qualit\u00e9\/am\u00e9lioration continue est \u00e0 votre disposition. N\u2019h\u00e9sitez pas \u00e0 nous laisser un message&hellip; <br \/> <a class=\"read-more\" href=\"https:\/\/itsra.net\/wordpress\/qualite-2\/\">Lire la suite<\/a><\/p>\n","protected":false},"author":3,"featured_media":0,"parent":0,"menu_order":0,"comment_status":"closed","ping_status":"closed","template":"pro\/page-templates\/full-width-page.php","meta":{"om_disable_all_campaigns":false,"_monsterinsights_skip_tracking":false,"_monsterinsights_sitenote_active":false,"_monsterinsights_sitenote_note":"","_monsterinsights_sitenote_category":0,"_uf_show_specific_survey":0,"_uf_disable_surveys":false,"footnotes":""},"class_list":["post-5643","page","type-page","status-publish","hentry"],"aioseo_notices":[],"yoast_head":"<!-- This site is optimized with the Yoast SEO plugin v24.5 - https:\/\/yoast.com\/wordpress\/plugins\/seo\/ -->\n<title>Le service qualit\u00e9 - Institut de Travail Social de la R\u00e9gion Auvergne<\/title>\n<meta name=\"description\" content=\"L\u2019ITSRA, situ\u00e9 \u00e0 Clermont-Ferrand, est en veille permanente pour am\u00e9liorer la qualit\u00e9 de ses produits de formation, le fonctionnement de ses services, et surtout le niveau de satisfaction de ses apprenants et partenaires.\" \/>\n<meta name=\"robots\" content=\"index, follow, max-snippet:-1, max-image-preview:large, max-video-preview:-1\" \/>\n<link rel=\"canonical\" href=\"https:\/\/itsra.net\/wordpress\/qualite-2\/\" \/>\n<meta property=\"og:locale\" content=\"fr_FR\" \/>\n<meta property=\"og:type\" content=\"article\" \/>\n<meta property=\"og:title\" content=\"Le service qualit\u00e9 - Institut de Travail Social de la R\u00e9gion Auvergne\" \/>\n<meta property=\"og:description\" content=\"L\u2019ITSRA, situ\u00e9 \u00e0 Clermont-Ferrand, est en veille permanente pour am\u00e9liorer la qualit\u00e9 de ses produits de formation, le fonctionnement de ses services, et surtout le niveau de satisfaction de ses apprenants et partenaires.\" \/>\n<meta property=\"og:url\" content=\"https:\/\/itsra.net\/wordpress\/qualite-2\/\" \/>\n<meta property=\"og:site_name\" content=\"Institut de Travail Social de la R\u00e9gion Auvergne\" \/>\n<meta property=\"article:modified_time\" content=\"2025-02-19T10:07:17+00:00\" \/>\n<meta property=\"og:image\" content=\"https:\/\/itsra.net\/wordpress\/wp-content\/uploads\/2023\/09\/Logo-Qualiopi-1.png\" \/>\n\t<meta property=\"og:image:width\" content=\"5434\" \/>\n\t<meta property=\"og:image:height\" content=\"2953\" \/>\n\t<meta property=\"og:image:type\" content=\"image\/png\" \/>\n<meta name=\"twitter:card\" content=\"summary_large_image\" \/>\n<meta name=\"twitter:label1\" content=\"Dur\u00e9e de lecture estim\u00e9e\" \/>\n\t<meta name=\"twitter:data1\" content=\"1 minute\" \/>\n<script type=\"application\/ld+json\" class=\"yoast-schema-graph\">{\"@context\":\"https:\/\/schema.org\",\"@graph\":[{\"@type\":\"WebPage\",\"@id\":\"https:\/\/itsra.net\/wordpress\/qualite-2\/\",\"url\":\"https:\/\/itsra.net\/wordpress\/qualite-2\/\",\"name\":\"Le service qualit\u00e9 - Institut de Travail Social de la R\u00e9gion Auvergne\",\"isPartOf\":{\"@id\":\"https:\/\/itsra.net\/wordpress\/#website\"},\"primaryImageOfPage\":{\"@id\":\"https:\/\/itsra.net\/wordpress\/qualite-2\/#primaryimage\"},\"image\":{\"@id\":\"https:\/\/itsra.net\/wordpress\/qualite-2\/#primaryimage\"},\"thumbnailUrl\":\"https:\/\/itsra.net\/wordpress\/wp-content\/uploads\/2023\/09\/Logo-Qualiopi-1.png\",\"datePublished\":\"2021-09-21T08:52:09+00:00\",\"dateModified\":\"2025-02-19T10:07:17+00:00\",\"description\":\"L\u2019ITSRA, situ\u00e9 \u00e0 Clermont-Ferrand, est en veille permanente pour am\u00e9liorer la qualit\u00e9 de ses produits de formation, le fonctionnement de ses services, et surtout le niveau de satisfaction de ses apprenants et partenaires.\",\"breadcrumb\":{\"@id\":\"https:\/\/itsra.net\/wordpress\/qualite-2\/#breadcrumb\"},\"inLanguage\":\"fr-FR\",\"potentialAction\":[{\"@type\":\"ReadAction\",\"target\":[\"https:\/\/itsra.net\/wordpress\/qualite-2\/\"]}]},{\"@type\":\"ImageObject\",\"inLanguage\":\"fr-FR\",\"@id\":\"https:\/\/itsra.net\/wordpress\/qualite-2\/#primaryimage\",\"url\":\"https:\/\/itsra.net\/wordpress\/wp-content\/uploads\/2023\/09\/Logo-Qualiopi-1.png\",\"contentUrl\":\"https:\/\/itsra.net\/wordpress\/wp-content\/uploads\/2023\/09\/Logo-Qualiopi-1.png\",\"width\":5434,\"height\":2953},{\"@type\":\"BreadcrumbList\",\"@id\":\"https:\/\/itsra.net\/wordpress\/qualite-2\/#breadcrumb\",\"itemListElement\":[{\"@type\":\"ListItem\",\"position\":1,\"name\":\"Accueil\",\"item\":\"https:\/\/itsra.net\/wordpress\/\"},{\"@type\":\"ListItem\",\"position\":2,\"name\":\"Le service qualit\u00e9\"}]},{\"@type\":\"WebSite\",\"@id\":\"https:\/\/itsra.net\/wordpress\/#website\",\"url\":\"https:\/\/itsra.net\/wordpress\/\",\"name\":\"Institut de Travail Social de la R\u00e9gion Auvergne\",\"description\":\"\",\"publisher\":{\"@id\":\"https:\/\/itsra.net\/wordpress\/#organization\"},\"potentialAction\":[{\"@type\":\"SearchAction\",\"target\":{\"@type\":\"EntryPoint\",\"urlTemplate\":\"https:\/\/itsra.net\/wordpress\/?s={search_term_string}\"},\"query-input\":{\"@type\":\"PropertyValueSpecification\",\"valueRequired\":true,\"valueName\":\"search_term_string\"}}],\"inLanguage\":\"fr-FR\"},{\"@type\":\"Organization\",\"@id\":\"https:\/\/itsra.net\/wordpress\/#organization\",\"name\":\"Institut de Travail Social de la R\u00e9gion Auvergne\",\"url\":\"https:\/\/itsra.net\/wordpress\/\",\"logo\":{\"@type\":\"ImageObject\",\"inLanguage\":\"fr-FR\",\"@id\":\"https:\/\/itsra.net\/wordpress\/#\/schema\/logo\/image\/\",\"url\":\"http:\/\/itsra.net\/wordpress\/wp-content\/uploads\/2019\/01\/LogoITSRA_PNG_HD.png\",\"contentUrl\":\"http:\/\/itsra.net\/wordpress\/wp-content\/uploads\/2019\/01\/LogoITSRA_PNG_HD.png\",\"width\":1280,\"height\":346,\"caption\":\"Institut de Travail Social de la R\u00e9gion Auvergne\"},\"image\":{\"@id\":\"https:\/\/itsra.net\/wordpress\/#\/schema\/logo\/image\/\"}}]}<\/script>\n<!-- \/ Yoast SEO plugin. -->","yoast_head_json":{"title":"Le service qualit\u00e9 - Institut de Travail Social de la R\u00e9gion Auvergne","description":"L\u2019ITSRA, situ\u00e9 \u00e0 Clermont-Ferrand, est en veille permanente pour am\u00e9liorer la qualit\u00e9 de ses produits de formation, le fonctionnement de ses services, et surtout le niveau de satisfaction de ses apprenants et partenaires.","robots":{"index":"index","follow":"follow","max-snippet":"max-snippet:-1","max-image-preview":"max-image-preview:large","max-video-preview":"max-video-preview:-1"},"canonical":"https:\/\/itsra.net\/wordpress\/qualite-2\/","og_locale":"fr_FR","og_type":"article","og_title":"Le service qualit\u00e9 - Institut de Travail Social de la R\u00e9gion Auvergne","og_description":"L\u2019ITSRA, situ\u00e9 \u00e0 Clermont-Ferrand, est en veille permanente pour am\u00e9liorer la qualit\u00e9 de ses produits de formation, le fonctionnement de ses services, et surtout le niveau de satisfaction de ses apprenants et partenaires.","og_url":"https:\/\/itsra.net\/wordpress\/qualite-2\/","og_site_name":"Institut de Travail Social de la R\u00e9gion Auvergne","article_modified_time":"2025-02-19T10:07:17+00:00","og_image":[{"width":5434,"height":2953,"url":"https:\/\/itsra.net\/wordpress\/wp-content\/uploads\/2023\/09\/Logo-Qualiopi-1.png","type":"image\/png"}],"twitter_card":"summary_large_image","twitter_misc":{"Dur\u00e9e de lecture estim\u00e9e":"1 minute"},"schema":{"@context":"https:\/\/schema.org","@graph":[{"@type":"WebPage","@id":"https:\/\/itsra.net\/wordpress\/qualite-2\/","url":"https:\/\/itsra.net\/wordpress\/qualite-2\/","name":"Le service qualit\u00e9 - Institut de Travail Social de la R\u00e9gion Auvergne","isPartOf":{"@id":"https:\/\/itsra.net\/wordpress\/#website"},"primaryImageOfPage":{"@id":"https:\/\/itsra.net\/wordpress\/qualite-2\/#primaryimage"},"image":{"@id":"https:\/\/itsra.net\/wordpress\/qualite-2\/#primaryimage"},"thumbnailUrl":"https:\/\/itsra.net\/wordpress\/wp-content\/uploads\/2023\/09\/Logo-Qualiopi-1.png","datePublished":"2021-09-21T08:52:09+00:00","dateModified":"2025-02-19T10:07:17+00:00","description":"L\u2019ITSRA, situ\u00e9 \u00e0 Clermont-Ferrand, est en veille permanente pour am\u00e9liorer la qualit\u00e9 de ses produits de formation, le fonctionnement de ses services, et surtout le niveau de satisfaction de ses apprenants et partenaires.","breadcrumb":{"@id":"https:\/\/itsra.net\/wordpress\/qualite-2\/#breadcrumb"},"inLanguage":"fr-FR","potentialAction":[{"@type":"ReadAction","target":["https:\/\/itsra.net\/wordpress\/qualite-2\/"]}]},{"@type":"ImageObject","inLanguage":"fr-FR","@id":"https:\/\/itsra.net\/wordpress\/qualite-2\/#primaryimage","url":"https:\/\/itsra.net\/wordpress\/wp-content\/uploads\/2023\/09\/Logo-Qualiopi-1.png","contentUrl":"https:\/\/itsra.net\/wordpress\/wp-content\/uploads\/2023\/09\/Logo-Qualiopi-1.png","width":5434,"height":2953},{"@type":"BreadcrumbList","@id":"https:\/\/itsra.net\/wordpress\/qualite-2\/#breadcrumb","itemListElement":[{"@type":"ListItem","position":1,"name":"Accueil","item":"https:\/\/itsra.net\/wordpress\/"},{"@type":"ListItem","position":2,"name":"Le service qualit\u00e9"}]},{"@type":"WebSite","@id":"https:\/\/itsra.net\/wordpress\/#website","url":"https:\/\/itsra.net\/wordpress\/","name":"Institut de Travail Social de la R\u00e9gion Auvergne","description":"","publisher":{"@id":"https:\/\/itsra.net\/wordpress\/#organization"},"potentialAction":[{"@type":"SearchAction","target":{"@type":"EntryPoint","urlTemplate":"https:\/\/itsra.net\/wordpress\/?s={search_term_string}"},"query-input":{"@type":"PropertyValueSpecification","valueRequired":true,"valueName":"search_term_string"}}],"inLanguage":"fr-FR"},{"@type":"Organization","@id":"https:\/\/itsra.net\/wordpress\/#organization","name":"Institut de Travail Social de la R\u00e9gion Auvergne","url":"https:\/\/itsra.net\/wordpress\/","logo":{"@type":"ImageObject","inLanguage":"fr-FR","@id":"https:\/\/itsra.net\/wordpress\/#\/schema\/logo\/image\/","url":"http:\/\/itsra.net\/wordpress\/wp-content\/uploads\/2019\/01\/LogoITSRA_PNG_HD.png","contentUrl":"http:\/\/itsra.net\/wordpress\/wp-content\/uploads\/2019\/01\/LogoITSRA_PNG_HD.png","width":1280,"height":346,"caption":"Institut de Travail Social de la R\u00e9gion Auvergne"},"image":{"@id":"https:\/\/itsra.net\/wordpress\/#\/schema\/logo\/image\/"}}]}},"_links":{"self":[{"href":"https:\/\/itsra.net\/wordpress\/wp-json\/wp\/v2\/pages\/5643","targetHints":{"allow":["GET"]}}],"collection":[{"href":"https:\/\/itsra.net\/wordpress\/wp-json\/wp\/v2\/pages"}],"about":[{"href":"https:\/\/itsra.net\/wordpress\/wp-json\/wp\/v2\/types\/page"}],"author":[{"embeddable":true,"href":"https:\/\/itsra.net\/wordpress\/wp-json\/wp\/v2\/users\/3"}],"replies":[{"embeddable":true,"href":"https:\/\/itsra.net\/wordpress\/wp-json\/wp\/v2\/comments?post=5643"}],"version-history":[{"count":22,"href":"https:\/\/itsra.net\/wordpress\/wp-json\/wp\/v2\/pages\/5643\/revisions"}],"predecessor-version":[{"id":12392,"href":"https:\/\/itsra.net\/wordpress\/wp-json\/wp\/v2\/pages\/5643\/revisions\/12392"}],"wp:attachment":[{"href":"https:\/\/itsra.net\/wordpress\/wp-json\/wp\/v2\/media?parent=5643"}],"curies":[{"name":"wp","href":"https:\/\/api.w.org\/{rel}","templated":true}]}}