{"id":5938,"date":"2021-10-06T16:01:00","date_gmt":"2021-10-06T14:01:00","guid":{"rendered":"http:\/\/itsra.net\/wordpress\/?page_id=5938"},"modified":"2021-10-06T16:28:24","modified_gmt":"2021-10-06T14:28:24","slug":"lespace-numerique-de-formation","status":"publish","type":"page","link":"https:\/\/itsra.net\/wordpress\/lespace-numerique-de-formation\/","title":{"rendered":"L&rsquo;espace num\u00e9rique de formation"},"content":{"rendered":"<div data-label=\"Features\" data-id=\"features--1\" data-export-id=\"features-12-card-bordered\" data-category=\"features\" class=\"features-12-card-bordered content-section content-section-spacing \" id=\"features-1\"  style=\"background-color: rgb(255, 255, 255);\"><div class=\"gridContainer\" > <div class=\"row text-center\" ><div class=\"section-title-col\" data-type=\"column\" >  <\/div> <\/div> <div class=\"row spaced-cols\" data-type=\"row\" > <div class=\"col-sm-6 col-md-12 \" > <div class=\"card row-card bordered y-move\" > <div class=\"row\" > <div class=\"col-sm-fit icon-column\"  data-preview-empty=\"1\">  <\/div> <div class=\"col-sm\" data-type=\"column\" > <h5 class=\"color2\" >Tous les apprenants poss\u00e8dent automatiquement, d\u00e8s leur entr\u00e9e en formation, un acc\u00e8s gratuit \u00e0 plusieurs outils num\u00e9riques indispensables d\u2019Office 365, notamment les logiciels Word, Excel, Powerpoint, Outlook et Teams.<\/h5> <p class=\"\" ><span style=\"color: rgb(52, 58, 64);\" >&#8211;\tLe logiciel Word est utilis\u00e9 pour la r\u00e9daction de tous les travaux et dossiers de certification \u00e9crits.<\/span><br ><span style=\"color: rgb(52, 58, 64);\" >\n&#8211;\tLes diff\u00e9rentes pr\u00e9sentations \u00e0 r\u00e9aliser tout au long de leur parcours, que ce soit pour des travaux individuels ou pour des travaux collectifs, sont effectu\u00e9es \u00e0 l\u2019aide du logiciel Powerpoint.<\/span><br ><span style=\"color: rgb(52, 58, 64);\" >\n&#8211;\tLa messagerie Outlook est utilis\u00e9e pour tous les \u00e9changes par mail, qu\u2019ils soient d\u2019ordre administratif ou p\u00e9dagogique.<\/span><br ><span style=\"color: rgb(52, 58, 64);\" >\n&#8211;\tL\u2019application Teams constitue leur espace num\u00e9rique de formation pour :<\/span><br ><span style=\"color: rgb(52, 58, 64);\" >&nbsp; &nbsp; &nbsp; &nbsp;&#8211; Echanger des informations avec l\u2019\u00e9quipe p\u00e9dagogique et les autres apprenants de la promotion.<\/span><br ><span style=\"color: rgb(52, 58, 64);\" >&nbsp; &nbsp; &nbsp; &nbsp;&#8211; Acc\u00e9der au livret p\u00e9dagogique de la formation.<\/span><br ><span style=\"color: rgb(52, 58, 64);\" >&nbsp; &nbsp; &nbsp; &nbsp;&#8211; Travailler en mode collaboratif.<\/span><br ><span style=\"color: rgb(52, 58, 64);\" >&nbsp; &nbsp; &nbsp; &nbsp;&#8211; Participer \u00e0 des travaux en groupes et capitaliser les \u00e9changes dans un espace partag\u00e9.<\/span><br ><span style=\"color: rgb(52, 58, 64);\" >&nbsp; &nbsp; &nbsp; &nbsp;&#8211; Acc\u00e9der \u00e0 des documents p\u00e9dagogiques (supports de cours, ressources p\u00e9dagogiques vari\u00e9es comme des films, illustrations,\n<br >&nbsp; &nbsp; &nbsp; &nbsp; &nbsp;webconf\u00e9rences, quiz\u2026)<\/span><br ><span style=\"color: rgb(52, 58, 64);\" >&nbsp; &nbsp; &nbsp; &nbsp;&#8211; Participer \u00e0 des classes virtuelles et \u00e0 des travaux \u00e0 distance.<\/span><br ><span style=\"color: rgb(52, 58, 64);\" >&nbsp; &nbsp; &nbsp; &nbsp;&#8211; Capitaliser les notes de cours dans un classeur priv\u00e9 du bloc-notes de classe.<\/span><br ><span style=\"color: rgb(52, 58, 64);\" >&nbsp; &nbsp; &nbsp; &nbsp;&#8211;&nbsp; Prendre connaissance des devoirs \u00e0 effectuer et les r\u00e9aliser directement en ligne.<\/span><br ><span style=\"color: rgb(52, 58, 64);\" >&nbsp; &nbsp; &nbsp; &nbsp;&#8211; Acc\u00e9der aux contenus de cours, aux travaux \u00e0 r\u00e9aliser suite \u00e0 une absence.<\/span><br ><br ><span style=\"color: rgb(52, 58, 64);\" >\nCet espace num\u00e9rique de formation comprend \u00e9galement un canal pour la communication institutionnelle avec un acc\u00e8s \u00e0 des informations et des documents g\u00e9n\u00e9raux (r\u00e8glement int\u00e9rieur, charte informatique, Notice d\u2019utilisation de Teams. Ce canal est utilis\u00e9 pour diffuser les enqu\u00eates de satisfaction semestrielles.\n<\/span><br ><br ><span style=\"color: rgb(52, 58, 64);\" >\nDe fa\u00e7on g\u00e9n\u00e9rale, les formations \u00e0 l\u2019ITSRA sont r\u00e9alis\u00e9es principalement en pr\u00e9sentiel mais elles utilisent les potentialit\u00e9s offertes par les outils num\u00e9riques pour optimiser les interactions entre les apprenants et entre le formateur et les apprenants et pour faciliter les apprentissages en favorisant le travail collaboratif et les productions des apprenants.<\/span><br ><span style=\"color: rgb(52, 58, 64);\" >\nAinsi, les formateurs permanents int\u00e8grent les fonctionnalit\u00e9s de Teams dans leurs cours de diff\u00e9rentes fa\u00e7ons pour :<\/span><br ><span style=\"color: rgb(52, 58, 64);\" >&nbsp; &nbsp; &nbsp; &#8211; Capitaliser les \u00e9changes avec les apprenants,<\/span><br ><span style=\"color: rgb(52, 58, 64);\" >&nbsp; &nbsp; &nbsp; &#8211; Centraliser les contenus de formation,<\/span><br ><span style=\"color: rgb(52, 58, 64);\" >&nbsp; &nbsp; &nbsp; &#8211; Mettre \u00e0 disposition des ressources en amont de la formation sur le principe de la classe invers\u00e9e,<\/span><br ><span style=\"color: rgb(52, 58, 64);\" >&nbsp; &nbsp; &nbsp; &#8211; Construire des quiz pour des \u00e9valuations sommatives ou sommatives pendant le cours ou en asynchrone,<\/span><br ><span style=\"color: rgb(52, 58, 64);\" >&nbsp; &nbsp; &nbsp; &#8211; Proposer des travaux \u00e0 r\u00e9aliser en asynchrone de fa\u00e7on individuelle ou collective<\/span><br ><span style=\"color: rgb(52, 58, 64);\" >&nbsp; &nbsp; &nbsp; &#8211; Mettre en place des travaux de groupes en pr\u00e9sentiel mobilisant les outils collaboratifs.<\/span><\/p><\/div> <\/div><\/div> <\/div>   <\/div> <\/div><\/div>","protected":false},"excerpt":{"rendered":"<p>Tous les apprenants poss\u00e8dent automatiquement, d\u00e8s leur entr\u00e9e en formation, un acc\u00e8s gratuit \u00e0 plusieurs outils num\u00e9riques indispensables d\u2019Office 365, notamment les logiciels Word, Excel, Powerpoint, Outlook et Teams. &#8211; Le logiciel Word est utilis\u00e9 pour la r\u00e9daction de tous les travaux et dossiers de certification \u00e9crits. &#8211; Les diff\u00e9rentes pr\u00e9sentations \u00e0 r\u00e9aliser tout au&hellip; <br \/> <a class=\"read-more\" href=\"https:\/\/itsra.net\/wordpress\/lespace-numerique-de-formation\/\">Lire la suite<\/a><\/p>\n","protected":false},"author":3,"featured_media":0,"parent":0,"menu_order":0,"comment_status":"closed","ping_status":"closed","template":"pro\/page-templates\/full-width-page.php","meta":{"om_disable_all_campaigns":false,"_monsterinsights_skip_tracking":false,"_monsterinsights_sitenote_active":false,"_monsterinsights_sitenote_note":"","_monsterinsights_sitenote_category":0,"_uf_show_specific_survey":0,"_uf_disable_surveys":false,"footnotes":""},"class_list":["post-5938","page","type-page","status-publish","hentry"],"aioseo_notices":[],"yoast_head":"<!-- This site is optimized with the Yoast SEO plugin v24.5 - https:\/\/yoast.com\/wordpress\/plugins\/seo\/ -->\n<title>L&#039;espace num\u00e9rique de formation - Institut de Travail Social de la R\u00e9gion Auvergne<\/title>\n<meta name=\"robots\" content=\"index, follow, max-snippet:-1, max-image-preview:large, max-video-preview:-1\" \/>\n<link rel=\"canonical\" href=\"https:\/\/itsra.net\/wordpress\/lespace-numerique-de-formation\/\" \/>\n<meta property=\"og:locale\" content=\"fr_FR\" \/>\n<meta property=\"og:type\" content=\"article\" \/>\n<meta property=\"og:title\" content=\"L&#039;espace num\u00e9rique de formation - Institut de Travail Social de la R\u00e9gion Auvergne\" \/>\n<meta property=\"og:description\" content=\"Tous les apprenants poss\u00e8dent automatiquement, d\u00e8s leur entr\u00e9e en formation, un acc\u00e8s gratuit \u00e0 plusieurs outils num\u00e9riques indispensables d\u2019Office 365, notamment les logiciels Word, Excel, Powerpoint, Outlook et Teams. &#8211; Le logiciel Word est utilis\u00e9 pour la r\u00e9daction de tous les travaux et dossiers de certification \u00e9crits. &#8211; Les diff\u00e9rentes pr\u00e9sentations \u00e0 r\u00e9aliser tout au&hellip; Lire la suite\" \/>\n<meta property=\"og:url\" content=\"https:\/\/itsra.net\/wordpress\/lespace-numerique-de-formation\/\" \/>\n<meta property=\"og:site_name\" content=\"Institut de Travail Social de la R\u00e9gion Auvergne\" \/>\n<meta property=\"article:modified_time\" content=\"2021-10-06T14:28:24+00:00\" \/>\n<meta name=\"twitter:card\" content=\"summary_large_image\" \/>\n<meta name=\"twitter:label1\" content=\"Dur\u00e9e de lecture estim\u00e9e\" \/>\n\t<meta name=\"twitter:data1\" content=\"3 minutes\" \/>\n<script type=\"application\/ld+json\" class=\"yoast-schema-graph\">{\"@context\":\"https:\/\/schema.org\",\"@graph\":[{\"@type\":\"WebPage\",\"@id\":\"https:\/\/itsra.net\/wordpress\/lespace-numerique-de-formation\/\",\"url\":\"https:\/\/itsra.net\/wordpress\/lespace-numerique-de-formation\/\",\"name\":\"L'espace num\u00e9rique de formation - Institut de Travail Social de la R\u00e9gion Auvergne\",\"isPartOf\":{\"@id\":\"https:\/\/itsra.net\/wordpress\/#website\"},\"datePublished\":\"2021-10-06T14:01:00+00:00\",\"dateModified\":\"2021-10-06T14:28:24+00:00\",\"breadcrumb\":{\"@id\":\"https:\/\/itsra.net\/wordpress\/lespace-numerique-de-formation\/#breadcrumb\"},\"inLanguage\":\"fr-FR\",\"potentialAction\":[{\"@type\":\"ReadAction\",\"target\":[\"https:\/\/itsra.net\/wordpress\/lespace-numerique-de-formation\/\"]}]},{\"@type\":\"BreadcrumbList\",\"@id\":\"https:\/\/itsra.net\/wordpress\/lespace-numerique-de-formation\/#breadcrumb\",\"itemListElement\":[{\"@type\":\"ListItem\",\"position\":1,\"name\":\"Accueil\",\"item\":\"https:\/\/itsra.net\/wordpress\/\"},{\"@type\":\"ListItem\",\"position\":2,\"name\":\"L&rsquo;espace num\u00e9rique de formation\"}]},{\"@type\":\"WebSite\",\"@id\":\"https:\/\/itsra.net\/wordpress\/#website\",\"url\":\"https:\/\/itsra.net\/wordpress\/\",\"name\":\"Institut de Travail Social de la R\u00e9gion Auvergne\",\"description\":\"\",\"publisher\":{\"@id\":\"https:\/\/itsra.net\/wordpress\/#organization\"},\"potentialAction\":[{\"@type\":\"SearchAction\",\"target\":{\"@type\":\"EntryPoint\",\"urlTemplate\":\"https:\/\/itsra.net\/wordpress\/?s={search_term_string}\"},\"query-input\":{\"@type\":\"PropertyValueSpecification\",\"valueRequired\":true,\"valueName\":\"search_term_string\"}}],\"inLanguage\":\"fr-FR\"},{\"@type\":\"Organization\",\"@id\":\"https:\/\/itsra.net\/wordpress\/#organization\",\"name\":\"Institut de Travail Social de la R\u00e9gion Auvergne\",\"url\":\"https:\/\/itsra.net\/wordpress\/\",\"logo\":{\"@type\":\"ImageObject\",\"inLanguage\":\"fr-FR\",\"@id\":\"https:\/\/itsra.net\/wordpress\/#\/schema\/logo\/image\/\",\"url\":\"http:\/\/itsra.net\/wordpress\/wp-content\/uploads\/2019\/01\/LogoITSRA_PNG_HD.png\",\"contentUrl\":\"http:\/\/itsra.net\/wordpress\/wp-content\/uploads\/2019\/01\/LogoITSRA_PNG_HD.png\",\"width\":1280,\"height\":346,\"caption\":\"Institut de Travail Social de la R\u00e9gion Auvergne\"},\"image\":{\"@id\":\"https:\/\/itsra.net\/wordpress\/#\/schema\/logo\/image\/\"}}]}<\/script>\n<!-- \/ Yoast SEO plugin. -->","yoast_head_json":{"title":"L'espace num\u00e9rique de formation - Institut de Travail Social de la R\u00e9gion Auvergne","robots":{"index":"index","follow":"follow","max-snippet":"max-snippet:-1","max-image-preview":"max-image-preview:large","max-video-preview":"max-video-preview:-1"},"canonical":"https:\/\/itsra.net\/wordpress\/lespace-numerique-de-formation\/","og_locale":"fr_FR","og_type":"article","og_title":"L'espace num\u00e9rique de formation - Institut de Travail Social de la R\u00e9gion Auvergne","og_description":"Tous les apprenants poss\u00e8dent automatiquement, d\u00e8s leur entr\u00e9e en formation, un acc\u00e8s gratuit \u00e0 plusieurs outils num\u00e9riques indispensables d\u2019Office 365, notamment les logiciels Word, Excel, Powerpoint, Outlook et Teams. &#8211; Le logiciel Word est utilis\u00e9 pour la r\u00e9daction de tous les travaux et dossiers de certification \u00e9crits. &#8211; Les diff\u00e9rentes pr\u00e9sentations \u00e0 r\u00e9aliser tout au&hellip; Lire la suite","og_url":"https:\/\/itsra.net\/wordpress\/lespace-numerique-de-formation\/","og_site_name":"Institut de Travail Social de la R\u00e9gion Auvergne","article_modified_time":"2021-10-06T14:28:24+00:00","twitter_card":"summary_large_image","twitter_misc":{"Dur\u00e9e de lecture estim\u00e9e":"3 minutes"},"schema":{"@context":"https:\/\/schema.org","@graph":[{"@type":"WebPage","@id":"https:\/\/itsra.net\/wordpress\/lespace-numerique-de-formation\/","url":"https:\/\/itsra.net\/wordpress\/lespace-numerique-de-formation\/","name":"L'espace num\u00e9rique de formation - Institut de Travail Social de la R\u00e9gion Auvergne","isPartOf":{"@id":"https:\/\/itsra.net\/wordpress\/#website"},"datePublished":"2021-10-06T14:01:00+00:00","dateModified":"2021-10-06T14:28:24+00:00","breadcrumb":{"@id":"https:\/\/itsra.net\/wordpress\/lespace-numerique-de-formation\/#breadcrumb"},"inLanguage":"fr-FR","potentialAction":[{"@type":"ReadAction","target":["https:\/\/itsra.net\/wordpress\/lespace-numerique-de-formation\/"]}]},{"@type":"BreadcrumbList","@id":"https:\/\/itsra.net\/wordpress\/lespace-numerique-de-formation\/#breadcrumb","itemListElement":[{"@type":"ListItem","position":1,"name":"Accueil","item":"https:\/\/itsra.net\/wordpress\/"},{"@type":"ListItem","position":2,"name":"L&rsquo;espace num\u00e9rique de formation"}]},{"@type":"WebSite","@id":"https:\/\/itsra.net\/wordpress\/#website","url":"https:\/\/itsra.net\/wordpress\/","name":"Institut de Travail Social de la R\u00e9gion Auvergne","description":"","publisher":{"@id":"https:\/\/itsra.net\/wordpress\/#organization"},"potentialAction":[{"@type":"SearchAction","target":{"@type":"EntryPoint","urlTemplate":"https:\/\/itsra.net\/wordpress\/?s={search_term_string}"},"query-input":{"@type":"PropertyValueSpecification","valueRequired":true,"valueName":"search_term_string"}}],"inLanguage":"fr-FR"},{"@type":"Organization","@id":"https:\/\/itsra.net\/wordpress\/#organization","name":"Institut de Travail Social de la R\u00e9gion Auvergne","url":"https:\/\/itsra.net\/wordpress\/","logo":{"@type":"ImageObject","inLanguage":"fr-FR","@id":"https:\/\/itsra.net\/wordpress\/#\/schema\/logo\/image\/","url":"http:\/\/itsra.net\/wordpress\/wp-content\/uploads\/2019\/01\/LogoITSRA_PNG_HD.png","contentUrl":"http:\/\/itsra.net\/wordpress\/wp-content\/uploads\/2019\/01\/LogoITSRA_PNG_HD.png","width":1280,"height":346,"caption":"Institut de Travail Social de la R\u00e9gion Auvergne"},"image":{"@id":"https:\/\/itsra.net\/wordpress\/#\/schema\/logo\/image\/"}}]}},"_links":{"self":[{"href":"https:\/\/itsra.net\/wordpress\/wp-json\/wp\/v2\/pages\/5938","targetHints":{"allow":["GET"]}}],"collection":[{"href":"https:\/\/itsra.net\/wordpress\/wp-json\/wp\/v2\/pages"}],"about":[{"href":"https:\/\/itsra.net\/wordpress\/wp-json\/wp\/v2\/types\/page"}],"author":[{"embeddable":true,"href":"https:\/\/itsra.net\/wordpress\/wp-json\/wp\/v2\/users\/3"}],"replies":[{"embeddable":true,"href":"https:\/\/itsra.net\/wordpress\/wp-json\/wp\/v2\/comments?post=5938"}],"version-history":[{"count":3,"href":"https:\/\/itsra.net\/wordpress\/wp-json\/wp\/v2\/pages\/5938\/revisions"}],"predecessor-version":[{"id":5942,"href":"https:\/\/itsra.net\/wordpress\/wp-json\/wp\/v2\/pages\/5938\/revisions\/5942"}],"wp:attachment":[{"href":"https:\/\/itsra.net\/wordpress\/wp-json\/wp\/v2\/media?parent=5938"}],"curies":[{"name":"wp","href":"https:\/\/api.w.org\/{rel}","templated":true}]}}