{"id":7427,"date":"2023-03-07T12:01:59","date_gmt":"2023-03-07T11:01:59","guid":{"rendered":"https:\/\/itsra.net\/wordpress\/?page_id=7427"},"modified":"2026-03-18T09:53:11","modified_gmt":"2026-03-18T08:53:11","slug":"index-egalite-hommes-femmes-2023","status":"publish","type":"page","link":"https:\/\/itsra.net\/wordpress\/index-egalite-hommes-femmes-2023\/","title":{"rendered":"Index \u00e9galit\u00e9 hommes\/femmes 2026"},"content":{"rendered":"\t\t<div data-elementor-type=\"wp-page\" data-elementor-id=\"7427\" class=\"elementor elementor-7427\">\n\t\t\t\t\t\t<section class=\"elementor-section elementor-top-section elementor-element elementor-element-8b0f42a elementor-section-boxed elementor-section-height-default elementor-section-height-default\" data-id=\"8b0f42a\" data-element_type=\"section\">\n\t\t\t\t\t\t<div class=\"elementor-container elementor-column-gap-default\">\n\t\t\t\t\t<div class=\"elementor-column elementor-col-100 elementor-top-column elementor-element elementor-element-36dc774\" data-id=\"36dc774\" data-element_type=\"column\">\n\t\t\t<div class=\"elementor-widget-wrap elementor-element-populated\">\n\t\t\t\t\t\t<div class=\"elementor-element elementor-element-1f838cb elementor-widget elementor-widget-heading\" data-id=\"1f838cb\" data-element_type=\"widget\" data-widget_type=\"heading.default\">\n\t\t\t\t<div class=\"elementor-widget-container\">\n\t\t\t\t\t<h2 class=\"elementor-heading-title elementor-size-default\"><h2 data-elementor-setting-key=\"title\" data-pen-placeholder=\"\u00c9crivez ici...\" style=\"font-weight: 600;font-family: Scada, sans-serif;font-size: 20px\">Index \u00e9galit\u00e9 femmes - hommes 2026 : 95\/100<span style=\"font-family: Roboto, sans-serif;font-size: 2.188rem\"><\/span><\/h2><\/h2>\t\t\t\t<\/div>\n\t\t\t\t<\/div>\n\t\t\t\t\t<\/div>\n\t\t<\/div>\n\t\t\t\t\t<\/div>\n\t\t<\/section>\n\t\t\t\t<section class=\"elementor-section elementor-top-section elementor-element elementor-element-a156de5 elementor-section-boxed elementor-section-height-default elementor-section-height-default\" data-id=\"a156de5\" data-element_type=\"section\">\n\t\t\t\t\t\t<div class=\"elementor-container elementor-column-gap-default\">\n\t\t\t\t\t<div class=\"elementor-column elementor-col-100 elementor-top-column elementor-element elementor-element-e54a818\" data-id=\"e54a818\" data-element_type=\"column\">\n\t\t\t<div class=\"elementor-widget-wrap elementor-element-populated\">\n\t\t\t\t\t\t<div class=\"elementor-element elementor-element-8c5f5ff elementor-widget elementor-widget-text-editor\" data-id=\"8c5f5ff\" data-element_type=\"widget\" data-widget_type=\"text-editor.default\">\n\t\t\t\t<div class=\"elementor-widget-container\">\n\t\t\t\t\t\t\t\t\t<ul><li>Indicateur relatif \u00e0 l\u2019\u00e9cart de r\u00e9mun\u00e9ration entre les femmes et les hommes\u00a0: 36\/40<\/li><li>Indicateur relatif \u00e0 l\u2019\u00e9cart de taux d\u2019augmentations individuelles\u00a0: 35\/35<\/li><li>Indicateur relatif au % de salari\u00e9es augment\u00e9es dans l\u2019ann\u00e9e suivant leur retour de cong\u00e9 maternit\u00e9\u00a0: Non Calculable<\/li><li>Indicateur relatif au nombre de salari\u00e9s du sexe sous-repr\u00e9sent\u00e9 parmi les 10 plus hautes r\u00e9mun\u00e9rations\u00a0: 10\/10<\/li><\/ul>\t\t\t\t\t\t\t\t<\/div>\n\t\t\t\t<\/div>\n\t\t\t\t\t<\/div>\n\t\t<\/div>\n\t\t\t\t\t<\/div>\n\t\t<\/section>\n\t\t\t\t<section class=\"elementor-section elementor-top-section elementor-element elementor-element-cd25994 elementor-section-boxed elementor-section-height-default elementor-section-height-default\" data-id=\"cd25994\" data-element_type=\"section\">\n\t\t\t\t\t\t<div class=\"elementor-container elementor-column-gap-default\">\n\t\t\t\t\t<div class=\"elementor-column elementor-col-100 elementor-top-column elementor-element elementor-element-477b3e4\" data-id=\"477b3e4\" data-element_type=\"column\">\n\t\t\t<div class=\"elementor-widget-wrap elementor-element-populated\">\n\t\t\t\t\t\t<div class=\"elementor-element elementor-element-55dbe96 elementor-widget elementor-widget-text-editor\" data-id=\"55dbe96\" data-element_type=\"widget\" data-widget_type=\"text-editor.default\">\n\t\t\t\t<div class=\"elementor-widget-container\">\n\t\t\t\t\t\t\t\t\t<p>L&rsquo;index d\u2019\u00e9galit\u00e9 professionnelle est une obligation l\u00e9gale et permet aux entreprises de\u00a0<strong>mesurer les \u00e9carts de r\u00e9mun\u00e9ration entre les femmes et les hommes.<\/strong> Elle met en \u00e9vidence les points de progression sur lesquels agir quand ces disparit\u00e9s sont injustifi\u00e9es.<\/p>\t\t\t\t\t\t\t\t<\/div>\n\t\t\t\t<\/div>\n\t\t\t\t\t<\/div>\n\t\t<\/div>\n\t\t\t\t\t<\/div>\n\t\t<\/section>\n\t\t\t\t<section class=\"elementor-section elementor-top-section elementor-element elementor-element-7136091 elementor-section-boxed elementor-section-height-default elementor-section-height-default\" data-id=\"7136091\" data-element_type=\"section\">\n\t\t\t\t\t\t<div class=\"elementor-container elementor-column-gap-default\">\n\t\t\t\t\t<div class=\"elementor-column elementor-col-100 elementor-top-column elementor-element elementor-element-038f9a4\" data-id=\"038f9a4\" data-element_type=\"column\">\n\t\t\t<div class=\"elementor-widget-wrap\">\n\t\t\t\t\t\t\t<\/div>\n\t\t<\/div>\n\t\t\t\t\t<\/div>\n\t\t<\/section>\n\t\t\t\t<\/div>\n\t\t","protected":false},"excerpt":{"rendered":"<p>Index \u00e9galit\u00e9 femmes &#8211; hommes 2026 : 95\/100 Indicateur relatif \u00e0 l\u2019\u00e9cart de r\u00e9mun\u00e9ration entre les femmes et les hommes\u00a0: 36\/40 Indicateur relatif \u00e0 l\u2019\u00e9cart de taux d\u2019augmentations individuelles\u00a0: 35\/35 Indicateur relatif au % de salari\u00e9es augment\u00e9es dans l\u2019ann\u00e9e suivant leur retour de cong\u00e9 maternit\u00e9\u00a0: Non Calculable Indicateur relatif au nombre de salari\u00e9s du sexe&hellip; <br \/> <a class=\"read-more\" href=\"https:\/\/itsra.net\/wordpress\/index-egalite-hommes-femmes-2023\/\">Lire la suite<\/a><\/p>\n","protected":false},"author":3,"featured_media":0,"parent":0,"menu_order":0,"comment_status":"closed","ping_status":"closed","template":"","meta":{"om_disable_all_campaigns":false,"_monsterinsights_skip_tracking":false,"_monsterinsights_sitenote_active":false,"_monsterinsights_sitenote_note":"","_monsterinsights_sitenote_category":0,"_uf_show_specific_survey":0,"_uf_disable_surveys":false,"footnotes":""},"class_list":["post-7427","page","type-page","status-publish","hentry"],"aioseo_notices":[],"yoast_head":"<!-- This site is optimized with the Yoast SEO plugin v24.5 - https:\/\/yoast.com\/wordpress\/plugins\/seo\/ -->\n<title>Index \u00e9galit\u00e9 hommes\/femmes 2026 - Institut de Travail Social de la R\u00e9gion Auvergne<\/title>\n<meta name=\"robots\" content=\"index, follow, max-snippet:-1, max-image-preview:large, max-video-preview:-1\" \/>\n<link rel=\"canonical\" href=\"https:\/\/itsra.net\/wordpress\/index-egalite-hommes-femmes-2023\/\" \/>\n<meta property=\"og:locale\" content=\"fr_FR\" \/>\n<meta property=\"og:type\" content=\"article\" \/>\n<meta property=\"og:title\" content=\"Index \u00e9galit\u00e9 hommes\/femmes 2026 - Institut de Travail Social de la R\u00e9gion Auvergne\" \/>\n<meta property=\"og:description\" content=\"Index \u00e9galit\u00e9 femmes &#8211; hommes 2026 : 95\/100 Indicateur relatif \u00e0 l\u2019\u00e9cart de r\u00e9mun\u00e9ration entre les femmes et les hommes\u00a0: 36\/40 Indicateur relatif \u00e0 l\u2019\u00e9cart de taux d\u2019augmentations individuelles\u00a0: 35\/35 Indicateur relatif au % de salari\u00e9es augment\u00e9es dans l\u2019ann\u00e9e suivant leur retour de cong\u00e9 maternit\u00e9\u00a0: Non Calculable Indicateur relatif au nombre de salari\u00e9s du sexe&hellip; Lire la suite\" \/>\n<meta property=\"og:url\" content=\"https:\/\/itsra.net\/wordpress\/index-egalite-hommes-femmes-2023\/\" \/>\n<meta property=\"og:site_name\" content=\"Institut de Travail Social de la R\u00e9gion Auvergne\" \/>\n<meta property=\"article:modified_time\" content=\"2026-03-18T08:53:11+00:00\" \/>\n<meta name=\"twitter:card\" content=\"summary_large_image\" \/>\n<meta name=\"twitter:label1\" content=\"Dur\u00e9e de lecture estim\u00e9e\" \/>\n\t<meta name=\"twitter:data1\" content=\"1 minute\" \/>\n<script type=\"application\/ld+json\" class=\"yoast-schema-graph\">{\"@context\":\"https:\/\/schema.org\",\"@graph\":[{\"@type\":\"WebPage\",\"@id\":\"https:\/\/itsra.net\/wordpress\/index-egalite-hommes-femmes-2023\/\",\"url\":\"https:\/\/itsra.net\/wordpress\/index-egalite-hommes-femmes-2023\/\",\"name\":\"Index \u00e9galit\u00e9 hommes\/femmes 2026 - Institut de Travail Social de la R\u00e9gion Auvergne\",\"isPartOf\":{\"@id\":\"https:\/\/itsra.net\/wordpress\/#website\"},\"datePublished\":\"2023-03-07T11:01:59+00:00\",\"dateModified\":\"2026-03-18T08:53:11+00:00\",\"breadcrumb\":{\"@id\":\"https:\/\/itsra.net\/wordpress\/index-egalite-hommes-femmes-2023\/#breadcrumb\"},\"inLanguage\":\"fr-FR\",\"potentialAction\":[{\"@type\":\"ReadAction\",\"target\":[\"https:\/\/itsra.net\/wordpress\/index-egalite-hommes-femmes-2023\/\"]}]},{\"@type\":\"BreadcrumbList\",\"@id\":\"https:\/\/itsra.net\/wordpress\/index-egalite-hommes-femmes-2023\/#breadcrumb\",\"itemListElement\":[{\"@type\":\"ListItem\",\"position\":1,\"name\":\"Accueil\",\"item\":\"https:\/\/itsra.net\/wordpress\/\"},{\"@type\":\"ListItem\",\"position\":2,\"name\":\"Index \u00e9galit\u00e9 hommes\/femmes 2026\"}]},{\"@type\":\"WebSite\",\"@id\":\"https:\/\/itsra.net\/wordpress\/#website\",\"url\":\"https:\/\/itsra.net\/wordpress\/\",\"name\":\"Institut de Travail Social de la R\u00e9gion Auvergne\",\"description\":\"\",\"publisher\":{\"@id\":\"https:\/\/itsra.net\/wordpress\/#organization\"},\"potentialAction\":[{\"@type\":\"SearchAction\",\"target\":{\"@type\":\"EntryPoint\",\"urlTemplate\":\"https:\/\/itsra.net\/wordpress\/?s={search_term_string}\"},\"query-input\":{\"@type\":\"PropertyValueSpecification\",\"valueRequired\":true,\"valueName\":\"search_term_string\"}}],\"inLanguage\":\"fr-FR\"},{\"@type\":\"Organization\",\"@id\":\"https:\/\/itsra.net\/wordpress\/#organization\",\"name\":\"Institut de Travail Social de la R\u00e9gion Auvergne\",\"url\":\"https:\/\/itsra.net\/wordpress\/\",\"logo\":{\"@type\":\"ImageObject\",\"inLanguage\":\"fr-FR\",\"@id\":\"https:\/\/itsra.net\/wordpress\/#\/schema\/logo\/image\/\",\"url\":\"http:\/\/itsra.net\/wordpress\/wp-content\/uploads\/2019\/01\/LogoITSRA_PNG_HD.png\",\"contentUrl\":\"http:\/\/itsra.net\/wordpress\/wp-content\/uploads\/2019\/01\/LogoITSRA_PNG_HD.png\",\"width\":1280,\"height\":346,\"caption\":\"Institut de Travail Social de la R\u00e9gion Auvergne\"},\"image\":{\"@id\":\"https:\/\/itsra.net\/wordpress\/#\/schema\/logo\/image\/\"}}]}<\/script>\n<!-- \/ Yoast SEO plugin. -->","yoast_head_json":{"title":"Index \u00e9galit\u00e9 hommes\/femmes 2026 - Institut de Travail Social de la R\u00e9gion Auvergne","robots":{"index":"index","follow":"follow","max-snippet":"max-snippet:-1","max-image-preview":"max-image-preview:large","max-video-preview":"max-video-preview:-1"},"canonical":"https:\/\/itsra.net\/wordpress\/index-egalite-hommes-femmes-2023\/","og_locale":"fr_FR","og_type":"article","og_title":"Index \u00e9galit\u00e9 hommes\/femmes 2026 - Institut de Travail Social de la R\u00e9gion Auvergne","og_description":"Index \u00e9galit\u00e9 femmes &#8211; hommes 2026 : 95\/100 Indicateur relatif \u00e0 l\u2019\u00e9cart de r\u00e9mun\u00e9ration entre les femmes et les hommes\u00a0: 36\/40 Indicateur relatif \u00e0 l\u2019\u00e9cart de taux d\u2019augmentations individuelles\u00a0: 35\/35 Indicateur relatif au % de salari\u00e9es augment\u00e9es dans l\u2019ann\u00e9e suivant leur retour de cong\u00e9 maternit\u00e9\u00a0: Non Calculable Indicateur relatif au nombre de salari\u00e9s du sexe&hellip; Lire la suite","og_url":"https:\/\/itsra.net\/wordpress\/index-egalite-hommes-femmes-2023\/","og_site_name":"Institut de Travail Social de la R\u00e9gion Auvergne","article_modified_time":"2026-03-18T08:53:11+00:00","twitter_card":"summary_large_image","twitter_misc":{"Dur\u00e9e de lecture estim\u00e9e":"1 minute"},"schema":{"@context":"https:\/\/schema.org","@graph":[{"@type":"WebPage","@id":"https:\/\/itsra.net\/wordpress\/index-egalite-hommes-femmes-2023\/","url":"https:\/\/itsra.net\/wordpress\/index-egalite-hommes-femmes-2023\/","name":"Index \u00e9galit\u00e9 hommes\/femmes 2026 - Institut de Travail Social de la R\u00e9gion Auvergne","isPartOf":{"@id":"https:\/\/itsra.net\/wordpress\/#website"},"datePublished":"2023-03-07T11:01:59+00:00","dateModified":"2026-03-18T08:53:11+00:00","breadcrumb":{"@id":"https:\/\/itsra.net\/wordpress\/index-egalite-hommes-femmes-2023\/#breadcrumb"},"inLanguage":"fr-FR","potentialAction":[{"@type":"ReadAction","target":["https:\/\/itsra.net\/wordpress\/index-egalite-hommes-femmes-2023\/"]}]},{"@type":"BreadcrumbList","@id":"https:\/\/itsra.net\/wordpress\/index-egalite-hommes-femmes-2023\/#breadcrumb","itemListElement":[{"@type":"ListItem","position":1,"name":"Accueil","item":"https:\/\/itsra.net\/wordpress\/"},{"@type":"ListItem","position":2,"name":"Index \u00e9galit\u00e9 hommes\/femmes 2026"}]},{"@type":"WebSite","@id":"https:\/\/itsra.net\/wordpress\/#website","url":"https:\/\/itsra.net\/wordpress\/","name":"Institut de Travail Social de la R\u00e9gion Auvergne","description":"","publisher":{"@id":"https:\/\/itsra.net\/wordpress\/#organization"},"potentialAction":[{"@type":"SearchAction","target":{"@type":"EntryPoint","urlTemplate":"https:\/\/itsra.net\/wordpress\/?s={search_term_string}"},"query-input":{"@type":"PropertyValueSpecification","valueRequired":true,"valueName":"search_term_string"}}],"inLanguage":"fr-FR"},{"@type":"Organization","@id":"https:\/\/itsra.net\/wordpress\/#organization","name":"Institut de Travail Social de la R\u00e9gion Auvergne","url":"https:\/\/itsra.net\/wordpress\/","logo":{"@type":"ImageObject","inLanguage":"fr-FR","@id":"https:\/\/itsra.net\/wordpress\/#\/schema\/logo\/image\/","url":"http:\/\/itsra.net\/wordpress\/wp-content\/uploads\/2019\/01\/LogoITSRA_PNG_HD.png","contentUrl":"http:\/\/itsra.net\/wordpress\/wp-content\/uploads\/2019\/01\/LogoITSRA_PNG_HD.png","width":1280,"height":346,"caption":"Institut de Travail Social de la R\u00e9gion Auvergne"},"image":{"@id":"https:\/\/itsra.net\/wordpress\/#\/schema\/logo\/image\/"}}]}},"_links":{"self":[{"href":"https:\/\/itsra.net\/wordpress\/wp-json\/wp\/v2\/pages\/7427","targetHints":{"allow":["GET"]}}],"collection":[{"href":"https:\/\/itsra.net\/wordpress\/wp-json\/wp\/v2\/pages"}],"about":[{"href":"https:\/\/itsra.net\/wordpress\/wp-json\/wp\/v2\/types\/page"}],"author":[{"embeddable":true,"href":"https:\/\/itsra.net\/wordpress\/wp-json\/wp\/v2\/users\/3"}],"replies":[{"embeddable":true,"href":"https:\/\/itsra.net\/wordpress\/wp-json\/wp\/v2\/comments?post=7427"}],"version-history":[{"count":41,"href":"https:\/\/itsra.net\/wordpress\/wp-json\/wp\/v2\/pages\/7427\/revisions"}],"predecessor-version":[{"id":13417,"href":"https:\/\/itsra.net\/wordpress\/wp-json\/wp\/v2\/pages\/7427\/revisions\/13417"}],"wp:attachment":[{"href":"https:\/\/itsra.net\/wordpress\/wp-json\/wp\/v2\/media?parent=7427"}],"curies":[{"name":"wp","href":"https:\/\/api.w.org\/{rel}","templated":true}]}}